{"id":20598,"date":"2025-02-28T13:38:09","date_gmt":"2025-02-28T12:38:09","guid":{"rendered":"http:\/\/aem.hr\/?page_id=20598"},"modified":"2025-02-28T13:38:10","modified_gmt":"2025-02-28T12:38:10","slug":"antun-bradasevic-uspjesni-ogledni-primjeri-djelovanja-mladih-u-gradanskom-aktivizmu-i-gradanskim-udrugama-u-hrvatskoj","status":"publish","type":"page","link":"https:\/\/aem.hr\/en\/antun-bradasevic-uspjesni-ogledni-primjeri-djelovanja-mladih-u-gradanskom-aktivizmu-i-gradanskim-udrugama-u-hrvatskoj\/","title":{"rendered":"Antun Bra\u0111a\u0161evi\u0107 &#8211; Uspje\u0161ni ogledni primjeri djelovanja mladih u gra\u0111anskom aktivizmu i gra\u0111anskim udrugama u Hrvatskoj"},"content":{"rendered":"\n<div class=\"wp-block-file\"><a id=\"wp-block-file--media-92e71b72-fb56-49de-9b9e-1471eb1e90ae\" href=\"https:\/\/aem.hr\/wp-content\/uploads\/2025\/02\/1.-Aktivizam-mladih.pdf\">1. Aktivizam mladih<\/a><a href=\"https:\/\/aem.hr\/wp-content\/uploads\/2025\/02\/1.-Aktivizam-mladih.pdf\" class=\"wp-block-file__button wp-element-button\" download aria-describedby=\"wp-block-file--media-92e71b72-fb56-49de-9b9e-1471eb1e90ae\">Preuzimanje<\/a><\/div>\n\n\n\n<div class=\"wp-block-file\"><a id=\"wp-block-file--media-e8a60425-17df-488b-a594-91c30dcdeca5\" href=\"https:\/\/aem.hr\/wp-content\/uploads\/2025\/02\/2.-Pozitivni-primjeri-aktivizam.pdf\">2. Pozitivni primjeri aktivizam<\/a><a href=\"https:\/\/aem.hr\/wp-content\/uploads\/2025\/02\/2.-Pozitivni-primjeri-aktivizam.pdf\" class=\"wp-block-file__button wp-element-button\" download aria-describedby=\"wp-block-file--media-e8a60425-17df-488b-a594-91c30dcdeca5\">Preuzimanje<\/a><\/div>\n\n\n\n<div class=\"wp-block-file\"><a id=\"wp-block-file--media-f2f47f67-bb9a-4974-99b3-b75451c01646\" href=\"https:\/\/aem.hr\/wp-content\/uploads\/2025\/02\/3.-Alternator-i-posebna.pdf\">3. Alternator i posebna<\/a><a href=\"https:\/\/aem.hr\/wp-content\/uploads\/2025\/02\/3.-Alternator-i-posebna.pdf\" class=\"wp-block-file__button wp-element-button\" download aria-describedby=\"wp-block-file--media-f2f47f67-bb9a-4974-99b3-b75451c01646\">Preuzimanje<\/a><\/div>\n\n\n\n<div class=\"wp-block-file\"><a id=\"wp-block-file--media-5d856c15-43f1-4314-86ef-067fb6132673\" href=\"https:\/\/aem.hr\/wp-content\/uploads\/2025\/02\/4.-Ogledni-primjer-uspjesne.pdf\">4. Ogledni primjer uspje\u0161ne<\/a><a href=\"https:\/\/aem.hr\/wp-content\/uploads\/2025\/02\/4.-Ogledni-primjer-uspjesne.pdf\" class=\"wp-block-file__button wp-element-button\" download aria-describedby=\"wp-block-file--media-5d856c15-43f1-4314-86ef-067fb6132673\">Preuzimanje<\/a><\/div>\n\n\n\n<div class=\"wp-block-file\"><a id=\"wp-block-file--media-92a6417c-96f5-4a9f-ae1c-a44934ec9f5a\" href=\"https:\/\/aem.hr\/wp-content\/uploads\/2025\/02\/5.-Ogledni-primjeri-iz-Zagreba.pdf\">5. Ogledni primjeri iz Zagreba<\/a><a href=\"https:\/\/aem.hr\/wp-content\/uploads\/2025\/02\/5.-Ogledni-primjeri-iz-Zagreba.pdf\" class=\"wp-block-file__button wp-element-button\" download aria-describedby=\"wp-block-file--media-92a6417c-96f5-4a9f-ae1c-a44934ec9f5a\">Preuzimanje<\/a><\/div>\n","protected":false},"excerpt":{"rendered":"","protected":false},"author":18,"featured_media":0,"parent":0,"menu_order":0,"comment_status":"closed","ping_status":"closed","template":"","meta":{"_acf_changed":false,"inline_featured_image":false,"advgb_blocks_editor_width":"","advgb_blocks_columns_visual_guide":"","_links_to":"","_links_to_type":0,"footnotes":""},"class_list":["post-20598","page","type-page","status-publish","hentry"],"acf":[],"yoast_head":"<!-- This site is optimized with the Yoast SEO plugin v25.7 - https:\/\/yoast.com\/wordpress\/plugins\/seo\/ -->\n<title>Antun Bra\u0111a\u0161evi\u0107 - Uspje\u0161ni ogledni primjeri djelovanja mladih u gra\u0111anskom aktivizmu i gra\u0111anskim udrugama u Hrvatskoj - Agencija za elektroni\u010dke medije<\/title>\n<meta name=\"robots\" content=\"index, follow, max-snippet:-1, max-image-preview:large, max-video-preview:-1\" \/>\n<link rel=\"canonical\" href=\"https:\/\/aem.hr\/antun-bradasevic-uspjesni-ogledni-primjeri-djelovanja-mladih-u-gradanskom-aktivizmu-i-gradanskim-udrugama-u-hrvatskoj\/\" \/>\n<meta property=\"og:locale\" content=\"en_US\" \/>\n<meta property=\"og:type\" content=\"article\" \/>\n<meta property=\"og:title\" content=\"Antun Bra\u0111a\u0161evi\u0107 - Uspje\u0161ni ogledni primjeri djelovanja mladih u gra\u0111anskom aktivizmu i gra\u0111anskim udrugama u Hrvatskoj - Agencija za elektroni\u010dke medije\" \/>\n<meta property=\"og:url\" content=\"https:\/\/aem.hr\/antun-bradasevic-uspjesni-ogledni-primjeri-djelovanja-mladih-u-gradanskom-aktivizmu-i-gradanskim-udrugama-u-hrvatskoj\/\" \/>\n<meta property=\"og:site_name\" content=\"Agencija za elektroni\u010dke medije\" \/>\n<meta property=\"article:modified_time\" content=\"2025-02-28T12:38:10+00:00\" \/>\n<meta name=\"twitter:card\" content=\"summary_large_image\" \/>\n<meta name=\"twitter:label1\" content=\"Est. reading time\" \/>\n\t<meta name=\"twitter:data1\" content=\"1 minute\" \/>\n<script type=\"application\/ld+json\" class=\"yoast-schema-graph\">{\"@context\":\"https:\/\/schema.org\",\"@graph\":[{\"@type\":\"WebPage\",\"@id\":\"https:\/\/aem.hr\/antun-bradasevic-uspjesni-ogledni-primjeri-djelovanja-mladih-u-gradanskom-aktivizmu-i-gradanskim-udrugama-u-hrvatskoj\/\",\"url\":\"https:\/\/aem.hr\/antun-bradasevic-uspjesni-ogledni-primjeri-djelovanja-mladih-u-gradanskom-aktivizmu-i-gradanskim-udrugama-u-hrvatskoj\/\",\"name\":\"Antun Bra\u0111a\u0161evi\u0107 - Uspje\u0161ni ogledni primjeri djelovanja mladih u gra\u0111anskom aktivizmu i gra\u0111anskim udrugama u Hrvatskoj - Agencija za elektroni\u010dke medije\",\"isPartOf\":{\"@id\":\"https:\/\/aem.hr\/#website\"},\"datePublished\":\"2025-02-28T12:38:09+00:00\",\"dateModified\":\"2025-02-28T12:38:10+00:00\",\"breadcrumb\":{\"@id\":\"https:\/\/aem.hr\/antun-bradasevic-uspjesni-ogledni-primjeri-djelovanja-mladih-u-gradanskom-aktivizmu-i-gradanskim-udrugama-u-hrvatskoj\/#breadcrumb\"},\"inLanguage\":\"en-US\",\"potentialAction\":[{\"@type\":\"ReadAction\",\"target\":[\"https:\/\/aem.hr\/antun-bradasevic-uspjesni-ogledni-primjeri-djelovanja-mladih-u-gradanskom-aktivizmu-i-gradanskim-udrugama-u-hrvatskoj\/\"]}]},{\"@type\":\"BreadcrumbList\",\"@id\":\"https:\/\/aem.hr\/antun-bradasevic-uspjesni-ogledni-primjeri-djelovanja-mladih-u-gradanskom-aktivizmu-i-gradanskim-udrugama-u-hrvatskoj\/#breadcrumb\",\"itemListElement\":[{\"@type\":\"ListItem\",\"position\":1,\"name\":\"Po\u010detna stranica\",\"item\":\"https:\/\/aem.hr\/\"},{\"@type\":\"ListItem\",\"position\":2,\"name\":\"Antun Bra\u0111a\u0161evi\u0107 &#8211; Uspje\u0161ni ogledni primjeri djelovanja mladih u gra\u0111anskom aktivizmu i gra\u0111anskim udrugama u Hrvatskoj\"}]},{\"@type\":\"WebSite\",\"@id\":\"https:\/\/aem.hr\/#website\",\"url\":\"https:\/\/aem.hr\/\",\"name\":\"Agencija za elektroni\u010dke medije\",\"description\":\"\",\"potentialAction\":[{\"@type\":\"SearchAction\",\"target\":{\"@type\":\"EntryPoint\",\"urlTemplate\":\"https:\/\/aem.hr\/?s={search_term_string}\"},\"query-input\":{\"@type\":\"PropertyValueSpecification\",\"valueRequired\":true,\"valueName\":\"search_term_string\"}}],\"inLanguage\":\"en-US\"}]}<\/script>\n<!-- \/ Yoast SEO plugin. -->","yoast_head_json":{"title":"Antun Bra\u0111a\u0161evi\u0107 - Uspje\u0161ni ogledni primjeri djelovanja mladih u gra\u0111anskom aktivizmu i gra\u0111anskim udrugama u Hrvatskoj - Agencija za elektroni\u010dke medije","robots":{"index":"index","follow":"follow","max-snippet":"max-snippet:-1","max-image-preview":"max-image-preview:large","max-video-preview":"max-video-preview:-1"},"canonical":"https:\/\/aem.hr\/antun-bradasevic-uspjesni-ogledni-primjeri-djelovanja-mladih-u-gradanskom-aktivizmu-i-gradanskim-udrugama-u-hrvatskoj\/","og_locale":"en_US","og_type":"article","og_title":"Antun Bra\u0111a\u0161evi\u0107 - Uspje\u0161ni ogledni primjeri djelovanja mladih u gra\u0111anskom aktivizmu i gra\u0111anskim udrugama u Hrvatskoj - Agencija za elektroni\u010dke medije","og_url":"https:\/\/aem.hr\/antun-bradasevic-uspjesni-ogledni-primjeri-djelovanja-mladih-u-gradanskom-aktivizmu-i-gradanskim-udrugama-u-hrvatskoj\/","og_site_name":"Agencija za elektroni\u010dke medije","article_modified_time":"2025-02-28T12:38:10+00:00","twitter_card":"summary_large_image","twitter_misc":{"Est. reading time":"1 minute"},"schema":{"@context":"https:\/\/schema.org","@graph":[{"@type":"WebPage","@id":"https:\/\/aem.hr\/antun-bradasevic-uspjesni-ogledni-primjeri-djelovanja-mladih-u-gradanskom-aktivizmu-i-gradanskim-udrugama-u-hrvatskoj\/","url":"https:\/\/aem.hr\/antun-bradasevic-uspjesni-ogledni-primjeri-djelovanja-mladih-u-gradanskom-aktivizmu-i-gradanskim-udrugama-u-hrvatskoj\/","name":"Antun Bra\u0111a\u0161evi\u0107 - Uspje\u0161ni ogledni primjeri djelovanja mladih u gra\u0111anskom aktivizmu i gra\u0111anskim udrugama u Hrvatskoj - Agencija za elektroni\u010dke medije","isPartOf":{"@id":"https:\/\/aem.hr\/#website"},"datePublished":"2025-02-28T12:38:09+00:00","dateModified":"2025-02-28T12:38:10+00:00","breadcrumb":{"@id":"https:\/\/aem.hr\/antun-bradasevic-uspjesni-ogledni-primjeri-djelovanja-mladih-u-gradanskom-aktivizmu-i-gradanskim-udrugama-u-hrvatskoj\/#breadcrumb"},"inLanguage":"en-US","potentialAction":[{"@type":"ReadAction","target":["https:\/\/aem.hr\/antun-bradasevic-uspjesni-ogledni-primjeri-djelovanja-mladih-u-gradanskom-aktivizmu-i-gradanskim-udrugama-u-hrvatskoj\/"]}]},{"@type":"BreadcrumbList","@id":"https:\/\/aem.hr\/antun-bradasevic-uspjesni-ogledni-primjeri-djelovanja-mladih-u-gradanskom-aktivizmu-i-gradanskim-udrugama-u-hrvatskoj\/#breadcrumb","itemListElement":[{"@type":"ListItem","position":1,"name":"Po\u010detna stranica","item":"https:\/\/aem.hr\/"},{"@type":"ListItem","position":2,"name":"Antun Bra\u0111a\u0161evi\u0107 &#8211; Uspje\u0161ni ogledni primjeri djelovanja mladih u gra\u0111anskom aktivizmu i gra\u0111anskim udrugama u Hrvatskoj"}]},{"@type":"WebSite","@id":"https:\/\/aem.hr\/#website","url":"https:\/\/aem.hr\/","name":"Agencija za elektroni\u010dke medije","description":"","potentialAction":[{"@type":"SearchAction","target":{"@type":"EntryPoint","urlTemplate":"https:\/\/aem.hr\/?s={search_term_string}"},"query-input":{"@type":"PropertyValueSpecification","valueRequired":true,"valueName":"search_term_string"}}],"inLanguage":"en-US"}]}},"coauthors":[],"author_meta":{"author_link":"https:\/\/aem.hr\/en\/blog\/author\/mkirac\/","display_name":"Matko Kirac"},"relative_dates":{"created":"Posted 1 year ago","modified":"Updated 1 year ago"},"absolute_dates":{"created":"Posted on 28. February 2025.","modified":"Updated on 28. February 2025."},"absolute_dates_time":{"created":"Posted on 28. February 2025. 13:38","modified":"Updated on 28. February 2025. 13:38"},"featured_img_caption":"","featured_img":false,"series_order":"","_links":{"self":[{"href":"https:\/\/aem.hr\/en\/wp-json\/wp\/v2\/pages\/20598","targetHints":{"allow":["GET"]}}],"collection":[{"href":"https:\/\/aem.hr\/en\/wp-json\/wp\/v2\/pages"}],"about":[{"href":"https:\/\/aem.hr\/en\/wp-json\/wp\/v2\/types\/page"}],"author":[{"embeddable":true,"href":"https:\/\/aem.hr\/en\/wp-json\/wp\/v2\/users\/18"}],"replies":[{"embeddable":true,"href":"https:\/\/aem.hr\/en\/wp-json\/wp\/v2\/comments?post=20598"}],"version-history":[{"count":1,"href":"https:\/\/aem.hr\/en\/wp-json\/wp\/v2\/pages\/20598\/revisions"}],"predecessor-version":[{"id":20609,"href":"https:\/\/aem.hr\/en\/wp-json\/wp\/v2\/pages\/20598\/revisions\/20609"}],"wp:attachment":[{"href":"https:\/\/aem.hr\/en\/wp-json\/wp\/v2\/media?parent=20598"}],"curies":[{"name":"wp","href":"https:\/\/api.w.org\/{rel}","templated":true}]}}