{"id":20645,"date":"2025-02-28T13:57:08","date_gmt":"2025-02-28T12:57:08","guid":{"rendered":"http:\/\/aem.hr\/?page_id=20645"},"modified":"2025-02-28T13:57:09","modified_gmt":"2025-02-28T12:57:09","slug":"ana-leko-vuckovic-trebaju-li-trzistu-rada-zene-55","status":"publish","type":"page","link":"https:\/\/aem.hr\/en\/ana-leko-vuckovic-trebaju-li-trzistu-rada-zene-55\/","title":{"rendered":"Ana Leko Vu\u010dkovi\u0107 &#8211; Trebaju li tr\u017ei\u0161tu rada \u017eene 55+?"},"content":{"rendered":"\n<div class=\"wp-block-file\"><a id=\"wp-block-file--media-a7251161-e700-4421-9634-2996544c26fb\" href=\"https:\/\/aem.hr\/wp-content\/uploads\/2025\/02\/1.-Gdje-su-zene-55-na-trzistu-rada.pdf\">1. Gdje su \u017eene 55+ na tr\u017ei\u0161tu rada<\/a><a href=\"https:\/\/aem.hr\/wp-content\/uploads\/2025\/02\/1.-Gdje-su-zene-55-na-trzistu-rada.pdf\" class=\"wp-block-file__button wp-element-button\" download aria-describedby=\"wp-block-file--media-a7251161-e700-4421-9634-2996544c26fb\">Preuzimanje<\/a><\/div>\n\n\n\n<div class=\"wp-block-file\"><a id=\"wp-block-file--media-038da951-dbbe-4eef-a4da-816fba471dfd\" href=\"https:\/\/aem.hr\/wp-content\/uploads\/2025\/02\/2.-Zene-cuvaju-unuke-ili-skrbe-o-starijima.pdf\">2.  \u017dene \u010duvaju unuke ili skrbe o starijima<\/a><a href=\"https:\/\/aem.hr\/wp-content\/uploads\/2025\/02\/2.-Zene-cuvaju-unuke-ili-skrbe-o-starijima.pdf\" class=\"wp-block-file__button wp-element-button\" download aria-describedby=\"wp-block-file--media-038da951-dbbe-4eef-a4da-816fba471dfd\">Preuzimanje<\/a><\/div>\n\n\n\n<div class=\"wp-block-file\"><a id=\"wp-block-file--media-b6720fae-76f1-4255-996d-1a4146083817\" href=\"https:\/\/aem.hr\/wp-content\/uploads\/2025\/02\/3.-Zene-55-nisu-samo-cuvalice.pdf\">3.  \u017dene 55+ nisu samo \u010duvalice<\/a><a href=\"https:\/\/aem.hr\/wp-content\/uploads\/2025\/02\/3.-Zene-55-nisu-samo-cuvalice.pdf\" class=\"wp-block-file__button wp-element-button\" download aria-describedby=\"wp-block-file--media-b6720fae-76f1-4255-996d-1a4146083817\">Preuzimanje<\/a><\/div>\n\n\n\n<div class=\"wp-block-file\"><a id=\"wp-block-file--media-b0eec2d7-d7ed-4e9f-9079-78edda83e47d\" href=\"https:\/\/aem.hr\/wp-content\/uploads\/2025\/02\/4.-\u201eGirl-power-\u2013-godine-su-samo-broj.pdf\">4. \u201eGirl power\u201c \u2013 godine su samo broj!<\/a><a href=\"https:\/\/aem.hr\/wp-content\/uploads\/2025\/02\/4.-\u201eGirl-power-\u2013-godine-su-samo-broj.pdf\" class=\"wp-block-file__button wp-element-button\" download aria-describedby=\"wp-block-file--media-b0eec2d7-d7ed-4e9f-9079-78edda83e47d\">Preuzimanje<\/a><\/div>\n\n\n\n<div class=\"wp-block-file\"><a id=\"wp-block-file--media-78e37da1-c924-4ff1-a930-d48a5d9ac1d0\" href=\"https:\/\/aem.hr\/wp-content\/uploads\/2025\/02\/5.-Zena-sam-55-ali-nisam-za-baciti.pdf\">5. \u017dena sam 55+, ali nisam za baciti<\/a><a href=\"https:\/\/aem.hr\/wp-content\/uploads\/2025\/02\/5.-Zena-sam-55-ali-nisam-za-baciti.pdf\" class=\"wp-block-file__button wp-element-button\" download aria-describedby=\"wp-block-file--media-78e37da1-c924-4ff1-a930-d48a5d9ac1d0\">Preuzimanje<\/a><\/div>\n\n\n\n<div class=\"wp-block-file\"><a id=\"wp-block-file--media-e1aef26a-bc93-4b0d-9cea-c4f088559678\" href=\"https:\/\/aem.hr\/wp-content\/uploads\/2025\/02\/6.-TOP-10-razloga-zasto-zaposliti-i-zadrzati-zenu-55.pdf\">6. TOP 10 razloga za\u0161to zaposliti (i zadr\u017eati) \u017eenu 55+<\/a><a href=\"https:\/\/aem.hr\/wp-content\/uploads\/2025\/02\/6.-TOP-10-razloga-zasto-zaposliti-i-zadrzati-zenu-55.pdf\" class=\"wp-block-file__button wp-element-button\" download aria-describedby=\"wp-block-file--media-e1aef26a-bc93-4b0d-9cea-c4f088559678\">Preuzimanje<\/a><\/div>\n","protected":false},"excerpt":{"rendered":"","protected":false},"author":18,"featured_media":0,"parent":0,"menu_order":0,"comment_status":"closed","ping_status":"closed","template":"","meta":{"_acf_changed":false,"inline_featured_image":false,"advgb_blocks_editor_width":"","advgb_blocks_columns_visual_guide":"","_links_to":"","_links_to_type":0,"footnotes":""},"class_list":["post-20645","page","type-page","status-publish","hentry"],"acf":[],"yoast_head":"<!-- This site is optimized with the Yoast SEO plugin v25.7 - https:\/\/yoast.com\/wordpress\/plugins\/seo\/ -->\n<title>Ana Leko Vu\u010dkovi\u0107 - Trebaju li tr\u017ei\u0161tu rada \u017eene 55+? - Agencija za elektroni\u010dke medije<\/title>\n<meta name=\"robots\" content=\"index, follow, max-snippet:-1, max-image-preview:large, max-video-preview:-1\" \/>\n<link rel=\"canonical\" href=\"https:\/\/aem.hr\/ana-leko-vuckovic-trebaju-li-trzistu-rada-zene-55\/\" \/>\n<meta property=\"og:locale\" content=\"en_US\" \/>\n<meta property=\"og:type\" content=\"article\" \/>\n<meta property=\"og:title\" content=\"Ana Leko Vu\u010dkovi\u0107 - Trebaju li tr\u017ei\u0161tu rada \u017eene 55+? - Agencija za elektroni\u010dke medije\" \/>\n<meta property=\"og:url\" content=\"https:\/\/aem.hr\/ana-leko-vuckovic-trebaju-li-trzistu-rada-zene-55\/\" \/>\n<meta property=\"og:site_name\" content=\"Agencija za elektroni\u010dke medije\" \/>\n<meta property=\"article:modified_time\" content=\"2025-02-28T12:57:09+00:00\" \/>\n<meta name=\"twitter:card\" content=\"summary_large_image\" \/>\n<meta name=\"twitter:label1\" content=\"Est. reading time\" \/>\n\t<meta name=\"twitter:data1\" content=\"1 minute\" \/>\n<script type=\"application\/ld+json\" class=\"yoast-schema-graph\">{\"@context\":\"https:\/\/schema.org\",\"@graph\":[{\"@type\":\"WebPage\",\"@id\":\"https:\/\/aem.hr\/ana-leko-vuckovic-trebaju-li-trzistu-rada-zene-55\/\",\"url\":\"https:\/\/aem.hr\/ana-leko-vuckovic-trebaju-li-trzistu-rada-zene-55\/\",\"name\":\"Ana Leko Vu\u010dkovi\u0107 - Trebaju li tr\u017ei\u0161tu rada \u017eene 55+? - Agencija za elektroni\u010dke medije\",\"isPartOf\":{\"@id\":\"https:\/\/aem.hr\/#website\"},\"datePublished\":\"2025-02-28T12:57:08+00:00\",\"dateModified\":\"2025-02-28T12:57:09+00:00\",\"breadcrumb\":{\"@id\":\"https:\/\/aem.hr\/ana-leko-vuckovic-trebaju-li-trzistu-rada-zene-55\/#breadcrumb\"},\"inLanguage\":\"en-US\",\"potentialAction\":[{\"@type\":\"ReadAction\",\"target\":[\"https:\/\/aem.hr\/ana-leko-vuckovic-trebaju-li-trzistu-rada-zene-55\/\"]}]},{\"@type\":\"BreadcrumbList\",\"@id\":\"https:\/\/aem.hr\/ana-leko-vuckovic-trebaju-li-trzistu-rada-zene-55\/#breadcrumb\",\"itemListElement\":[{\"@type\":\"ListItem\",\"position\":1,\"name\":\"Po\u010detna stranica\",\"item\":\"https:\/\/aem.hr\/\"},{\"@type\":\"ListItem\",\"position\":2,\"name\":\"Ana Leko Vu\u010dkovi\u0107 &#8211; Trebaju li tr\u017ei\u0161tu rada \u017eene 55+?\"}]},{\"@type\":\"WebSite\",\"@id\":\"https:\/\/aem.hr\/#website\",\"url\":\"https:\/\/aem.hr\/\",\"name\":\"Agencija za elektroni\u010dke medije\",\"description\":\"\",\"potentialAction\":[{\"@type\":\"SearchAction\",\"target\":{\"@type\":\"EntryPoint\",\"urlTemplate\":\"https:\/\/aem.hr\/?s={search_term_string}\"},\"query-input\":{\"@type\":\"PropertyValueSpecification\",\"valueRequired\":true,\"valueName\":\"search_term_string\"}}],\"inLanguage\":\"en-US\"}]}<\/script>\n<!-- \/ Yoast SEO plugin. -->","yoast_head_json":{"title":"Ana Leko Vu\u010dkovi\u0107 - Trebaju li tr\u017ei\u0161tu rada \u017eene 55+? - Agencija za elektroni\u010dke medije","robots":{"index":"index","follow":"follow","max-snippet":"max-snippet:-1","max-image-preview":"max-image-preview:large","max-video-preview":"max-video-preview:-1"},"canonical":"https:\/\/aem.hr\/ana-leko-vuckovic-trebaju-li-trzistu-rada-zene-55\/","og_locale":"en_US","og_type":"article","og_title":"Ana Leko Vu\u010dkovi\u0107 - Trebaju li tr\u017ei\u0161tu rada \u017eene 55+? - Agencija za elektroni\u010dke medije","og_url":"https:\/\/aem.hr\/ana-leko-vuckovic-trebaju-li-trzistu-rada-zene-55\/","og_site_name":"Agencija za elektroni\u010dke medije","article_modified_time":"2025-02-28T12:57:09+00:00","twitter_card":"summary_large_image","twitter_misc":{"Est. reading time":"1 minute"},"schema":{"@context":"https:\/\/schema.org","@graph":[{"@type":"WebPage","@id":"https:\/\/aem.hr\/ana-leko-vuckovic-trebaju-li-trzistu-rada-zene-55\/","url":"https:\/\/aem.hr\/ana-leko-vuckovic-trebaju-li-trzistu-rada-zene-55\/","name":"Ana Leko Vu\u010dkovi\u0107 - Trebaju li tr\u017ei\u0161tu rada \u017eene 55+? - Agencija za elektroni\u010dke medije","isPartOf":{"@id":"https:\/\/aem.hr\/#website"},"datePublished":"2025-02-28T12:57:08+00:00","dateModified":"2025-02-28T12:57:09+00:00","breadcrumb":{"@id":"https:\/\/aem.hr\/ana-leko-vuckovic-trebaju-li-trzistu-rada-zene-55\/#breadcrumb"},"inLanguage":"en-US","potentialAction":[{"@type":"ReadAction","target":["https:\/\/aem.hr\/ana-leko-vuckovic-trebaju-li-trzistu-rada-zene-55\/"]}]},{"@type":"BreadcrumbList","@id":"https:\/\/aem.hr\/ana-leko-vuckovic-trebaju-li-trzistu-rada-zene-55\/#breadcrumb","itemListElement":[{"@type":"ListItem","position":1,"name":"Po\u010detna stranica","item":"https:\/\/aem.hr\/"},{"@type":"ListItem","position":2,"name":"Ana Leko Vu\u010dkovi\u0107 &#8211; Trebaju li tr\u017ei\u0161tu rada \u017eene 55+?"}]},{"@type":"WebSite","@id":"https:\/\/aem.hr\/#website","url":"https:\/\/aem.hr\/","name":"Agencija za elektroni\u010dke medije","description":"","potentialAction":[{"@type":"SearchAction","target":{"@type":"EntryPoint","urlTemplate":"https:\/\/aem.hr\/?s={search_term_string}"},"query-input":{"@type":"PropertyValueSpecification","valueRequired":true,"valueName":"search_term_string"}}],"inLanguage":"en-US"}]}},"coauthors":[],"author_meta":{"author_link":"https:\/\/aem.hr\/en\/blog\/author\/mkirac\/","display_name":"Matko Kirac"},"relative_dates":{"created":"Posted 1 year ago","modified":"Updated 1 year ago"},"absolute_dates":{"created":"Posted on 28. February 2025.","modified":"Updated on 28. February 2025."},"absolute_dates_time":{"created":"Posted on 28. February 2025. 13:57","modified":"Updated on 28. February 2025. 13:57"},"featured_img_caption":"","featured_img":false,"series_order":"","_links":{"self":[{"href":"https:\/\/aem.hr\/en\/wp-json\/wp\/v2\/pages\/20645","targetHints":{"allow":["GET"]}}],"collection":[{"href":"https:\/\/aem.hr\/en\/wp-json\/wp\/v2\/pages"}],"about":[{"href":"https:\/\/aem.hr\/en\/wp-json\/wp\/v2\/types\/page"}],"author":[{"embeddable":true,"href":"https:\/\/aem.hr\/en\/wp-json\/wp\/v2\/users\/18"}],"replies":[{"embeddable":true,"href":"https:\/\/aem.hr\/en\/wp-json\/wp\/v2\/comments?post=20645"}],"version-history":[{"count":1,"href":"https:\/\/aem.hr\/en\/wp-json\/wp\/v2\/pages\/20645\/revisions"}],"predecessor-version":[{"id":20658,"href":"https:\/\/aem.hr\/en\/wp-json\/wp\/v2\/pages\/20645\/revisions\/20658"}],"wp:attachment":[{"href":"https:\/\/aem.hr\/en\/wp-json\/wp\/v2\/media?parent=20645"}],"curies":[{"name":"wp","href":"https:\/\/api.w.org\/{rel}","templated":true}]}}