{"id":20660,"date":"2025-02-28T13:58:50","date_gmt":"2025-02-28T12:58:50","guid":{"rendered":"http:\/\/aem.hr\/?page_id=20660"},"modified":"2025-02-28T13:58:50","modified_gmt":"2025-02-28T12:58:50","slug":"ana-fabijanovic-kultura-sto-je-sve-ugrozava-i-zasto","status":"publish","type":"page","link":"https:\/\/aem.hr\/en\/ana-fabijanovic-kultura-sto-je-sve-ugrozava-i-zasto\/","title":{"rendered":"Ana Fabijanovi\u0107 &#8211; Kultura &#8211; \u0161to je sve ugro\u017eava I za\u0161to"},"content":{"rendered":"\n<div class=\"wp-block-file\"><a id=\"wp-block-file--media-96659a31-52c9-4c2f-bd8c-3b21f1d9e85a\" href=\"https:\/\/aem.hr\/wp-content\/uploads\/2025\/02\/1.-Kultura-u-skolama.pdf\">1. Kultura u \u0161kolama<\/a><a href=\"https:\/\/aem.hr\/wp-content\/uploads\/2025\/02\/1.-Kultura-u-skolama.pdf\" class=\"wp-block-file__button wp-element-button\" download aria-describedby=\"wp-block-file--media-96659a31-52c9-4c2f-bd8c-3b21f1d9e85a\">Preuzimanje<\/a><\/div>\n\n\n\n<div class=\"wp-block-file\"><a id=\"wp-block-file--media-52d52ed4-7690-4cc3-9a12-422bd78c9f34\" href=\"https:\/\/aem.hr\/wp-content\/uploads\/2025\/02\/2.-Slucaj-splitskog-HNK.pdf\">2. Slu\u010daj splitskog HNK<\/a><a href=\"https:\/\/aem.hr\/wp-content\/uploads\/2025\/02\/2.-Slucaj-splitskog-HNK.pdf\" class=\"wp-block-file__button wp-element-button\" download aria-describedby=\"wp-block-file--media-52d52ed4-7690-4cc3-9a12-422bd78c9f34\">Preuzimanje<\/a><\/div>\n\n\n\n<div class=\"wp-block-file\"><a id=\"wp-block-file--media-907cc4ac-8a17-4e28-b436-4927b9de4b72\" href=\"https:\/\/aem.hr\/wp-content\/uploads\/2025\/02\/3.-Ozana-Ramljak.pdf\">3. Ozana Ramljak<\/a><a href=\"https:\/\/aem.hr\/wp-content\/uploads\/2025\/02\/3.-Ozana-Ramljak.pdf\" class=\"wp-block-file__button wp-element-button\" download aria-describedby=\"wp-block-file--media-907cc4ac-8a17-4e28-b436-4927b9de4b72\">Preuzimanje<\/a><\/div>\n\n\n\n<div class=\"wp-block-file\"><a id=\"wp-block-file--media-b2f16b2d-50a0-4ac1-b349-84ae605e205a\" href=\"https:\/\/aem.hr\/wp-content\/uploads\/2025\/02\/4.-Knjiga-za-KN.docx.pdf\">4. Knjiga za KN.docx<\/a><a href=\"https:\/\/aem.hr\/wp-content\/uploads\/2025\/02\/4.-Knjiga-za-KN.docx.pdf\" class=\"wp-block-file__button wp-element-button\" download aria-describedby=\"wp-block-file--media-b2f16b2d-50a0-4ac1-b349-84ae605e205a\">Preuzimanje<\/a><\/div>\n\n\n\n<div class=\"wp-block-file\"><a id=\"wp-block-file--media-b1360316-8d38-49eb-992a-ee5b084643d2\" href=\"https:\/\/aem.hr\/wp-content\/uploads\/2025\/02\/5.-Kazaliste-bez-odjeka.pdf\">5. Kazali\u0161te bez odjeka<\/a><a href=\"https:\/\/aem.hr\/wp-content\/uploads\/2025\/02\/5.-Kazaliste-bez-odjeka.pdf\" class=\"wp-block-file__button wp-element-button\" download aria-describedby=\"wp-block-file--media-b1360316-8d38-49eb-992a-ee5b084643d2\">Preuzimanje<\/a><\/div>\n\n\n\n<div class=\"wp-block-file\"><a id=\"wp-block-file--media-beeb024f-19bd-4019-a7b3-9ae78d9456cd\" href=\"https:\/\/aem.hr\/wp-content\/uploads\/2025\/02\/6.-Mala-smo-zemlja.pdf\">6. Mala smo zemlja<\/a><a href=\"https:\/\/aem.hr\/wp-content\/uploads\/2025\/02\/6.-Mala-smo-zemlja.pdf\" class=\"wp-block-file__button wp-element-button\" download aria-describedby=\"wp-block-file--media-beeb024f-19bd-4019-a7b3-9ae78d9456cd\">Preuzimanje<\/a><\/div>\n","protected":false},"excerpt":{"rendered":"","protected":false},"author":18,"featured_media":0,"parent":0,"menu_order":0,"comment_status":"closed","ping_status":"closed","template":"","meta":{"_acf_changed":false,"inline_featured_image":false,"advgb_blocks_editor_width":"","advgb_blocks_columns_visual_guide":"","_links_to":"","_links_to_type":0,"footnotes":""},"class_list":["post-20660","page","type-page","status-publish","hentry"],"acf":[],"yoast_head":"<!-- This site is optimized with the Yoast SEO plugin v25.7 - https:\/\/yoast.com\/wordpress\/plugins\/seo\/ -->\n<title>Ana Fabijanovi\u0107 - Kultura - \u0161to je sve ugro\u017eava I za\u0161to - Agencija za elektroni\u010dke medije<\/title>\n<meta name=\"robots\" content=\"index, follow, max-snippet:-1, max-image-preview:large, max-video-preview:-1\" \/>\n<link rel=\"canonical\" href=\"https:\/\/aem.hr\/ana-fabijanovic-kultura-sto-je-sve-ugrozava-i-zasto\/\" \/>\n<meta property=\"og:locale\" content=\"en_US\" \/>\n<meta property=\"og:type\" content=\"article\" \/>\n<meta property=\"og:title\" content=\"Ana Fabijanovi\u0107 - Kultura - \u0161to je sve ugro\u017eava I za\u0161to - Agencija za elektroni\u010dke medije\" \/>\n<meta property=\"og:url\" content=\"https:\/\/aem.hr\/ana-fabijanovic-kultura-sto-je-sve-ugrozava-i-zasto\/\" \/>\n<meta property=\"og:site_name\" content=\"Agencija za elektroni\u010dke medije\" \/>\n<meta name=\"twitter:card\" content=\"summary_large_image\" \/>\n<meta name=\"twitter:label1\" content=\"Est. reading time\" \/>\n\t<meta name=\"twitter:data1\" content=\"1 minute\" \/>\n<script type=\"application\/ld+json\" class=\"yoast-schema-graph\">{\"@context\":\"https:\/\/schema.org\",\"@graph\":[{\"@type\":\"WebPage\",\"@id\":\"https:\/\/aem.hr\/ana-fabijanovic-kultura-sto-je-sve-ugrozava-i-zasto\/\",\"url\":\"https:\/\/aem.hr\/ana-fabijanovic-kultura-sto-je-sve-ugrozava-i-zasto\/\",\"name\":\"Ana Fabijanovi\u0107 - Kultura - \u0161to je sve ugro\u017eava I za\u0161to - Agencija za elektroni\u010dke medije\",\"isPartOf\":{\"@id\":\"https:\/\/aem.hr\/#website\"},\"datePublished\":\"2025-02-28T12:58:50+00:00\",\"breadcrumb\":{\"@id\":\"https:\/\/aem.hr\/ana-fabijanovic-kultura-sto-je-sve-ugrozava-i-zasto\/#breadcrumb\"},\"inLanguage\":\"en-US\",\"potentialAction\":[{\"@type\":\"ReadAction\",\"target\":[\"https:\/\/aem.hr\/ana-fabijanovic-kultura-sto-je-sve-ugrozava-i-zasto\/\"]}]},{\"@type\":\"BreadcrumbList\",\"@id\":\"https:\/\/aem.hr\/ana-fabijanovic-kultura-sto-je-sve-ugrozava-i-zasto\/#breadcrumb\",\"itemListElement\":[{\"@type\":\"ListItem\",\"position\":1,\"name\":\"Po\u010detna stranica\",\"item\":\"https:\/\/aem.hr\/\"},{\"@type\":\"ListItem\",\"position\":2,\"name\":\"Ana Fabijanovi\u0107 &#8211; Kultura &#8211; \u0161to je sve ugro\u017eava I za\u0161to\"}]},{\"@type\":\"WebSite\",\"@id\":\"https:\/\/aem.hr\/#website\",\"url\":\"https:\/\/aem.hr\/\",\"name\":\"Agencija za elektroni\u010dke medije\",\"description\":\"\",\"potentialAction\":[{\"@type\":\"SearchAction\",\"target\":{\"@type\":\"EntryPoint\",\"urlTemplate\":\"https:\/\/aem.hr\/?s={search_term_string}\"},\"query-input\":{\"@type\":\"PropertyValueSpecification\",\"valueRequired\":true,\"valueName\":\"search_term_string\"}}],\"inLanguage\":\"en-US\"}]}<\/script>\n<!-- \/ Yoast SEO plugin. -->","yoast_head_json":{"title":"Ana Fabijanovi\u0107 - Kultura - \u0161to je sve ugro\u017eava I za\u0161to - Agencija za elektroni\u010dke medije","robots":{"index":"index","follow":"follow","max-snippet":"max-snippet:-1","max-image-preview":"max-image-preview:large","max-video-preview":"max-video-preview:-1"},"canonical":"https:\/\/aem.hr\/ana-fabijanovic-kultura-sto-je-sve-ugrozava-i-zasto\/","og_locale":"en_US","og_type":"article","og_title":"Ana Fabijanovi\u0107 - Kultura - \u0161to je sve ugro\u017eava I za\u0161to - Agencija za elektroni\u010dke medije","og_url":"https:\/\/aem.hr\/ana-fabijanovic-kultura-sto-je-sve-ugrozava-i-zasto\/","og_site_name":"Agencija za elektroni\u010dke medije","twitter_card":"summary_large_image","twitter_misc":{"Est. reading time":"1 minute"},"schema":{"@context":"https:\/\/schema.org","@graph":[{"@type":"WebPage","@id":"https:\/\/aem.hr\/ana-fabijanovic-kultura-sto-je-sve-ugrozava-i-zasto\/","url":"https:\/\/aem.hr\/ana-fabijanovic-kultura-sto-je-sve-ugrozava-i-zasto\/","name":"Ana Fabijanovi\u0107 - Kultura - \u0161to je sve ugro\u017eava I za\u0161to - Agencija za elektroni\u010dke medije","isPartOf":{"@id":"https:\/\/aem.hr\/#website"},"datePublished":"2025-02-28T12:58:50+00:00","breadcrumb":{"@id":"https:\/\/aem.hr\/ana-fabijanovic-kultura-sto-je-sve-ugrozava-i-zasto\/#breadcrumb"},"inLanguage":"en-US","potentialAction":[{"@type":"ReadAction","target":["https:\/\/aem.hr\/ana-fabijanovic-kultura-sto-je-sve-ugrozava-i-zasto\/"]}]},{"@type":"BreadcrumbList","@id":"https:\/\/aem.hr\/ana-fabijanovic-kultura-sto-je-sve-ugrozava-i-zasto\/#breadcrumb","itemListElement":[{"@type":"ListItem","position":1,"name":"Po\u010detna stranica","item":"https:\/\/aem.hr\/"},{"@type":"ListItem","position":2,"name":"Ana Fabijanovi\u0107 &#8211; Kultura &#8211; \u0161to je sve ugro\u017eava I za\u0161to"}]},{"@type":"WebSite","@id":"https:\/\/aem.hr\/#website","url":"https:\/\/aem.hr\/","name":"Agencija za elektroni\u010dke medije","description":"","potentialAction":[{"@type":"SearchAction","target":{"@type":"EntryPoint","urlTemplate":"https:\/\/aem.hr\/?s={search_term_string}"},"query-input":{"@type":"PropertyValueSpecification","valueRequired":true,"valueName":"search_term_string"}}],"inLanguage":"en-US"}]}},"coauthors":[],"author_meta":{"author_link":"https:\/\/aem.hr\/en\/blog\/author\/mkirac\/","display_name":"Matko Kirac"},"relative_dates":{"created":"Posted 1 year ago","modified":"Updated 1 year ago"},"absolute_dates":{"created":"Posted on 28. February 2025.","modified":"Updated on 28. February 2025."},"absolute_dates_time":{"created":"Posted on 28. February 2025. 13:58","modified":"Updated on 28. February 2025. 13:58"},"featured_img_caption":"","featured_img":false,"series_order":"","_links":{"self":[{"href":"https:\/\/aem.hr\/en\/wp-json\/wp\/v2\/pages\/20660","targetHints":{"allow":["GET"]}}],"collection":[{"href":"https:\/\/aem.hr\/en\/wp-json\/wp\/v2\/pages"}],"about":[{"href":"https:\/\/aem.hr\/en\/wp-json\/wp\/v2\/types\/page"}],"author":[{"embeddable":true,"href":"https:\/\/aem.hr\/en\/wp-json\/wp\/v2\/users\/18"}],"replies":[{"embeddable":true,"href":"https:\/\/aem.hr\/en\/wp-json\/wp\/v2\/comments?post=20660"}],"version-history":[{"count":1,"href":"https:\/\/aem.hr\/en\/wp-json\/wp\/v2\/pages\/20660\/revisions"}],"predecessor-version":[{"id":20673,"href":"https:\/\/aem.hr\/en\/wp-json\/wp\/v2\/pages\/20660\/revisions\/20673"}],"wp:attachment":[{"href":"https:\/\/aem.hr\/en\/wp-json\/wp\/v2\/media?parent=20660"}],"curies":[{"name":"wp","href":"https:\/\/api.w.org\/{rel}","templated":true}]}}