{"id":20676,"date":"2025-02-28T14:00:51","date_gmt":"2025-02-28T13:00:51","guid":{"rendered":"http:\/\/aem.hr\/?page_id=20676"},"modified":"2025-02-28T14:00:52","modified_gmt":"2025-02-28T13:00:52","slug":"sanja-blazevic-izazovi-obrazovanja-u-ruralnim-podrucjima-banovine","status":"publish","type":"page","link":"https:\/\/aem.hr\/en\/sanja-blazevic-izazovi-obrazovanja-u-ruralnim-podrucjima-banovine\/","title":{"rendered":"Sanja Bla\u017eevi\u0107 &#8211; Izazovi obrazovanja u ruralnim podru\u010djima Banovine"},"content":{"rendered":"\n<div class=\"wp-block-file\"><a id=\"wp-block-file--media-4b76c04b-dd4c-4835-ba7d-f4178a49f39b\" href=\"https:\/\/aem.hr\/wp-content\/uploads\/2025\/02\/1.-Hrvatska-izumire.pdf\">1. Hrvatska izumire<\/a><a href=\"https:\/\/aem.hr\/wp-content\/uploads\/2025\/02\/1.-Hrvatska-izumire.pdf\" class=\"wp-block-file__button wp-element-button\" download aria-describedby=\"wp-block-file--media-4b76c04b-dd4c-4835-ba7d-f4178a49f39b\">Preuzimanje<\/a><\/div>\n\n\n\n<div class=\"wp-block-file\"><a id=\"wp-block-file--media-427ee559-6a31-4ad6-964a-37d11f9f08c1\" href=\"https:\/\/aem.hr\/wp-content\/uploads\/2025\/02\/2.-INTERVJU-Doc.-dr.-sc.-Stjepan-Sterc.pdf\">2. INTERVJU Doc. dr. sc. Stjepan \u0160terc<\/a><a href=\"https:\/\/aem.hr\/wp-content\/uploads\/2025\/02\/2.-INTERVJU-Doc.-dr.-sc.-Stjepan-Sterc.pdf\" class=\"wp-block-file__button wp-element-button\" download aria-describedby=\"wp-block-file--media-427ee559-6a31-4ad6-964a-37d11f9f08c1\">Preuzimanje<\/a><\/div>\n\n\n\n<div class=\"wp-block-file\"><a id=\"wp-block-file--media-5c7cbb3c-8bc3-4e81-82b5-1275c213f1d4\" href=\"https:\/\/aem.hr\/wp-content\/uploads\/2025\/02\/3.-Osnovna-skola-Sunja.pdf\">3. Osnovna \u0161kola Sunja<\/a><a href=\"https:\/\/aem.hr\/wp-content\/uploads\/2025\/02\/3.-Osnovna-skola-Sunja.pdf\" class=\"wp-block-file__button wp-element-button\" download aria-describedby=\"wp-block-file--media-5c7cbb3c-8bc3-4e81-82b5-1275c213f1d4\">Preuzimanje<\/a><\/div>\n\n\n\n<div class=\"wp-block-file\"><a id=\"wp-block-file--media-2e2363f5-a382-4c5b-9f85-0aea15c7fa2b\" href=\"https:\/\/aem.hr\/wp-content\/uploads\/2025\/02\/4.-Osnovna-skola-Dvor.pdf\">4. Osnovna \u0161kola Dvor<\/a><a href=\"https:\/\/aem.hr\/wp-content\/uploads\/2025\/02\/4.-Osnovna-skola-Dvor.pdf\" class=\"wp-block-file__button wp-element-button\" download aria-describedby=\"wp-block-file--media-2e2363f5-a382-4c5b-9f85-0aea15c7fa2b\">Preuzimanje<\/a><\/div>\n\n\n\n<div class=\"wp-block-file\"><a id=\"wp-block-file--media-34805c15-ce29-46e8-bcba-ee9f0dc78206\" href=\"https:\/\/aem.hr\/wp-content\/uploads\/2025\/02\/5.-Izazovi-obrazovanja.pdf\">5. Izazovi obrazovanja<\/a><a href=\"https:\/\/aem.hr\/wp-content\/uploads\/2025\/02\/5.-Izazovi-obrazovanja.pdf\" class=\"wp-block-file__button wp-element-button\" download aria-describedby=\"wp-block-file--media-34805c15-ce29-46e8-bcba-ee9f0dc78206\">Preuzimanje<\/a><\/div>\n\n\n\n<div class=\"wp-block-file\"><a id=\"wp-block-file--media-445dfab5-41fb-48d3-afab-8b484fcd5f9b\" href=\"https:\/\/aem.hr\/wp-content\/uploads\/2025\/02\/6.-Mala-skola-velikoga-srca.pdf\">6. Mala \u0161kola velikoga srca<\/a><a href=\"https:\/\/aem.hr\/wp-content\/uploads\/2025\/02\/6.-Mala-skola-velikoga-srca.pdf\" class=\"wp-block-file__button wp-element-button\" download aria-describedby=\"wp-block-file--media-445dfab5-41fb-48d3-afab-8b484fcd5f9b\">Preuzimanje<\/a><\/div>\n\n\n\n<div class=\"wp-block-file\"><a id=\"wp-block-file--media-a61d7ba9-6934-4de5-ad7d-beed8029992f\" href=\"https:\/\/aem.hr\/wp-content\/uploads\/2025\/02\/7.-Ravnateljica-Osnovne-skole-Dvor.pdf\">7. Ravnateljica Osnovne \u0161kole Dvor<\/a><a href=\"https:\/\/aem.hr\/wp-content\/uploads\/2025\/02\/7.-Ravnateljica-Osnovne-skole-Dvor.pdf\" class=\"wp-block-file__button wp-element-button\" download aria-describedby=\"wp-block-file--media-a61d7ba9-6934-4de5-ad7d-beed8029992f\">Preuzimanje<\/a><\/div>\n\n\n\n<div class=\"wp-block-file\"><a id=\"wp-block-file--media-61c27772-8b09-4a59-9e00-24964f113a85\" href=\"https:\/\/aem.hr\/wp-content\/uploads\/2025\/02\/8.-Osnovna-skola-Ivo-Kozarcanin.pdf\">8. Osnovna \u0161kola Ivo Kozar\u010danin<\/a><a href=\"https:\/\/aem.hr\/wp-content\/uploads\/2025\/02\/8.-Osnovna-skola-Ivo-Kozarcanin.pdf\" class=\"wp-block-file__button wp-element-button\" download aria-describedby=\"wp-block-file--media-61c27772-8b09-4a59-9e00-24964f113a85\">Preuzimanje<\/a><\/div>\n\n\n\n<div class=\"wp-block-file\"><a id=\"wp-block-file--media-b89409ae-3856-4c96-ba99-1505fac17fdd\" href=\"https:\/\/aem.hr\/wp-content\/uploads\/2025\/02\/9.-Hrvatska-Kostajnica.pdf\">9. Hrvatska Kostajnica<\/a><a href=\"https:\/\/aem.hr\/wp-content\/uploads\/2025\/02\/9.-Hrvatska-Kostajnica.pdf\" class=\"wp-block-file__button wp-element-button\" download aria-describedby=\"wp-block-file--media-b89409ae-3856-4c96-ba99-1505fac17fdd\">Preuzimanje<\/a><\/div>\n\n\n\n<div class=\"wp-block-file\"><a id=\"wp-block-file--media-ec4423a1-7642-4d28-83ac-07798e5d6c5b\" href=\"https:\/\/aem.hr\/wp-content\/uploads\/2025\/02\/10.-Srednja-skola-Petrinja-kvalitetom.pdf\">10. Srednja \u0161kola Petrinja kvalitetom<\/a><a href=\"https:\/\/aem.hr\/wp-content\/uploads\/2025\/02\/10.-Srednja-skola-Petrinja-kvalitetom.pdf\" class=\"wp-block-file__button wp-element-button\" download aria-describedby=\"wp-block-file--media-ec4423a1-7642-4d28-83ac-07798e5d6c5b\">Preuzimanje<\/a><\/div>\n\n\n\n<div class=\"wp-block-file\"><a id=\"wp-block-file--media-494410cb-43bc-4e2a-aa30-f85a9d444562\" href=\"https:\/\/aem.hr\/wp-content\/uploads\/2025\/02\/11.-Petrinja-ulaze-u-obrazovanje.pdf\">11. Petrinja ula\u017ee u obrazovanje<\/a><a href=\"https:\/\/aem.hr\/wp-content\/uploads\/2025\/02\/11.-Petrinja-ulaze-u-obrazovanje.pdf\" class=\"wp-block-file__button wp-element-button\" download aria-describedby=\"wp-block-file--media-494410cb-43bc-4e2a-aa30-f85a9d444562\">Preuzimanje<\/a><\/div>\n","protected":false},"excerpt":{"rendered":"","protected":false},"author":18,"featured_media":0,"parent":0,"menu_order":0,"comment_status":"closed","ping_status":"closed","template":"","meta":{"_acf_changed":false,"inline_featured_image":false,"advgb_blocks_editor_width":"","advgb_blocks_columns_visual_guide":"","_links_to":"","_links_to_type":0,"footnotes":""},"class_list":["post-20676","page","type-page","status-publish","hentry"],"acf":[],"yoast_head":"<!-- This site is optimized with the Yoast SEO plugin v25.7 - https:\/\/yoast.com\/wordpress\/plugins\/seo\/ -->\n<title>Sanja Bla\u017eevi\u0107 - Izazovi obrazovanja u ruralnim podru\u010djima Banovine - Agencija za elektroni\u010dke medije<\/title>\n<meta name=\"robots\" content=\"index, follow, max-snippet:-1, max-image-preview:large, max-video-preview:-1\" \/>\n<link rel=\"canonical\" href=\"https:\/\/aem.hr\/sanja-blazevic-izazovi-obrazovanja-u-ruralnim-podrucjima-banovine\/\" \/>\n<meta property=\"og:locale\" content=\"en_US\" \/>\n<meta property=\"og:type\" content=\"article\" \/>\n<meta property=\"og:title\" content=\"Sanja Bla\u017eevi\u0107 - Izazovi obrazovanja u ruralnim podru\u010djima Banovine - Agencija za elektroni\u010dke medije\" \/>\n<meta property=\"og:url\" content=\"https:\/\/aem.hr\/sanja-blazevic-izazovi-obrazovanja-u-ruralnim-podrucjima-banovine\/\" \/>\n<meta property=\"og:site_name\" content=\"Agencija za elektroni\u010dke medije\" \/>\n<meta property=\"article:modified_time\" content=\"2025-02-28T13:00:52+00:00\" \/>\n<meta name=\"twitter:card\" content=\"summary_large_image\" \/>\n<meta name=\"twitter:label1\" content=\"Est. reading time\" \/>\n\t<meta name=\"twitter:data1\" content=\"1 minute\" \/>\n<script type=\"application\/ld+json\" class=\"yoast-schema-graph\">{\"@context\":\"https:\/\/schema.org\",\"@graph\":[{\"@type\":\"WebPage\",\"@id\":\"https:\/\/aem.hr\/sanja-blazevic-izazovi-obrazovanja-u-ruralnim-podrucjima-banovine\/\",\"url\":\"https:\/\/aem.hr\/sanja-blazevic-izazovi-obrazovanja-u-ruralnim-podrucjima-banovine\/\",\"name\":\"Sanja Bla\u017eevi\u0107 - Izazovi obrazovanja u ruralnim podru\u010djima Banovine - Agencija za elektroni\u010dke medije\",\"isPartOf\":{\"@id\":\"https:\/\/aem.hr\/#website\"},\"datePublished\":\"2025-02-28T13:00:51+00:00\",\"dateModified\":\"2025-02-28T13:00:52+00:00\",\"breadcrumb\":{\"@id\":\"https:\/\/aem.hr\/sanja-blazevic-izazovi-obrazovanja-u-ruralnim-podrucjima-banovine\/#breadcrumb\"},\"inLanguage\":\"en-US\",\"potentialAction\":[{\"@type\":\"ReadAction\",\"target\":[\"https:\/\/aem.hr\/sanja-blazevic-izazovi-obrazovanja-u-ruralnim-podrucjima-banovine\/\"]}]},{\"@type\":\"BreadcrumbList\",\"@id\":\"https:\/\/aem.hr\/sanja-blazevic-izazovi-obrazovanja-u-ruralnim-podrucjima-banovine\/#breadcrumb\",\"itemListElement\":[{\"@type\":\"ListItem\",\"position\":1,\"name\":\"Po\u010detna stranica\",\"item\":\"https:\/\/aem.hr\/\"},{\"@type\":\"ListItem\",\"position\":2,\"name\":\"Sanja Bla\u017eevi\u0107 &#8211; Izazovi obrazovanja u ruralnim podru\u010djima Banovine\"}]},{\"@type\":\"WebSite\",\"@id\":\"https:\/\/aem.hr\/#website\",\"url\":\"https:\/\/aem.hr\/\",\"name\":\"Agencija za elektroni\u010dke medije\",\"description\":\"\",\"potentialAction\":[{\"@type\":\"SearchAction\",\"target\":{\"@type\":\"EntryPoint\",\"urlTemplate\":\"https:\/\/aem.hr\/?s={search_term_string}\"},\"query-input\":{\"@type\":\"PropertyValueSpecification\",\"valueRequired\":true,\"valueName\":\"search_term_string\"}}],\"inLanguage\":\"en-US\"}]}<\/script>\n<!-- \/ Yoast SEO plugin. -->","yoast_head_json":{"title":"Sanja Bla\u017eevi\u0107 - Izazovi obrazovanja u ruralnim podru\u010djima Banovine - Agencija za elektroni\u010dke medije","robots":{"index":"index","follow":"follow","max-snippet":"max-snippet:-1","max-image-preview":"max-image-preview:large","max-video-preview":"max-video-preview:-1"},"canonical":"https:\/\/aem.hr\/sanja-blazevic-izazovi-obrazovanja-u-ruralnim-podrucjima-banovine\/","og_locale":"en_US","og_type":"article","og_title":"Sanja Bla\u017eevi\u0107 - Izazovi obrazovanja u ruralnim podru\u010djima Banovine - Agencija za elektroni\u010dke medije","og_url":"https:\/\/aem.hr\/sanja-blazevic-izazovi-obrazovanja-u-ruralnim-podrucjima-banovine\/","og_site_name":"Agencija za elektroni\u010dke medije","article_modified_time":"2025-02-28T13:00:52+00:00","twitter_card":"summary_large_image","twitter_misc":{"Est. reading time":"1 minute"},"schema":{"@context":"https:\/\/schema.org","@graph":[{"@type":"WebPage","@id":"https:\/\/aem.hr\/sanja-blazevic-izazovi-obrazovanja-u-ruralnim-podrucjima-banovine\/","url":"https:\/\/aem.hr\/sanja-blazevic-izazovi-obrazovanja-u-ruralnim-podrucjima-banovine\/","name":"Sanja Bla\u017eevi\u0107 - Izazovi obrazovanja u ruralnim podru\u010djima Banovine - Agencija za elektroni\u010dke medije","isPartOf":{"@id":"https:\/\/aem.hr\/#website"},"datePublished":"2025-02-28T13:00:51+00:00","dateModified":"2025-02-28T13:00:52+00:00","breadcrumb":{"@id":"https:\/\/aem.hr\/sanja-blazevic-izazovi-obrazovanja-u-ruralnim-podrucjima-banovine\/#breadcrumb"},"inLanguage":"en-US","potentialAction":[{"@type":"ReadAction","target":["https:\/\/aem.hr\/sanja-blazevic-izazovi-obrazovanja-u-ruralnim-podrucjima-banovine\/"]}]},{"@type":"BreadcrumbList","@id":"https:\/\/aem.hr\/sanja-blazevic-izazovi-obrazovanja-u-ruralnim-podrucjima-banovine\/#breadcrumb","itemListElement":[{"@type":"ListItem","position":1,"name":"Po\u010detna stranica","item":"https:\/\/aem.hr\/"},{"@type":"ListItem","position":2,"name":"Sanja Bla\u017eevi\u0107 &#8211; Izazovi obrazovanja u ruralnim podru\u010djima Banovine"}]},{"@type":"WebSite","@id":"https:\/\/aem.hr\/#website","url":"https:\/\/aem.hr\/","name":"Agencija za elektroni\u010dke medije","description":"","potentialAction":[{"@type":"SearchAction","target":{"@type":"EntryPoint","urlTemplate":"https:\/\/aem.hr\/?s={search_term_string}"},"query-input":{"@type":"PropertyValueSpecification","valueRequired":true,"valueName":"search_term_string"}}],"inLanguage":"en-US"}]}},"coauthors":[],"author_meta":{"author_link":"https:\/\/aem.hr\/en\/blog\/author\/mkirac\/","display_name":"Matko Kirac"},"relative_dates":{"created":"Posted 1 year ago","modified":"Updated 1 year ago"},"absolute_dates":{"created":"Posted on 28. February 2025.","modified":"Updated on 28. February 2025."},"absolute_dates_time":{"created":"Posted on 28. February 2025. 14:00","modified":"Updated on 28. February 2025. 14:00"},"featured_img_caption":"","featured_img":false,"series_order":"","_links":{"self":[{"href":"https:\/\/aem.hr\/en\/wp-json\/wp\/v2\/pages\/20676","targetHints":{"allow":["GET"]}}],"collection":[{"href":"https:\/\/aem.hr\/en\/wp-json\/wp\/v2\/pages"}],"about":[{"href":"https:\/\/aem.hr\/en\/wp-json\/wp\/v2\/types\/page"}],"author":[{"embeddable":true,"href":"https:\/\/aem.hr\/en\/wp-json\/wp\/v2\/users\/18"}],"replies":[{"embeddable":true,"href":"https:\/\/aem.hr\/en\/wp-json\/wp\/v2\/comments?post=20676"}],"version-history":[{"count":1,"href":"https:\/\/aem.hr\/en\/wp-json\/wp\/v2\/pages\/20676\/revisions"}],"predecessor-version":[{"id":20698,"href":"https:\/\/aem.hr\/en\/wp-json\/wp\/v2\/pages\/20676\/revisions\/20698"}],"wp:attachment":[{"href":"https:\/\/aem.hr\/en\/wp-json\/wp\/v2\/media?parent=20676"}],"curies":[{"name":"wp","href":"https:\/\/api.w.org\/{rel}","templated":true}]}}