{"id":20747,"date":"2025-03-11T12:43:51","date_gmt":"2025-03-11T11:43:51","guid":{"rendered":"http:\/\/aem.hr\/?page_id=20747"},"modified":"2025-03-11T12:43:52","modified_gmt":"2025-03-11T11:43:52","slug":"maja-milanovic-sportom-do-povezivanja-manjine-i-vecine","status":"publish","type":"page","link":"https:\/\/aem.hr\/en\/maja-milanovic-sportom-do-povezivanja-manjine-i-vecine\/","title":{"rendered":"Maja Milanovi\u0107 &#8211; Sportom do povezivanja manjine i ve\u0107ine"},"content":{"rendered":"\n<div class=\"wp-block-file\"><a id=\"wp-block-file--media-b50e942d-947a-433c-bc09-3ec3ed5d0651\" href=\"https:\/\/aem.hr\/wp-content\/uploads\/2025\/03\/1.-I-posle-50-godina-sah-aktuelan-u-Trpinji.pdf\">1. I posle 50 godina \u0161ah aktuelan u Trpinji<\/a><a href=\"https:\/\/aem.hr\/wp-content\/uploads\/2025\/03\/1.-I-posle-50-godina-sah-aktuelan-u-Trpinji.pdf\" class=\"wp-block-file__button wp-element-button\" download aria-describedby=\"wp-block-file--media-b50e942d-947a-433c-bc09-3ec3ed5d0651\">Preuzimanje<\/a><\/div>\n\n\n\n<div class=\"wp-block-file\"><a id=\"wp-block-file--media-e965b0c2-f3fd-4540-a125-ef5c73c34d1b\" href=\"https:\/\/aem.hr\/wp-content\/uploads\/2025\/03\/2.-Najtrofejniji-klub-Opstine-Erdut.pdf\">2. Najtrofejniji klub Op\u0161tine Erdut<\/a><a href=\"https:\/\/aem.hr\/wp-content\/uploads\/2025\/03\/2.-Najtrofejniji-klub-Opstine-Erdut.pdf\" class=\"wp-block-file__button wp-element-button\" download aria-describedby=\"wp-block-file--media-e965b0c2-f3fd-4540-a125-ef5c73c34d1b\">Preuzimanje<\/a><\/div>\n\n\n\n<div class=\"wp-block-file\"><a id=\"wp-block-file--media-c15771bf-38d0-4833-bfa4-330e1dc5df5c\" href=\"https:\/\/aem.hr\/wp-content\/uploads\/2025\/03\/3.-\u201ePrepoznatljivi-smo-i-time-se-ponosimo.pdf\">3. \u201ePrepoznatljivi smo i time se ponosimo\u201c<\/a><a href=\"https:\/\/aem.hr\/wp-content\/uploads\/2025\/03\/3.-\u201ePrepoznatljivi-smo-i-time-se-ponosimo.pdf\" class=\"wp-block-file__button wp-element-button\" download aria-describedby=\"wp-block-file--media-c15771bf-38d0-4833-bfa4-330e1dc5df5c\">Preuzimanje<\/a><\/div>\n\n\n\n<div class=\"wp-block-file\"><a id=\"wp-block-file--media-6bf4f341-af99-46a4-8566-6aa5dc8e68a7\" href=\"https:\/\/aem.hr\/wp-content\/uploads\/2025\/03\/4.-Bogata-vukovarska-gimnasticka-istorija.pdf\">4. Bogata vukovarska gimnasti\u010dka istorija<\/a><a href=\"https:\/\/aem.hr\/wp-content\/uploads\/2025\/03\/4.-Bogata-vukovarska-gimnasticka-istorija.pdf\" class=\"wp-block-file__button wp-element-button\" download aria-describedby=\"wp-block-file--media-6bf4f341-af99-46a4-8566-6aa5dc8e68a7\">Preuzimanje<\/a><\/div>\n\n\n\n<div class=\"wp-block-file\"><a id=\"wp-block-file--media-3a152fdd-2eec-4d77-894a-9931cbbab3a9\" href=\"https:\/\/aem.hr\/wp-content\/uploads\/2025\/03\/5.-Plivanjem-do-aktivacije-svakog-telesnog-misica.pdf\">5. Plivanjem do aktivacije svakog telesnog mi\u0161i\u0107a<\/a><a href=\"https:\/\/aem.hr\/wp-content\/uploads\/2025\/03\/5.-Plivanjem-do-aktivacije-svakog-telesnog-misica.pdf\" class=\"wp-block-file__button wp-element-button\" download aria-describedby=\"wp-block-file--media-3a152fdd-2eec-4d77-894a-9931cbbab3a9\">Preuzimanje<\/a><\/div>\n\n\n\n<div class=\"wp-block-file\"><a id=\"wp-block-file--media-af806308-9862-4778-82c6-3e98c4df42d7\" href=\"https:\/\/aem.hr\/wp-content\/uploads\/2025\/03\/6.-Bolman-naselje-streljastva.pdf\">6. Bolman &#8211; naselje strelja\u0161tva<\/a><a href=\"https:\/\/aem.hr\/wp-content\/uploads\/2025\/03\/6.-Bolman-naselje-streljastva.pdf\" class=\"wp-block-file__button wp-element-button\" download aria-describedby=\"wp-block-file--media-af806308-9862-4778-82c6-3e98c4df42d7\">Preuzimanje<\/a><\/div>\n","protected":false},"excerpt":{"rendered":"","protected":false},"author":18,"featured_media":0,"parent":0,"menu_order":0,"comment_status":"closed","ping_status":"closed","template":"","meta":{"_acf_changed":false,"inline_featured_image":false,"advgb_blocks_editor_width":"","advgb_blocks_columns_visual_guide":"","_links_to":"","_links_to_type":0,"footnotes":""},"class_list":["post-20747","page","type-page","status-publish","hentry"],"acf":[],"yoast_head":"<!-- This site is optimized with the Yoast SEO plugin v25.7 - https:\/\/yoast.com\/wordpress\/plugins\/seo\/ -->\n<title>Maja Milanovi\u0107 - Sportom do povezivanja manjine i ve\u0107ine - Agencija za elektroni\u010dke medije<\/title>\n<meta name=\"robots\" content=\"index, follow, max-snippet:-1, max-image-preview:large, max-video-preview:-1\" \/>\n<link rel=\"canonical\" href=\"https:\/\/aem.hr\/maja-milanovic-sportom-do-povezivanja-manjine-i-vecine\/\" \/>\n<meta property=\"og:locale\" content=\"en_US\" \/>\n<meta property=\"og:type\" content=\"article\" \/>\n<meta property=\"og:title\" content=\"Maja Milanovi\u0107 - Sportom do povezivanja manjine i ve\u0107ine - Agencija za elektroni\u010dke medije\" \/>\n<meta property=\"og:url\" content=\"https:\/\/aem.hr\/maja-milanovic-sportom-do-povezivanja-manjine-i-vecine\/\" \/>\n<meta property=\"og:site_name\" content=\"Agencija za elektroni\u010dke medije\" \/>\n<meta property=\"article:modified_time\" content=\"2025-03-11T11:43:52+00:00\" \/>\n<meta name=\"twitter:card\" content=\"summary_large_image\" \/>\n<meta name=\"twitter:label1\" content=\"Est. reading time\" \/>\n\t<meta name=\"twitter:data1\" content=\"1 minute\" \/>\n<script type=\"application\/ld+json\" class=\"yoast-schema-graph\">{\"@context\":\"https:\/\/schema.org\",\"@graph\":[{\"@type\":\"WebPage\",\"@id\":\"https:\/\/aem.hr\/maja-milanovic-sportom-do-povezivanja-manjine-i-vecine\/\",\"url\":\"https:\/\/aem.hr\/maja-milanovic-sportom-do-povezivanja-manjine-i-vecine\/\",\"name\":\"Maja Milanovi\u0107 - Sportom do povezivanja manjine i ve\u0107ine - Agencija za elektroni\u010dke medije\",\"isPartOf\":{\"@id\":\"https:\/\/aem.hr\/#website\"},\"datePublished\":\"2025-03-11T11:43:51+00:00\",\"dateModified\":\"2025-03-11T11:43:52+00:00\",\"breadcrumb\":{\"@id\":\"https:\/\/aem.hr\/maja-milanovic-sportom-do-povezivanja-manjine-i-vecine\/#breadcrumb\"},\"inLanguage\":\"en-US\",\"potentialAction\":[{\"@type\":\"ReadAction\",\"target\":[\"https:\/\/aem.hr\/maja-milanovic-sportom-do-povezivanja-manjine-i-vecine\/\"]}]},{\"@type\":\"BreadcrumbList\",\"@id\":\"https:\/\/aem.hr\/maja-milanovic-sportom-do-povezivanja-manjine-i-vecine\/#breadcrumb\",\"itemListElement\":[{\"@type\":\"ListItem\",\"position\":1,\"name\":\"Po\u010detna stranica\",\"item\":\"https:\/\/aem.hr\/\"},{\"@type\":\"ListItem\",\"position\":2,\"name\":\"Maja Milanovi\u0107 &#8211; Sportom do povezivanja manjine i ve\u0107ine\"}]},{\"@type\":\"WebSite\",\"@id\":\"https:\/\/aem.hr\/#website\",\"url\":\"https:\/\/aem.hr\/\",\"name\":\"Agencija za elektroni\u010dke medije\",\"description\":\"\",\"potentialAction\":[{\"@type\":\"SearchAction\",\"target\":{\"@type\":\"EntryPoint\",\"urlTemplate\":\"https:\/\/aem.hr\/?s={search_term_string}\"},\"query-input\":{\"@type\":\"PropertyValueSpecification\",\"valueRequired\":true,\"valueName\":\"search_term_string\"}}],\"inLanguage\":\"en-US\"}]}<\/script>\n<!-- \/ Yoast SEO plugin. -->","yoast_head_json":{"title":"Maja Milanovi\u0107 - Sportom do povezivanja manjine i ve\u0107ine - Agencija za elektroni\u010dke medije","robots":{"index":"index","follow":"follow","max-snippet":"max-snippet:-1","max-image-preview":"max-image-preview:large","max-video-preview":"max-video-preview:-1"},"canonical":"https:\/\/aem.hr\/maja-milanovic-sportom-do-povezivanja-manjine-i-vecine\/","og_locale":"en_US","og_type":"article","og_title":"Maja Milanovi\u0107 - Sportom do povezivanja manjine i ve\u0107ine - Agencija za elektroni\u010dke medije","og_url":"https:\/\/aem.hr\/maja-milanovic-sportom-do-povezivanja-manjine-i-vecine\/","og_site_name":"Agencija za elektroni\u010dke medije","article_modified_time":"2025-03-11T11:43:52+00:00","twitter_card":"summary_large_image","twitter_misc":{"Est. reading time":"1 minute"},"schema":{"@context":"https:\/\/schema.org","@graph":[{"@type":"WebPage","@id":"https:\/\/aem.hr\/maja-milanovic-sportom-do-povezivanja-manjine-i-vecine\/","url":"https:\/\/aem.hr\/maja-milanovic-sportom-do-povezivanja-manjine-i-vecine\/","name":"Maja Milanovi\u0107 - Sportom do povezivanja manjine i ve\u0107ine - Agencija za elektroni\u010dke medije","isPartOf":{"@id":"https:\/\/aem.hr\/#website"},"datePublished":"2025-03-11T11:43:51+00:00","dateModified":"2025-03-11T11:43:52+00:00","breadcrumb":{"@id":"https:\/\/aem.hr\/maja-milanovic-sportom-do-povezivanja-manjine-i-vecine\/#breadcrumb"},"inLanguage":"en-US","potentialAction":[{"@type":"ReadAction","target":["https:\/\/aem.hr\/maja-milanovic-sportom-do-povezivanja-manjine-i-vecine\/"]}]},{"@type":"BreadcrumbList","@id":"https:\/\/aem.hr\/maja-milanovic-sportom-do-povezivanja-manjine-i-vecine\/#breadcrumb","itemListElement":[{"@type":"ListItem","position":1,"name":"Po\u010detna stranica","item":"https:\/\/aem.hr\/"},{"@type":"ListItem","position":2,"name":"Maja Milanovi\u0107 &#8211; Sportom do povezivanja manjine i ve\u0107ine"}]},{"@type":"WebSite","@id":"https:\/\/aem.hr\/#website","url":"https:\/\/aem.hr\/","name":"Agencija za elektroni\u010dke medije","description":"","potentialAction":[{"@type":"SearchAction","target":{"@type":"EntryPoint","urlTemplate":"https:\/\/aem.hr\/?s={search_term_string}"},"query-input":{"@type":"PropertyValueSpecification","valueRequired":true,"valueName":"search_term_string"}}],"inLanguage":"en-US"}]}},"coauthors":[],"author_meta":{"author_link":"https:\/\/aem.hr\/en\/blog\/author\/mkirac\/","display_name":"Matko Kirac"},"relative_dates":{"created":"Posted 1 year ago","modified":"Updated 1 year ago"},"absolute_dates":{"created":"Posted on 11. March 2025.","modified":"Updated on 11. March 2025."},"absolute_dates_time":{"created":"Posted on 11. March 2025. 12:43","modified":"Updated on 11. March 2025. 12:43"},"featured_img_caption":"","featured_img":false,"series_order":"","_links":{"self":[{"href":"https:\/\/aem.hr\/en\/wp-json\/wp\/v2\/pages\/20747","targetHints":{"allow":["GET"]}}],"collection":[{"href":"https:\/\/aem.hr\/en\/wp-json\/wp\/v2\/pages"}],"about":[{"href":"https:\/\/aem.hr\/en\/wp-json\/wp\/v2\/types\/page"}],"author":[{"embeddable":true,"href":"https:\/\/aem.hr\/en\/wp-json\/wp\/v2\/users\/18"}],"replies":[{"embeddable":true,"href":"https:\/\/aem.hr\/en\/wp-json\/wp\/v2\/comments?post=20747"}],"version-history":[{"count":1,"href":"https:\/\/aem.hr\/en\/wp-json\/wp\/v2\/pages\/20747\/revisions"}],"predecessor-version":[{"id":20758,"href":"https:\/\/aem.hr\/en\/wp-json\/wp\/v2\/pages\/20747\/revisions\/20758"}],"wp:attachment":[{"href":"https:\/\/aem.hr\/en\/wp-json\/wp\/v2\/media?parent=20747"}],"curies":[{"name":"wp","href":"https:\/\/api.w.org\/{rel}","templated":true}]}}