{"id":20759,"date":"2025-03-11T12:45:29","date_gmt":"2025-03-11T11:45:29","guid":{"rendered":"http:\/\/aem.hr\/?page_id=20759"},"modified":"2025-03-11T12:45:31","modified_gmt":"2025-03-11T11:45:31","slug":"zeljko-rogosic-libido-od-tabua-i-mita-do-zabluda-i-potrebe-za-seksualnom-edukacijom","status":"publish","type":"page","link":"https:\/\/aem.hr\/en\/zeljko-rogosic-libido-od-tabua-i-mita-do-zabluda-i-potrebe-za-seksualnom-edukacijom\/","title":{"rendered":"\u017deljko Rogo\u0161i\u0107 -LIBIDO &#8211; OD TABUA I MITA DO ZABLUDA I POTREBE ZA SEKSUALNOM EDUKACIJOM"},"content":{"rendered":"\n<div class=\"wp-block-file\"><a id=\"wp-block-file--media-772d969f-3424-4830-9941-b145f01d01e0\" href=\"https:\/\/aem.hr\/wp-content\/uploads\/2025\/03\/1.-Jesam-li-normalan.pdf\">1. Jesam li normalan<\/a><a href=\"https:\/\/aem.hr\/wp-content\/uploads\/2025\/03\/1.-Jesam-li-normalan.pdf\" class=\"wp-block-file__button wp-element-button\" download aria-describedby=\"wp-block-file--media-772d969f-3424-4830-9941-b145f01d01e0\">Preuzimanje<\/a><\/div>\n\n\n\n<div class=\"wp-block-file\"><a id=\"wp-block-file--media-9c95f7bc-ee88-4fa6-879f-e9231f006ed0\" href=\"https:\/\/aem.hr\/wp-content\/uploads\/2025\/03\/2.-Smanjeni-libido-nije-povlastica.pdf\">2. Smanjeni libido nije povlastica<\/a><a href=\"https:\/\/aem.hr\/wp-content\/uploads\/2025\/03\/2.-Smanjeni-libido-nije-povlastica.pdf\" class=\"wp-block-file__button wp-element-button\" download aria-describedby=\"wp-block-file--media-9c95f7bc-ee88-4fa6-879f-e9231f006ed0\">Preuzimanje<\/a><\/div>\n\n\n\n<div class=\"wp-block-file\"><a id=\"wp-block-file--media-47252216-f16f-4978-b6f8-c647aedfb45e\" href=\"https:\/\/aem.hr\/wp-content\/uploads\/2025\/03\/3.-Utjecaj-hormonalnih-promjena.pdf\">3. Utjecaj hormonalnih promjena<\/a><a href=\"https:\/\/aem.hr\/wp-content\/uploads\/2025\/03\/3.-Utjecaj-hormonalnih-promjena.pdf\" class=\"wp-block-file__button wp-element-button\" download aria-describedby=\"wp-block-file--media-47252216-f16f-4978-b6f8-c647aedfb45e\">Preuzimanje<\/a><\/div>\n\n\n\n<div class=\"wp-block-file\"><a id=\"wp-block-file--media-cd62e402-efdd-4701-ba41-c96503d39dd5\" href=\"https:\/\/aem.hr\/wp-content\/uploads\/2025\/03\/4.-Istrazivanja-otkrila-da-rodna.pdf\">4. Istra\u017eivanja otkrila da rodna<\/a><a href=\"https:\/\/aem.hr\/wp-content\/uploads\/2025\/03\/4.-Istrazivanja-otkrila-da-rodna.pdf\" class=\"wp-block-file__button wp-element-button\" download aria-describedby=\"wp-block-file--media-cd62e402-efdd-4701-ba41-c96503d39dd5\">Preuzimanje<\/a><\/div>\n\n\n\n<div class=\"wp-block-file\"><a id=\"wp-block-file--media-ca1cc4c3-b18f-4a52-89a3-6a176621fa2f\" href=\"https:\/\/aem.hr\/wp-content\/uploads\/2025\/03\/5.-Zasto-treba-educirati.pdf\">5. Za\u0161to treba educirati<\/a><a href=\"https:\/\/aem.hr\/wp-content\/uploads\/2025\/03\/5.-Zasto-treba-educirati.pdf\" class=\"wp-block-file__button wp-element-button\" download aria-describedby=\"wp-block-file--media-ca1cc4c3-b18f-4a52-89a3-6a176621fa2f\">Preuzimanje<\/a><\/div>\n\n\n\n<div class=\"wp-block-file\"><a id=\"wp-block-file--media-a29f0172-d4c3-4b75-9b6f-64e293561f19\" href=\"https:\/\/aem.hr\/wp-content\/uploads\/2025\/03\/6.-Pad-seksualne-aktivnosti.pdf\">6. Pad seksualne aktivnosti<\/a><a href=\"https:\/\/aem.hr\/wp-content\/uploads\/2025\/03\/6.-Pad-seksualne-aktivnosti.pdf\" class=\"wp-block-file__button wp-element-button\" download aria-describedby=\"wp-block-file--media-a29f0172-d4c3-4b75-9b6f-64e293561f19\">Preuzimanje<\/a><\/div>\n\n\n\n<div class=\"wp-block-file\"><a id=\"wp-block-file--media-2a76a979-a018-4361-a975-95b408a2dc88\" href=\"https:\/\/aem.hr\/wp-content\/uploads\/2025\/03\/7.-Ginekologinja-Petra-Kejla.pdf\">7. Ginekologinja Petra Kejla<\/a><a href=\"https:\/\/aem.hr\/wp-content\/uploads\/2025\/03\/7.-Ginekologinja-Petra-Kejla.pdf\" class=\"wp-block-file__button wp-element-button\" download aria-describedby=\"wp-block-file--media-2a76a979-a018-4361-a975-95b408a2dc88\">Preuzimanje<\/a><\/div>\n\n\n\n<div class=\"wp-block-file\"><a id=\"wp-block-file--media-9d07711c-dee5-411e-b0c4-71c6657e0d52\" href=\"https:\/\/aem.hr\/wp-content\/uploads\/2025\/03\/8.-Natasa-Barolin-Belic.pdf\">8. Nata\u0161a Barolin Beli\u0107<\/a><a href=\"https:\/\/aem.hr\/wp-content\/uploads\/2025\/03\/8.-Natasa-Barolin-Belic.pdf\" class=\"wp-block-file__button wp-element-button\" download aria-describedby=\"wp-block-file--media-9d07711c-dee5-411e-b0c4-71c6657e0d52\">Preuzimanje<\/a><\/div>\n\n\n\n<div class=\"wp-block-file\"><a id=\"wp-block-file--media-e3b2df00-f165-41b9-999b-4c09ff6fcab7\" href=\"https:\/\/aem.hr\/wp-content\/uploads\/2025\/03\/9.-Zasto-je-potrebno-uvesti.pdf\">9. Za\u0161to je potrebno uvesti<\/a><a href=\"https:\/\/aem.hr\/wp-content\/uploads\/2025\/03\/9.-Zasto-je-potrebno-uvesti.pdf\" class=\"wp-block-file__button wp-element-button\" download aria-describedby=\"wp-block-file--media-e3b2df00-f165-41b9-999b-4c09ff6fcab7\">Preuzimanje<\/a><\/div>\n","protected":false},"excerpt":{"rendered":"","protected":false},"author":18,"featured_media":0,"parent":0,"menu_order":0,"comment_status":"closed","ping_status":"closed","template":"","meta":{"_acf_changed":false,"inline_featured_image":false,"advgb_blocks_editor_width":"","advgb_blocks_columns_visual_guide":"","_links_to":"","_links_to_type":0,"footnotes":""},"class_list":["post-20759","page","type-page","status-publish","hentry"],"acf":[],"yoast_head":"<!-- This site is optimized with the Yoast SEO plugin v25.7 - https:\/\/yoast.com\/wordpress\/plugins\/seo\/ -->\n<title>\u017deljko Rogo\u0161i\u0107 -LIBIDO - OD TABUA I MITA DO ZABLUDA I POTREBE ZA SEKSUALNOM EDUKACIJOM - Agencija za elektroni\u010dke medije<\/title>\n<meta name=\"robots\" content=\"index, follow, max-snippet:-1, max-image-preview:large, max-video-preview:-1\" \/>\n<link rel=\"canonical\" href=\"https:\/\/aem.hr\/zeljko-rogosic-libido-od-tabua-i-mita-do-zabluda-i-potrebe-za-seksualnom-edukacijom\/\" \/>\n<meta property=\"og:locale\" content=\"en_US\" \/>\n<meta property=\"og:type\" content=\"article\" \/>\n<meta property=\"og:title\" content=\"\u017deljko Rogo\u0161i\u0107 -LIBIDO - OD TABUA I MITA DO ZABLUDA I POTREBE ZA SEKSUALNOM EDUKACIJOM - Agencija za elektroni\u010dke medije\" \/>\n<meta property=\"og:url\" content=\"https:\/\/aem.hr\/zeljko-rogosic-libido-od-tabua-i-mita-do-zabluda-i-potrebe-za-seksualnom-edukacijom\/\" \/>\n<meta property=\"og:site_name\" content=\"Agencija za elektroni\u010dke medije\" \/>\n<meta property=\"article:modified_time\" content=\"2025-03-11T11:45:31+00:00\" \/>\n<meta name=\"twitter:card\" content=\"summary_large_image\" \/>\n<meta name=\"twitter:label1\" content=\"Est. reading time\" \/>\n\t<meta name=\"twitter:data1\" content=\"1 minute\" \/>\n<script type=\"application\/ld+json\" class=\"yoast-schema-graph\">{\"@context\":\"https:\/\/schema.org\",\"@graph\":[{\"@type\":\"WebPage\",\"@id\":\"https:\/\/aem.hr\/zeljko-rogosic-libido-od-tabua-i-mita-do-zabluda-i-potrebe-za-seksualnom-edukacijom\/\",\"url\":\"https:\/\/aem.hr\/zeljko-rogosic-libido-od-tabua-i-mita-do-zabluda-i-potrebe-za-seksualnom-edukacijom\/\",\"name\":\"\u017deljko Rogo\u0161i\u0107 -LIBIDO - OD TABUA I MITA DO ZABLUDA I POTREBE ZA SEKSUALNOM EDUKACIJOM - Agencija za elektroni\u010dke medije\",\"isPartOf\":{\"@id\":\"https:\/\/aem.hr\/#website\"},\"datePublished\":\"2025-03-11T11:45:29+00:00\",\"dateModified\":\"2025-03-11T11:45:31+00:00\",\"breadcrumb\":{\"@id\":\"https:\/\/aem.hr\/zeljko-rogosic-libido-od-tabua-i-mita-do-zabluda-i-potrebe-za-seksualnom-edukacijom\/#breadcrumb\"},\"inLanguage\":\"en-US\",\"potentialAction\":[{\"@type\":\"ReadAction\",\"target\":[\"https:\/\/aem.hr\/zeljko-rogosic-libido-od-tabua-i-mita-do-zabluda-i-potrebe-za-seksualnom-edukacijom\/\"]}]},{\"@type\":\"BreadcrumbList\",\"@id\":\"https:\/\/aem.hr\/zeljko-rogosic-libido-od-tabua-i-mita-do-zabluda-i-potrebe-za-seksualnom-edukacijom\/#breadcrumb\",\"itemListElement\":[{\"@type\":\"ListItem\",\"position\":1,\"name\":\"Po\u010detna stranica\",\"item\":\"https:\/\/aem.hr\/\"},{\"@type\":\"ListItem\",\"position\":2,\"name\":\"\u017deljko Rogo\u0161i\u0107 -LIBIDO &#8211; OD TABUA I MITA DO ZABLUDA I POTREBE ZA SEKSUALNOM EDUKACIJOM\"}]},{\"@type\":\"WebSite\",\"@id\":\"https:\/\/aem.hr\/#website\",\"url\":\"https:\/\/aem.hr\/\",\"name\":\"Agencija za elektroni\u010dke medije\",\"description\":\"\",\"potentialAction\":[{\"@type\":\"SearchAction\",\"target\":{\"@type\":\"EntryPoint\",\"urlTemplate\":\"https:\/\/aem.hr\/?s={search_term_string}\"},\"query-input\":{\"@type\":\"PropertyValueSpecification\",\"valueRequired\":true,\"valueName\":\"search_term_string\"}}],\"inLanguage\":\"en-US\"}]}<\/script>\n<!-- \/ Yoast SEO plugin. -->","yoast_head_json":{"title":"\u017deljko Rogo\u0161i\u0107 -LIBIDO - OD TABUA I MITA DO ZABLUDA I POTREBE ZA SEKSUALNOM EDUKACIJOM - Agencija za elektroni\u010dke medije","robots":{"index":"index","follow":"follow","max-snippet":"max-snippet:-1","max-image-preview":"max-image-preview:large","max-video-preview":"max-video-preview:-1"},"canonical":"https:\/\/aem.hr\/zeljko-rogosic-libido-od-tabua-i-mita-do-zabluda-i-potrebe-za-seksualnom-edukacijom\/","og_locale":"en_US","og_type":"article","og_title":"\u017deljko Rogo\u0161i\u0107 -LIBIDO - OD TABUA I MITA DO ZABLUDA I POTREBE ZA SEKSUALNOM EDUKACIJOM - Agencija za elektroni\u010dke medije","og_url":"https:\/\/aem.hr\/zeljko-rogosic-libido-od-tabua-i-mita-do-zabluda-i-potrebe-za-seksualnom-edukacijom\/","og_site_name":"Agencija za elektroni\u010dke medije","article_modified_time":"2025-03-11T11:45:31+00:00","twitter_card":"summary_large_image","twitter_misc":{"Est. reading time":"1 minute"},"schema":{"@context":"https:\/\/schema.org","@graph":[{"@type":"WebPage","@id":"https:\/\/aem.hr\/zeljko-rogosic-libido-od-tabua-i-mita-do-zabluda-i-potrebe-za-seksualnom-edukacijom\/","url":"https:\/\/aem.hr\/zeljko-rogosic-libido-od-tabua-i-mita-do-zabluda-i-potrebe-za-seksualnom-edukacijom\/","name":"\u017deljko Rogo\u0161i\u0107 -LIBIDO - OD TABUA I MITA DO ZABLUDA I POTREBE ZA SEKSUALNOM EDUKACIJOM - Agencija za elektroni\u010dke medije","isPartOf":{"@id":"https:\/\/aem.hr\/#website"},"datePublished":"2025-03-11T11:45:29+00:00","dateModified":"2025-03-11T11:45:31+00:00","breadcrumb":{"@id":"https:\/\/aem.hr\/zeljko-rogosic-libido-od-tabua-i-mita-do-zabluda-i-potrebe-za-seksualnom-edukacijom\/#breadcrumb"},"inLanguage":"en-US","potentialAction":[{"@type":"ReadAction","target":["https:\/\/aem.hr\/zeljko-rogosic-libido-od-tabua-i-mita-do-zabluda-i-potrebe-za-seksualnom-edukacijom\/"]}]},{"@type":"BreadcrumbList","@id":"https:\/\/aem.hr\/zeljko-rogosic-libido-od-tabua-i-mita-do-zabluda-i-potrebe-za-seksualnom-edukacijom\/#breadcrumb","itemListElement":[{"@type":"ListItem","position":1,"name":"Po\u010detna stranica","item":"https:\/\/aem.hr\/"},{"@type":"ListItem","position":2,"name":"\u017deljko Rogo\u0161i\u0107 -LIBIDO &#8211; OD TABUA I MITA DO ZABLUDA I POTREBE ZA SEKSUALNOM EDUKACIJOM"}]},{"@type":"WebSite","@id":"https:\/\/aem.hr\/#website","url":"https:\/\/aem.hr\/","name":"Agencija za elektroni\u010dke medije","description":"","potentialAction":[{"@type":"SearchAction","target":{"@type":"EntryPoint","urlTemplate":"https:\/\/aem.hr\/?s={search_term_string}"},"query-input":{"@type":"PropertyValueSpecification","valueRequired":true,"valueName":"search_term_string"}}],"inLanguage":"en-US"}]}},"coauthors":[],"author_meta":{"author_link":"https:\/\/aem.hr\/en\/blog\/author\/mkirac\/","display_name":"Matko Kirac"},"relative_dates":{"created":"Posted 1 year ago","modified":"Updated 1 year ago"},"absolute_dates":{"created":"Posted on 11. March 2025.","modified":"Updated on 11. March 2025."},"absolute_dates_time":{"created":"Posted on 11. March 2025. 12:45","modified":"Updated on 11. March 2025. 12:45"},"featured_img_caption":"","featured_img":false,"series_order":"","_links":{"self":[{"href":"https:\/\/aem.hr\/en\/wp-json\/wp\/v2\/pages\/20759","targetHints":{"allow":["GET"]}}],"collection":[{"href":"https:\/\/aem.hr\/en\/wp-json\/wp\/v2\/pages"}],"about":[{"href":"https:\/\/aem.hr\/en\/wp-json\/wp\/v2\/types\/page"}],"author":[{"embeddable":true,"href":"https:\/\/aem.hr\/en\/wp-json\/wp\/v2\/users\/18"}],"replies":[{"embeddable":true,"href":"https:\/\/aem.hr\/en\/wp-json\/wp\/v2\/comments?post=20759"}],"version-history":[{"count":1,"href":"https:\/\/aem.hr\/en\/wp-json\/wp\/v2\/pages\/20759\/revisions"}],"predecessor-version":[{"id":20780,"href":"https:\/\/aem.hr\/en\/wp-json\/wp\/v2\/pages\/20759\/revisions\/20780"}],"wp:attachment":[{"href":"https:\/\/aem.hr\/en\/wp-json\/wp\/v2\/media?parent=20759"}],"curies":[{"name":"wp","href":"https:\/\/api.w.org\/{rel}","templated":true}]}}