{"id":20782,"date":"2025-03-11T12:47:39","date_gmt":"2025-03-11T11:47:39","guid":{"rendered":"http:\/\/aem.hr\/?page_id=20782"},"modified":"2025-03-11T12:47:39","modified_gmt":"2025-03-11T11:47:39","slug":"antonia-hohnjec-maloljetnici-i-alkohol-zasto-sutimo-o-sve-vecem-problemu","status":"publish","type":"page","link":"https:\/\/aem.hr\/en\/antonia-hohnjec-maloljetnici-i-alkohol-zasto-sutimo-o-sve-vecem-problemu\/","title":{"rendered":"Antonia Hohnjec &#8211; MALOLJETNICI I ALKOHOL &#8211; ZA\u0160TO \u0160UTIMO O SVE VE\u0106EM PROBLEMU?"},"content":{"rendered":"\n<div class=\"wp-block-file\"><a id=\"wp-block-file--media-167d0141-f72e-40d1-a5c4-7233e9bcfe0f\" href=\"https:\/\/aem.hr\/wp-content\/uploads\/2025\/03\/1.-Veliko-NE-konzumaciji-alkohola.pdf\">1. Veliko NE konzumaciji alkohola<\/a><a href=\"https:\/\/aem.hr\/wp-content\/uploads\/2025\/03\/1.-Veliko-NE-konzumaciji-alkohola.pdf\" class=\"wp-block-file__button wp-element-button\" download aria-describedby=\"wp-block-file--media-167d0141-f72e-40d1-a5c4-7233e9bcfe0f\">Preuzimanje<\/a><\/div>\n\n\n\n<div class=\"wp-block-file\"><a id=\"wp-block-file--media-491ffe29-9732-4fca-b864-b928603b1872\" href=\"https:\/\/aem.hr\/wp-content\/uploads\/2025\/03\/2.-Vaznosti-sustavnog-djelovanja.pdf\">2. Va\u017enosti sustavnog djelovanja<\/a><a href=\"https:\/\/aem.hr\/wp-content\/uploads\/2025\/03\/2.-Vaznosti-sustavnog-djelovanja.pdf\" class=\"wp-block-file__button wp-element-button\" download aria-describedby=\"wp-block-file--media-491ffe29-9732-4fca-b864-b928603b1872\">Preuzimanje<\/a><\/div>\n\n\n\n<div class=\"wp-block-file\"><a id=\"wp-block-file--media-898e58d6-4c80-4c8d-970d-f7ef42b37dd1\" href=\"https:\/\/aem.hr\/wp-content\/uploads\/2025\/03\/3.-Tko-mladima-prodaje-alkohol.pdf\">3. Tko mladima prodaje alkohol<\/a><a href=\"https:\/\/aem.hr\/wp-content\/uploads\/2025\/03\/3.-Tko-mladima-prodaje-alkohol.pdf\" class=\"wp-block-file__button wp-element-button\" download aria-describedby=\"wp-block-file--media-898e58d6-4c80-4c8d-970d-f7ef42b37dd1\">Preuzimanje<\/a><\/div>\n\n\n\n<div class=\"wp-block-file\"><a id=\"wp-block-file--media-ce9b84a8-931c-460f-93b5-0b26a2356059\" href=\"https:\/\/aem.hr\/wp-content\/uploads\/2025\/03\/4.-Multidisciplinarnost-je-kljuc-uspjeha.pdf\">4. Multidisciplinarnost je klju\u010d uspjeha<\/a><a href=\"https:\/\/aem.hr\/wp-content\/uploads\/2025\/03\/4.-Multidisciplinarnost-je-kljuc-uspjeha.pdf\" class=\"wp-block-file__button wp-element-button\" download aria-describedby=\"wp-block-file--media-ce9b84a8-931c-460f-93b5-0b26a2356059\">Preuzimanje<\/a><\/div>\n\n\n\n<div class=\"wp-block-file\"><a id=\"wp-block-file--media-5fff4ab8-b5da-4fe8-837b-9db1e7b53995\" href=\"https:\/\/aem.hr\/wp-content\/uploads\/2025\/03\/5.-Briga-za-mlade-krece.pdf\">5. Briga za mlade kre\u0107e<\/a><a href=\"https:\/\/aem.hr\/wp-content\/uploads\/2025\/03\/5.-Briga-za-mlade-krece.pdf\" class=\"wp-block-file__button wp-element-button\" download aria-describedby=\"wp-block-file--media-5fff4ab8-b5da-4fe8-837b-9db1e7b53995\">Preuzimanje<\/a><\/div>\n\n\n\n<div class=\"wp-block-file\"><a id=\"wp-block-file--media-1a52782d-d383-4ca1-8a28-19b7e84f0c6f\" href=\"https:\/\/aem.hr\/wp-content\/uploads\/2025\/03\/6.-Mladi-su-izlozeni.pdf\">6. Mladi su izlo\u017eeni<\/a><a href=\"https:\/\/aem.hr\/wp-content\/uploads\/2025\/03\/6.-Mladi-su-izlozeni.pdf\" class=\"wp-block-file__button wp-element-button\" download aria-describedby=\"wp-block-file--media-1a52782d-d383-4ca1-8a28-19b7e84f0c6f\">Preuzimanje<\/a><\/div>\n","protected":false},"excerpt":{"rendered":"","protected":false},"author":18,"featured_media":0,"parent":0,"menu_order":0,"comment_status":"closed","ping_status":"closed","template":"","meta":{"_acf_changed":false,"inline_featured_image":false,"advgb_blocks_editor_width":"","advgb_blocks_columns_visual_guide":"","_links_to":"","_links_to_type":0,"footnotes":""},"class_list":["post-20782","page","type-page","status-publish","hentry"],"acf":[],"yoast_head":"<!-- This site is optimized with the Yoast SEO plugin v25.7 - https:\/\/yoast.com\/wordpress\/plugins\/seo\/ -->\n<title>Antonia Hohnjec - MALOLJETNICI I ALKOHOL - ZA\u0160TO \u0160UTIMO O SVE VE\u0106EM PROBLEMU? - Agencija za elektroni\u010dke medije<\/title>\n<meta name=\"robots\" content=\"index, follow, max-snippet:-1, max-image-preview:large, max-video-preview:-1\" \/>\n<link rel=\"canonical\" href=\"https:\/\/aem.hr\/antonia-hohnjec-maloljetnici-i-alkohol-zasto-sutimo-o-sve-vecem-problemu\/\" \/>\n<meta property=\"og:locale\" content=\"en_US\" \/>\n<meta property=\"og:type\" content=\"article\" \/>\n<meta property=\"og:title\" content=\"Antonia Hohnjec - MALOLJETNICI I ALKOHOL - ZA\u0160TO \u0160UTIMO O SVE VE\u0106EM PROBLEMU? - Agencija za elektroni\u010dke medije\" \/>\n<meta property=\"og:url\" content=\"https:\/\/aem.hr\/antonia-hohnjec-maloljetnici-i-alkohol-zasto-sutimo-o-sve-vecem-problemu\/\" \/>\n<meta property=\"og:site_name\" content=\"Agencija za elektroni\u010dke medije\" \/>\n<meta name=\"twitter:card\" content=\"summary_large_image\" \/>\n<meta name=\"twitter:label1\" content=\"Est. reading time\" \/>\n\t<meta name=\"twitter:data1\" content=\"1 minute\" \/>\n<script type=\"application\/ld+json\" class=\"yoast-schema-graph\">{\"@context\":\"https:\/\/schema.org\",\"@graph\":[{\"@type\":\"WebPage\",\"@id\":\"https:\/\/aem.hr\/antonia-hohnjec-maloljetnici-i-alkohol-zasto-sutimo-o-sve-vecem-problemu\/\",\"url\":\"https:\/\/aem.hr\/antonia-hohnjec-maloljetnici-i-alkohol-zasto-sutimo-o-sve-vecem-problemu\/\",\"name\":\"Antonia Hohnjec - MALOLJETNICI I ALKOHOL - ZA\u0160TO \u0160UTIMO O SVE VE\u0106EM PROBLEMU? - Agencija za elektroni\u010dke medije\",\"isPartOf\":{\"@id\":\"https:\/\/aem.hr\/#website\"},\"datePublished\":\"2025-03-11T11:47:39+00:00\",\"breadcrumb\":{\"@id\":\"https:\/\/aem.hr\/antonia-hohnjec-maloljetnici-i-alkohol-zasto-sutimo-o-sve-vecem-problemu\/#breadcrumb\"},\"inLanguage\":\"en-US\",\"potentialAction\":[{\"@type\":\"ReadAction\",\"target\":[\"https:\/\/aem.hr\/antonia-hohnjec-maloljetnici-i-alkohol-zasto-sutimo-o-sve-vecem-problemu\/\"]}]},{\"@type\":\"BreadcrumbList\",\"@id\":\"https:\/\/aem.hr\/antonia-hohnjec-maloljetnici-i-alkohol-zasto-sutimo-o-sve-vecem-problemu\/#breadcrumb\",\"itemListElement\":[{\"@type\":\"ListItem\",\"position\":1,\"name\":\"Po\u010detna stranica\",\"item\":\"https:\/\/aem.hr\/\"},{\"@type\":\"ListItem\",\"position\":2,\"name\":\"Antonia Hohnjec &#8211; MALOLJETNICI I ALKOHOL &#8211; ZA\u0160TO \u0160UTIMO O SVE VE\u0106EM PROBLEMU?\"}]},{\"@type\":\"WebSite\",\"@id\":\"https:\/\/aem.hr\/#website\",\"url\":\"https:\/\/aem.hr\/\",\"name\":\"Agencija za elektroni\u010dke medije\",\"description\":\"\",\"potentialAction\":[{\"@type\":\"SearchAction\",\"target\":{\"@type\":\"EntryPoint\",\"urlTemplate\":\"https:\/\/aem.hr\/?s={search_term_string}\"},\"query-input\":{\"@type\":\"PropertyValueSpecification\",\"valueRequired\":true,\"valueName\":\"search_term_string\"}}],\"inLanguage\":\"en-US\"}]}<\/script>\n<!-- \/ Yoast SEO plugin. -->","yoast_head_json":{"title":"Antonia Hohnjec - MALOLJETNICI I ALKOHOL - ZA\u0160TO \u0160UTIMO O SVE VE\u0106EM PROBLEMU? - Agencija za elektroni\u010dke medije","robots":{"index":"index","follow":"follow","max-snippet":"max-snippet:-1","max-image-preview":"max-image-preview:large","max-video-preview":"max-video-preview:-1"},"canonical":"https:\/\/aem.hr\/antonia-hohnjec-maloljetnici-i-alkohol-zasto-sutimo-o-sve-vecem-problemu\/","og_locale":"en_US","og_type":"article","og_title":"Antonia Hohnjec - MALOLJETNICI I ALKOHOL - ZA\u0160TO \u0160UTIMO O SVE VE\u0106EM PROBLEMU? - Agencija za elektroni\u010dke medije","og_url":"https:\/\/aem.hr\/antonia-hohnjec-maloljetnici-i-alkohol-zasto-sutimo-o-sve-vecem-problemu\/","og_site_name":"Agencija za elektroni\u010dke medije","twitter_card":"summary_large_image","twitter_misc":{"Est. reading time":"1 minute"},"schema":{"@context":"https:\/\/schema.org","@graph":[{"@type":"WebPage","@id":"https:\/\/aem.hr\/antonia-hohnjec-maloljetnici-i-alkohol-zasto-sutimo-o-sve-vecem-problemu\/","url":"https:\/\/aem.hr\/antonia-hohnjec-maloljetnici-i-alkohol-zasto-sutimo-o-sve-vecem-problemu\/","name":"Antonia Hohnjec - MALOLJETNICI I ALKOHOL - ZA\u0160TO \u0160UTIMO O SVE VE\u0106EM PROBLEMU? - Agencija za elektroni\u010dke medije","isPartOf":{"@id":"https:\/\/aem.hr\/#website"},"datePublished":"2025-03-11T11:47:39+00:00","breadcrumb":{"@id":"https:\/\/aem.hr\/antonia-hohnjec-maloljetnici-i-alkohol-zasto-sutimo-o-sve-vecem-problemu\/#breadcrumb"},"inLanguage":"en-US","potentialAction":[{"@type":"ReadAction","target":["https:\/\/aem.hr\/antonia-hohnjec-maloljetnici-i-alkohol-zasto-sutimo-o-sve-vecem-problemu\/"]}]},{"@type":"BreadcrumbList","@id":"https:\/\/aem.hr\/antonia-hohnjec-maloljetnici-i-alkohol-zasto-sutimo-o-sve-vecem-problemu\/#breadcrumb","itemListElement":[{"@type":"ListItem","position":1,"name":"Po\u010detna stranica","item":"https:\/\/aem.hr\/"},{"@type":"ListItem","position":2,"name":"Antonia Hohnjec &#8211; MALOLJETNICI I ALKOHOL &#8211; ZA\u0160TO \u0160UTIMO O SVE VE\u0106EM PROBLEMU?"}]},{"@type":"WebSite","@id":"https:\/\/aem.hr\/#website","url":"https:\/\/aem.hr\/","name":"Agencija za elektroni\u010dke medije","description":"","potentialAction":[{"@type":"SearchAction","target":{"@type":"EntryPoint","urlTemplate":"https:\/\/aem.hr\/?s={search_term_string}"},"query-input":{"@type":"PropertyValueSpecification","valueRequired":true,"valueName":"search_term_string"}}],"inLanguage":"en-US"}]}},"coauthors":[],"author_meta":{"author_link":"https:\/\/aem.hr\/en\/blog\/author\/mkirac\/","display_name":"Matko Kirac"},"relative_dates":{"created":"Posted 1 year ago","modified":"Updated 1 year ago"},"absolute_dates":{"created":"Posted on 11. March 2025.","modified":"Updated on 11. March 2025."},"absolute_dates_time":{"created":"Posted on 11. March 2025. 12:47","modified":"Updated on 11. March 2025. 12:47"},"featured_img_caption":"","featured_img":false,"series_order":"","_links":{"self":[{"href":"https:\/\/aem.hr\/en\/wp-json\/wp\/v2\/pages\/20782","targetHints":{"allow":["GET"]}}],"collection":[{"href":"https:\/\/aem.hr\/en\/wp-json\/wp\/v2\/pages"}],"about":[{"href":"https:\/\/aem.hr\/en\/wp-json\/wp\/v2\/types\/page"}],"author":[{"embeddable":true,"href":"https:\/\/aem.hr\/en\/wp-json\/wp\/v2\/users\/18"}],"replies":[{"embeddable":true,"href":"https:\/\/aem.hr\/en\/wp-json\/wp\/v2\/comments?post=20782"}],"version-history":[{"count":1,"href":"https:\/\/aem.hr\/en\/wp-json\/wp\/v2\/pages\/20782\/revisions"}],"predecessor-version":[{"id":20796,"href":"https:\/\/aem.hr\/en\/wp-json\/wp\/v2\/pages\/20782\/revisions\/20796"}],"wp:attachment":[{"href":"https:\/\/aem.hr\/en\/wp-json\/wp\/v2\/media?parent=20782"}],"curies":[{"name":"wp","href":"https:\/\/api.w.org\/{rel}","templated":true}]}}