{"id":20810,"date":"2025-03-11T12:50:40","date_gmt":"2025-03-11T11:50:40","guid":{"rendered":"http:\/\/aem.hr\/?page_id=20810"},"modified":"2025-03-11T12:50:41","modified_gmt":"2025-03-11T11:50:41","slug":"robert-ruklic-izazovi-i-mogucnosti-borba-i-prezivljavanje-malih-poduzetnika-u-lokalnoj-ekonomiji","status":"publish","type":"page","link":"https:\/\/aem.hr\/en\/robert-ruklic-izazovi-i-mogucnosti-borba-i-prezivljavanje-malih-poduzetnika-u-lokalnoj-ekonomiji\/","title":{"rendered":"Robert Rukli\u0107 &#8211; Izazovi i mogu\u0107nosti &#8211; Borba i pre\u017eivljavanje malih poduzetnika u lokalnoj ekonomiji"},"content":{"rendered":"\n<div class=\"wp-block-file\"><a id=\"wp-block-file--media-562ec46a-df35-4604-a242-fbb4a8c022c4\" href=\"https:\/\/aem.hr\/wp-content\/uploads\/2025\/03\/1.-Izazovi-i-mogucnosti.pdf\">1. Izazovi i mogu\u0107nosti<\/a><a href=\"https:\/\/aem.hr\/wp-content\/uploads\/2025\/03\/1.-Izazovi-i-mogucnosti.pdf\" class=\"wp-block-file__button wp-element-button\" download aria-describedby=\"wp-block-file--media-562ec46a-df35-4604-a242-fbb4a8c022c4\">Preuzimanje<\/a><\/div>\n\n\n\n<div class=\"wp-block-file\"><a id=\"wp-block-file--media-33a56f05-8072-4655-8c3b-53d25f9d2fd6\" href=\"https:\/\/aem.hr\/wp-content\/uploads\/2025\/03\/2.-Bracni-par-Premuz_-Kako-upornost-i-inovacija.pdf\">2. Bra\u010dni par Premu\u017e_ Kako upornost i inovacija<\/a><a href=\"https:\/\/aem.hr\/wp-content\/uploads\/2025\/03\/2.-Bracni-par-Premuz_-Kako-upornost-i-inovacija.pdf\" class=\"wp-block-file__button wp-element-button\" download aria-describedby=\"wp-block-file--media-33a56f05-8072-4655-8c3b-53d25f9d2fd6\">Preuzimanje<\/a><\/div>\n\n\n\n<div class=\"wp-block-file\"><a id=\"wp-block-file--media-c6f5ec7a-355c-4ff8-9845-6653c5901158\" href=\"https:\/\/aem.hr\/wp-content\/uploads\/2025\/03\/3.-Kako-je-hobi-postao-posao.pdf\">3. Kako je hobi postao posao<\/a><a href=\"https:\/\/aem.hr\/wp-content\/uploads\/2025\/03\/3.-Kako-je-hobi-postao-posao.pdf\" class=\"wp-block-file__button wp-element-button\" download aria-describedby=\"wp-block-file--media-c6f5ec7a-355c-4ff8-9845-6653c5901158\">Preuzimanje<\/a><\/div>\n\n\n\n<div class=\"wp-block-file\"><a id=\"wp-block-file--media-d29f8486-f0a0-4d1b-a0c0-9100e9f3210a\" href=\"https:\/\/aem.hr\/wp-content\/uploads\/2025\/03\/4.-Od-stresa-do-kreativnog-uspjeha.pdf\">4. Od stresa do kreativnog uspjeha<\/a><a href=\"https:\/\/aem.hr\/wp-content\/uploads\/2025\/03\/4.-Od-stresa-do-kreativnog-uspjeha.pdf\" class=\"wp-block-file__button wp-element-button\" download aria-describedby=\"wp-block-file--media-d29f8486-f0a0-4d1b-a0c0-9100e9f3210a\">Preuzimanje<\/a><\/div>\n\n\n\n<div class=\"wp-block-file\"><a id=\"wp-block-file--media-02b226f8-227d-4bab-97d1-5d355e3aca3d\" href=\"https:\/\/aem.hr\/wp-content\/uploads\/2025\/03\/5.-Marijan-Dianic_-Od-skromnih-pocetaka.pdf\">5. Marijan Diani\u0107_ Od skromnih po\u010detaka<\/a><a href=\"https:\/\/aem.hr\/wp-content\/uploads\/2025\/03\/5.-Marijan-Dianic_-Od-skromnih-pocetaka.pdf\" class=\"wp-block-file__button wp-element-button\" download aria-describedby=\"wp-block-file--media-02b226f8-227d-4bab-97d1-5d355e3aca3d\">Preuzimanje<\/a><\/div>\n\n\n\n<div class=\"wp-block-file\"><a id=\"wp-block-file--media-1c2d298b-3663-4ca2-8123-71ed86d93be7\" href=\"https:\/\/aem.hr\/wp-content\/uploads\/2025\/03\/6.-Marko-Kolar_-Od-strasti-prema-sportu.pdf\">6. Marko Kolar_ Od strasti prema sportu<\/a><a href=\"https:\/\/aem.hr\/wp-content\/uploads\/2025\/03\/6.-Marko-Kolar_-Od-strasti-prema-sportu.pdf\" class=\"wp-block-file__button wp-element-button\" download aria-describedby=\"wp-block-file--media-1c2d298b-3663-4ca2-8123-71ed86d93be7\">Preuzimanje<\/a><\/div>\n\n\n\n<div class=\"wp-block-file\"><a id=\"wp-block-file--media-46f518aa-ea67-4735-8590-5c1902cc7eb3\" href=\"https:\/\/aem.hr\/wp-content\/uploads\/2025\/03\/7.-Od-Akademije-do-poduzetnistva.pdf\">7. Od Akademije do poduzetni\u0161tva<\/a><a href=\"https:\/\/aem.hr\/wp-content\/uploads\/2025\/03\/7.-Od-Akademije-do-poduzetnistva.pdf\" class=\"wp-block-file__button wp-element-button\" download aria-describedby=\"wp-block-file--media-46f518aa-ea67-4735-8590-5c1902cc7eb3\">Preuzimanje<\/a><\/div>\n\n\n\n<div class=\"wp-block-file\"><a id=\"wp-block-file--media-eca8f32d-981d-4f9d-a02c-f082af25ad4b\" href=\"https:\/\/aem.hr\/wp-content\/uploads\/2025\/03\/8.-Ljubav-prema-slasticama.pdf\">8. Ljubav prema slasticama<\/a><a href=\"https:\/\/aem.hr\/wp-content\/uploads\/2025\/03\/8.-Ljubav-prema-slasticama.pdf\" class=\"wp-block-file__button wp-element-button\" download aria-describedby=\"wp-block-file--media-eca8f32d-981d-4f9d-a02c-f082af25ad4b\">Preuzimanje<\/a><\/div>\n\n\n\n<div class=\"wp-block-file\"><a id=\"wp-block-file--media-f67992ce-1ecf-41cf-b2b4-f7a06c7e72e0\" href=\"https:\/\/aem.hr\/wp-content\/uploads\/2025\/03\/9.-Poduzetnicka-prica-Matee-i-Gorana-Berteka.pdf\">9. Poduzetni\u010dka pri\u010da Matee i Gorana Berteka<\/a><a href=\"https:\/\/aem.hr\/wp-content\/uploads\/2025\/03\/9.-Poduzetnicka-prica-Matee-i-Gorana-Berteka.pdf\" class=\"wp-block-file__button wp-element-button\" download aria-describedby=\"wp-block-file--media-f67992ce-1ecf-41cf-b2b4-f7a06c7e72e0\">Preuzimanje<\/a><\/div>\n\n\n\n<div class=\"wp-block-file\"><a id=\"wp-block-file--media-5f397a4d-dfda-4592-8619-483147ee3282\" href=\"https:\/\/aem.hr\/wp-content\/uploads\/2025\/03\/10.-Vulkanizer-Kovacic_-Tri-desetljeca.pdf\">10. Vulkanizer Kova\u010di\u0107_ Tri desetlje\u0107a<\/a><a href=\"https:\/\/aem.hr\/wp-content\/uploads\/2025\/03\/10.-Vulkanizer-Kovacic_-Tri-desetljeca.pdf\" class=\"wp-block-file__button wp-element-button\" download aria-describedby=\"wp-block-file--media-5f397a4d-dfda-4592-8619-483147ee3282\">Preuzimanje<\/a><\/div>\n","protected":false},"excerpt":{"rendered":"","protected":false},"author":18,"featured_media":0,"parent":0,"menu_order":0,"comment_status":"closed","ping_status":"closed","template":"","meta":{"_acf_changed":false,"inline_featured_image":false,"advgb_blocks_editor_width":"","advgb_blocks_columns_visual_guide":"","_links_to":"","_links_to_type":0,"footnotes":""},"class_list":["post-20810","page","type-page","status-publish","hentry"],"acf":[],"yoast_head":"<!-- This site is optimized with the Yoast SEO plugin v25.7 - https:\/\/yoast.com\/wordpress\/plugins\/seo\/ -->\n<title>Robert Rukli\u0107 - Izazovi i mogu\u0107nosti - Borba i pre\u017eivljavanje malih poduzetnika u lokalnoj ekonomiji - Agencija za elektroni\u010dke medije<\/title>\n<meta name=\"robots\" content=\"index, follow, max-snippet:-1, max-image-preview:large, max-video-preview:-1\" \/>\n<link rel=\"canonical\" href=\"https:\/\/aem.hr\/robert-ruklic-izazovi-i-mogucnosti-borba-i-prezivljavanje-malih-poduzetnika-u-lokalnoj-ekonomiji\/\" \/>\n<meta property=\"og:locale\" content=\"en_US\" \/>\n<meta property=\"og:type\" content=\"article\" \/>\n<meta property=\"og:title\" content=\"Robert Rukli\u0107 - Izazovi i mogu\u0107nosti - Borba i pre\u017eivljavanje malih poduzetnika u lokalnoj ekonomiji - Agencija za elektroni\u010dke medije\" \/>\n<meta property=\"og:url\" content=\"https:\/\/aem.hr\/robert-ruklic-izazovi-i-mogucnosti-borba-i-prezivljavanje-malih-poduzetnika-u-lokalnoj-ekonomiji\/\" \/>\n<meta property=\"og:site_name\" content=\"Agencija za elektroni\u010dke medije\" \/>\n<meta property=\"article:modified_time\" content=\"2025-03-11T11:50:41+00:00\" \/>\n<meta name=\"twitter:card\" content=\"summary_large_image\" \/>\n<meta name=\"twitter:label1\" content=\"Est. reading time\" \/>\n\t<meta name=\"twitter:data1\" content=\"1 minute\" \/>\n<script type=\"application\/ld+json\" class=\"yoast-schema-graph\">{\"@context\":\"https:\/\/schema.org\",\"@graph\":[{\"@type\":\"WebPage\",\"@id\":\"https:\/\/aem.hr\/robert-ruklic-izazovi-i-mogucnosti-borba-i-prezivljavanje-malih-poduzetnika-u-lokalnoj-ekonomiji\/\",\"url\":\"https:\/\/aem.hr\/robert-ruklic-izazovi-i-mogucnosti-borba-i-prezivljavanje-malih-poduzetnika-u-lokalnoj-ekonomiji\/\",\"name\":\"Robert Rukli\u0107 - Izazovi i mogu\u0107nosti - Borba i pre\u017eivljavanje malih poduzetnika u lokalnoj ekonomiji - Agencija za elektroni\u010dke medije\",\"isPartOf\":{\"@id\":\"https:\/\/aem.hr\/#website\"},\"datePublished\":\"2025-03-11T11:50:40+00:00\",\"dateModified\":\"2025-03-11T11:50:41+00:00\",\"breadcrumb\":{\"@id\":\"https:\/\/aem.hr\/robert-ruklic-izazovi-i-mogucnosti-borba-i-prezivljavanje-malih-poduzetnika-u-lokalnoj-ekonomiji\/#breadcrumb\"},\"inLanguage\":\"en-US\",\"potentialAction\":[{\"@type\":\"ReadAction\",\"target\":[\"https:\/\/aem.hr\/robert-ruklic-izazovi-i-mogucnosti-borba-i-prezivljavanje-malih-poduzetnika-u-lokalnoj-ekonomiji\/\"]}]},{\"@type\":\"BreadcrumbList\",\"@id\":\"https:\/\/aem.hr\/robert-ruklic-izazovi-i-mogucnosti-borba-i-prezivljavanje-malih-poduzetnika-u-lokalnoj-ekonomiji\/#breadcrumb\",\"itemListElement\":[{\"@type\":\"ListItem\",\"position\":1,\"name\":\"Po\u010detna stranica\",\"item\":\"https:\/\/aem.hr\/\"},{\"@type\":\"ListItem\",\"position\":2,\"name\":\"Robert Rukli\u0107 &#8211; Izazovi i mogu\u0107nosti &#8211; Borba i pre\u017eivljavanje malih poduzetnika u lokalnoj ekonomiji\"}]},{\"@type\":\"WebSite\",\"@id\":\"https:\/\/aem.hr\/#website\",\"url\":\"https:\/\/aem.hr\/\",\"name\":\"Agencija za elektroni\u010dke medije\",\"description\":\"\",\"potentialAction\":[{\"@type\":\"SearchAction\",\"target\":{\"@type\":\"EntryPoint\",\"urlTemplate\":\"https:\/\/aem.hr\/?s={search_term_string}\"},\"query-input\":{\"@type\":\"PropertyValueSpecification\",\"valueRequired\":true,\"valueName\":\"search_term_string\"}}],\"inLanguage\":\"en-US\"}]}<\/script>\n<!-- \/ Yoast SEO plugin. -->","yoast_head_json":{"title":"Robert Rukli\u0107 - Izazovi i mogu\u0107nosti - Borba i pre\u017eivljavanje malih poduzetnika u lokalnoj ekonomiji - Agencija za elektroni\u010dke medije","robots":{"index":"index","follow":"follow","max-snippet":"max-snippet:-1","max-image-preview":"max-image-preview:large","max-video-preview":"max-video-preview:-1"},"canonical":"https:\/\/aem.hr\/robert-ruklic-izazovi-i-mogucnosti-borba-i-prezivljavanje-malih-poduzetnika-u-lokalnoj-ekonomiji\/","og_locale":"en_US","og_type":"article","og_title":"Robert Rukli\u0107 - Izazovi i mogu\u0107nosti - Borba i pre\u017eivljavanje malih poduzetnika u lokalnoj ekonomiji - Agencija za elektroni\u010dke medije","og_url":"https:\/\/aem.hr\/robert-ruklic-izazovi-i-mogucnosti-borba-i-prezivljavanje-malih-poduzetnika-u-lokalnoj-ekonomiji\/","og_site_name":"Agencija za elektroni\u010dke medije","article_modified_time":"2025-03-11T11:50:41+00:00","twitter_card":"summary_large_image","twitter_misc":{"Est. reading time":"1 minute"},"schema":{"@context":"https:\/\/schema.org","@graph":[{"@type":"WebPage","@id":"https:\/\/aem.hr\/robert-ruklic-izazovi-i-mogucnosti-borba-i-prezivljavanje-malih-poduzetnika-u-lokalnoj-ekonomiji\/","url":"https:\/\/aem.hr\/robert-ruklic-izazovi-i-mogucnosti-borba-i-prezivljavanje-malih-poduzetnika-u-lokalnoj-ekonomiji\/","name":"Robert Rukli\u0107 - Izazovi i mogu\u0107nosti - Borba i pre\u017eivljavanje malih poduzetnika u lokalnoj ekonomiji - Agencija za elektroni\u010dke medije","isPartOf":{"@id":"https:\/\/aem.hr\/#website"},"datePublished":"2025-03-11T11:50:40+00:00","dateModified":"2025-03-11T11:50:41+00:00","breadcrumb":{"@id":"https:\/\/aem.hr\/robert-ruklic-izazovi-i-mogucnosti-borba-i-prezivljavanje-malih-poduzetnika-u-lokalnoj-ekonomiji\/#breadcrumb"},"inLanguage":"en-US","potentialAction":[{"@type":"ReadAction","target":["https:\/\/aem.hr\/robert-ruklic-izazovi-i-mogucnosti-borba-i-prezivljavanje-malih-poduzetnika-u-lokalnoj-ekonomiji\/"]}]},{"@type":"BreadcrumbList","@id":"https:\/\/aem.hr\/robert-ruklic-izazovi-i-mogucnosti-borba-i-prezivljavanje-malih-poduzetnika-u-lokalnoj-ekonomiji\/#breadcrumb","itemListElement":[{"@type":"ListItem","position":1,"name":"Po\u010detna stranica","item":"https:\/\/aem.hr\/"},{"@type":"ListItem","position":2,"name":"Robert Rukli\u0107 &#8211; Izazovi i mogu\u0107nosti &#8211; Borba i pre\u017eivljavanje malih poduzetnika u lokalnoj ekonomiji"}]},{"@type":"WebSite","@id":"https:\/\/aem.hr\/#website","url":"https:\/\/aem.hr\/","name":"Agencija za elektroni\u010dke medije","description":"","potentialAction":[{"@type":"SearchAction","target":{"@type":"EntryPoint","urlTemplate":"https:\/\/aem.hr\/?s={search_term_string}"},"query-input":{"@type":"PropertyValueSpecification","valueRequired":true,"valueName":"search_term_string"}}],"inLanguage":"en-US"}]}},"coauthors":[],"author_meta":{"author_link":"https:\/\/aem.hr\/en\/blog\/author\/mkirac\/","display_name":"Matko Kirac"},"relative_dates":{"created":"Posted 1 year ago","modified":"Updated 1 year ago"},"absolute_dates":{"created":"Posted on 11. March 2025.","modified":"Updated on 11. March 2025."},"absolute_dates_time":{"created":"Posted on 11. March 2025. 12:50","modified":"Updated on 11. March 2025. 12:50"},"featured_img_caption":"","featured_img":false,"series_order":"","_links":{"self":[{"href":"https:\/\/aem.hr\/en\/wp-json\/wp\/v2\/pages\/20810","targetHints":{"allow":["GET"]}}],"collection":[{"href":"https:\/\/aem.hr\/en\/wp-json\/wp\/v2\/pages"}],"about":[{"href":"https:\/\/aem.hr\/en\/wp-json\/wp\/v2\/types\/page"}],"author":[{"embeddable":true,"href":"https:\/\/aem.hr\/en\/wp-json\/wp\/v2\/users\/18"}],"replies":[{"embeddable":true,"href":"https:\/\/aem.hr\/en\/wp-json\/wp\/v2\/comments?post=20810"}],"version-history":[{"count":1,"href":"https:\/\/aem.hr\/en\/wp-json\/wp\/v2\/pages\/20810\/revisions"}],"predecessor-version":[{"id":20829,"href":"https:\/\/aem.hr\/en\/wp-json\/wp\/v2\/pages\/20810\/revisions\/20829"}],"wp:attachment":[{"href":"https:\/\/aem.hr\/en\/wp-json\/wp\/v2\/media?parent=20810"}],"curies":[{"name":"wp","href":"https:\/\/api.w.org\/{rel}","templated":true}]}}