{"id":20853,"date":"2025-03-11T12:54:18","date_gmt":"2025-03-11T11:54:18","guid":{"rendered":"http:\/\/aem.hr\/?page_id=20853"},"modified":"2025-03-11T12:54:19","modified_gmt":"2025-03-11T11:54:19","slug":"rade-dragojevic-drzi-li-se-itko-clanka-38-ustava","status":"publish","type":"page","link":"https:\/\/aem.hr\/en\/rade-dragojevic-drzi-li-se-itko-clanka-38-ustava\/","title":{"rendered":"Rade Dragojevi\u0107 &#8211; Dr\u017ei li se itko \u010dlanka 38 Ustava?"},"content":{"rendered":"\n<div class=\"wp-block-file\"><a id=\"wp-block-file--media-e47e38a4-4181-4111-82c6-986a1bd49aed\" href=\"https:\/\/aem.hr\/wp-content\/uploads\/2025\/03\/1.-Inherentno-subverzivne-Novosti.pdf\">1. Inherentno subverzivne Novosti<\/a><a href=\"https:\/\/aem.hr\/wp-content\/uploads\/2025\/03\/1.-Inherentno-subverzivne-Novosti.pdf\" class=\"wp-block-file__button wp-element-button\" download aria-describedby=\"wp-block-file--media-e47e38a4-4181-4111-82c6-986a1bd49aed\">Preuzimanje<\/a><\/div>\n\n\n\n<div class=\"wp-block-file\"><a id=\"wp-block-file--media-b520759a-a8a6-4899-a5c1-a61ec03c5a24\" href=\"https:\/\/aem.hr\/wp-content\/uploads\/2025\/03\/2.-Kad-zabranjuje-Bulj.pdf\">2. Kad zabranjuje Bulj<\/a><a href=\"https:\/\/aem.hr\/wp-content\/uploads\/2025\/03\/2.-Kad-zabranjuje-Bulj.pdf\" class=\"wp-block-file__button wp-element-button\" download aria-describedby=\"wp-block-file--media-b520759a-a8a6-4899-a5c1-a61ec03c5a24\">Preuzimanje<\/a><\/div>\n\n\n\n<div class=\"wp-block-file\"><a id=\"wp-block-file--media-757c4203-dee3-4b99-ae0e-726b308aa912\" href=\"https:\/\/aem.hr\/wp-content\/uploads\/2025\/03\/3.-Ekonomska-cenzura.pdf\">3. Ekonomska cenzura<\/a><a href=\"https:\/\/aem.hr\/wp-content\/uploads\/2025\/03\/3.-Ekonomska-cenzura.pdf\" class=\"wp-block-file__button wp-element-button\" download aria-describedby=\"wp-block-file--media-757c4203-dee3-4b99-ae0e-726b308aa912\">Preuzimanje<\/a><\/div>\n\n\n\n<div class=\"wp-block-file\"><a id=\"wp-block-file--media-c3a14d3f-b5e3-459b-b3f0-d6af9f7ef12e\" href=\"https:\/\/aem.hr\/wp-content\/uploads\/2025\/03\/4.-Cenzura-i-ja.pdf\">4. Cenzura i ja<\/a><a href=\"https:\/\/aem.hr\/wp-content\/uploads\/2025\/03\/4.-Cenzura-i-ja.pdf\" class=\"wp-block-file__button wp-element-button\" download aria-describedby=\"wp-block-file--media-c3a14d3f-b5e3-459b-b3f0-d6af9f7ef12e\">Preuzimanje<\/a><\/div>\n\n\n\n<div class=\"wp-block-file\"><a id=\"wp-block-file--media-af992999-f1fc-4da0-87a7-c23f8bf607f5\" href=\"https:\/\/aem.hr\/wp-content\/uploads\/2025\/03\/5.-Cenzura-i-mediji.pdf\">5. Cenzura i mediji<\/a><a href=\"https:\/\/aem.hr\/wp-content\/uploads\/2025\/03\/5.-Cenzura-i-mediji.pdf\" class=\"wp-block-file__button wp-element-button\" download aria-describedby=\"wp-block-file--media-af992999-f1fc-4da0-87a7-c23f8bf607f5\">Preuzimanje<\/a><\/div>\n","protected":false},"excerpt":{"rendered":"","protected":false},"author":18,"featured_media":0,"parent":0,"menu_order":0,"comment_status":"closed","ping_status":"closed","template":"","meta":{"_acf_changed":false,"inline_featured_image":false,"advgb_blocks_editor_width":"","advgb_blocks_columns_visual_guide":"","_links_to":"","_links_to_type":0,"footnotes":""},"class_list":["post-20853","page","type-page","status-publish","hentry"],"acf":[],"yoast_head":"<!-- This site is optimized with the Yoast SEO plugin v25.7 - https:\/\/yoast.com\/wordpress\/plugins\/seo\/ -->\n<title>Rade Dragojevi\u0107 - Dr\u017ei li se itko \u010dlanka 38 Ustava? - Agencija za elektroni\u010dke medije<\/title>\n<meta name=\"robots\" content=\"index, follow, max-snippet:-1, max-image-preview:large, max-video-preview:-1\" \/>\n<link rel=\"canonical\" href=\"https:\/\/aem.hr\/rade-dragojevic-drzi-li-se-itko-clanka-38-ustava\/\" \/>\n<meta property=\"og:locale\" content=\"en_US\" \/>\n<meta property=\"og:type\" content=\"article\" \/>\n<meta property=\"og:title\" content=\"Rade Dragojevi\u0107 - Dr\u017ei li se itko \u010dlanka 38 Ustava? - Agencija za elektroni\u010dke medije\" \/>\n<meta property=\"og:url\" content=\"https:\/\/aem.hr\/rade-dragojevic-drzi-li-se-itko-clanka-38-ustava\/\" \/>\n<meta property=\"og:site_name\" content=\"Agencija za elektroni\u010dke medije\" \/>\n<meta property=\"article:modified_time\" content=\"2025-03-11T11:54:19+00:00\" \/>\n<meta name=\"twitter:card\" content=\"summary_large_image\" \/>\n<meta name=\"twitter:label1\" content=\"Est. reading time\" \/>\n\t<meta name=\"twitter:data1\" content=\"1 minute\" \/>\n<script type=\"application\/ld+json\" class=\"yoast-schema-graph\">{\"@context\":\"https:\/\/schema.org\",\"@graph\":[{\"@type\":\"WebPage\",\"@id\":\"https:\/\/aem.hr\/rade-dragojevic-drzi-li-se-itko-clanka-38-ustava\/\",\"url\":\"https:\/\/aem.hr\/rade-dragojevic-drzi-li-se-itko-clanka-38-ustava\/\",\"name\":\"Rade Dragojevi\u0107 - Dr\u017ei li se itko \u010dlanka 38 Ustava? - Agencija za elektroni\u010dke medije\",\"isPartOf\":{\"@id\":\"https:\/\/aem.hr\/#website\"},\"datePublished\":\"2025-03-11T11:54:18+00:00\",\"dateModified\":\"2025-03-11T11:54:19+00:00\",\"breadcrumb\":{\"@id\":\"https:\/\/aem.hr\/rade-dragojevic-drzi-li-se-itko-clanka-38-ustava\/#breadcrumb\"},\"inLanguage\":\"en-US\",\"potentialAction\":[{\"@type\":\"ReadAction\",\"target\":[\"https:\/\/aem.hr\/rade-dragojevic-drzi-li-se-itko-clanka-38-ustava\/\"]}]},{\"@type\":\"BreadcrumbList\",\"@id\":\"https:\/\/aem.hr\/rade-dragojevic-drzi-li-se-itko-clanka-38-ustava\/#breadcrumb\",\"itemListElement\":[{\"@type\":\"ListItem\",\"position\":1,\"name\":\"Po\u010detna stranica\",\"item\":\"https:\/\/aem.hr\/\"},{\"@type\":\"ListItem\",\"position\":2,\"name\":\"Rade Dragojevi\u0107 &#8211; Dr\u017ei li se itko \u010dlanka 38 Ustava?\"}]},{\"@type\":\"WebSite\",\"@id\":\"https:\/\/aem.hr\/#website\",\"url\":\"https:\/\/aem.hr\/\",\"name\":\"Agencija za elektroni\u010dke medije\",\"description\":\"\",\"potentialAction\":[{\"@type\":\"SearchAction\",\"target\":{\"@type\":\"EntryPoint\",\"urlTemplate\":\"https:\/\/aem.hr\/?s={search_term_string}\"},\"query-input\":{\"@type\":\"PropertyValueSpecification\",\"valueRequired\":true,\"valueName\":\"search_term_string\"}}],\"inLanguage\":\"en-US\"}]}<\/script>\n<!-- \/ Yoast SEO plugin. -->","yoast_head_json":{"title":"Rade Dragojevi\u0107 - Dr\u017ei li se itko \u010dlanka 38 Ustava? - Agencija za elektroni\u010dke medije","robots":{"index":"index","follow":"follow","max-snippet":"max-snippet:-1","max-image-preview":"max-image-preview:large","max-video-preview":"max-video-preview:-1"},"canonical":"https:\/\/aem.hr\/rade-dragojevic-drzi-li-se-itko-clanka-38-ustava\/","og_locale":"en_US","og_type":"article","og_title":"Rade Dragojevi\u0107 - Dr\u017ei li se itko \u010dlanka 38 Ustava? - Agencija za elektroni\u010dke medije","og_url":"https:\/\/aem.hr\/rade-dragojevic-drzi-li-se-itko-clanka-38-ustava\/","og_site_name":"Agencija za elektroni\u010dke medije","article_modified_time":"2025-03-11T11:54:19+00:00","twitter_card":"summary_large_image","twitter_misc":{"Est. reading time":"1 minute"},"schema":{"@context":"https:\/\/schema.org","@graph":[{"@type":"WebPage","@id":"https:\/\/aem.hr\/rade-dragojevic-drzi-li-se-itko-clanka-38-ustava\/","url":"https:\/\/aem.hr\/rade-dragojevic-drzi-li-se-itko-clanka-38-ustava\/","name":"Rade Dragojevi\u0107 - Dr\u017ei li se itko \u010dlanka 38 Ustava? - Agencija za elektroni\u010dke medije","isPartOf":{"@id":"https:\/\/aem.hr\/#website"},"datePublished":"2025-03-11T11:54:18+00:00","dateModified":"2025-03-11T11:54:19+00:00","breadcrumb":{"@id":"https:\/\/aem.hr\/rade-dragojevic-drzi-li-se-itko-clanka-38-ustava\/#breadcrumb"},"inLanguage":"en-US","potentialAction":[{"@type":"ReadAction","target":["https:\/\/aem.hr\/rade-dragojevic-drzi-li-se-itko-clanka-38-ustava\/"]}]},{"@type":"BreadcrumbList","@id":"https:\/\/aem.hr\/rade-dragojevic-drzi-li-se-itko-clanka-38-ustava\/#breadcrumb","itemListElement":[{"@type":"ListItem","position":1,"name":"Po\u010detna stranica","item":"https:\/\/aem.hr\/"},{"@type":"ListItem","position":2,"name":"Rade Dragojevi\u0107 &#8211; Dr\u017ei li se itko \u010dlanka 38 Ustava?"}]},{"@type":"WebSite","@id":"https:\/\/aem.hr\/#website","url":"https:\/\/aem.hr\/","name":"Agencija za elektroni\u010dke medije","description":"","potentialAction":[{"@type":"SearchAction","target":{"@type":"EntryPoint","urlTemplate":"https:\/\/aem.hr\/?s={search_term_string}"},"query-input":{"@type":"PropertyValueSpecification","valueRequired":true,"valueName":"search_term_string"}}],"inLanguage":"en-US"}]}},"coauthors":[],"author_meta":{"author_link":"https:\/\/aem.hr\/en\/blog\/author\/mkirac\/","display_name":"Matko Kirac"},"relative_dates":{"created":"Posted 1 year ago","modified":"Updated 1 year ago"},"absolute_dates":{"created":"Posted on 11. March 2025.","modified":"Updated on 11. March 2025."},"absolute_dates_time":{"created":"Posted on 11. March 2025. 12:54","modified":"Updated on 11. March 2025. 12:54"},"featured_img_caption":"","featured_img":false,"series_order":"","_links":{"self":[{"href":"https:\/\/aem.hr\/en\/wp-json\/wp\/v2\/pages\/20853","targetHints":{"allow":["GET"]}}],"collection":[{"href":"https:\/\/aem.hr\/en\/wp-json\/wp\/v2\/pages"}],"about":[{"href":"https:\/\/aem.hr\/en\/wp-json\/wp\/v2\/types\/page"}],"author":[{"embeddable":true,"href":"https:\/\/aem.hr\/en\/wp-json\/wp\/v2\/users\/18"}],"replies":[{"embeddable":true,"href":"https:\/\/aem.hr\/en\/wp-json\/wp\/v2\/comments?post=20853"}],"version-history":[{"count":1,"href":"https:\/\/aem.hr\/en\/wp-json\/wp\/v2\/pages\/20853\/revisions"}],"predecessor-version":[{"id":20863,"href":"https:\/\/aem.hr\/en\/wp-json\/wp\/v2\/pages\/20853\/revisions\/20863"}],"wp:attachment":[{"href":"https:\/\/aem.hr\/en\/wp-json\/wp\/v2\/media?parent=20853"}],"curies":[{"name":"wp","href":"https:\/\/api.w.org\/{rel}","templated":true}]}}