{"id":20925,"date":"2025-03-11T14:02:42","date_gmt":"2025-03-11T13:02:42","guid":{"rendered":"http:\/\/aem.hr\/?page_id=20925"},"modified":"2025-03-11T14:02:43","modified_gmt":"2025-03-11T13:02:43","slug":"renata-ivanovic-kontracepcija-vs-pobacaj","status":"publish","type":"page","link":"https:\/\/aem.hr\/en\/renata-ivanovic-kontracepcija-vs-pobacaj\/","title":{"rendered":"Renata Ivanovi\u0107 &#8211; KONTRACEPCIJA vs POBA\u010cAJ"},"content":{"rendered":"\n<div class=\"wp-block-file\"><a id=\"wp-block-file--media-6b0378e2-c378-40b7-bd43-1af376e69068\" href=\"https:\/\/aem.hr\/wp-content\/uploads\/2025\/03\/1.-Napokon-bez-mitova-i-lazi.pdf\">1. Napokon bez mitova i la\u017ei<\/a><a href=\"https:\/\/aem.hr\/wp-content\/uploads\/2025\/03\/1.-Napokon-bez-mitova-i-lazi.pdf\" class=\"wp-block-file__button wp-element-button\" download aria-describedby=\"wp-block-file--media-6b0378e2-c378-40b7-bd43-1af376e69068\">Preuzimanje<\/a><\/div>\n\n\n\n<div class=\"wp-block-file\"><a id=\"wp-block-file--media-ddba15a2-3dfe-4b82-ab64-500b97d2e400\" href=\"https:\/\/aem.hr\/wp-content\/uploads\/2025\/03\/2.-Udruga-Sofija-pokrenula-veliko-istrazivanje-o.pdf\">2. Udruga Sofija pokrenula veliko istra\u017eivanje o<\/a><a href=\"https:\/\/aem.hr\/wp-content\/uploads\/2025\/03\/2.-Udruga-Sofija-pokrenula-veliko-istrazivanje-o.pdf\" class=\"wp-block-file__button wp-element-button\" download aria-describedby=\"wp-block-file--media-ddba15a2-3dfe-4b82-ab64-500b97d2e400\">Preuzimanje<\/a><\/div>\n\n\n\n<div class=\"wp-block-file\"><a id=\"wp-block-file--media-ead94dca-a65f-4ae7-8e44-bd45c0453389\" href=\"https:\/\/aem.hr\/wp-content\/uploads\/2025\/03\/3.-Porazni-rezultati-istrazivanja-o-kontracepciji.pdf\">3. Porazni rezultati istra\u017eivanja o kontracepciji<\/a><a href=\"https:\/\/aem.hr\/wp-content\/uploads\/2025\/03\/3.-Porazni-rezultati-istrazivanja-o-kontracepciji.pdf\" class=\"wp-block-file__button wp-element-button\" download aria-describedby=\"wp-block-file--media-ead94dca-a65f-4ae7-8e44-bd45c0453389\">Preuzimanje<\/a><\/div>\n\n\n\n<div class=\"wp-block-file\"><a id=\"wp-block-file--media-cba64068-7c8d-4a79-a074-345e4de42ece\" href=\"https:\/\/aem.hr\/wp-content\/uploads\/2025\/03\/4.-Jasenka-Grujic-o-kontracepciji-za-adolescente.pdf\">4. Jasenka Gruji\u0107 o kontracepciji za adolescente<\/a><a href=\"https:\/\/aem.hr\/wp-content\/uploads\/2025\/03\/4.-Jasenka-Grujic-o-kontracepciji-za-adolescente.pdf\" class=\"wp-block-file__button wp-element-button\" download aria-describedby=\"wp-block-file--media-cba64068-7c8d-4a79-a074-345e4de42ece\">Preuzimanje<\/a><\/div>\n\n\n\n<div class=\"wp-block-file\"><a id=\"wp-block-file--media-7d15deb2-1ce6-4eb5-9831-516fa93c1c57\" href=\"https:\/\/aem.hr\/wp-content\/uploads\/2025\/03\/5.-U-primjeni-kontracepcije-Hrvatska.pdf\">5. U primjeni kontracepcije Hrvatska<\/a><a href=\"https:\/\/aem.hr\/wp-content\/uploads\/2025\/03\/5.-U-primjeni-kontracepcije-Hrvatska.pdf\" class=\"wp-block-file__button wp-element-button\" download aria-describedby=\"wp-block-file--media-7d15deb2-1ce6-4eb5-9831-516fa93c1c57\">Preuzimanje<\/a><\/div>\n\n\n\n<div class=\"wp-block-file\"><a id=\"wp-block-file--media-73b300ec-2ccd-44df-bec2-0d025ec005e1\" href=\"https:\/\/aem.hr\/wp-content\/uploads\/2025\/03\/6.-Kako-vlade-zemalja-i-religija-utjecu.pdf\">6. Kako vlade zemalja i religija utje\u010du<\/a><a href=\"https:\/\/aem.hr\/wp-content\/uploads\/2025\/03\/6.-Kako-vlade-zemalja-i-religija-utjecu.pdf\" class=\"wp-block-file__button wp-element-button\" download aria-describedby=\"wp-block-file--media-73b300ec-2ccd-44df-bec2-0d025ec005e1\">Preuzimanje<\/a><\/div>\n\n\n\n<div class=\"wp-block-file\"><a id=\"wp-block-file--media-fc605945-71f4-4682-9083-c20c6d60af78\" href=\"https:\/\/aem.hr\/wp-content\/uploads\/2025\/03\/7.-Europski-Atlas-kontracepcije-i-zasto-je.pdf\">7. Europski Atlas kontracepcije i za\u0161to je<\/a><a href=\"https:\/\/aem.hr\/wp-content\/uploads\/2025\/03\/7.-Europski-Atlas-kontracepcije-i-zasto-je.pdf\" class=\"wp-block-file__button wp-element-button\" download aria-describedby=\"wp-block-file--media-fc605945-71f4-4682-9083-c20c6d60af78\">Preuzimanje<\/a><\/div>\n\n\n\n<div class=\"wp-block-file\"><a id=\"wp-block-file--media-4f68db16-779e-4699-979f-49620b63b2e5\" href=\"https:\/\/aem.hr\/wp-content\/uploads\/2025\/03\/8.-Izasla-prva-hrvatska-znanstvena.pdf\">8. Iza\u0161la prva hrvatska znanstvena<\/a><a href=\"https:\/\/aem.hr\/wp-content\/uploads\/2025\/03\/8.-Izasla-prva-hrvatska-znanstvena.pdf\" class=\"wp-block-file__button wp-element-button\" download aria-describedby=\"wp-block-file--media-4f68db16-779e-4699-979f-49620b63b2e5\">Preuzimanje<\/a><\/div>\n\n\n\n<div class=\"wp-block-file\"><a id=\"wp-block-file--media-8e83aad3-aa73-40a7-ab06-9737d6eccaf2\" href=\"https:\/\/aem.hr\/wp-content\/uploads\/2025\/03\/9.-Romkinjama-je-pristup-kontracepciji.pdf\">9. Romkinjama je pristup kontracepciji<\/a><a href=\"https:\/\/aem.hr\/wp-content\/uploads\/2025\/03\/9.-Romkinjama-je-pristup-kontracepciji.pdf\" class=\"wp-block-file__button wp-element-button\" download aria-describedby=\"wp-block-file--media-8e83aad3-aa73-40a7-ab06-9737d6eccaf2\">Preuzimanje<\/a><\/div>\n","protected":false},"excerpt":{"rendered":"","protected":false},"author":18,"featured_media":0,"parent":0,"menu_order":0,"comment_status":"closed","ping_status":"closed","template":"","meta":{"_acf_changed":false,"inline_featured_image":false,"advgb_blocks_editor_width":"","advgb_blocks_columns_visual_guide":"","_links_to":"","_links_to_type":0,"footnotes":""},"class_list":["post-20925","page","type-page","status-publish","hentry"],"acf":[],"yoast_head":"<!-- This site is optimized with the Yoast SEO plugin v25.7 - https:\/\/yoast.com\/wordpress\/plugins\/seo\/ -->\n<title>Renata Ivanovi\u0107 - KONTRACEPCIJA vs POBA\u010cAJ - Agencija za elektroni\u010dke medije<\/title>\n<meta name=\"robots\" content=\"index, follow, max-snippet:-1, max-image-preview:large, max-video-preview:-1\" \/>\n<link rel=\"canonical\" href=\"https:\/\/aem.hr\/renata-ivanovic-kontracepcija-vs-pobacaj\/\" \/>\n<meta property=\"og:locale\" content=\"en_US\" \/>\n<meta property=\"og:type\" content=\"article\" \/>\n<meta property=\"og:title\" content=\"Renata Ivanovi\u0107 - KONTRACEPCIJA vs POBA\u010cAJ - Agencija za elektroni\u010dke medije\" \/>\n<meta property=\"og:url\" content=\"https:\/\/aem.hr\/renata-ivanovic-kontracepcija-vs-pobacaj\/\" \/>\n<meta property=\"og:site_name\" content=\"Agencija za elektroni\u010dke medije\" \/>\n<meta property=\"article:modified_time\" content=\"2025-03-11T13:02:43+00:00\" \/>\n<meta name=\"twitter:card\" content=\"summary_large_image\" \/>\n<meta name=\"twitter:label1\" content=\"Est. reading time\" \/>\n\t<meta name=\"twitter:data1\" content=\"1 minute\" \/>\n<script type=\"application\/ld+json\" class=\"yoast-schema-graph\">{\"@context\":\"https:\/\/schema.org\",\"@graph\":[{\"@type\":\"WebPage\",\"@id\":\"https:\/\/aem.hr\/renata-ivanovic-kontracepcija-vs-pobacaj\/\",\"url\":\"https:\/\/aem.hr\/renata-ivanovic-kontracepcija-vs-pobacaj\/\",\"name\":\"Renata Ivanovi\u0107 - KONTRACEPCIJA vs POBA\u010cAJ - Agencija za elektroni\u010dke medije\",\"isPartOf\":{\"@id\":\"https:\/\/aem.hr\/#website\"},\"datePublished\":\"2025-03-11T13:02:42+00:00\",\"dateModified\":\"2025-03-11T13:02:43+00:00\",\"breadcrumb\":{\"@id\":\"https:\/\/aem.hr\/renata-ivanovic-kontracepcija-vs-pobacaj\/#breadcrumb\"},\"inLanguage\":\"en-US\",\"potentialAction\":[{\"@type\":\"ReadAction\",\"target\":[\"https:\/\/aem.hr\/renata-ivanovic-kontracepcija-vs-pobacaj\/\"]}]},{\"@type\":\"BreadcrumbList\",\"@id\":\"https:\/\/aem.hr\/renata-ivanovic-kontracepcija-vs-pobacaj\/#breadcrumb\",\"itemListElement\":[{\"@type\":\"ListItem\",\"position\":1,\"name\":\"Po\u010detna stranica\",\"item\":\"https:\/\/aem.hr\/\"},{\"@type\":\"ListItem\",\"position\":2,\"name\":\"Renata Ivanovi\u0107 &#8211; KONTRACEPCIJA vs POBA\u010cAJ\"}]},{\"@type\":\"WebSite\",\"@id\":\"https:\/\/aem.hr\/#website\",\"url\":\"https:\/\/aem.hr\/\",\"name\":\"Agencija za elektroni\u010dke medije\",\"description\":\"\",\"potentialAction\":[{\"@type\":\"SearchAction\",\"target\":{\"@type\":\"EntryPoint\",\"urlTemplate\":\"https:\/\/aem.hr\/?s={search_term_string}\"},\"query-input\":{\"@type\":\"PropertyValueSpecification\",\"valueRequired\":true,\"valueName\":\"search_term_string\"}}],\"inLanguage\":\"en-US\"}]}<\/script>\n<!-- \/ Yoast SEO plugin. -->","yoast_head_json":{"title":"Renata Ivanovi\u0107 - KONTRACEPCIJA vs POBA\u010cAJ - Agencija za elektroni\u010dke medije","robots":{"index":"index","follow":"follow","max-snippet":"max-snippet:-1","max-image-preview":"max-image-preview:large","max-video-preview":"max-video-preview:-1"},"canonical":"https:\/\/aem.hr\/renata-ivanovic-kontracepcija-vs-pobacaj\/","og_locale":"en_US","og_type":"article","og_title":"Renata Ivanovi\u0107 - KONTRACEPCIJA vs POBA\u010cAJ - Agencija za elektroni\u010dke medije","og_url":"https:\/\/aem.hr\/renata-ivanovic-kontracepcija-vs-pobacaj\/","og_site_name":"Agencija za elektroni\u010dke medije","article_modified_time":"2025-03-11T13:02:43+00:00","twitter_card":"summary_large_image","twitter_misc":{"Est. reading time":"1 minute"},"schema":{"@context":"https:\/\/schema.org","@graph":[{"@type":"WebPage","@id":"https:\/\/aem.hr\/renata-ivanovic-kontracepcija-vs-pobacaj\/","url":"https:\/\/aem.hr\/renata-ivanovic-kontracepcija-vs-pobacaj\/","name":"Renata Ivanovi\u0107 - KONTRACEPCIJA vs POBA\u010cAJ - Agencija za elektroni\u010dke medije","isPartOf":{"@id":"https:\/\/aem.hr\/#website"},"datePublished":"2025-03-11T13:02:42+00:00","dateModified":"2025-03-11T13:02:43+00:00","breadcrumb":{"@id":"https:\/\/aem.hr\/renata-ivanovic-kontracepcija-vs-pobacaj\/#breadcrumb"},"inLanguage":"en-US","potentialAction":[{"@type":"ReadAction","target":["https:\/\/aem.hr\/renata-ivanovic-kontracepcija-vs-pobacaj\/"]}]},{"@type":"BreadcrumbList","@id":"https:\/\/aem.hr\/renata-ivanovic-kontracepcija-vs-pobacaj\/#breadcrumb","itemListElement":[{"@type":"ListItem","position":1,"name":"Po\u010detna stranica","item":"https:\/\/aem.hr\/"},{"@type":"ListItem","position":2,"name":"Renata Ivanovi\u0107 &#8211; KONTRACEPCIJA vs POBA\u010cAJ"}]},{"@type":"WebSite","@id":"https:\/\/aem.hr\/#website","url":"https:\/\/aem.hr\/","name":"Agencija za elektroni\u010dke medije","description":"","potentialAction":[{"@type":"SearchAction","target":{"@type":"EntryPoint","urlTemplate":"https:\/\/aem.hr\/?s={search_term_string}"},"query-input":{"@type":"PropertyValueSpecification","valueRequired":true,"valueName":"search_term_string"}}],"inLanguage":"en-US"}]}},"coauthors":[],"author_meta":{"author_link":"https:\/\/aem.hr\/en\/blog\/author\/mkirac\/","display_name":"Matko Kirac"},"relative_dates":{"created":"Posted 1 year ago","modified":"Updated 1 year ago"},"absolute_dates":{"created":"Posted on 11. March 2025.","modified":"Updated on 11. March 2025."},"absolute_dates_time":{"created":"Posted on 11. March 2025. 14:02","modified":"Updated on 11. March 2025. 14:02"},"featured_img_caption":"","featured_img":false,"series_order":"","_links":{"self":[{"href":"https:\/\/aem.hr\/en\/wp-json\/wp\/v2\/pages\/20925","targetHints":{"allow":["GET"]}}],"collection":[{"href":"https:\/\/aem.hr\/en\/wp-json\/wp\/v2\/pages"}],"about":[{"href":"https:\/\/aem.hr\/en\/wp-json\/wp\/v2\/types\/page"}],"author":[{"embeddable":true,"href":"https:\/\/aem.hr\/en\/wp-json\/wp\/v2\/users\/18"}],"replies":[{"embeddable":true,"href":"https:\/\/aem.hr\/en\/wp-json\/wp\/v2\/comments?post=20925"}],"version-history":[{"count":1,"href":"https:\/\/aem.hr\/en\/wp-json\/wp\/v2\/pages\/20925\/revisions"}],"predecessor-version":[{"id":20945,"href":"https:\/\/aem.hr\/en\/wp-json\/wp\/v2\/pages\/20925\/revisions\/20945"}],"wp:attachment":[{"href":"https:\/\/aem.hr\/en\/wp-json\/wp\/v2\/media?parent=20925"}],"curies":[{"name":"wp","href":"https:\/\/api.w.org\/{rel}","templated":true}]}}