{"id":21005,"date":"2025-03-12T12:52:59","date_gmt":"2025-03-12T11:52:59","guid":{"rendered":"http:\/\/aem.hr\/?page_id=21005"},"modified":"2025-03-12T12:53:00","modified_gmt":"2025-03-12T11:53:00","slug":"silvana-oruc-ivos-obiteljska-medicina-hoce-li-vise-od-milijun-stanovnika-rh-za-pet-godina-ostati-bez-svog-obiteljskog-lijecnika","status":"publish","type":"page","link":"https:\/\/aem.hr\/en\/silvana-oruc-ivos-obiteljska-medicina-hoce-li-vise-od-milijun-stanovnika-rh-za-pet-godina-ostati-bez-svog-obiteljskog-lijecnika\/","title":{"rendered":"Silvana Oru\u010d Ivo\u0161 &#8211; Obiteljska medicina: Ho\u0107e li vi\u0161e od milijun stanovnika RH za pet godina ostati bez svog obiteljskog lije\u010dnika?"},"content":{"rendered":"\n<div class=\"wp-block-file\"><a id=\"wp-block-file--media-b7abfe76-187f-4c12-a6a6-4372b98e8b36\" href=\"https:\/\/aem.hr\/wp-content\/uploads\/2025\/03\/1.-Zbog-nedostatka-lijecnika.pdf\">1. Zbog nedostatka lije\u010dnika<\/a><a href=\"https:\/\/aem.hr\/wp-content\/uploads\/2025\/03\/1.-Zbog-nedostatka-lijecnika.pdf\" class=\"wp-block-file__button wp-element-button\" download aria-describedby=\"wp-block-file--media-b7abfe76-187f-4c12-a6a6-4372b98e8b36\">Preuzimanje<\/a><\/div>\n\n\n\n<div class=\"wp-block-file\"><a id=\"wp-block-file--media-4cd3f547-c01b-4c1b-a613-657e62e291d7\" href=\"https:\/\/aem.hr\/wp-content\/uploads\/2025\/03\/2.-Zasto-Hrvatska-ne-implementira-dokazane-euro.pdf\">2. Za\u0161to Hrvatska ne implementira dokazane euro<\/a><a href=\"https:\/\/aem.hr\/wp-content\/uploads\/2025\/03\/2.-Zasto-Hrvatska-ne-implementira-dokazane-euro.pdf\" class=\"wp-block-file__button wp-element-button\" download aria-describedby=\"wp-block-file--media-4cd3f547-c01b-4c1b-a613-657e62e291d7\">Preuzimanje<\/a><\/div>\n\n\n\n<div class=\"wp-block-file\"><a id=\"wp-block-file--media-ed7818b6-5c85-4303-af83-61f4ee48b5e8\" href=\"https:\/\/aem.hr\/wp-content\/uploads\/2025\/03\/3.-Predsjednica-KoHOM-a-Hudek-Leskovar_-Mladi-lijecnici-zele.pdf\">3. Predsjednica KoHOM-a Hu\u0111ek Leskovar_ Mladi lije\u010dnici \u017eele<\/a><a href=\"https:\/\/aem.hr\/wp-content\/uploads\/2025\/03\/3.-Predsjednica-KoHOM-a-Hudek-Leskovar_-Mladi-lijecnici-zele.pdf\" class=\"wp-block-file__button wp-element-button\" download aria-describedby=\"wp-block-file--media-ed7818b6-5c85-4303-af83-61f4ee48b5e8\">Preuzimanje<\/a><\/div>\n\n\n\n<div class=\"wp-block-file\"><a id=\"wp-block-file--media-58daf159-05d1-4006-a2e6-adfae686858d\" href=\"https:\/\/aem.hr\/wp-content\/uploads\/2025\/03\/4.-Zamjenica-predsjednika-HLK-Vikica-Krolo_-Zakon.pdf\">4. Zamjenica predsjednika HLK Vikica Krolo_ Zakon<\/a><a href=\"https:\/\/aem.hr\/wp-content\/uploads\/2025\/03\/4.-Zamjenica-predsjednika-HLK-Vikica-Krolo_-Zakon.pdf\" class=\"wp-block-file__button wp-element-button\" download aria-describedby=\"wp-block-file--media-58daf159-05d1-4006-a2e6-adfae686858d\">Preuzimanje<\/a><\/div>\n\n\n\n<div class=\"wp-block-file\"><a id=\"wp-block-file--media-6ce2ccb7-5f58-49ed-8c14-9b8858fbd125\" href=\"https:\/\/aem.hr\/wp-content\/uploads\/2025\/03\/5.-Natasa-Ban-Toskic_-Nuzne-su-radikalne.pdf\">5. Nata\u0161a Ban Toski\u0107_ Nu\u017ene su radikalne<\/a><a href=\"https:\/\/aem.hr\/wp-content\/uploads\/2025\/03\/5.-Natasa-Ban-Toskic_-Nuzne-su-radikalne.pdf\" class=\"wp-block-file__button wp-element-button\" download aria-describedby=\"wp-block-file--media-6ce2ccb7-5f58-49ed-8c14-9b8858fbd125\">Preuzimanje<\/a><\/div>\n\n\n\n<div class=\"wp-block-file\"><a id=\"wp-block-file--media-9cf93a5d-a53b-4319-87e7-7b5f47fe1144\" href=\"https:\/\/aem.hr\/wp-content\/uploads\/2025\/03\/6.-Ljiljana-Vukota-glavna-tajnica-Udruge-zena.pdf\">6. Ljiljana Vukota, glavna tajnica Udruge \u017eena<\/a><a href=\"https:\/\/aem.hr\/wp-content\/uploads\/2025\/03\/6.-Ljiljana-Vukota-glavna-tajnica-Udruge-zena.pdf\" class=\"wp-block-file__button wp-element-button\" download aria-describedby=\"wp-block-file--media-9cf93a5d-a53b-4319-87e7-7b5f47fe1144\">Preuzimanje<\/a><\/div>\n\n\n\n<div class=\"wp-block-file\"><a id=\"wp-block-file--media-2c2c766f-2ce0-4e71-9d6f-21e63f869a96\" href=\"https:\/\/aem.hr\/wp-content\/uploads\/2025\/03\/7.-Ministarstvo-zdravstva_-Specijalisticko-usavrsavanje-za.pdf\">7. Ministarstvo zdravstva_ Specijalisti\u010dko usavr\u0161avanje za<\/a><a href=\"https:\/\/aem.hr\/wp-content\/uploads\/2025\/03\/7.-Ministarstvo-zdravstva_-Specijalisticko-usavrsavanje-za.pdf\" class=\"wp-block-file__button wp-element-button\" download aria-describedby=\"wp-block-file--media-2c2c766f-2ce0-4e71-9d6f-21e63f869a96\">Preuzimanje<\/a><\/div>\n\n\n\n<div class=\"wp-block-file\"><a id=\"wp-block-file--media-6bac4642-1e54-4d14-8497-873166a1611c\" href=\"https:\/\/aem.hr\/wp-content\/uploads\/2025\/03\/8.-Glavni-tajnik-KoHOM-a-Vanja-Hmelik.pdf\">8. Glavni tajnik KoHOM-a Vanja Hmelik<\/a><a href=\"https:\/\/aem.hr\/wp-content\/uploads\/2025\/03\/8.-Glavni-tajnik-KoHOM-a-Vanja-Hmelik.pdf\" class=\"wp-block-file__button wp-element-button\" download aria-describedby=\"wp-block-file--media-6bac4642-1e54-4d14-8497-873166a1611c\">Preuzimanje<\/a><\/div>\n\n\n\n<div class=\"wp-block-file\"><a id=\"wp-block-file--media-6983183b-82ae-4cae-9153-a8dd6eec6188\" href=\"https:\/\/aem.hr\/wp-content\/uploads\/2025\/03\/9.-Ne-zele-biti-pisari-Administrativno.pdf\">9. Ne \u017eele biti pisari! Administrativno<\/a><a href=\"https:\/\/aem.hr\/wp-content\/uploads\/2025\/03\/9.-Ne-zele-biti-pisari-Administrativno.pdf\" class=\"wp-block-file__button wp-element-button\" download aria-describedby=\"wp-block-file--media-6983183b-82ae-4cae-9153-a8dd6eec6188\">Preuzimanje<\/a><\/div>\n\n\n\n<div class=\"wp-block-file\"><a id=\"wp-block-file--media-0c025b24-f394-4665-a8a3-27f0075385d2\" href=\"https:\/\/aem.hr\/wp-content\/uploads\/2025\/03\/10.-U-Hrvatskoj-je-davno-pokrenuta-prva.pdf\">10. U Hrvatskoj je davno pokrenuta prva<\/a><a href=\"https:\/\/aem.hr\/wp-content\/uploads\/2025\/03\/10.-U-Hrvatskoj-je-davno-pokrenuta-prva.pdf\" class=\"wp-block-file__button wp-element-button\" download aria-describedby=\"wp-block-file--media-0c025b24-f394-4665-a8a3-27f0075385d2\">Preuzimanje<\/a><\/div>\n","protected":false},"excerpt":{"rendered":"","protected":false},"author":18,"featured_media":0,"parent":0,"menu_order":0,"comment_status":"closed","ping_status":"closed","template":"","meta":{"_acf_changed":false,"inline_featured_image":false,"advgb_blocks_editor_width":"","advgb_blocks_columns_visual_guide":"","_links_to":"","_links_to_type":0,"footnotes":""},"class_list":["post-21005","page","type-page","status-publish","hentry"],"acf":[],"yoast_head":"<!-- This site is optimized with the Yoast SEO plugin v25.7 - https:\/\/yoast.com\/wordpress\/plugins\/seo\/ -->\n<title>Silvana Oru\u010d Ivo\u0161 - Obiteljska medicina: Ho\u0107e li vi\u0161e od milijun stanovnika RH za pet godina ostati bez svog obiteljskog lije\u010dnika? - Agencija za elektroni\u010dke medije<\/title>\n<meta name=\"robots\" content=\"index, follow, max-snippet:-1, max-image-preview:large, max-video-preview:-1\" \/>\n<link rel=\"canonical\" href=\"https:\/\/aem.hr\/silvana-oruc-ivos-obiteljska-medicina-hoce-li-vise-od-milijun-stanovnika-rh-za-pet-godina-ostati-bez-svog-obiteljskog-lijecnika\/\" \/>\n<meta property=\"og:locale\" content=\"en_US\" \/>\n<meta property=\"og:type\" content=\"article\" \/>\n<meta property=\"og:title\" content=\"Silvana Oru\u010d Ivo\u0161 - Obiteljska medicina: Ho\u0107e li vi\u0161e od milijun stanovnika RH za pet godina ostati bez svog obiteljskog lije\u010dnika? - Agencija za elektroni\u010dke medije\" \/>\n<meta property=\"og:url\" content=\"https:\/\/aem.hr\/silvana-oruc-ivos-obiteljska-medicina-hoce-li-vise-od-milijun-stanovnika-rh-za-pet-godina-ostati-bez-svog-obiteljskog-lijecnika\/\" \/>\n<meta property=\"og:site_name\" content=\"Agencija za elektroni\u010dke medije\" \/>\n<meta property=\"article:modified_time\" content=\"2025-03-12T11:53:00+00:00\" \/>\n<meta name=\"twitter:card\" content=\"summary_large_image\" \/>\n<meta name=\"twitter:label1\" content=\"Est. reading time\" \/>\n\t<meta name=\"twitter:data1\" content=\"1 minute\" \/>\n<script type=\"application\/ld+json\" class=\"yoast-schema-graph\">{\"@context\":\"https:\/\/schema.org\",\"@graph\":[{\"@type\":\"WebPage\",\"@id\":\"https:\/\/aem.hr\/silvana-oruc-ivos-obiteljska-medicina-hoce-li-vise-od-milijun-stanovnika-rh-za-pet-godina-ostati-bez-svog-obiteljskog-lijecnika\/\",\"url\":\"https:\/\/aem.hr\/silvana-oruc-ivos-obiteljska-medicina-hoce-li-vise-od-milijun-stanovnika-rh-za-pet-godina-ostati-bez-svog-obiteljskog-lijecnika\/\",\"name\":\"Silvana Oru\u010d Ivo\u0161 - Obiteljska medicina: Ho\u0107e li vi\u0161e od milijun stanovnika RH za pet godina ostati bez svog obiteljskog lije\u010dnika? - Agencija za elektroni\u010dke medije\",\"isPartOf\":{\"@id\":\"https:\/\/aem.hr\/#website\"},\"datePublished\":\"2025-03-12T11:52:59+00:00\",\"dateModified\":\"2025-03-12T11:53:00+00:00\",\"breadcrumb\":{\"@id\":\"https:\/\/aem.hr\/silvana-oruc-ivos-obiteljska-medicina-hoce-li-vise-od-milijun-stanovnika-rh-za-pet-godina-ostati-bez-svog-obiteljskog-lijecnika\/#breadcrumb\"},\"inLanguage\":\"en-US\",\"potentialAction\":[{\"@type\":\"ReadAction\",\"target\":[\"https:\/\/aem.hr\/silvana-oruc-ivos-obiteljska-medicina-hoce-li-vise-od-milijun-stanovnika-rh-za-pet-godina-ostati-bez-svog-obiteljskog-lijecnika\/\"]}]},{\"@type\":\"BreadcrumbList\",\"@id\":\"https:\/\/aem.hr\/silvana-oruc-ivos-obiteljska-medicina-hoce-li-vise-od-milijun-stanovnika-rh-za-pet-godina-ostati-bez-svog-obiteljskog-lijecnika\/#breadcrumb\",\"itemListElement\":[{\"@type\":\"ListItem\",\"position\":1,\"name\":\"Po\u010detna stranica\",\"item\":\"https:\/\/aem.hr\/\"},{\"@type\":\"ListItem\",\"position\":2,\"name\":\"Silvana Oru\u010d Ivo\u0161 &#8211; Obiteljska medicina: Ho\u0107e li vi\u0161e od milijun stanovnika RH za pet godina ostati bez svog obiteljskog lije\u010dnika?\"}]},{\"@type\":\"WebSite\",\"@id\":\"https:\/\/aem.hr\/#website\",\"url\":\"https:\/\/aem.hr\/\",\"name\":\"Agencija za elektroni\u010dke medije\",\"description\":\"\",\"potentialAction\":[{\"@type\":\"SearchAction\",\"target\":{\"@type\":\"EntryPoint\",\"urlTemplate\":\"https:\/\/aem.hr\/?s={search_term_string}\"},\"query-input\":{\"@type\":\"PropertyValueSpecification\",\"valueRequired\":true,\"valueName\":\"search_term_string\"}}],\"inLanguage\":\"en-US\"}]}<\/script>\n<!-- \/ Yoast SEO plugin. -->","yoast_head_json":{"title":"Silvana Oru\u010d Ivo\u0161 - Obiteljska medicina: Ho\u0107e li vi\u0161e od milijun stanovnika RH za pet godina ostati bez svog obiteljskog lije\u010dnika? - Agencija za elektroni\u010dke medije","robots":{"index":"index","follow":"follow","max-snippet":"max-snippet:-1","max-image-preview":"max-image-preview:large","max-video-preview":"max-video-preview:-1"},"canonical":"https:\/\/aem.hr\/silvana-oruc-ivos-obiteljska-medicina-hoce-li-vise-od-milijun-stanovnika-rh-za-pet-godina-ostati-bez-svog-obiteljskog-lijecnika\/","og_locale":"en_US","og_type":"article","og_title":"Silvana Oru\u010d Ivo\u0161 - Obiteljska medicina: Ho\u0107e li vi\u0161e od milijun stanovnika RH za pet godina ostati bez svog obiteljskog lije\u010dnika? - Agencija za elektroni\u010dke medije","og_url":"https:\/\/aem.hr\/silvana-oruc-ivos-obiteljska-medicina-hoce-li-vise-od-milijun-stanovnika-rh-za-pet-godina-ostati-bez-svog-obiteljskog-lijecnika\/","og_site_name":"Agencija za elektroni\u010dke medije","article_modified_time":"2025-03-12T11:53:00+00:00","twitter_card":"summary_large_image","twitter_misc":{"Est. reading time":"1 minute"},"schema":{"@context":"https:\/\/schema.org","@graph":[{"@type":"WebPage","@id":"https:\/\/aem.hr\/silvana-oruc-ivos-obiteljska-medicina-hoce-li-vise-od-milijun-stanovnika-rh-za-pet-godina-ostati-bez-svog-obiteljskog-lijecnika\/","url":"https:\/\/aem.hr\/silvana-oruc-ivos-obiteljska-medicina-hoce-li-vise-od-milijun-stanovnika-rh-za-pet-godina-ostati-bez-svog-obiteljskog-lijecnika\/","name":"Silvana Oru\u010d Ivo\u0161 - Obiteljska medicina: Ho\u0107e li vi\u0161e od milijun stanovnika RH za pet godina ostati bez svog obiteljskog lije\u010dnika? - Agencija za elektroni\u010dke medije","isPartOf":{"@id":"https:\/\/aem.hr\/#website"},"datePublished":"2025-03-12T11:52:59+00:00","dateModified":"2025-03-12T11:53:00+00:00","breadcrumb":{"@id":"https:\/\/aem.hr\/silvana-oruc-ivos-obiteljska-medicina-hoce-li-vise-od-milijun-stanovnika-rh-za-pet-godina-ostati-bez-svog-obiteljskog-lijecnika\/#breadcrumb"},"inLanguage":"en-US","potentialAction":[{"@type":"ReadAction","target":["https:\/\/aem.hr\/silvana-oruc-ivos-obiteljska-medicina-hoce-li-vise-od-milijun-stanovnika-rh-za-pet-godina-ostati-bez-svog-obiteljskog-lijecnika\/"]}]},{"@type":"BreadcrumbList","@id":"https:\/\/aem.hr\/silvana-oruc-ivos-obiteljska-medicina-hoce-li-vise-od-milijun-stanovnika-rh-za-pet-godina-ostati-bez-svog-obiteljskog-lijecnika\/#breadcrumb","itemListElement":[{"@type":"ListItem","position":1,"name":"Po\u010detna stranica","item":"https:\/\/aem.hr\/"},{"@type":"ListItem","position":2,"name":"Silvana Oru\u010d Ivo\u0161 &#8211; Obiteljska medicina: Ho\u0107e li vi\u0161e od milijun stanovnika RH za pet godina ostati bez svog obiteljskog lije\u010dnika?"}]},{"@type":"WebSite","@id":"https:\/\/aem.hr\/#website","url":"https:\/\/aem.hr\/","name":"Agencija za elektroni\u010dke medije","description":"","potentialAction":[{"@type":"SearchAction","target":{"@type":"EntryPoint","urlTemplate":"https:\/\/aem.hr\/?s={search_term_string}"},"query-input":{"@type":"PropertyValueSpecification","valueRequired":true,"valueName":"search_term_string"}}],"inLanguage":"en-US"}]}},"coauthors":[],"author_meta":{"author_link":"https:\/\/aem.hr\/en\/blog\/author\/mkirac\/","display_name":"Matko Kirac"},"relative_dates":{"created":"Posted 1 year ago","modified":"Updated 1 year ago"},"absolute_dates":{"created":"Posted on 12. March 2025.","modified":"Updated on 12. March 2025."},"absolute_dates_time":{"created":"Posted on 12. March 2025. 12:52","modified":"Updated on 12. March 2025. 12:53"},"featured_img_caption":"","featured_img":false,"series_order":"","_links":{"self":[{"href":"https:\/\/aem.hr\/en\/wp-json\/wp\/v2\/pages\/21005","targetHints":{"allow":["GET"]}}],"collection":[{"href":"https:\/\/aem.hr\/en\/wp-json\/wp\/v2\/pages"}],"about":[{"href":"https:\/\/aem.hr\/en\/wp-json\/wp\/v2\/types\/page"}],"author":[{"embeddable":true,"href":"https:\/\/aem.hr\/en\/wp-json\/wp\/v2\/users\/18"}],"replies":[{"embeddable":true,"href":"https:\/\/aem.hr\/en\/wp-json\/wp\/v2\/comments?post=21005"}],"version-history":[{"count":1,"href":"https:\/\/aem.hr\/en\/wp-json\/wp\/v2\/pages\/21005\/revisions"}],"predecessor-version":[{"id":21029,"href":"https:\/\/aem.hr\/en\/wp-json\/wp\/v2\/pages\/21005\/revisions\/21029"}],"wp:attachment":[{"href":"https:\/\/aem.hr\/en\/wp-json\/wp\/v2\/media?parent=21005"}],"curies":[{"name":"wp","href":"https:\/\/api.w.org\/{rel}","templated":true}]}}