{"id":21031,"date":"2025-03-12T12:54:06","date_gmt":"2025-03-12T11:54:06","guid":{"rendered":"http:\/\/aem.hr\/?page_id=21031"},"modified":"2025-03-12T12:54:06","modified_gmt":"2025-03-12T11:54:06","slug":"vinco-gazdik-transrodne-osobe-u-malim-sredinama","status":"publish","type":"page","link":"https:\/\/aem.hr\/en\/vinco-gazdik-transrodne-osobe-u-malim-sredinama\/","title":{"rendered":"Vinco Gazdik &#8211; &#8220;Transrodne osobe u malim sredinama&#8221;"},"content":{"rendered":"\n<div class=\"wp-block-file\"><a id=\"wp-block-file--media-6b1ea7ed-6667-4f8b-90b8-71bbd053f4e9\" href=\"https:\/\/aem.hr\/wp-content\/uploads\/2025\/03\/1.-Zasto-je-dobro-cuti-odgovor-na-pitanje.pdf\">1. Za\u0161to je dobro \u010duti odgovor na pitanje<\/a><a href=\"https:\/\/aem.hr\/wp-content\/uploads\/2025\/03\/1.-Zasto-je-dobro-cuti-odgovor-na-pitanje.pdf\" class=\"wp-block-file__button wp-element-button\" download aria-describedby=\"wp-block-file--media-6b1ea7ed-6667-4f8b-90b8-71bbd053f4e9\">Preuzimanje<\/a><\/div>\n\n\n\n<div class=\"wp-block-file\"><a id=\"wp-block-file--media-937d1542-203c-43fc-b0f0-603baae499ce\" href=\"https:\/\/aem.hr\/wp-content\/uploads\/2025\/03\/2.-Zasto-su-me-dojucerasnji-prijatelji.pdf\">2. Za\u0161to su me doju\u010dera\u0161nji prijatelji<\/a><a href=\"https:\/\/aem.hr\/wp-content\/uploads\/2025\/03\/2.-Zasto-su-me-dojucerasnji-prijatelji.pdf\" class=\"wp-block-file__button wp-element-button\" download aria-describedby=\"wp-block-file--media-937d1542-203c-43fc-b0f0-603baae499ce\">Preuzimanje<\/a><\/div>\n\n\n\n<div class=\"wp-block-file\"><a id=\"wp-block-file--media-4eca66a0-262e-44bc-bdcb-1ca263a9de69\" href=\"https:\/\/aem.hr\/wp-content\/uploads\/2025\/03\/3.-Korektno-medijsko-izvjestavanje.pdf\">3. Korektno medijsko izvje\u0161tavanje<\/a><a href=\"https:\/\/aem.hr\/wp-content\/uploads\/2025\/03\/3.-Korektno-medijsko-izvjestavanje.pdf\" class=\"wp-block-file__button wp-element-button\" download aria-describedby=\"wp-block-file--media-4eca66a0-262e-44bc-bdcb-1ca263a9de69\">Preuzimanje<\/a><\/div>\n\n\n\n<div class=\"wp-block-file\"><a id=\"wp-block-file--media-bc0c46a1-c2ae-432d-a228-cf6244682b9d\" href=\"https:\/\/aem.hr\/wp-content\/uploads\/2025\/03\/4.-Zbog-strahova-u-nasim-glavama.pdf\">4. Zbog strahova u na\u0161im glavama<\/a><a href=\"https:\/\/aem.hr\/wp-content\/uploads\/2025\/03\/4.-Zbog-strahova-u-nasim-glavama.pdf\" class=\"wp-block-file__button wp-element-button\" download aria-describedby=\"wp-block-file--media-bc0c46a1-c2ae-432d-a228-cf6244682b9d\">Preuzimanje<\/a><\/div>\n\n\n\n<div class=\"wp-block-file\"><a id=\"wp-block-file--media-891f5370-8e79-411c-a6b5-32cdae7d57f7\" href=\"https:\/\/aem.hr\/wp-content\/uploads\/2025\/03\/5.-Odgovorni-smo-jedni-za-druge.pdf\">5. Odgovorni smo jedni za druge<\/a><a href=\"https:\/\/aem.hr\/wp-content\/uploads\/2025\/03\/5.-Odgovorni-smo-jedni-za-druge.pdf\" class=\"wp-block-file__button wp-element-button\" download aria-describedby=\"wp-block-file--media-891f5370-8e79-411c-a6b5-32cdae7d57f7\">Preuzimanje<\/a><\/div>\n","protected":false},"excerpt":{"rendered":"","protected":false},"author":18,"featured_media":0,"parent":0,"menu_order":0,"comment_status":"closed","ping_status":"closed","template":"","meta":{"_acf_changed":false,"inline_featured_image":false,"advgb_blocks_editor_width":"","advgb_blocks_columns_visual_guide":"","_links_to":"","_links_to_type":0,"footnotes":""},"class_list":["post-21031","page","type-page","status-publish","hentry"],"acf":[],"yoast_head":"<!-- This site is optimized with the Yoast SEO plugin v25.7 - https:\/\/yoast.com\/wordpress\/plugins\/seo\/ -->\n<title>Vinco Gazdik - &quot;Transrodne osobe u malim sredinama&quot; - Agencija za elektroni\u010dke medije<\/title>\n<meta name=\"robots\" content=\"index, follow, max-snippet:-1, max-image-preview:large, max-video-preview:-1\" \/>\n<link rel=\"canonical\" href=\"https:\/\/aem.hr\/vinco-gazdik-transrodne-osobe-u-malim-sredinama\/\" \/>\n<meta property=\"og:locale\" content=\"en_US\" \/>\n<meta property=\"og:type\" content=\"article\" \/>\n<meta property=\"og:title\" content=\"Vinco Gazdik - &quot;Transrodne osobe u malim sredinama&quot; - Agencija za elektroni\u010dke medije\" \/>\n<meta property=\"og:url\" content=\"https:\/\/aem.hr\/vinco-gazdik-transrodne-osobe-u-malim-sredinama\/\" \/>\n<meta property=\"og:site_name\" content=\"Agencija za elektroni\u010dke medije\" \/>\n<meta name=\"twitter:card\" content=\"summary_large_image\" \/>\n<meta name=\"twitter:label1\" content=\"Est. reading time\" \/>\n\t<meta name=\"twitter:data1\" content=\"1 minute\" \/>\n<script type=\"application\/ld+json\" class=\"yoast-schema-graph\">{\"@context\":\"https:\/\/schema.org\",\"@graph\":[{\"@type\":\"WebPage\",\"@id\":\"https:\/\/aem.hr\/vinco-gazdik-transrodne-osobe-u-malim-sredinama\/\",\"url\":\"https:\/\/aem.hr\/vinco-gazdik-transrodne-osobe-u-malim-sredinama\/\",\"name\":\"Vinco Gazdik - \\\"Transrodne osobe u malim sredinama\\\" - Agencija za elektroni\u010dke medije\",\"isPartOf\":{\"@id\":\"https:\/\/aem.hr\/#website\"},\"datePublished\":\"2025-03-12T11:54:06+00:00\",\"breadcrumb\":{\"@id\":\"https:\/\/aem.hr\/vinco-gazdik-transrodne-osobe-u-malim-sredinama\/#breadcrumb\"},\"inLanguage\":\"en-US\",\"potentialAction\":[{\"@type\":\"ReadAction\",\"target\":[\"https:\/\/aem.hr\/vinco-gazdik-transrodne-osobe-u-malim-sredinama\/\"]}]},{\"@type\":\"BreadcrumbList\",\"@id\":\"https:\/\/aem.hr\/vinco-gazdik-transrodne-osobe-u-malim-sredinama\/#breadcrumb\",\"itemListElement\":[{\"@type\":\"ListItem\",\"position\":1,\"name\":\"Po\u010detna stranica\",\"item\":\"https:\/\/aem.hr\/\"},{\"@type\":\"ListItem\",\"position\":2,\"name\":\"Vinco Gazdik &#8211; &#8220;Transrodne osobe u malim sredinama&#8221;\"}]},{\"@type\":\"WebSite\",\"@id\":\"https:\/\/aem.hr\/#website\",\"url\":\"https:\/\/aem.hr\/\",\"name\":\"Agencija za elektroni\u010dke medije\",\"description\":\"\",\"potentialAction\":[{\"@type\":\"SearchAction\",\"target\":{\"@type\":\"EntryPoint\",\"urlTemplate\":\"https:\/\/aem.hr\/?s={search_term_string}\"},\"query-input\":{\"@type\":\"PropertyValueSpecification\",\"valueRequired\":true,\"valueName\":\"search_term_string\"}}],\"inLanguage\":\"en-US\"}]}<\/script>\n<!-- \/ Yoast SEO plugin. -->","yoast_head_json":{"title":"Vinco Gazdik - \"Transrodne osobe u malim sredinama\" - Agencija za elektroni\u010dke medije","robots":{"index":"index","follow":"follow","max-snippet":"max-snippet:-1","max-image-preview":"max-image-preview:large","max-video-preview":"max-video-preview:-1"},"canonical":"https:\/\/aem.hr\/vinco-gazdik-transrodne-osobe-u-malim-sredinama\/","og_locale":"en_US","og_type":"article","og_title":"Vinco Gazdik - \"Transrodne osobe u malim sredinama\" - Agencija za elektroni\u010dke medije","og_url":"https:\/\/aem.hr\/vinco-gazdik-transrodne-osobe-u-malim-sredinama\/","og_site_name":"Agencija za elektroni\u010dke medije","twitter_card":"summary_large_image","twitter_misc":{"Est. reading time":"1 minute"},"schema":{"@context":"https:\/\/schema.org","@graph":[{"@type":"WebPage","@id":"https:\/\/aem.hr\/vinco-gazdik-transrodne-osobe-u-malim-sredinama\/","url":"https:\/\/aem.hr\/vinco-gazdik-transrodne-osobe-u-malim-sredinama\/","name":"Vinco Gazdik - \"Transrodne osobe u malim sredinama\" - Agencija za elektroni\u010dke medije","isPartOf":{"@id":"https:\/\/aem.hr\/#website"},"datePublished":"2025-03-12T11:54:06+00:00","breadcrumb":{"@id":"https:\/\/aem.hr\/vinco-gazdik-transrodne-osobe-u-malim-sredinama\/#breadcrumb"},"inLanguage":"en-US","potentialAction":[{"@type":"ReadAction","target":["https:\/\/aem.hr\/vinco-gazdik-transrodne-osobe-u-malim-sredinama\/"]}]},{"@type":"BreadcrumbList","@id":"https:\/\/aem.hr\/vinco-gazdik-transrodne-osobe-u-malim-sredinama\/#breadcrumb","itemListElement":[{"@type":"ListItem","position":1,"name":"Po\u010detna stranica","item":"https:\/\/aem.hr\/"},{"@type":"ListItem","position":2,"name":"Vinco Gazdik &#8211; &#8220;Transrodne osobe u malim sredinama&#8221;"}]},{"@type":"WebSite","@id":"https:\/\/aem.hr\/#website","url":"https:\/\/aem.hr\/","name":"Agencija za elektroni\u010dke medije","description":"","potentialAction":[{"@type":"SearchAction","target":{"@type":"EntryPoint","urlTemplate":"https:\/\/aem.hr\/?s={search_term_string}"},"query-input":{"@type":"PropertyValueSpecification","valueRequired":true,"valueName":"search_term_string"}}],"inLanguage":"en-US"}]}},"coauthors":[],"author_meta":{"author_link":"https:\/\/aem.hr\/en\/blog\/author\/mkirac\/","display_name":"Matko Kirac"},"relative_dates":{"created":"Posted 1 year ago","modified":"Updated 1 year ago"},"absolute_dates":{"created":"Posted on 12. March 2025.","modified":"Updated on 12. March 2025."},"absolute_dates_time":{"created":"Posted on 12. March 2025. 12:54","modified":"Updated on 12. March 2025. 12:54"},"featured_img_caption":"","featured_img":false,"series_order":"","_links":{"self":[{"href":"https:\/\/aem.hr\/en\/wp-json\/wp\/v2\/pages\/21031","targetHints":{"allow":["GET"]}}],"collection":[{"href":"https:\/\/aem.hr\/en\/wp-json\/wp\/v2\/pages"}],"about":[{"href":"https:\/\/aem.hr\/en\/wp-json\/wp\/v2\/types\/page"}],"author":[{"embeddable":true,"href":"https:\/\/aem.hr\/en\/wp-json\/wp\/v2\/users\/18"}],"replies":[{"embeddable":true,"href":"https:\/\/aem.hr\/en\/wp-json\/wp\/v2\/comments?post=21031"}],"version-history":[{"count":1,"href":"https:\/\/aem.hr\/en\/wp-json\/wp\/v2\/pages\/21031\/revisions"}],"predecessor-version":[{"id":21041,"href":"https:\/\/aem.hr\/en\/wp-json\/wp\/v2\/pages\/21031\/revisions\/21041"}],"wp:attachment":[{"href":"https:\/\/aem.hr\/en\/wp-json\/wp\/v2\/media?parent=21031"}],"curies":[{"name":"wp","href":"https:\/\/api.w.org\/{rel}","templated":true}]}}