{"id":21043,"date":"2025-03-12T12:57:33","date_gmt":"2025-03-12T11:57:33","guid":{"rendered":"http:\/\/aem.hr\/?page_id=21043"},"modified":"2025-03-12T12:57:34","modified_gmt":"2025-03-12T11:57:34","slug":"plamenko-cvitic-jeste-li-vi-normalni-detabuizacija-psihickih-bolesti-u-hrvatskoj","status":"publish","type":"page","link":"https:\/\/aem.hr\/en\/plamenko-cvitic-jeste-li-vi-normalni-detabuizacija-psihickih-bolesti-u-hrvatskoj\/","title":{"rendered":"Plamenko Cviti\u0107 &#8211; &#8220;Jeste li vi normalni?&#8221; &#8211; detabuizacija psihi\u010dkih bolesti u Hrvatskoj"},"content":{"rendered":"\n<div class=\"wp-block-file\"><a id=\"wp-block-file--media-747eda88-2520-4e62-bbd9-1f5c2b219ac2\" href=\"https:\/\/aem.hr\/wp-content\/uploads\/2025\/03\/1.-Detabuizacija-psihickih-bolesti-u-Hrvatskoj.pdf\">1. Detabuizacija psihi\u010dkih bolesti u Hrvatskoj<\/a><a href=\"https:\/\/aem.hr\/wp-content\/uploads\/2025\/03\/1.-Detabuizacija-psihickih-bolesti-u-Hrvatskoj.pdf\" class=\"wp-block-file__button wp-element-button\" download aria-describedby=\"wp-block-file--media-747eda88-2520-4e62-bbd9-1f5c2b219ac2\">Preuzimanje<\/a><\/div>\n\n\n\n<div class=\"wp-block-file\"><a id=\"wp-block-file--media-9a07fc3c-e5d0-464c-8aa9-b812b7236fe3\" href=\"https:\/\/aem.hr\/wp-content\/uploads\/2025\/03\/2.-Kakvo-je-psihicko-stanje-hrvatske-nacije.pdf\">2. Kakvo je psihi\u010dko stanje hrvatske nacije<\/a><a href=\"https:\/\/aem.hr\/wp-content\/uploads\/2025\/03\/2.-Kakvo-je-psihicko-stanje-hrvatske-nacije.pdf\" class=\"wp-block-file__button wp-element-button\" download aria-describedby=\"wp-block-file--media-9a07fc3c-e5d0-464c-8aa9-b812b7236fe3\">Preuzimanje<\/a><\/div>\n\n\n\n<div class=\"wp-block-file\"><a id=\"wp-block-file--media-86b72b98-6319-4a44-b42f-28d97f255c45\" href=\"https:\/\/aem.hr\/wp-content\/uploads\/2025\/03\/3.-Raditi-i-biti-psihicki-bolestan.pdf\">3. Raditi i biti psihi\u010dki bolestan<\/a><a href=\"https:\/\/aem.hr\/wp-content\/uploads\/2025\/03\/3.-Raditi-i-biti-psihicki-bolestan.pdf\" class=\"wp-block-file__button wp-element-button\" download aria-describedby=\"wp-block-file--media-86b72b98-6319-4a44-b42f-28d97f255c45\">Preuzimanje<\/a><\/div>\n\n\n\n<div class=\"wp-block-file\"><a id=\"wp-block-file--media-88fdb12b-fe2e-4a3d-a264-7a14359033ba\" href=\"https:\/\/aem.hr\/wp-content\/uploads\/2025\/03\/4.-Ovisnosti-novog-doba.pdf\">4. Ovisnosti novog doba<\/a><a href=\"https:\/\/aem.hr\/wp-content\/uploads\/2025\/03\/4.-Ovisnosti-novog-doba.pdf\" class=\"wp-block-file__button wp-element-button\" download aria-describedby=\"wp-block-file--media-88fdb12b-fe2e-4a3d-a264-7a14359033ba\">Preuzimanje<\/a><\/div>\n\n\n\n<div class=\"wp-block-file\"><a id=\"wp-block-file--media-01406eda-349d-4f36-b983-126cc34f879c\" href=\"https:\/\/aem.hr\/wp-content\/uploads\/2025\/03\/5.-Tretman-psihickih-bolesti-u-medijima.pdf\">5. Tretman psihi\u010dkih bolesti u medijima<\/a><a href=\"https:\/\/aem.hr\/wp-content\/uploads\/2025\/03\/5.-Tretman-psihickih-bolesti-u-medijima.pdf\" class=\"wp-block-file__button wp-element-button\" download aria-describedby=\"wp-block-file--media-01406eda-349d-4f36-b983-126cc34f879c\">Preuzimanje<\/a><\/div>\n\n\n\n<div class=\"wp-block-file\"><a id=\"wp-block-file--media-2c3f3655-d1cd-4dfa-9c23-1832862d5da8\" href=\"https:\/\/aem.hr\/wp-content\/uploads\/2025\/03\/6.-Mentalno-zdravlje-politicara.pdf\">6. Mentalno zdravlje politi\u010dara<\/a><a href=\"https:\/\/aem.hr\/wp-content\/uploads\/2025\/03\/6.-Mentalno-zdravlje-politicara.pdf\" class=\"wp-block-file__button wp-element-button\" download aria-describedby=\"wp-block-file--media-2c3f3655-d1cd-4dfa-9c23-1832862d5da8\">Preuzimanje<\/a><\/div>\n","protected":false},"excerpt":{"rendered":"","protected":false},"author":18,"featured_media":0,"parent":0,"menu_order":0,"comment_status":"closed","ping_status":"closed","template":"","meta":{"_acf_changed":false,"inline_featured_image":false,"advgb_blocks_editor_width":"","advgb_blocks_columns_visual_guide":"","_links_to":"","_links_to_type":0,"footnotes":""},"class_list":["post-21043","page","type-page","status-publish","hentry"],"acf":[],"yoast_head":"<!-- This site is optimized with the Yoast SEO plugin v25.7 - https:\/\/yoast.com\/wordpress\/plugins\/seo\/ -->\n<title>Plamenko Cviti\u0107 - &quot;Jeste li vi normalni?&quot; - detabuizacija psihi\u010dkih bolesti u Hrvatskoj - Agencija za elektroni\u010dke medije<\/title>\n<meta name=\"robots\" content=\"index, follow, max-snippet:-1, max-image-preview:large, max-video-preview:-1\" \/>\n<link rel=\"canonical\" href=\"https:\/\/aem.hr\/plamenko-cvitic-jeste-li-vi-normalni-detabuizacija-psihickih-bolesti-u-hrvatskoj\/\" \/>\n<meta property=\"og:locale\" content=\"en_US\" \/>\n<meta property=\"og:type\" content=\"article\" \/>\n<meta property=\"og:title\" content=\"Plamenko Cviti\u0107 - &quot;Jeste li vi normalni?&quot; - detabuizacija psihi\u010dkih bolesti u Hrvatskoj - Agencija za elektroni\u010dke medije\" \/>\n<meta property=\"og:url\" content=\"https:\/\/aem.hr\/plamenko-cvitic-jeste-li-vi-normalni-detabuizacija-psihickih-bolesti-u-hrvatskoj\/\" \/>\n<meta property=\"og:site_name\" content=\"Agencija za elektroni\u010dke medije\" \/>\n<meta property=\"article:modified_time\" content=\"2025-03-12T11:57:34+00:00\" \/>\n<meta name=\"twitter:card\" content=\"summary_large_image\" \/>\n<meta name=\"twitter:label1\" content=\"Est. reading time\" \/>\n\t<meta name=\"twitter:data1\" content=\"1 minute\" \/>\n<script type=\"application\/ld+json\" class=\"yoast-schema-graph\">{\"@context\":\"https:\/\/schema.org\",\"@graph\":[{\"@type\":\"WebPage\",\"@id\":\"https:\/\/aem.hr\/plamenko-cvitic-jeste-li-vi-normalni-detabuizacija-psihickih-bolesti-u-hrvatskoj\/\",\"url\":\"https:\/\/aem.hr\/plamenko-cvitic-jeste-li-vi-normalni-detabuizacija-psihickih-bolesti-u-hrvatskoj\/\",\"name\":\"Plamenko Cviti\u0107 - \\\"Jeste li vi normalni?\\\" - detabuizacija psihi\u010dkih bolesti u Hrvatskoj - Agencija za elektroni\u010dke medije\",\"isPartOf\":{\"@id\":\"https:\/\/aem.hr\/#website\"},\"datePublished\":\"2025-03-12T11:57:33+00:00\",\"dateModified\":\"2025-03-12T11:57:34+00:00\",\"breadcrumb\":{\"@id\":\"https:\/\/aem.hr\/plamenko-cvitic-jeste-li-vi-normalni-detabuizacija-psihickih-bolesti-u-hrvatskoj\/#breadcrumb\"},\"inLanguage\":\"en-US\",\"potentialAction\":[{\"@type\":\"ReadAction\",\"target\":[\"https:\/\/aem.hr\/plamenko-cvitic-jeste-li-vi-normalni-detabuizacija-psihickih-bolesti-u-hrvatskoj\/\"]}]},{\"@type\":\"BreadcrumbList\",\"@id\":\"https:\/\/aem.hr\/plamenko-cvitic-jeste-li-vi-normalni-detabuizacija-psihickih-bolesti-u-hrvatskoj\/#breadcrumb\",\"itemListElement\":[{\"@type\":\"ListItem\",\"position\":1,\"name\":\"Po\u010detna stranica\",\"item\":\"https:\/\/aem.hr\/\"},{\"@type\":\"ListItem\",\"position\":2,\"name\":\"Plamenko Cviti\u0107 &#8211; &#8220;Jeste li vi normalni?&#8221; &#8211; detabuizacija psihi\u010dkih bolesti u Hrvatskoj\"}]},{\"@type\":\"WebSite\",\"@id\":\"https:\/\/aem.hr\/#website\",\"url\":\"https:\/\/aem.hr\/\",\"name\":\"Agencija za elektroni\u010dke medije\",\"description\":\"\",\"potentialAction\":[{\"@type\":\"SearchAction\",\"target\":{\"@type\":\"EntryPoint\",\"urlTemplate\":\"https:\/\/aem.hr\/?s={search_term_string}\"},\"query-input\":{\"@type\":\"PropertyValueSpecification\",\"valueRequired\":true,\"valueName\":\"search_term_string\"}}],\"inLanguage\":\"en-US\"}]}<\/script>\n<!-- \/ Yoast SEO plugin. -->","yoast_head_json":{"title":"Plamenko Cviti\u0107 - \"Jeste li vi normalni?\" - detabuizacija psihi\u010dkih bolesti u Hrvatskoj - Agencija za elektroni\u010dke medije","robots":{"index":"index","follow":"follow","max-snippet":"max-snippet:-1","max-image-preview":"max-image-preview:large","max-video-preview":"max-video-preview:-1"},"canonical":"https:\/\/aem.hr\/plamenko-cvitic-jeste-li-vi-normalni-detabuizacija-psihickih-bolesti-u-hrvatskoj\/","og_locale":"en_US","og_type":"article","og_title":"Plamenko Cviti\u0107 - \"Jeste li vi normalni?\" - detabuizacija psihi\u010dkih bolesti u Hrvatskoj - Agencija za elektroni\u010dke medije","og_url":"https:\/\/aem.hr\/plamenko-cvitic-jeste-li-vi-normalni-detabuizacija-psihickih-bolesti-u-hrvatskoj\/","og_site_name":"Agencija za elektroni\u010dke medije","article_modified_time":"2025-03-12T11:57:34+00:00","twitter_card":"summary_large_image","twitter_misc":{"Est. reading time":"1 minute"},"schema":{"@context":"https:\/\/schema.org","@graph":[{"@type":"WebPage","@id":"https:\/\/aem.hr\/plamenko-cvitic-jeste-li-vi-normalni-detabuizacija-psihickih-bolesti-u-hrvatskoj\/","url":"https:\/\/aem.hr\/plamenko-cvitic-jeste-li-vi-normalni-detabuizacija-psihickih-bolesti-u-hrvatskoj\/","name":"Plamenko Cviti\u0107 - \"Jeste li vi normalni?\" - detabuizacija psihi\u010dkih bolesti u Hrvatskoj - Agencija za elektroni\u010dke medije","isPartOf":{"@id":"https:\/\/aem.hr\/#website"},"datePublished":"2025-03-12T11:57:33+00:00","dateModified":"2025-03-12T11:57:34+00:00","breadcrumb":{"@id":"https:\/\/aem.hr\/plamenko-cvitic-jeste-li-vi-normalni-detabuizacija-psihickih-bolesti-u-hrvatskoj\/#breadcrumb"},"inLanguage":"en-US","potentialAction":[{"@type":"ReadAction","target":["https:\/\/aem.hr\/plamenko-cvitic-jeste-li-vi-normalni-detabuizacija-psihickih-bolesti-u-hrvatskoj\/"]}]},{"@type":"BreadcrumbList","@id":"https:\/\/aem.hr\/plamenko-cvitic-jeste-li-vi-normalni-detabuizacija-psihickih-bolesti-u-hrvatskoj\/#breadcrumb","itemListElement":[{"@type":"ListItem","position":1,"name":"Po\u010detna stranica","item":"https:\/\/aem.hr\/"},{"@type":"ListItem","position":2,"name":"Plamenko Cviti\u0107 &#8211; &#8220;Jeste li vi normalni?&#8221; &#8211; detabuizacija psihi\u010dkih bolesti u Hrvatskoj"}]},{"@type":"WebSite","@id":"https:\/\/aem.hr\/#website","url":"https:\/\/aem.hr\/","name":"Agencija za elektroni\u010dke medije","description":"","potentialAction":[{"@type":"SearchAction","target":{"@type":"EntryPoint","urlTemplate":"https:\/\/aem.hr\/?s={search_term_string}"},"query-input":{"@type":"PropertyValueSpecification","valueRequired":true,"valueName":"search_term_string"}}],"inLanguage":"en-US"}]}},"coauthors":[],"author_meta":{"author_link":"https:\/\/aem.hr\/en\/blog\/author\/mkirac\/","display_name":"Matko Kirac"},"relative_dates":{"created":"Posted 1 year ago","modified":"Updated 1 year ago"},"absolute_dates":{"created":"Posted on 12. March 2025.","modified":"Updated on 12. March 2025."},"absolute_dates_time":{"created":"Posted on 12. March 2025. 12:57","modified":"Updated on 12. March 2025. 12:57"},"featured_img_caption":"","featured_img":false,"series_order":"","_links":{"self":[{"href":"https:\/\/aem.hr\/en\/wp-json\/wp\/v2\/pages\/21043","targetHints":{"allow":["GET"]}}],"collection":[{"href":"https:\/\/aem.hr\/en\/wp-json\/wp\/v2\/pages"}],"about":[{"href":"https:\/\/aem.hr\/en\/wp-json\/wp\/v2\/types\/page"}],"author":[{"embeddable":true,"href":"https:\/\/aem.hr\/en\/wp-json\/wp\/v2\/users\/18"}],"replies":[{"embeddable":true,"href":"https:\/\/aem.hr\/en\/wp-json\/wp\/v2\/comments?post=21043"}],"version-history":[{"count":1,"href":"https:\/\/aem.hr\/en\/wp-json\/wp\/v2\/pages\/21043\/revisions"}],"predecessor-version":[{"id":21057,"href":"https:\/\/aem.hr\/en\/wp-json\/wp\/v2\/pages\/21043\/revisions\/21057"}],"wp:attachment":[{"href":"https:\/\/aem.hr\/en\/wp-json\/wp\/v2\/media?parent=21043"}],"curies":[{"name":"wp","href":"https:\/\/api.w.org\/{rel}","templated":true}]}}