{"id":21097,"date":"2025-03-12T13:03:16","date_gmt":"2025-03-12T12:03:16","guid":{"rendered":"http:\/\/aem.hr\/?page_id=21097"},"modified":"2025-03-12T13:03:17","modified_gmt":"2025-03-12T12:03:17","slug":"dubravko-jagatic-kriticki-osvrt-na-dominantnu-domacu-ekonomiju-i-instituciju-na-hrvatskoj-glazbenoj-sceni","status":"publish","type":"page","link":"https:\/\/aem.hr\/en\/dubravko-jagatic-kriticki-osvrt-na-dominantnu-domacu-ekonomiju-i-instituciju-na-hrvatskoj-glazbenoj-sceni\/","title":{"rendered":"Dubravko Jagati\u0107 -Kriti\u010dki osvrt na dominantnu doma\u0107u ekonomiju i instituciju na hrvatskoj glazbenoj sceni"},"content":{"rendered":"\n<div class=\"wp-block-file\"><a id=\"wp-block-file--media-fc6236d2-2b73-4625-9a61-7fe85289ba39\" href=\"https:\/\/aem.hr\/wp-content\/uploads\/2025\/03\/01.-Zasto-slusatelji-u-Hrvatskoj-nemaju-pojma-sto-se-slusa.pdf\">1. Za\u0161to slu\u0161atelji u Hrvatskoj nemaju pojma \u0161to se slu\u0161a<\/a><a href=\"https:\/\/aem.hr\/wp-content\/uploads\/2025\/03\/01.-Zasto-slusatelji-u-Hrvatskoj-nemaju-pojma-sto-se-slusa.pdf\" class=\"wp-block-file__button wp-element-button\" download aria-describedby=\"wp-block-file--media-fc6236d2-2b73-4625-9a61-7fe85289ba39\">Preuzimanje<\/a><\/div>\n\n\n\n<div class=\"wp-block-file\"><a id=\"wp-block-file--media-b0033f0e-b3b3-422a-b6c5-defa7431b509\" href=\"https:\/\/aem.hr\/wp-content\/uploads\/2025\/03\/02.-Formatirane-radio-stanice-su-kocnica-razvoja-domace-pop-rock.pdf\">2. Formatirane radio stanice su ko\u010dnica razvoja doma\u0107e pop rock<\/a><a href=\"https:\/\/aem.hr\/wp-content\/uploads\/2025\/03\/02.-Formatirane-radio-stanice-su-kocnica-razvoja-domace-pop-rock.pdf\" class=\"wp-block-file__button wp-element-button\" download aria-describedby=\"wp-block-file--media-b0033f0e-b3b3-422a-b6c5-defa7431b509\">Preuzimanje<\/a><\/div>\n\n\n\n<div class=\"wp-block-file\"><a id=\"wp-block-file--media-1127ffc4-b9e5-48b7-8aea-e5c269bbdf2e\" href=\"https:\/\/aem.hr\/wp-content\/uploads\/2025\/03\/03.-Moze-li-se-zivjeti-od-muzike-u-Hrvatskoj.pdf\">3. Mo\u017ee li se \u017eivjeti od muzike u Hrvatskoj<\/a><a href=\"https:\/\/aem.hr\/wp-content\/uploads\/2025\/03\/03.-Moze-li-se-zivjeti-od-muzike-u-Hrvatskoj.pdf\" class=\"wp-block-file__button wp-element-button\" download aria-describedby=\"wp-block-file--media-1127ffc4-b9e5-48b7-8aea-e5c269bbdf2e\">Preuzimanje<\/a><\/div>\n\n\n\n<div class=\"wp-block-file\"><a id=\"wp-block-file--media-8c9674c3-e45e-4197-8170-fc21fa61c66d\" href=\"https:\/\/aem.hr\/wp-content\/uploads\/2025\/03\/04.-Treba-li-Porin-u-mirovinu.pdf\">4. Treba li Porin u mirovinu<\/a><a href=\"https:\/\/aem.hr\/wp-content\/uploads\/2025\/03\/04.-Treba-li-Porin-u-mirovinu.pdf\" class=\"wp-block-file__button wp-element-button\" download aria-describedby=\"wp-block-file--media-8c9674c3-e45e-4197-8170-fc21fa61c66d\">Preuzimanje<\/a><\/div>\n\n\n\n<div class=\"wp-block-file\"><a id=\"wp-block-file--media-9349e7d1-641c-4240-bcac-3fe64db6784e\" href=\"https:\/\/aem.hr\/wp-content\/uploads\/2025\/03\/04.II-Treba-li-Porin-u-mirovinu.pdf\">4.II Treba li Porin u mirovinu<\/a><a href=\"https:\/\/aem.hr\/wp-content\/uploads\/2025\/03\/04.II-Treba-li-Porin-u-mirovinu.pdf\" class=\"wp-block-file__button wp-element-button\" download aria-describedby=\"wp-block-file--media-9349e7d1-641c-4240-bcac-3fe64db6784e\">Preuzimanje<\/a><\/div>\n\n\n\n<div class=\"wp-block-file\"><a id=\"wp-block-file--media-d9b45add-802a-4477-96d8-2691216e1ba6\" href=\"https:\/\/aem.hr\/wp-content\/uploads\/2025\/03\/05.-Zasto-je-sa-scene-nestao-bunt.pdf\">5. Za\u0161to je sa scene nestao bunt<\/a><a href=\"https:\/\/aem.hr\/wp-content\/uploads\/2025\/03\/05.-Zasto-je-sa-scene-nestao-bunt.pdf\" class=\"wp-block-file__button wp-element-button\" download aria-describedby=\"wp-block-file--media-d9b45add-802a-4477-96d8-2691216e1ba6\">Preuzimanje<\/a><\/div>\n\n\n\n<div class=\"wp-block-file\"><a id=\"wp-block-file--media-165ff38e-6c39-4a56-afed-01ab9caba199\" href=\"https:\/\/aem.hr\/wp-content\/uploads\/2025\/03\/06.-Muzika-za-gluhe-slijepe-i-nijeme-urednike-HRT.pdf\">6. Muzika za gluhe, slijepe i nijeme urednike HRT<\/a><a href=\"https:\/\/aem.hr\/wp-content\/uploads\/2025\/03\/06.-Muzika-za-gluhe-slijepe-i-nijeme-urednike-HRT.pdf\" class=\"wp-block-file__button wp-element-button\" download aria-describedby=\"wp-block-file--media-165ff38e-6c39-4a56-afed-01ab9caba199\">Preuzimanje<\/a><\/div>\n\n\n\n<div class=\"wp-block-file\"><a id=\"wp-block-file--media-2ed4e694-ab96-473e-932f-1ec430a0d09d\" href=\"https:\/\/aem.hr\/wp-content\/uploads\/2025\/03\/07.-Zasto-Zagreb-nema-svoj-jazz-klub.pdf\">7. Za\u0161to Zagreb nema svoj jazz klub<\/a><a href=\"https:\/\/aem.hr\/wp-content\/uploads\/2025\/03\/07.-Zasto-Zagreb-nema-svoj-jazz-klub.pdf\" class=\"wp-block-file__button wp-element-button\" download aria-describedby=\"wp-block-file--media-2ed4e694-ab96-473e-932f-1ec430a0d09d\">Preuzimanje<\/a><\/div>\n\n\n\n<div class=\"wp-block-file\"><a id=\"wp-block-file--media-e5f5e5c3-e187-4c50-bb26-5ffb73018b87\" href=\"https:\/\/aem.hr\/wp-content\/uploads\/2025\/03\/08.-Pa-sto-onda-ako-vise-nema-Kulusica.pdf\">8. Pa \u0161to onda ako vi\u0161e nema Kulu\u0161i\u0107a<\/a><a href=\"https:\/\/aem.hr\/wp-content\/uploads\/2025\/03\/08.-Pa-sto-onda-ako-vise-nema-Kulusica.pdf\" class=\"wp-block-file__button wp-element-button\" download aria-describedby=\"wp-block-file--media-e5f5e5c3-e187-4c50-bb26-5ffb73018b87\">Preuzimanje<\/a><\/div>\n\n\n\n<div class=\"wp-block-file\"><a id=\"wp-block-file--media-26d09fd6-bca7-4d34-8b98-ee348dec547c\" href=\"https:\/\/aem.hr\/wp-content\/uploads\/2025\/03\/09.-Koga-to-sokira-nastup-Lepe-Brene-u-Areni-Zagreb.pdf\">9. Koga to \u0161okira nastup Lepe Brene u Areni Zagreb<\/a><a href=\"https:\/\/aem.hr\/wp-content\/uploads\/2025\/03\/09.-Koga-to-sokira-nastup-Lepe-Brene-u-Areni-Zagreb.pdf\" class=\"wp-block-file__button wp-element-button\" download aria-describedby=\"wp-block-file--media-26d09fd6-bca7-4d34-8b98-ee348dec547c\">Preuzimanje<\/a><\/div>\n\n\n\n<div class=\"wp-block-file\"><a id=\"wp-block-file--media-5087771f-d8a5-4578-8480-de979b64bf43\" href=\"https:\/\/aem.hr\/wp-content\/uploads\/2025\/03\/10.-Kako-odabrati-nasljednika-Baby-Lasagn.pdf\">10. Kako odabrati nasljednika Baby Lasagn<\/a><a href=\"https:\/\/aem.hr\/wp-content\/uploads\/2025\/03\/10.-Kako-odabrati-nasljednika-Baby-Lasagn.pdf\" class=\"wp-block-file__button wp-element-button\" download aria-describedby=\"wp-block-file--media-5087771f-d8a5-4578-8480-de979b64bf43\">Preuzimanje<\/a><\/div>\n","protected":false},"excerpt":{"rendered":"","protected":false},"author":18,"featured_media":0,"parent":0,"menu_order":0,"comment_status":"closed","ping_status":"closed","template":"","meta":{"_acf_changed":false,"inline_featured_image":false,"advgb_blocks_editor_width":"","advgb_blocks_columns_visual_guide":"","_links_to":"","_links_to_type":0,"footnotes":""},"class_list":["post-21097","page","type-page","status-publish","hentry"],"acf":[],"yoast_head":"<!-- This site is optimized with the Yoast SEO plugin v25.7 - https:\/\/yoast.com\/wordpress\/plugins\/seo\/ -->\n<title>Dubravko Jagati\u0107 -Kriti\u010dki osvrt na dominantnu doma\u0107u ekonomiju i instituciju na hrvatskoj glazbenoj sceni - Agencija za elektroni\u010dke medije<\/title>\n<meta name=\"robots\" content=\"index, follow, max-snippet:-1, max-image-preview:large, max-video-preview:-1\" \/>\n<link rel=\"canonical\" href=\"https:\/\/aem.hr\/dubravko-jagatic-kriticki-osvrt-na-dominantnu-domacu-ekonomiju-i-instituciju-na-hrvatskoj-glazbenoj-sceni\/\" \/>\n<meta property=\"og:locale\" content=\"en_US\" \/>\n<meta property=\"og:type\" content=\"article\" \/>\n<meta property=\"og:title\" content=\"Dubravko Jagati\u0107 -Kriti\u010dki osvrt na dominantnu doma\u0107u ekonomiju i instituciju na hrvatskoj glazbenoj sceni - Agencija za elektroni\u010dke medije\" \/>\n<meta property=\"og:url\" content=\"https:\/\/aem.hr\/dubravko-jagatic-kriticki-osvrt-na-dominantnu-domacu-ekonomiju-i-instituciju-na-hrvatskoj-glazbenoj-sceni\/\" \/>\n<meta property=\"og:site_name\" content=\"Agencija za elektroni\u010dke medije\" \/>\n<meta property=\"article:modified_time\" content=\"2025-03-12T12:03:17+00:00\" \/>\n<meta name=\"twitter:card\" content=\"summary_large_image\" \/>\n<meta name=\"twitter:label1\" content=\"Est. reading time\" \/>\n\t<meta name=\"twitter:data1\" content=\"1 minute\" \/>\n<script type=\"application\/ld+json\" class=\"yoast-schema-graph\">{\"@context\":\"https:\/\/schema.org\",\"@graph\":[{\"@type\":\"WebPage\",\"@id\":\"https:\/\/aem.hr\/dubravko-jagatic-kriticki-osvrt-na-dominantnu-domacu-ekonomiju-i-instituciju-na-hrvatskoj-glazbenoj-sceni\/\",\"url\":\"https:\/\/aem.hr\/dubravko-jagatic-kriticki-osvrt-na-dominantnu-domacu-ekonomiju-i-instituciju-na-hrvatskoj-glazbenoj-sceni\/\",\"name\":\"Dubravko Jagati\u0107 -Kriti\u010dki osvrt na dominantnu doma\u0107u ekonomiju i instituciju na hrvatskoj glazbenoj sceni - Agencija za elektroni\u010dke medije\",\"isPartOf\":{\"@id\":\"https:\/\/aem.hr\/#website\"},\"datePublished\":\"2025-03-12T12:03:16+00:00\",\"dateModified\":\"2025-03-12T12:03:17+00:00\",\"breadcrumb\":{\"@id\":\"https:\/\/aem.hr\/dubravko-jagatic-kriticki-osvrt-na-dominantnu-domacu-ekonomiju-i-instituciju-na-hrvatskoj-glazbenoj-sceni\/#breadcrumb\"},\"inLanguage\":\"en-US\",\"potentialAction\":[{\"@type\":\"ReadAction\",\"target\":[\"https:\/\/aem.hr\/dubravko-jagatic-kriticki-osvrt-na-dominantnu-domacu-ekonomiju-i-instituciju-na-hrvatskoj-glazbenoj-sceni\/\"]}]},{\"@type\":\"BreadcrumbList\",\"@id\":\"https:\/\/aem.hr\/dubravko-jagatic-kriticki-osvrt-na-dominantnu-domacu-ekonomiju-i-instituciju-na-hrvatskoj-glazbenoj-sceni\/#breadcrumb\",\"itemListElement\":[{\"@type\":\"ListItem\",\"position\":1,\"name\":\"Po\u010detna stranica\",\"item\":\"https:\/\/aem.hr\/\"},{\"@type\":\"ListItem\",\"position\":2,\"name\":\"Dubravko Jagati\u0107 -Kriti\u010dki osvrt na dominantnu doma\u0107u ekonomiju i instituciju na hrvatskoj glazbenoj sceni\"}]},{\"@type\":\"WebSite\",\"@id\":\"https:\/\/aem.hr\/#website\",\"url\":\"https:\/\/aem.hr\/\",\"name\":\"Agencija za elektroni\u010dke medije\",\"description\":\"\",\"potentialAction\":[{\"@type\":\"SearchAction\",\"target\":{\"@type\":\"EntryPoint\",\"urlTemplate\":\"https:\/\/aem.hr\/?s={search_term_string}\"},\"query-input\":{\"@type\":\"PropertyValueSpecification\",\"valueRequired\":true,\"valueName\":\"search_term_string\"}}],\"inLanguage\":\"en-US\"}]}<\/script>\n<!-- \/ Yoast SEO plugin. -->","yoast_head_json":{"title":"Dubravko Jagati\u0107 -Kriti\u010dki osvrt na dominantnu doma\u0107u ekonomiju i instituciju na hrvatskoj glazbenoj sceni - Agencija za elektroni\u010dke medije","robots":{"index":"index","follow":"follow","max-snippet":"max-snippet:-1","max-image-preview":"max-image-preview:large","max-video-preview":"max-video-preview:-1"},"canonical":"https:\/\/aem.hr\/dubravko-jagatic-kriticki-osvrt-na-dominantnu-domacu-ekonomiju-i-instituciju-na-hrvatskoj-glazbenoj-sceni\/","og_locale":"en_US","og_type":"article","og_title":"Dubravko Jagati\u0107 -Kriti\u010dki osvrt na dominantnu doma\u0107u ekonomiju i instituciju na hrvatskoj glazbenoj sceni - Agencija za elektroni\u010dke medije","og_url":"https:\/\/aem.hr\/dubravko-jagatic-kriticki-osvrt-na-dominantnu-domacu-ekonomiju-i-instituciju-na-hrvatskoj-glazbenoj-sceni\/","og_site_name":"Agencija za elektroni\u010dke medije","article_modified_time":"2025-03-12T12:03:17+00:00","twitter_card":"summary_large_image","twitter_misc":{"Est. reading time":"1 minute"},"schema":{"@context":"https:\/\/schema.org","@graph":[{"@type":"WebPage","@id":"https:\/\/aem.hr\/dubravko-jagatic-kriticki-osvrt-na-dominantnu-domacu-ekonomiju-i-instituciju-na-hrvatskoj-glazbenoj-sceni\/","url":"https:\/\/aem.hr\/dubravko-jagatic-kriticki-osvrt-na-dominantnu-domacu-ekonomiju-i-instituciju-na-hrvatskoj-glazbenoj-sceni\/","name":"Dubravko Jagati\u0107 -Kriti\u010dki osvrt na dominantnu doma\u0107u ekonomiju i instituciju na hrvatskoj glazbenoj sceni - Agencija za elektroni\u010dke medije","isPartOf":{"@id":"https:\/\/aem.hr\/#website"},"datePublished":"2025-03-12T12:03:16+00:00","dateModified":"2025-03-12T12:03:17+00:00","breadcrumb":{"@id":"https:\/\/aem.hr\/dubravko-jagatic-kriticki-osvrt-na-dominantnu-domacu-ekonomiju-i-instituciju-na-hrvatskoj-glazbenoj-sceni\/#breadcrumb"},"inLanguage":"en-US","potentialAction":[{"@type":"ReadAction","target":["https:\/\/aem.hr\/dubravko-jagatic-kriticki-osvrt-na-dominantnu-domacu-ekonomiju-i-instituciju-na-hrvatskoj-glazbenoj-sceni\/"]}]},{"@type":"BreadcrumbList","@id":"https:\/\/aem.hr\/dubravko-jagatic-kriticki-osvrt-na-dominantnu-domacu-ekonomiju-i-instituciju-na-hrvatskoj-glazbenoj-sceni\/#breadcrumb","itemListElement":[{"@type":"ListItem","position":1,"name":"Po\u010detna stranica","item":"https:\/\/aem.hr\/"},{"@type":"ListItem","position":2,"name":"Dubravko Jagati\u0107 -Kriti\u010dki osvrt na dominantnu doma\u0107u ekonomiju i instituciju na hrvatskoj glazbenoj sceni"}]},{"@type":"WebSite","@id":"https:\/\/aem.hr\/#website","url":"https:\/\/aem.hr\/","name":"Agencija za elektroni\u010dke medije","description":"","potentialAction":[{"@type":"SearchAction","target":{"@type":"EntryPoint","urlTemplate":"https:\/\/aem.hr\/?s={search_term_string}"},"query-input":{"@type":"PropertyValueSpecification","valueRequired":true,"valueName":"search_term_string"}}],"inLanguage":"en-US"}]}},"coauthors":[],"author_meta":{"author_link":"https:\/\/aem.hr\/en\/blog\/author\/mkirac\/","display_name":"Matko Kirac"},"relative_dates":{"created":"Posted 1 year ago","modified":"Updated 1 year ago"},"absolute_dates":{"created":"Posted on 12. March 2025.","modified":"Updated on 12. March 2025."},"absolute_dates_time":{"created":"Posted on 12. March 2025. 13:03","modified":"Updated on 12. March 2025. 13:03"},"featured_img_caption":"","featured_img":false,"series_order":"","_links":{"self":[{"href":"https:\/\/aem.hr\/en\/wp-json\/wp\/v2\/pages\/21097","targetHints":{"allow":["GET"]}}],"collection":[{"href":"https:\/\/aem.hr\/en\/wp-json\/wp\/v2\/pages"}],"about":[{"href":"https:\/\/aem.hr\/en\/wp-json\/wp\/v2\/types\/page"}],"author":[{"embeddable":true,"href":"https:\/\/aem.hr\/en\/wp-json\/wp\/v2\/users\/18"}],"replies":[{"embeddable":true,"href":"https:\/\/aem.hr\/en\/wp-json\/wp\/v2\/comments?post=21097"}],"version-history":[{"count":1,"href":"https:\/\/aem.hr\/en\/wp-json\/wp\/v2\/pages\/21097\/revisions"}],"predecessor-version":[{"id":21121,"href":"https:\/\/aem.hr\/en\/wp-json\/wp\/v2\/pages\/21097\/revisions\/21121"}],"wp:attachment":[{"href":"https:\/\/aem.hr\/en\/wp-json\/wp\/v2\/media?parent=21097"}],"curies":[{"name":"wp","href":"https:\/\/api.w.org\/{rel}","templated":true}]}}