{"id":21122,"date":"2025-03-12T13:04:16","date_gmt":"2025-03-12T12:04:16","guid":{"rendered":"http:\/\/aem.hr\/?page_id=21122"},"modified":"2025-03-12T13:04:37","modified_gmt":"2025-03-12T12:04:37","slug":"ivo-kristic-unatoc-svemu-pobijedih","status":"publish","type":"page","link":"https:\/\/aem.hr\/en\/ivo-kristic-unatoc-svemu-pobijedih\/","title":{"rendered":"Ivo Kri\u0161ti\u0107 &#8211; Unato\u010d svemu pobijedih"},"content":{"rendered":"\n<div class=\"wp-block-file\"><a id=\"wp-block-file--media-ae7cae18-a4f9-448e-81da-32fbbce42056\" href=\"https:\/\/aem.hr\/wp-content\/uploads\/2025\/03\/1.-Svi-paraolimpijci-su-nasi-heroji-a-osvajaci.pdf\">1. Svi paraolimpijci su na\u0161i heroji, a osvaja\u010di<\/a><a href=\"https:\/\/aem.hr\/wp-content\/uploads\/2025\/03\/1.-Svi-paraolimpijci-su-nasi-heroji-a-osvajaci.pdf\" class=\"wp-block-file__button wp-element-button\" download aria-describedby=\"wp-block-file--media-ae7cae18-a4f9-448e-81da-32fbbce42056\">Preuzimanje<\/a><\/div>\n\n\n\n<div class=\"wp-block-file\"><a id=\"wp-block-file--media-903a9886-76d5-4fb2-8eb9-5578e8ce03d7\" href=\"https:\/\/aem.hr\/wp-content\/uploads\/2025\/03\/2.-Idemo-po-medalje.pdf\">2. Idemo po medalje<\/a><a href=\"https:\/\/aem.hr\/wp-content\/uploads\/2025\/03\/2.-Idemo-po-medalje.pdf\" class=\"wp-block-file__button wp-element-button\" download aria-describedby=\"wp-block-file--media-903a9886-76d5-4fb2-8eb9-5578e8ce03d7\">Preuzimanje<\/a><\/div>\n\n\n\n<div class=\"wp-block-file\"><a id=\"wp-block-file--media-6dcfa017-df9f-4aca-aff8-58a4d2d49b66\" href=\"https:\/\/aem.hr\/wp-content\/uploads\/2025\/03\/3.-Unatoc-svemu-pobjedih.pdf\">3.  Unato\u010d svemu pobjedih<\/a><a href=\"https:\/\/aem.hr\/wp-content\/uploads\/2025\/03\/3.-Unatoc-svemu-pobjedih.pdf\" class=\"wp-block-file__button wp-element-button\" download aria-describedby=\"wp-block-file--media-6dcfa017-df9f-4aca-aff8-58a4d2d49b66\">Preuzimanje<\/a><\/div>\n\n\n\n<div class=\"wp-block-file\"><a id=\"wp-block-file--media-a89e281f-7f4a-41e3-b2e9-e953941367d9\" href=\"https:\/\/aem.hr\/wp-content\/uploads\/2025\/03\/4.-Povratak-pobjednika.pdf\">4.  Povratak pobjednika<\/a><a href=\"https:\/\/aem.hr\/wp-content\/uploads\/2025\/03\/4.-Povratak-pobjednika.pdf\" class=\"wp-block-file__button wp-element-button\" download aria-describedby=\"wp-block-file--media-a89e281f-7f4a-41e3-b2e9-e953941367d9\">Preuzimanje<\/a><\/div>\n\n\n\n<div class=\"wp-block-file\"><a id=\"wp-block-file--media-29a58e4c-57d4-42b3-b7cb-f903521b0344\" href=\"https:\/\/aem.hr\/wp-content\/uploads\/2025\/03\/5.-Sport-za-sve-generacije-i-narastaje.pdf\">5.  Sport za sve generacije i nara\u0161taje<\/a><a href=\"https:\/\/aem.hr\/wp-content\/uploads\/2025\/03\/5.-Sport-za-sve-generacije-i-narastaje.pdf\" class=\"wp-block-file__button wp-element-button\" download aria-describedby=\"wp-block-file--media-29a58e4c-57d4-42b3-b7cb-f903521b0344\">Preuzimanje<\/a><\/div>\n\n\n\n<div class=\"wp-block-file\"><a id=\"wp-block-file--media-e16c5a4b-e203-45ae-959a-e742a8e70c2c\" href=\"https:\/\/aem.hr\/wp-content\/uploads\/2025\/03\/6.-Moj-klub-mi-je-najbolji-prijatelj.pdf\">6.  Moj klub mi je najbolji prijatelj<\/a><a href=\"https:\/\/aem.hr\/wp-content\/uploads\/2025\/03\/6.-Moj-klub-mi-je-najbolji-prijatelj.pdf\" class=\"wp-block-file__button wp-element-button\" download aria-describedby=\"wp-block-file--media-e16c5a4b-e203-45ae-959a-e742a8e70c2c\">Preuzimanje<\/a><\/div>\n\n\n\n<div class=\"wp-block-file\"><a id=\"wp-block-file--media-4a8e7b44-60ef-4fb5-8af2-0c4f797a6487\" href=\"https:\/\/aem.hr\/wp-content\/uploads\/2025\/03\/7.-Klub-ravnopravnih.pdf\">7. Klub ravnopravnih<\/a><a href=\"https:\/\/aem.hr\/wp-content\/uploads\/2025\/03\/7.-Klub-ravnopravnih.pdf\" class=\"wp-block-file__button wp-element-button\" download aria-describedby=\"wp-block-file--media-4a8e7b44-60ef-4fb5-8af2-0c4f797a6487\">Preuzimanje<\/a><\/div>\n\n\n\n<div class=\"wp-block-file\"><a id=\"wp-block-file--media-eb7bf6a5-a655-4229-8103-5d0da4902e9e\" href=\"https:\/\/aem.hr\/wp-content\/uploads\/2025\/03\/8.-U-misiji-rusenja-mentalnih-barijera-i-stigmi.pdf\">8.  U misiji ru\u0161enja mentalnih barijera i stigmi<\/a><a href=\"https:\/\/aem.hr\/wp-content\/uploads\/2025\/03\/8.-U-misiji-rusenja-mentalnih-barijera-i-stigmi.pdf\" class=\"wp-block-file__button wp-element-button\" download aria-describedby=\"wp-block-file--media-eb7bf6a5-a655-4229-8103-5d0da4902e9e\">Preuzimanje<\/a><\/div>\n\n\n\n<div class=\"wp-block-file\"><a id=\"wp-block-file--media-c327cbd3-b5f3-4428-8a21-db122820ffb2\" href=\"https:\/\/aem.hr\/wp-content\/uploads\/2025\/03\/9-Dva-brda.pdf\">9 Dva brda<\/a><a href=\"https:\/\/aem.hr\/wp-content\/uploads\/2025\/03\/9-Dva-brda.pdf\" class=\"wp-block-file__button wp-element-button\" download aria-describedby=\"wp-block-file--media-c327cbd3-b5f3-4428-8a21-db122820ffb2\">Preuzimanje<\/a><\/div>\n\n\n\n<p><\/p>\n","protected":false},"excerpt":{"rendered":"","protected":false},"author":18,"featured_media":0,"parent":0,"menu_order":0,"comment_status":"closed","ping_status":"closed","template":"","meta":{"_acf_changed":false,"inline_featured_image":false,"advgb_blocks_editor_width":"","advgb_blocks_columns_visual_guide":"","_links_to":"","_links_to_type":0,"footnotes":""},"class_list":["post-21122","page","type-page","status-publish","hentry"],"acf":[],"yoast_head":"<!-- This site is optimized with the Yoast SEO plugin v25.7 - https:\/\/yoast.com\/wordpress\/plugins\/seo\/ -->\n<title>Ivo Kri\u0161ti\u0107 - Unato\u010d svemu pobijedih - Agencija za elektroni\u010dke medije<\/title>\n<meta name=\"robots\" content=\"index, follow, max-snippet:-1, max-image-preview:large, max-video-preview:-1\" \/>\n<link rel=\"canonical\" href=\"https:\/\/aem.hr\/ivo-kristic-unatoc-svemu-pobijedih\/\" \/>\n<meta property=\"og:locale\" content=\"en_US\" \/>\n<meta property=\"og:type\" content=\"article\" \/>\n<meta property=\"og:title\" content=\"Ivo Kri\u0161ti\u0107 - Unato\u010d svemu pobijedih - Agencija za elektroni\u010dke medije\" \/>\n<meta property=\"og:url\" content=\"https:\/\/aem.hr\/ivo-kristic-unatoc-svemu-pobijedih\/\" \/>\n<meta property=\"og:site_name\" content=\"Agencija za elektroni\u010dke medije\" \/>\n<meta property=\"article:modified_time\" content=\"2025-03-12T12:04:37+00:00\" \/>\n<meta name=\"twitter:card\" content=\"summary_large_image\" \/>\n<meta name=\"twitter:label1\" content=\"Est. reading time\" \/>\n\t<meta name=\"twitter:data1\" content=\"1 minute\" \/>\n<script type=\"application\/ld+json\" class=\"yoast-schema-graph\">{\"@context\":\"https:\/\/schema.org\",\"@graph\":[{\"@type\":\"WebPage\",\"@id\":\"https:\/\/aem.hr\/ivo-kristic-unatoc-svemu-pobijedih\/\",\"url\":\"https:\/\/aem.hr\/ivo-kristic-unatoc-svemu-pobijedih\/\",\"name\":\"Ivo Kri\u0161ti\u0107 - Unato\u010d svemu pobijedih - Agencija za elektroni\u010dke medije\",\"isPartOf\":{\"@id\":\"https:\/\/aem.hr\/#website\"},\"datePublished\":\"2025-03-12T12:04:16+00:00\",\"dateModified\":\"2025-03-12T12:04:37+00:00\",\"breadcrumb\":{\"@id\":\"https:\/\/aem.hr\/ivo-kristic-unatoc-svemu-pobijedih\/#breadcrumb\"},\"inLanguage\":\"en-US\",\"potentialAction\":[{\"@type\":\"ReadAction\",\"target\":[\"https:\/\/aem.hr\/ivo-kristic-unatoc-svemu-pobijedih\/\"]}]},{\"@type\":\"BreadcrumbList\",\"@id\":\"https:\/\/aem.hr\/ivo-kristic-unatoc-svemu-pobijedih\/#breadcrumb\",\"itemListElement\":[{\"@type\":\"ListItem\",\"position\":1,\"name\":\"Po\u010detna stranica\",\"item\":\"https:\/\/aem.hr\/\"},{\"@type\":\"ListItem\",\"position\":2,\"name\":\"Ivo Kri\u0161ti\u0107 &#8211; Unato\u010d svemu pobijedih\"}]},{\"@type\":\"WebSite\",\"@id\":\"https:\/\/aem.hr\/#website\",\"url\":\"https:\/\/aem.hr\/\",\"name\":\"Agencija za elektroni\u010dke medije\",\"description\":\"\",\"potentialAction\":[{\"@type\":\"SearchAction\",\"target\":{\"@type\":\"EntryPoint\",\"urlTemplate\":\"https:\/\/aem.hr\/?s={search_term_string}\"},\"query-input\":{\"@type\":\"PropertyValueSpecification\",\"valueRequired\":true,\"valueName\":\"search_term_string\"}}],\"inLanguage\":\"en-US\"}]}<\/script>\n<!-- \/ Yoast SEO plugin. -->","yoast_head_json":{"title":"Ivo Kri\u0161ti\u0107 - Unato\u010d svemu pobijedih - Agencija za elektroni\u010dke medije","robots":{"index":"index","follow":"follow","max-snippet":"max-snippet:-1","max-image-preview":"max-image-preview:large","max-video-preview":"max-video-preview:-1"},"canonical":"https:\/\/aem.hr\/ivo-kristic-unatoc-svemu-pobijedih\/","og_locale":"en_US","og_type":"article","og_title":"Ivo Kri\u0161ti\u0107 - Unato\u010d svemu pobijedih - Agencija za elektroni\u010dke medije","og_url":"https:\/\/aem.hr\/ivo-kristic-unatoc-svemu-pobijedih\/","og_site_name":"Agencija za elektroni\u010dke medije","article_modified_time":"2025-03-12T12:04:37+00:00","twitter_card":"summary_large_image","twitter_misc":{"Est. reading time":"1 minute"},"schema":{"@context":"https:\/\/schema.org","@graph":[{"@type":"WebPage","@id":"https:\/\/aem.hr\/ivo-kristic-unatoc-svemu-pobijedih\/","url":"https:\/\/aem.hr\/ivo-kristic-unatoc-svemu-pobijedih\/","name":"Ivo Kri\u0161ti\u0107 - Unato\u010d svemu pobijedih - Agencija za elektroni\u010dke medije","isPartOf":{"@id":"https:\/\/aem.hr\/#website"},"datePublished":"2025-03-12T12:04:16+00:00","dateModified":"2025-03-12T12:04:37+00:00","breadcrumb":{"@id":"https:\/\/aem.hr\/ivo-kristic-unatoc-svemu-pobijedih\/#breadcrumb"},"inLanguage":"en-US","potentialAction":[{"@type":"ReadAction","target":["https:\/\/aem.hr\/ivo-kristic-unatoc-svemu-pobijedih\/"]}]},{"@type":"BreadcrumbList","@id":"https:\/\/aem.hr\/ivo-kristic-unatoc-svemu-pobijedih\/#breadcrumb","itemListElement":[{"@type":"ListItem","position":1,"name":"Po\u010detna stranica","item":"https:\/\/aem.hr\/"},{"@type":"ListItem","position":2,"name":"Ivo Kri\u0161ti\u0107 &#8211; Unato\u010d svemu pobijedih"}]},{"@type":"WebSite","@id":"https:\/\/aem.hr\/#website","url":"https:\/\/aem.hr\/","name":"Agencija za elektroni\u010dke medije","description":"","potentialAction":[{"@type":"SearchAction","target":{"@type":"EntryPoint","urlTemplate":"https:\/\/aem.hr\/?s={search_term_string}"},"query-input":{"@type":"PropertyValueSpecification","valueRequired":true,"valueName":"search_term_string"}}],"inLanguage":"en-US"}]}},"coauthors":[],"author_meta":{"author_link":"https:\/\/aem.hr\/en\/blog\/author\/mkirac\/","display_name":"Matko Kirac"},"relative_dates":{"created":"Posted 1 year ago","modified":"Updated 1 year ago"},"absolute_dates":{"created":"Posted on 12. March 2025.","modified":"Updated on 12. March 2025."},"absolute_dates_time":{"created":"Posted on 12. March 2025. 13:04","modified":"Updated on 12. March 2025. 13:04"},"featured_img_caption":"","featured_img":false,"series_order":"","_links":{"self":[{"href":"https:\/\/aem.hr\/en\/wp-json\/wp\/v2\/pages\/21122","targetHints":{"allow":["GET"]}}],"collection":[{"href":"https:\/\/aem.hr\/en\/wp-json\/wp\/v2\/pages"}],"about":[{"href":"https:\/\/aem.hr\/en\/wp-json\/wp\/v2\/types\/page"}],"author":[{"embeddable":true,"href":"https:\/\/aem.hr\/en\/wp-json\/wp\/v2\/users\/18"}],"replies":[{"embeddable":true,"href":"https:\/\/aem.hr\/en\/wp-json\/wp\/v2\/comments?post=21122"}],"version-history":[{"count":2,"href":"https:\/\/aem.hr\/en\/wp-json\/wp\/v2\/pages\/21122\/revisions"}],"predecessor-version":[{"id":21143,"href":"https:\/\/aem.hr\/en\/wp-json\/wp\/v2\/pages\/21122\/revisions\/21143"}],"wp:attachment":[{"href":"https:\/\/aem.hr\/en\/wp-json\/wp\/v2\/media?parent=21122"}],"curies":[{"name":"wp","href":"https:\/\/api.w.org\/{rel}","templated":true}]}}