{"id":21144,"date":"2025-03-12T13:05:59","date_gmt":"2025-03-12T12:05:59","guid":{"rendered":"http:\/\/aem.hr\/?page_id=21144"},"modified":"2025-03-12T13:06:00","modified_gmt":"2025-03-12T12:06:00","slug":"danijel-prerad-industrijska-proslost-siska-nasljede-i-nove-prilike","status":"publish","type":"page","link":"https:\/\/aem.hr\/en\/danijel-prerad-industrijska-proslost-siska-nasljede-i-nove-prilike\/","title":{"rendered":"Danijel Prerad &#8211; Industrijska pro\u0161lost Siska &#8211; naslje\u0111e i nove prilike"},"content":{"rendered":"\n<div class=\"wp-block-file\"><a id=\"wp-block-file--media-095f4319-f43d-4e2a-a879-b683fe5fb8d2\" href=\"https:\/\/aem.hr\/wp-content\/uploads\/2025\/03\/1.-Uzroci-i-posljedice-brze-deindustrijalizacije.pdf\">1. Uzroci i posljedice brze deindustrijalizacije<\/a><a href=\"https:\/\/aem.hr\/wp-content\/uploads\/2025\/03\/1.-Uzroci-i-posljedice-brze-deindustrijalizacije.pdf\" class=\"wp-block-file__button wp-element-button\" download aria-describedby=\"wp-block-file--media-095f4319-f43d-4e2a-a879-b683fe5fb8d2\">Preuzimanje<\/a><\/div>\n\n\n\n<div class=\"wp-block-file\"><a id=\"wp-block-file--media-356d2dcb-cb16-44f5-a02b-2f4a8386d4ee\" href=\"https:\/\/aem.hr\/wp-content\/uploads\/2025\/03\/2.-Kultura-i-sport.pdf\">2. Kultura i sport<\/a><a href=\"https:\/\/aem.hr\/wp-content\/uploads\/2025\/03\/2.-Kultura-i-sport.pdf\" class=\"wp-block-file__button wp-element-button\" download aria-describedby=\"wp-block-file--media-356d2dcb-cb16-44f5-a02b-2f4a8386d4ee\">Preuzimanje<\/a><\/div>\n\n\n\n<div class=\"wp-block-file\"><a id=\"wp-block-file--media-d12574be-f307-45fd-bf7f-509f9c45fcec\" href=\"https:\/\/aem.hr\/wp-content\/uploads\/2025\/03\/3.-Neke-su-nove-prilike-iskoristene.pdf\">3. Neke su nove prilike iskori\u0161tene<\/a><a href=\"https:\/\/aem.hr\/wp-content\/uploads\/2025\/03\/3.-Neke-su-nove-prilike-iskoristene.pdf\" class=\"wp-block-file__button wp-element-button\" download aria-describedby=\"wp-block-file--media-d12574be-f307-45fd-bf7f-509f9c45fcec\">Preuzimanje<\/a><\/div>\n\n\n\n<div class=\"wp-block-file\"><a id=\"wp-block-file--media-5ab27eaa-3838-405a-bba9-9aaf8de7e31d\" href=\"https:\/\/aem.hr\/wp-content\/uploads\/2025\/03\/4.-Primjeri-iskoristavanja-linije.pdf\">4. Primjeri iskori\u0161tavanja linije<\/a><a href=\"https:\/\/aem.hr\/wp-content\/uploads\/2025\/03\/4.-Primjeri-iskoristavanja-linije.pdf\" class=\"wp-block-file__button wp-element-button\" download aria-describedby=\"wp-block-file--media-5ab27eaa-3838-405a-bba9-9aaf8de7e31d\">Preuzimanje<\/a><\/div>\n\n\n\n<div class=\"wp-block-file\"><a id=\"wp-block-file--media-6801b392-e2f0-43f1-b25e-8dab59f52ed9\" href=\"https:\/\/aem.hr\/wp-content\/uploads\/2025\/03\/5.-REvolucija-obrazovanja.pdf\">5. (R)Evolucija obrazovanja<\/a><a href=\"https:\/\/aem.hr\/wp-content\/uploads\/2025\/03\/5.-REvolucija-obrazovanja.pdf\" class=\"wp-block-file__button wp-element-button\" download aria-describedby=\"wp-block-file--media-6801b392-e2f0-43f1-b25e-8dab59f52ed9\">Preuzimanje<\/a><\/div>\n\n\n\n<div class=\"wp-block-file\"><a id=\"wp-block-file--media-9cc5d999-ce33-402b-866c-aa9cbfb7db27\" href=\"https:\/\/aem.hr\/wp-content\/uploads\/2025\/03\/6.-Bez-obzira-na-sve-Sisak.pdf\">6. Bez obzira na sve Sisak<\/a><a href=\"https:\/\/aem.hr\/wp-content\/uploads\/2025\/03\/6.-Bez-obzira-na-sve-Sisak.pdf\" class=\"wp-block-file__button wp-element-button\" download aria-describedby=\"wp-block-file--media-9cc5d999-ce33-402b-866c-aa9cbfb7db27\">Preuzimanje<\/a><\/div>\n","protected":false},"excerpt":{"rendered":"","protected":false},"author":18,"featured_media":0,"parent":0,"menu_order":0,"comment_status":"closed","ping_status":"closed","template":"","meta":{"_acf_changed":false,"inline_featured_image":false,"advgb_blocks_editor_width":"","advgb_blocks_columns_visual_guide":"","_links_to":"","_links_to_type":0,"footnotes":""},"class_list":["post-21144","page","type-page","status-publish","hentry"],"acf":[],"yoast_head":"<!-- This site is optimized with the Yoast SEO plugin v25.7 - https:\/\/yoast.com\/wordpress\/plugins\/seo\/ -->\n<title>Danijel Prerad - Industrijska pro\u0161lost Siska - naslje\u0111e i nove prilike - Agencija za elektroni\u010dke medije<\/title>\n<meta name=\"robots\" content=\"index, follow, max-snippet:-1, max-image-preview:large, max-video-preview:-1\" \/>\n<link rel=\"canonical\" href=\"https:\/\/aem.hr\/danijel-prerad-industrijska-proslost-siska-nasljede-i-nove-prilike\/\" \/>\n<meta property=\"og:locale\" content=\"en_US\" \/>\n<meta property=\"og:type\" content=\"article\" \/>\n<meta property=\"og:title\" content=\"Danijel Prerad - Industrijska pro\u0161lost Siska - naslje\u0111e i nove prilike - Agencija za elektroni\u010dke medije\" \/>\n<meta property=\"og:url\" content=\"https:\/\/aem.hr\/danijel-prerad-industrijska-proslost-siska-nasljede-i-nove-prilike\/\" \/>\n<meta property=\"og:site_name\" content=\"Agencija za elektroni\u010dke medije\" \/>\n<meta property=\"article:modified_time\" content=\"2025-03-12T12:06:00+00:00\" \/>\n<meta name=\"twitter:card\" content=\"summary_large_image\" \/>\n<meta name=\"twitter:label1\" content=\"Est. reading time\" \/>\n\t<meta name=\"twitter:data1\" content=\"1 minute\" \/>\n<script type=\"application\/ld+json\" class=\"yoast-schema-graph\">{\"@context\":\"https:\/\/schema.org\",\"@graph\":[{\"@type\":\"WebPage\",\"@id\":\"https:\/\/aem.hr\/danijel-prerad-industrijska-proslost-siska-nasljede-i-nove-prilike\/\",\"url\":\"https:\/\/aem.hr\/danijel-prerad-industrijska-proslost-siska-nasljede-i-nove-prilike\/\",\"name\":\"Danijel Prerad - Industrijska pro\u0161lost Siska - naslje\u0111e i nove prilike - Agencija za elektroni\u010dke medije\",\"isPartOf\":{\"@id\":\"https:\/\/aem.hr\/#website\"},\"datePublished\":\"2025-03-12T12:05:59+00:00\",\"dateModified\":\"2025-03-12T12:06:00+00:00\",\"breadcrumb\":{\"@id\":\"https:\/\/aem.hr\/danijel-prerad-industrijska-proslost-siska-nasljede-i-nove-prilike\/#breadcrumb\"},\"inLanguage\":\"en-US\",\"potentialAction\":[{\"@type\":\"ReadAction\",\"target\":[\"https:\/\/aem.hr\/danijel-prerad-industrijska-proslost-siska-nasljede-i-nove-prilike\/\"]}]},{\"@type\":\"BreadcrumbList\",\"@id\":\"https:\/\/aem.hr\/danijel-prerad-industrijska-proslost-siska-nasljede-i-nove-prilike\/#breadcrumb\",\"itemListElement\":[{\"@type\":\"ListItem\",\"position\":1,\"name\":\"Po\u010detna stranica\",\"item\":\"https:\/\/aem.hr\/\"},{\"@type\":\"ListItem\",\"position\":2,\"name\":\"Danijel Prerad &#8211; Industrijska pro\u0161lost Siska &#8211; naslje\u0111e i nove prilike\"}]},{\"@type\":\"WebSite\",\"@id\":\"https:\/\/aem.hr\/#website\",\"url\":\"https:\/\/aem.hr\/\",\"name\":\"Agencija za elektroni\u010dke medije\",\"description\":\"\",\"potentialAction\":[{\"@type\":\"SearchAction\",\"target\":{\"@type\":\"EntryPoint\",\"urlTemplate\":\"https:\/\/aem.hr\/?s={search_term_string}\"},\"query-input\":{\"@type\":\"PropertyValueSpecification\",\"valueRequired\":true,\"valueName\":\"search_term_string\"}}],\"inLanguage\":\"en-US\"}]}<\/script>\n<!-- \/ Yoast SEO plugin. -->","yoast_head_json":{"title":"Danijel Prerad - Industrijska pro\u0161lost Siska - naslje\u0111e i nove prilike - Agencija za elektroni\u010dke medije","robots":{"index":"index","follow":"follow","max-snippet":"max-snippet:-1","max-image-preview":"max-image-preview:large","max-video-preview":"max-video-preview:-1"},"canonical":"https:\/\/aem.hr\/danijel-prerad-industrijska-proslost-siska-nasljede-i-nove-prilike\/","og_locale":"en_US","og_type":"article","og_title":"Danijel Prerad - Industrijska pro\u0161lost Siska - naslje\u0111e i nove prilike - Agencija za elektroni\u010dke medije","og_url":"https:\/\/aem.hr\/danijel-prerad-industrijska-proslost-siska-nasljede-i-nove-prilike\/","og_site_name":"Agencija za elektroni\u010dke medije","article_modified_time":"2025-03-12T12:06:00+00:00","twitter_card":"summary_large_image","twitter_misc":{"Est. reading time":"1 minute"},"schema":{"@context":"https:\/\/schema.org","@graph":[{"@type":"WebPage","@id":"https:\/\/aem.hr\/danijel-prerad-industrijska-proslost-siska-nasljede-i-nove-prilike\/","url":"https:\/\/aem.hr\/danijel-prerad-industrijska-proslost-siska-nasljede-i-nove-prilike\/","name":"Danijel Prerad - Industrijska pro\u0161lost Siska - naslje\u0111e i nove prilike - Agencija za elektroni\u010dke medije","isPartOf":{"@id":"https:\/\/aem.hr\/#website"},"datePublished":"2025-03-12T12:05:59+00:00","dateModified":"2025-03-12T12:06:00+00:00","breadcrumb":{"@id":"https:\/\/aem.hr\/danijel-prerad-industrijska-proslost-siska-nasljede-i-nove-prilike\/#breadcrumb"},"inLanguage":"en-US","potentialAction":[{"@type":"ReadAction","target":["https:\/\/aem.hr\/danijel-prerad-industrijska-proslost-siska-nasljede-i-nove-prilike\/"]}]},{"@type":"BreadcrumbList","@id":"https:\/\/aem.hr\/danijel-prerad-industrijska-proslost-siska-nasljede-i-nove-prilike\/#breadcrumb","itemListElement":[{"@type":"ListItem","position":1,"name":"Po\u010detna stranica","item":"https:\/\/aem.hr\/"},{"@type":"ListItem","position":2,"name":"Danijel Prerad &#8211; Industrijska pro\u0161lost Siska &#8211; naslje\u0111e i nove prilike"}]},{"@type":"WebSite","@id":"https:\/\/aem.hr\/#website","url":"https:\/\/aem.hr\/","name":"Agencija za elektroni\u010dke medije","description":"","potentialAction":[{"@type":"SearchAction","target":{"@type":"EntryPoint","urlTemplate":"https:\/\/aem.hr\/?s={search_term_string}"},"query-input":{"@type":"PropertyValueSpecification","valueRequired":true,"valueName":"search_term_string"}}],"inLanguage":"en-US"}]}},"coauthors":[],"author_meta":{"author_link":"https:\/\/aem.hr\/en\/blog\/author\/mkirac\/","display_name":"Matko Kirac"},"relative_dates":{"created":"Posted 1 year ago","modified":"Updated 1 year ago"},"absolute_dates":{"created":"Posted on 12. March 2025.","modified":"Updated on 12. March 2025."},"absolute_dates_time":{"created":"Posted on 12. March 2025. 13:05","modified":"Updated on 12. March 2025. 13:06"},"featured_img_caption":"","featured_img":false,"series_order":"","_links":{"self":[{"href":"https:\/\/aem.hr\/en\/wp-json\/wp\/v2\/pages\/21144","targetHints":{"allow":["GET"]}}],"collection":[{"href":"https:\/\/aem.hr\/en\/wp-json\/wp\/v2\/pages"}],"about":[{"href":"https:\/\/aem.hr\/en\/wp-json\/wp\/v2\/types\/page"}],"author":[{"embeddable":true,"href":"https:\/\/aem.hr\/en\/wp-json\/wp\/v2\/users\/18"}],"replies":[{"embeddable":true,"href":"https:\/\/aem.hr\/en\/wp-json\/wp\/v2\/comments?post=21144"}],"version-history":[{"count":1,"href":"https:\/\/aem.hr\/en\/wp-json\/wp\/v2\/pages\/21144\/revisions"}],"predecessor-version":[{"id":21154,"href":"https:\/\/aem.hr\/en\/wp-json\/wp\/v2\/pages\/21144\/revisions\/21154"}],"wp:attachment":[{"href":"https:\/\/aem.hr\/en\/wp-json\/wp\/v2\/media?parent=21144"}],"curies":[{"name":"wp","href":"https:\/\/api.w.org\/{rel}","templated":true}]}}