{"id":21205,"date":"2025-03-12T13:50:35","date_gmt":"2025-03-12T12:50:35","guid":{"rendered":"http:\/\/aem.hr\/?page_id=21205"},"modified":"2025-03-12T13:50:36","modified_gmt":"2025-03-12T12:50:36","slug":"inka-maletic-bjelovarsko-bilogorska-zupanija-kao-primjer-dobre-prakse-kako-su-ulaganja-u-zdravstveni-sustav-utjecala-na-kvalitetu-zdravstvene-zastite","status":"publish","type":"page","link":"https:\/\/aem.hr\/en\/inka-maletic-bjelovarsko-bilogorska-zupanija-kao-primjer-dobre-prakse-kako-su-ulaganja-u-zdravstveni-sustav-utjecala-na-kvalitetu-zdravstvene-zastite\/","title":{"rendered":"Inka Maleti\u0107 -Bjelovarsko-bilogorska \u017eupanija kao primjer dobre prakse: Kako su ulaganja u zdravstveni sustav utjecala na kvalitetu zdravstvene za\u0161tite"},"content":{"rendered":"\n<div class=\"wp-block-file\"><a id=\"wp-block-file--media-dc6be59f-51c3-4064-9622-444ea24e3965\" href=\"https:\/\/aem.hr\/wp-content\/uploads\/2025\/03\/1.-Bjelovarsko-bilogorska-zupanija-dobiva-pr.pdf\">1. Bjelovarsko-bilogorska \u017eupanija dobiva pr<\/a><a href=\"https:\/\/aem.hr\/wp-content\/uploads\/2025\/03\/1.-Bjelovarsko-bilogorska-zupanija-dobiva-pr.pdf\" class=\"wp-block-file__button wp-element-button\" download aria-describedby=\"wp-block-file--media-dc6be59f-51c3-4064-9622-444ea24e3965\">Preuzimanje<\/a><\/div>\n\n\n\n<div class=\"wp-block-file\"><a id=\"wp-block-file--media-640c3d2f-3420-43d2-9c18-7ac1052b1019\" href=\"https:\/\/aem.hr\/wp-content\/uploads\/2025\/03\/2.-Vlada-golemi-interes-za-novi-diplomski-studij-sestrinstva.pdf\">2. Vlada golemi interes za novi diplomski studij sestrinstva<\/a><a href=\"https:\/\/aem.hr\/wp-content\/uploads\/2025\/03\/2.-Vlada-golemi-interes-za-novi-diplomski-studij-sestrinstva.pdf\" class=\"wp-block-file__button wp-element-button\" download aria-describedby=\"wp-block-file--media-640c3d2f-3420-43d2-9c18-7ac1052b1019\">Preuzimanje<\/a><\/div>\n\n\n\n<div class=\"wp-block-file\"><a id=\"wp-block-file--media-e500bd03-1092-4f14-9089-e90fed2cf9cf\" href=\"https:\/\/aem.hr\/wp-content\/uploads\/2025\/03\/3.-Ulaganje-u-mentalno-zdravlje_-Za-projekt-Budi-svoj-osi.pdf\">3. Ulaganje u mentalno zdravlje_ Za projekt Budi svoj osi<\/a><a href=\"https:\/\/aem.hr\/wp-content\/uploads\/2025\/03\/3.-Ulaganje-u-mentalno-zdravlje_-Za-projekt-Budi-svoj-osi.pdf\" class=\"wp-block-file__button wp-element-button\" download aria-describedby=\"wp-block-file--media-e500bd03-1092-4f14-9089-e90fed2cf9cf\">Preuzimanje<\/a><\/div>\n\n\n\n<div class=\"wp-block-file\"><a id=\"wp-block-file--media-714722b0-9e03-4525-844b-e8401d0018d0\" href=\"https:\/\/aem.hr\/wp-content\/uploads\/2025\/03\/4.-Nema-kutka-gdje-se-nije-ulagalo_-Veliki-investicijski-val.pdf\">4. Nema kutka gdje se nije ulagalo_ Veliki investicijski val<\/a><a href=\"https:\/\/aem.hr\/wp-content\/uploads\/2025\/03\/4.-Nema-kutka-gdje-se-nije-ulagalo_-Veliki-investicijski-val.pdf\" class=\"wp-block-file__button wp-element-button\" download aria-describedby=\"wp-block-file--media-714722b0-9e03-4525-844b-e8401d0018d0\">Preuzimanje<\/a><\/div>\n\n\n\n<div class=\"wp-block-file\"><a id=\"wp-block-file--media-f4d8ea82-b716-459c-a48f-eb469c46de28\" href=\"https:\/\/aem.hr\/wp-content\/uploads\/2025\/03\/5.-Dan-D-za-hitnu-sluzbu_-Specijalisti-hitne-medicine.pdf\">5. Dan D za hitnu slu\u017ebu_ Specijalisti hitne medicine<\/a><a href=\"https:\/\/aem.hr\/wp-content\/uploads\/2025\/03\/5.-Dan-D-za-hitnu-sluzbu_-Specijalisti-hitne-medicine.pdf\" class=\"wp-block-file__button wp-element-button\" download aria-describedby=\"wp-block-file--media-f4d8ea82-b716-459c-a48f-eb469c46de28\">Preuzimanje<\/a><\/div>\n\n\n\n<div class=\"wp-block-file\"><a id=\"wp-block-file--media-c52d3f8a-4401-4101-86a5-9b4dbea65fd6\" href=\"https:\/\/aem.hr\/wp-content\/uploads\/2025\/03\/6.-Revolucija-u-obrazovanju_-Bjelovarski-Centar.pdf\">6. Revolucija u obrazovanju_ Bjelovarski Centar<\/a><a href=\"https:\/\/aem.hr\/wp-content\/uploads\/2025\/03\/6.-Revolucija-u-obrazovanju_-Bjelovarski-Centar.pdf\" class=\"wp-block-file__button wp-element-button\" download aria-describedby=\"wp-block-file--media-c52d3f8a-4401-4101-86a5-9b4dbea65fd6\">Preuzimanje<\/a><\/div>\n\n\n\n<div class=\"wp-block-file\"><a id=\"wp-block-file--media-26c7f84b-37e1-4121-890a-b37821613b13\" href=\"https:\/\/aem.hr\/wp-content\/uploads\/2025\/03\/7.-Ova-zupanija-moze-se-pohvaliti-odlicnim-odazivom.pdf\">7. Ova \u017eupanija mo\u017ee se pohvaliti odli\u010dnim odazivom<\/a><a href=\"https:\/\/aem.hr\/wp-content\/uploads\/2025\/03\/7.-Ova-zupanija-moze-se-pohvaliti-odlicnim-odazivom.pdf\" class=\"wp-block-file__button wp-element-button\" download aria-describedby=\"wp-block-file--media-26c7f84b-37e1-4121-890a-b37821613b13\">Preuzimanje<\/a><\/div>\n\n\n\n<div class=\"wp-block-file\"><a id=\"wp-block-file--media-b85af376-30f4-4860-a488-7441ca0b8fcd\" href=\"https:\/\/aem.hr\/wp-content\/uploads\/2025\/03\/8.-Sigurnim-koracima-do-uspjeha_-Zupanija-nudi-tri-vazne.pdf\">8. Sigurnim koracima do uspjeha_ \u017dupanija nudi tri va\u017ene<\/a><a href=\"https:\/\/aem.hr\/wp-content\/uploads\/2025\/03\/8.-Sigurnim-koracima-do-uspjeha_-Zupanija-nudi-tri-vazne.pdf\" class=\"wp-block-file__button wp-element-button\" download aria-describedby=\"wp-block-file--media-b85af376-30f4-4860-a488-7441ca0b8fcd\">Preuzimanje<\/a><\/div>\n\n\n\n<div class=\"wp-block-file\"><a id=\"wp-block-file--media-a8edb839-ef73-4a16-8337-c2ecbd60c873\" href=\"https:\/\/aem.hr\/wp-content\/uploads\/2025\/03\/9.-Sistematski-pregledi-otkrivaju-ozbiljne-pri.pdf\">9. Sistematski pregledi otkrivaju ozbiljne pri<\/a><a href=\"https:\/\/aem.hr\/wp-content\/uploads\/2025\/03\/9.-Sistematski-pregledi-otkrivaju-ozbiljne-pri.pdf\" class=\"wp-block-file__button wp-element-button\" download aria-describedby=\"wp-block-file--media-a8edb839-ef73-4a16-8337-c2ecbd60c873\">Preuzimanje<\/a><\/div>\n\n\n\n<div class=\"wp-block-file\"><a id=\"wp-block-file--media-04040236-2cf8-4223-9a17-11c58dd472fa\" href=\"https:\/\/aem.hr\/wp-content\/uploads\/2025\/03\/10.-Od-Amerike-do-Hrvatske_-Baka-Gordana-vec-godinama.pdf\">10. Od Amerike do Hrvatske_ Baka Gordana ve\u0107 godinama<\/a><a href=\"https:\/\/aem.hr\/wp-content\/uploads\/2025\/03\/10.-Od-Amerike-do-Hrvatske_-Baka-Gordana-vec-godinama.pdf\" class=\"wp-block-file__button wp-element-button\" download aria-describedby=\"wp-block-file--media-04040236-2cf8-4223-9a17-11c58dd472fa\">Preuzimanje<\/a><\/div>\n","protected":false},"excerpt":{"rendered":"","protected":false},"author":18,"featured_media":0,"parent":0,"menu_order":0,"comment_status":"closed","ping_status":"closed","template":"","meta":{"_acf_changed":false,"inline_featured_image":false,"advgb_blocks_editor_width":"","advgb_blocks_columns_visual_guide":"","_links_to":"","_links_to_type":0,"footnotes":""},"class_list":["post-21205","page","type-page","status-publish","hentry"],"acf":[],"yoast_head":"<!-- This site is optimized with the Yoast SEO plugin v25.7 - https:\/\/yoast.com\/wordpress\/plugins\/seo\/ -->\n<title>Inka Maleti\u0107 -Bjelovarsko-bilogorska \u017eupanija kao primjer dobre prakse: Kako su ulaganja u zdravstveni sustav utjecala na kvalitetu zdravstvene za\u0161tite - Agencija za elektroni\u010dke medije<\/title>\n<meta name=\"robots\" content=\"index, follow, max-snippet:-1, max-image-preview:large, max-video-preview:-1\" \/>\n<link rel=\"canonical\" href=\"https:\/\/aem.hr\/inka-maletic-bjelovarsko-bilogorska-zupanija-kao-primjer-dobre-prakse-kako-su-ulaganja-u-zdravstveni-sustav-utjecala-na-kvalitetu-zdravstvene-zastite\/\" \/>\n<meta property=\"og:locale\" content=\"en_US\" \/>\n<meta property=\"og:type\" content=\"article\" \/>\n<meta property=\"og:title\" content=\"Inka Maleti\u0107 -Bjelovarsko-bilogorska \u017eupanija kao primjer dobre prakse: Kako su ulaganja u zdravstveni sustav utjecala na kvalitetu zdravstvene za\u0161tite - Agencija za elektroni\u010dke medije\" \/>\n<meta property=\"og:url\" content=\"https:\/\/aem.hr\/inka-maletic-bjelovarsko-bilogorska-zupanija-kao-primjer-dobre-prakse-kako-su-ulaganja-u-zdravstveni-sustav-utjecala-na-kvalitetu-zdravstvene-zastite\/\" \/>\n<meta property=\"og:site_name\" content=\"Agencija za elektroni\u010dke medije\" \/>\n<meta property=\"article:modified_time\" content=\"2025-03-12T12:50:36+00:00\" \/>\n<meta name=\"twitter:card\" content=\"summary_large_image\" \/>\n<meta name=\"twitter:label1\" content=\"Est. reading time\" \/>\n\t<meta name=\"twitter:data1\" content=\"1 minute\" \/>\n<script type=\"application\/ld+json\" class=\"yoast-schema-graph\">{\"@context\":\"https:\/\/schema.org\",\"@graph\":[{\"@type\":\"WebPage\",\"@id\":\"https:\/\/aem.hr\/inka-maletic-bjelovarsko-bilogorska-zupanija-kao-primjer-dobre-prakse-kako-su-ulaganja-u-zdravstveni-sustav-utjecala-na-kvalitetu-zdravstvene-zastite\/\",\"url\":\"https:\/\/aem.hr\/inka-maletic-bjelovarsko-bilogorska-zupanija-kao-primjer-dobre-prakse-kako-su-ulaganja-u-zdravstveni-sustav-utjecala-na-kvalitetu-zdravstvene-zastite\/\",\"name\":\"Inka Maleti\u0107 -Bjelovarsko-bilogorska \u017eupanija kao primjer dobre prakse: Kako su ulaganja u zdravstveni sustav utjecala na kvalitetu zdravstvene za\u0161tite - Agencija za elektroni\u010dke medije\",\"isPartOf\":{\"@id\":\"https:\/\/aem.hr\/#website\"},\"datePublished\":\"2025-03-12T12:50:35+00:00\",\"dateModified\":\"2025-03-12T12:50:36+00:00\",\"breadcrumb\":{\"@id\":\"https:\/\/aem.hr\/inka-maletic-bjelovarsko-bilogorska-zupanija-kao-primjer-dobre-prakse-kako-su-ulaganja-u-zdravstveni-sustav-utjecala-na-kvalitetu-zdravstvene-zastite\/#breadcrumb\"},\"inLanguage\":\"en-US\",\"potentialAction\":[{\"@type\":\"ReadAction\",\"target\":[\"https:\/\/aem.hr\/inka-maletic-bjelovarsko-bilogorska-zupanija-kao-primjer-dobre-prakse-kako-su-ulaganja-u-zdravstveni-sustav-utjecala-na-kvalitetu-zdravstvene-zastite\/\"]}]},{\"@type\":\"BreadcrumbList\",\"@id\":\"https:\/\/aem.hr\/inka-maletic-bjelovarsko-bilogorska-zupanija-kao-primjer-dobre-prakse-kako-su-ulaganja-u-zdravstveni-sustav-utjecala-na-kvalitetu-zdravstvene-zastite\/#breadcrumb\",\"itemListElement\":[{\"@type\":\"ListItem\",\"position\":1,\"name\":\"Po\u010detna stranica\",\"item\":\"https:\/\/aem.hr\/\"},{\"@type\":\"ListItem\",\"position\":2,\"name\":\"Inka Maleti\u0107 -Bjelovarsko-bilogorska \u017eupanija kao primjer dobre prakse: Kako su ulaganja u zdravstveni sustav utjecala na kvalitetu zdravstvene za\u0161tite\"}]},{\"@type\":\"WebSite\",\"@id\":\"https:\/\/aem.hr\/#website\",\"url\":\"https:\/\/aem.hr\/\",\"name\":\"Agencija za elektroni\u010dke medije\",\"description\":\"\",\"potentialAction\":[{\"@type\":\"SearchAction\",\"target\":{\"@type\":\"EntryPoint\",\"urlTemplate\":\"https:\/\/aem.hr\/?s={search_term_string}\"},\"query-input\":{\"@type\":\"PropertyValueSpecification\",\"valueRequired\":true,\"valueName\":\"search_term_string\"}}],\"inLanguage\":\"en-US\"}]}<\/script>\n<!-- \/ Yoast SEO plugin. -->","yoast_head_json":{"title":"Inka Maleti\u0107 -Bjelovarsko-bilogorska \u017eupanija kao primjer dobre prakse: Kako su ulaganja u zdravstveni sustav utjecala na kvalitetu zdravstvene za\u0161tite - Agencija za elektroni\u010dke medije","robots":{"index":"index","follow":"follow","max-snippet":"max-snippet:-1","max-image-preview":"max-image-preview:large","max-video-preview":"max-video-preview:-1"},"canonical":"https:\/\/aem.hr\/inka-maletic-bjelovarsko-bilogorska-zupanija-kao-primjer-dobre-prakse-kako-su-ulaganja-u-zdravstveni-sustav-utjecala-na-kvalitetu-zdravstvene-zastite\/","og_locale":"en_US","og_type":"article","og_title":"Inka Maleti\u0107 -Bjelovarsko-bilogorska \u017eupanija kao primjer dobre prakse: Kako su ulaganja u zdravstveni sustav utjecala na kvalitetu zdravstvene za\u0161tite - Agencija za elektroni\u010dke medije","og_url":"https:\/\/aem.hr\/inka-maletic-bjelovarsko-bilogorska-zupanija-kao-primjer-dobre-prakse-kako-su-ulaganja-u-zdravstveni-sustav-utjecala-na-kvalitetu-zdravstvene-zastite\/","og_site_name":"Agencija za elektroni\u010dke medije","article_modified_time":"2025-03-12T12:50:36+00:00","twitter_card":"summary_large_image","twitter_misc":{"Est. reading time":"1 minute"},"schema":{"@context":"https:\/\/schema.org","@graph":[{"@type":"WebPage","@id":"https:\/\/aem.hr\/inka-maletic-bjelovarsko-bilogorska-zupanija-kao-primjer-dobre-prakse-kako-su-ulaganja-u-zdravstveni-sustav-utjecala-na-kvalitetu-zdravstvene-zastite\/","url":"https:\/\/aem.hr\/inka-maletic-bjelovarsko-bilogorska-zupanija-kao-primjer-dobre-prakse-kako-su-ulaganja-u-zdravstveni-sustav-utjecala-na-kvalitetu-zdravstvene-zastite\/","name":"Inka Maleti\u0107 -Bjelovarsko-bilogorska \u017eupanija kao primjer dobre prakse: Kako su ulaganja u zdravstveni sustav utjecala na kvalitetu zdravstvene za\u0161tite - Agencija za elektroni\u010dke medije","isPartOf":{"@id":"https:\/\/aem.hr\/#website"},"datePublished":"2025-03-12T12:50:35+00:00","dateModified":"2025-03-12T12:50:36+00:00","breadcrumb":{"@id":"https:\/\/aem.hr\/inka-maletic-bjelovarsko-bilogorska-zupanija-kao-primjer-dobre-prakse-kako-su-ulaganja-u-zdravstveni-sustav-utjecala-na-kvalitetu-zdravstvene-zastite\/#breadcrumb"},"inLanguage":"en-US","potentialAction":[{"@type":"ReadAction","target":["https:\/\/aem.hr\/inka-maletic-bjelovarsko-bilogorska-zupanija-kao-primjer-dobre-prakse-kako-su-ulaganja-u-zdravstveni-sustav-utjecala-na-kvalitetu-zdravstvene-zastite\/"]}]},{"@type":"BreadcrumbList","@id":"https:\/\/aem.hr\/inka-maletic-bjelovarsko-bilogorska-zupanija-kao-primjer-dobre-prakse-kako-su-ulaganja-u-zdravstveni-sustav-utjecala-na-kvalitetu-zdravstvene-zastite\/#breadcrumb","itemListElement":[{"@type":"ListItem","position":1,"name":"Po\u010detna stranica","item":"https:\/\/aem.hr\/"},{"@type":"ListItem","position":2,"name":"Inka Maleti\u0107 -Bjelovarsko-bilogorska \u017eupanija kao primjer dobre prakse: Kako su ulaganja u zdravstveni sustav utjecala na kvalitetu zdravstvene za\u0161tite"}]},{"@type":"WebSite","@id":"https:\/\/aem.hr\/#website","url":"https:\/\/aem.hr\/","name":"Agencija za elektroni\u010dke medije","description":"","potentialAction":[{"@type":"SearchAction","target":{"@type":"EntryPoint","urlTemplate":"https:\/\/aem.hr\/?s={search_term_string}"},"query-input":{"@type":"PropertyValueSpecification","valueRequired":true,"valueName":"search_term_string"}}],"inLanguage":"en-US"}]}},"coauthors":[],"author_meta":{"author_link":"https:\/\/aem.hr\/en\/blog\/author\/mkirac\/","display_name":"Matko Kirac"},"relative_dates":{"created":"Posted 1 year ago","modified":"Updated 1 year ago"},"absolute_dates":{"created":"Posted on 12. March 2025.","modified":"Updated on 12. March 2025."},"absolute_dates_time":{"created":"Posted on 12. March 2025. 13:50","modified":"Updated on 12. March 2025. 13:50"},"featured_img_caption":"","featured_img":false,"series_order":"","_links":{"self":[{"href":"https:\/\/aem.hr\/en\/wp-json\/wp\/v2\/pages\/21205","targetHints":{"allow":["GET"]}}],"collection":[{"href":"https:\/\/aem.hr\/en\/wp-json\/wp\/v2\/pages"}],"about":[{"href":"https:\/\/aem.hr\/en\/wp-json\/wp\/v2\/types\/page"}],"author":[{"embeddable":true,"href":"https:\/\/aem.hr\/en\/wp-json\/wp\/v2\/users\/18"}],"replies":[{"embeddable":true,"href":"https:\/\/aem.hr\/en\/wp-json\/wp\/v2\/comments?post=21205"}],"version-history":[{"count":1,"href":"https:\/\/aem.hr\/en\/wp-json\/wp\/v2\/pages\/21205\/revisions"}],"predecessor-version":[{"id":21226,"href":"https:\/\/aem.hr\/en\/wp-json\/wp\/v2\/pages\/21205\/revisions\/21226"}],"wp:attachment":[{"href":"https:\/\/aem.hr\/en\/wp-json\/wp\/v2\/media?parent=21205"}],"curies":[{"name":"wp","href":"https:\/\/api.w.org\/{rel}","templated":true}]}}