{"id":21240,"date":"2025-03-14T13:38:10","date_gmt":"2025-03-14T12:38:10","guid":{"rendered":"http:\/\/aem.hr\/?page_id=21240"},"modified":"2025-03-14T13:38:11","modified_gmt":"2025-03-14T12:38:11","slug":"vlatka-polsak-palatinus-radon-kako-se-hrvatska-bori-protiv-tihog-ubojice","status":"publish","type":"page","link":"https:\/\/aem.hr\/en\/vlatka-polsak-palatinus-radon-kako-se-hrvatska-bori-protiv-tihog-ubojice\/","title":{"rendered":"Vlatka Pol\u0161ak Palatinu\u0161 &#8211; Radon-kako se Hrvatska bori protiv tihog ubojice?"},"content":{"rendered":"\n<div class=\"wp-block-file\"><a id=\"wp-block-file--media-f0c349a6-f9b7-4745-8867-9292ae6f388b\" href=\"https:\/\/aem.hr\/wp-content\/uploads\/2025\/03\/1.-Znate-li-sto-je-radon.pdf\">1. Znate li \u0161to je radon<\/a><a href=\"https:\/\/aem.hr\/wp-content\/uploads\/2025\/03\/1.-Znate-li-sto-je-radon.pdf\" class=\"wp-block-file__button wp-element-button\" download aria-describedby=\"wp-block-file--media-f0c349a6-f9b7-4745-8867-9292ae6f388b\">Preuzimanje<\/a><\/div>\n\n\n\n<div class=\"wp-block-file\"><a id=\"wp-block-file--media-d69f82cc-642d-4df9-95dd-894a2a517cec\" href=\"https:\/\/aem.hr\/wp-content\/uploads\/2025\/03\/2.-Koliko-radioaktivnog-plina-radona-ima.pdf\">2. Koliko radioaktivnog plina radona ima<\/a><a href=\"https:\/\/aem.hr\/wp-content\/uploads\/2025\/03\/2.-Koliko-radioaktivnog-plina-radona-ima.pdf\" class=\"wp-block-file__button wp-element-button\" download aria-describedby=\"wp-block-file--media-d69f82cc-642d-4df9-95dd-894a2a517cec\">Preuzimanje<\/a><\/div>\n\n\n\n<div class=\"wp-block-file\"><a id=\"wp-block-file--media-db750aa6-6fd5-4e51-99e5-97a2f127253c\" href=\"https:\/\/aem.hr\/wp-content\/uploads\/2025\/03\/3.-Radioaktivni-plin-radon-u-Hrvatskoj.pdf\">3. Radioaktivni plin radon u Hrvatskoj<\/a><a href=\"https:\/\/aem.hr\/wp-content\/uploads\/2025\/03\/3.-Radioaktivni-plin-radon-u-Hrvatskoj.pdf\" class=\"wp-block-file__button wp-element-button\" download aria-describedby=\"wp-block-file--media-db750aa6-6fd5-4e51-99e5-97a2f127253c\">Preuzimanje<\/a><\/div>\n\n\n\n<div class=\"wp-block-file\"><a id=\"wp-block-file--media-daa098e5-c586-4d78-873a-8e1c5b948c49\" href=\"https:\/\/aem.hr\/wp-content\/uploads\/2025\/03\/4.-Kako-su-institucije-podbacile.pdf\">4. Kako su institucije podbacile<\/a><a href=\"https:\/\/aem.hr\/wp-content\/uploads\/2025\/03\/4.-Kako-su-institucije-podbacile.pdf\" class=\"wp-block-file__button wp-element-button\" download aria-describedby=\"wp-block-file--media-daa098e5-c586-4d78-873a-8e1c5b948c49\">Preuzimanje<\/a><\/div>\n\n\n\n<div class=\"wp-block-file\"><a id=\"wp-block-file--media-0c99b733-a933-4e2c-bee3-b5ededee28bd\" href=\"https:\/\/aem.hr\/wp-content\/uploads\/2025\/03\/5.-Je-li-vasa-kuca-dom-tihog-ubojice.pdf\">5. Je li va\u0161a ku\u0107a dom &#8216;tihog ubojice&#8217;<\/a><a href=\"https:\/\/aem.hr\/wp-content\/uploads\/2025\/03\/5.-Je-li-vasa-kuca-dom-tihog-ubojice.pdf\" class=\"wp-block-file__button wp-element-button\" download aria-describedby=\"wp-block-file--media-0c99b733-a933-4e2c-bee3-b5ededee28bd\">Preuzimanje<\/a><\/div>\n\n\n\n<div class=\"wp-block-file\"><a id=\"wp-block-file--media-b0f42d3a-f2aa-4907-80f0-784689de62fe\" href=\"https:\/\/aem.hr\/wp-content\/uploads\/2025\/03\/6.-Kako-radioaktivni-plin-radon-utjece-na-zdravlje.pdf\">6. Kako radioaktivni plin radon utje\u010de na zdravlje<\/a><a href=\"https:\/\/aem.hr\/wp-content\/uploads\/2025\/03\/6.-Kako-radioaktivni-plin-radon-utjece-na-zdravlje.pdf\" class=\"wp-block-file__button wp-element-button\" download aria-describedby=\"wp-block-file--media-b0f42d3a-f2aa-4907-80f0-784689de62fe\">Preuzimanje<\/a><\/div>\n\n\n\n<div class=\"wp-block-file\"><a id=\"wp-block-file--media-fc7e418e-db07-4b19-b1d7-beb9cf9105ef\" href=\"https:\/\/aem.hr\/wp-content\/uploads\/2025\/03\/7.-Radioaktivni-radon-u-kuci-ili-zgradi.pdf\">7. Radioaktivni radon u ku\u0107i ili zgradi<\/a><a href=\"https:\/\/aem.hr\/wp-content\/uploads\/2025\/03\/7.-Radioaktivni-radon-u-kuci-ili-zgradi.pdf\" class=\"wp-block-file__button wp-element-button\" download aria-describedby=\"wp-block-file--media-fc7e418e-db07-4b19-b1d7-beb9cf9105ef\">Preuzimanje<\/a><\/div>\n\n\n\n<div class=\"wp-block-file\"><a id=\"wp-block-file--media-78dfff30-cc44-4870-bb4f-01f17b98096f\" href=\"https:\/\/aem.hr\/wp-content\/uploads\/2025\/03\/8.-Slabo-poznate-cinjenice.pdf\">8. Slabo poznate \u010dinjenice<\/a><a href=\"https:\/\/aem.hr\/wp-content\/uploads\/2025\/03\/8.-Slabo-poznate-cinjenice.pdf\" class=\"wp-block-file__button wp-element-button\" download aria-describedby=\"wp-block-file--media-78dfff30-cc44-4870-bb4f-01f17b98096f\">Preuzimanje<\/a><\/div>\n\n\n\n<p><\/p>\n","protected":false},"excerpt":{"rendered":"","protected":false},"author":18,"featured_media":0,"parent":0,"menu_order":0,"comment_status":"closed","ping_status":"closed","template":"","meta":{"_acf_changed":false,"inline_featured_image":false,"advgb_blocks_editor_width":"","advgb_blocks_columns_visual_guide":"","_links_to":"","_links_to_type":0,"footnotes":""},"class_list":["post-21240","page","type-page","status-publish","hentry"],"acf":[],"yoast_head":"<!-- This site is optimized with the Yoast SEO plugin v25.7 - https:\/\/yoast.com\/wordpress\/plugins\/seo\/ -->\n<title>Vlatka Pol\u0161ak Palatinu\u0161 - Radon-kako se Hrvatska bori protiv tihog ubojice? - Agencija za elektroni\u010dke medije<\/title>\n<meta name=\"robots\" content=\"index, follow, max-snippet:-1, max-image-preview:large, max-video-preview:-1\" \/>\n<link rel=\"canonical\" href=\"https:\/\/aem.hr\/vlatka-polsak-palatinus-radon-kako-se-hrvatska-bori-protiv-tihog-ubojice\/\" \/>\n<meta property=\"og:locale\" content=\"en_US\" \/>\n<meta property=\"og:type\" content=\"article\" \/>\n<meta property=\"og:title\" content=\"Vlatka Pol\u0161ak Palatinu\u0161 - Radon-kako se Hrvatska bori protiv tihog ubojice? - Agencija za elektroni\u010dke medije\" \/>\n<meta property=\"og:url\" content=\"https:\/\/aem.hr\/vlatka-polsak-palatinus-radon-kako-se-hrvatska-bori-protiv-tihog-ubojice\/\" \/>\n<meta property=\"og:site_name\" content=\"Agencija za elektroni\u010dke medije\" \/>\n<meta property=\"article:modified_time\" content=\"2025-03-14T12:38:11+00:00\" \/>\n<meta name=\"twitter:card\" content=\"summary_large_image\" \/>\n<meta name=\"twitter:label1\" content=\"Est. reading time\" \/>\n\t<meta name=\"twitter:data1\" content=\"1 minute\" \/>\n<script type=\"application\/ld+json\" class=\"yoast-schema-graph\">{\"@context\":\"https:\/\/schema.org\",\"@graph\":[{\"@type\":\"WebPage\",\"@id\":\"https:\/\/aem.hr\/vlatka-polsak-palatinus-radon-kako-se-hrvatska-bori-protiv-tihog-ubojice\/\",\"url\":\"https:\/\/aem.hr\/vlatka-polsak-palatinus-radon-kako-se-hrvatska-bori-protiv-tihog-ubojice\/\",\"name\":\"Vlatka Pol\u0161ak Palatinu\u0161 - Radon-kako se Hrvatska bori protiv tihog ubojice? - Agencija za elektroni\u010dke medije\",\"isPartOf\":{\"@id\":\"https:\/\/aem.hr\/#website\"},\"datePublished\":\"2025-03-14T12:38:10+00:00\",\"dateModified\":\"2025-03-14T12:38:11+00:00\",\"breadcrumb\":{\"@id\":\"https:\/\/aem.hr\/vlatka-polsak-palatinus-radon-kako-se-hrvatska-bori-protiv-tihog-ubojice\/#breadcrumb\"},\"inLanguage\":\"en-US\",\"potentialAction\":[{\"@type\":\"ReadAction\",\"target\":[\"https:\/\/aem.hr\/vlatka-polsak-palatinus-radon-kako-se-hrvatska-bori-protiv-tihog-ubojice\/\"]}]},{\"@type\":\"BreadcrumbList\",\"@id\":\"https:\/\/aem.hr\/vlatka-polsak-palatinus-radon-kako-se-hrvatska-bori-protiv-tihog-ubojice\/#breadcrumb\",\"itemListElement\":[{\"@type\":\"ListItem\",\"position\":1,\"name\":\"Po\u010detna stranica\",\"item\":\"https:\/\/aem.hr\/\"},{\"@type\":\"ListItem\",\"position\":2,\"name\":\"Vlatka Pol\u0161ak Palatinu\u0161 &#8211; Radon-kako se Hrvatska bori protiv tihog ubojice?\"}]},{\"@type\":\"WebSite\",\"@id\":\"https:\/\/aem.hr\/#website\",\"url\":\"https:\/\/aem.hr\/\",\"name\":\"Agencija za elektroni\u010dke medije\",\"description\":\"\",\"potentialAction\":[{\"@type\":\"SearchAction\",\"target\":{\"@type\":\"EntryPoint\",\"urlTemplate\":\"https:\/\/aem.hr\/?s={search_term_string}\"},\"query-input\":{\"@type\":\"PropertyValueSpecification\",\"valueRequired\":true,\"valueName\":\"search_term_string\"}}],\"inLanguage\":\"en-US\"}]}<\/script>\n<!-- \/ Yoast SEO plugin. -->","yoast_head_json":{"title":"Vlatka Pol\u0161ak Palatinu\u0161 - Radon-kako se Hrvatska bori protiv tihog ubojice? - Agencija za elektroni\u010dke medije","robots":{"index":"index","follow":"follow","max-snippet":"max-snippet:-1","max-image-preview":"max-image-preview:large","max-video-preview":"max-video-preview:-1"},"canonical":"https:\/\/aem.hr\/vlatka-polsak-palatinus-radon-kako-se-hrvatska-bori-protiv-tihog-ubojice\/","og_locale":"en_US","og_type":"article","og_title":"Vlatka Pol\u0161ak Palatinu\u0161 - Radon-kako se Hrvatska bori protiv tihog ubojice? - Agencija za elektroni\u010dke medije","og_url":"https:\/\/aem.hr\/vlatka-polsak-palatinus-radon-kako-se-hrvatska-bori-protiv-tihog-ubojice\/","og_site_name":"Agencija za elektroni\u010dke medije","article_modified_time":"2025-03-14T12:38:11+00:00","twitter_card":"summary_large_image","twitter_misc":{"Est. reading time":"1 minute"},"schema":{"@context":"https:\/\/schema.org","@graph":[{"@type":"WebPage","@id":"https:\/\/aem.hr\/vlatka-polsak-palatinus-radon-kako-se-hrvatska-bori-protiv-tihog-ubojice\/","url":"https:\/\/aem.hr\/vlatka-polsak-palatinus-radon-kako-se-hrvatska-bori-protiv-tihog-ubojice\/","name":"Vlatka Pol\u0161ak Palatinu\u0161 - Radon-kako se Hrvatska bori protiv tihog ubojice? - Agencija za elektroni\u010dke medije","isPartOf":{"@id":"https:\/\/aem.hr\/#website"},"datePublished":"2025-03-14T12:38:10+00:00","dateModified":"2025-03-14T12:38:11+00:00","breadcrumb":{"@id":"https:\/\/aem.hr\/vlatka-polsak-palatinus-radon-kako-se-hrvatska-bori-protiv-tihog-ubojice\/#breadcrumb"},"inLanguage":"en-US","potentialAction":[{"@type":"ReadAction","target":["https:\/\/aem.hr\/vlatka-polsak-palatinus-radon-kako-se-hrvatska-bori-protiv-tihog-ubojice\/"]}]},{"@type":"BreadcrumbList","@id":"https:\/\/aem.hr\/vlatka-polsak-palatinus-radon-kako-se-hrvatska-bori-protiv-tihog-ubojice\/#breadcrumb","itemListElement":[{"@type":"ListItem","position":1,"name":"Po\u010detna stranica","item":"https:\/\/aem.hr\/"},{"@type":"ListItem","position":2,"name":"Vlatka Pol\u0161ak Palatinu\u0161 &#8211; Radon-kako se Hrvatska bori protiv tihog ubojice?"}]},{"@type":"WebSite","@id":"https:\/\/aem.hr\/#website","url":"https:\/\/aem.hr\/","name":"Agencija za elektroni\u010dke medije","description":"","potentialAction":[{"@type":"SearchAction","target":{"@type":"EntryPoint","urlTemplate":"https:\/\/aem.hr\/?s={search_term_string}"},"query-input":{"@type":"PropertyValueSpecification","valueRequired":true,"valueName":"search_term_string"}}],"inLanguage":"en-US"}]}},"coauthors":[],"author_meta":{"author_link":"https:\/\/aem.hr\/en\/blog\/author\/mkirac\/","display_name":"Matko Kirac"},"relative_dates":{"created":"Posted 1 year ago","modified":"Updated 1 year ago"},"absolute_dates":{"created":"Posted on 14. March 2025.","modified":"Updated on 14. March 2025."},"absolute_dates_time":{"created":"Posted on 14. March 2025. 13:38","modified":"Updated on 14. March 2025. 13:38"},"featured_img_caption":"","featured_img":false,"series_order":"","_links":{"self":[{"href":"https:\/\/aem.hr\/en\/wp-json\/wp\/v2\/pages\/21240","targetHints":{"allow":["GET"]}}],"collection":[{"href":"https:\/\/aem.hr\/en\/wp-json\/wp\/v2\/pages"}],"about":[{"href":"https:\/\/aem.hr\/en\/wp-json\/wp\/v2\/types\/page"}],"author":[{"embeddable":true,"href":"https:\/\/aem.hr\/en\/wp-json\/wp\/v2\/users\/18"}],"replies":[{"embeddable":true,"href":"https:\/\/aem.hr\/en\/wp-json\/wp\/v2\/comments?post=21240"}],"version-history":[{"count":1,"href":"https:\/\/aem.hr\/en\/wp-json\/wp\/v2\/pages\/21240\/revisions"}],"predecessor-version":[{"id":21256,"href":"https:\/\/aem.hr\/en\/wp-json\/wp\/v2\/pages\/21240\/revisions\/21256"}],"wp:attachment":[{"href":"https:\/\/aem.hr\/en\/wp-json\/wp\/v2\/media?parent=21240"}],"curies":[{"name":"wp","href":"https:\/\/api.w.org\/{rel}","templated":true}]}}