{"id":21258,"date":"2025-03-14T13:39:55","date_gmt":"2025-03-14T12:39:55","guid":{"rendered":"http:\/\/aem.hr\/?page_id=21258"},"modified":"2025-03-14T13:42:14","modified_gmt":"2025-03-14T12:42:14","slug":"bojan-munjin-globalizam-i-mali-narodi-hoce-li-prezivjeti-hrvati-i-srbi","status":"publish","type":"page","link":"https:\/\/aem.hr\/en\/bojan-munjin-globalizam-i-mali-narodi-hoce-li-prezivjeti-hrvati-i-srbi\/","title":{"rendered":"Bojan Munjin &#8211; Globalizam i mali narodi: Ho\u0107e li pre\u017eivjeti Hrvati i Srbi?"},"content":{"rendered":"\n<div class=\"wp-block-file\"><a id=\"wp-block-file--media-0a8e202f-20fe-4225-b2c2-6ce14406cc2f\" href=\"https:\/\/aem.hr\/wp-content\/uploads\/2025\/03\/1.-Invazija-na-sjecanje.pdf\">1. Invazija na sje\u0107anje<\/a><a href=\"https:\/\/aem.hr\/wp-content\/uploads\/2025\/03\/1.-Invazija-na-sjecanje.pdf\" class=\"wp-block-file__button wp-element-button\" download aria-describedby=\"wp-block-file--media-0a8e202f-20fe-4225-b2c2-6ce14406cc2f\">Preuzimanje<\/a><\/div>\n\n\n\n<div class=\"wp-block-file\"><a id=\"wp-block-file--media-4836c660-4f54-438a-8904-904c892803ee\" href=\"https:\/\/aem.hr\/wp-content\/uploads\/2025\/03\/2.-Bojan-Jovanovic.pdf\">2. Bojan Jovanovi\u0107<\/a><a href=\"https:\/\/aem.hr\/wp-content\/uploads\/2025\/03\/2.-Bojan-Jovanovic.pdf\" class=\"wp-block-file__button wp-element-button\" download aria-describedby=\"wp-block-file--media-4836c660-4f54-438a-8904-904c892803ee\">Preuzimanje<\/a><\/div>\n\n\n\n<div class=\"wp-block-file\"><a id=\"wp-block-file--media-7c5f2611-0141-4f04-a793-05f38112498a\" href=\"https:\/\/aem.hr\/wp-content\/uploads\/2025\/03\/3.-Globalizam-i-sudbina.pdf\">3. Globalizam i sudbina<\/a><a href=\"https:\/\/aem.hr\/wp-content\/uploads\/2025\/03\/3.-Globalizam-i-sudbina.pdf\" class=\"wp-block-file__button wp-element-button\" download aria-describedby=\"wp-block-file--media-7c5f2611-0141-4f04-a793-05f38112498a\">Preuzimanje<\/a><\/div>\n\n\n\n<div class=\"wp-block-file\"><a id=\"wp-block-file--media-fb3aa93d-d967-48ee-bce3-006aaa4d989e\" href=\"https:\/\/aem.hr\/wp-content\/uploads\/2025\/03\/4.-Boris-Beck.pdf\">4. Boris Beck<\/a><a href=\"https:\/\/aem.hr\/wp-content\/uploads\/2025\/03\/4.-Boris-Beck.pdf\" class=\"wp-block-file__button wp-element-button\" download aria-describedby=\"wp-block-file--media-fb3aa93d-d967-48ee-bce3-006aaa4d989e\">Preuzimanje<\/a><\/div>\n\n\n\n<div class=\"wp-block-file\"><a id=\"wp-block-file--media-fa6672b0-1a24-4d72-a1e0-dd7d3bf14023\" href=\"https:\/\/aem.hr\/wp-content\/uploads\/2025\/03\/5.-Mali-narodi-u-doba.pdf\">5. Mali narodi u doba<\/a><a href=\"https:\/\/aem.hr\/wp-content\/uploads\/2025\/03\/5.-Mali-narodi-u-doba.pdf\" class=\"wp-block-file__button wp-element-button\" download aria-describedby=\"wp-block-file--media-fa6672b0-1a24-4d72-a1e0-dd7d3bf14023\">Preuzimanje<\/a><\/div>\n\n\n\n<div class=\"wp-block-file\"><a id=\"wp-block-file--media-3ee07b60-81be-4cc6-9dea-6dafe2519e23\" href=\"https:\/\/aem.hr\/wp-content\/uploads\/2025\/03\/6.-Proslost-identitet-i-odgovornost.pdf\">6. Pro\u0161lost, identitet i odgovornost<\/a><a href=\"https:\/\/aem.hr\/wp-content\/uploads\/2025\/03\/6.-Proslost-identitet-i-odgovornost.pdf\" class=\"wp-block-file__button wp-element-button\" download aria-describedby=\"wp-block-file--media-3ee07b60-81be-4cc6-9dea-6dafe2519e23\">Preuzimanje<\/a><\/div>\n\n\n\n<p><\/p>\n","protected":false},"excerpt":{"rendered":"","protected":false},"author":18,"featured_media":0,"parent":0,"menu_order":0,"comment_status":"closed","ping_status":"closed","template":"","meta":{"_acf_changed":false,"inline_featured_image":false,"advgb_blocks_editor_width":"","advgb_blocks_columns_visual_guide":"","_links_to":"","_links_to_type":0,"footnotes":""},"class_list":["post-21258","page","type-page","status-publish","hentry"],"acf":[],"yoast_head":"<!-- This site is optimized with the Yoast SEO plugin v25.7 - https:\/\/yoast.com\/wordpress\/plugins\/seo\/ -->\n<title>Bojan Munjin - Globalizam i mali narodi: Ho\u0107e li pre\u017eivjeti Hrvati i Srbi? - Agencija za elektroni\u010dke medije<\/title>\n<meta name=\"robots\" content=\"index, follow, max-snippet:-1, max-image-preview:large, max-video-preview:-1\" \/>\n<link rel=\"canonical\" href=\"https:\/\/aem.hr\/bojan-munjin-globalizam-i-mali-narodi-hoce-li-prezivjeti-hrvati-i-srbi\/\" \/>\n<meta property=\"og:locale\" content=\"en_US\" \/>\n<meta property=\"og:type\" content=\"article\" \/>\n<meta property=\"og:title\" content=\"Bojan Munjin - Globalizam i mali narodi: Ho\u0107e li pre\u017eivjeti Hrvati i Srbi? - Agencija za elektroni\u010dke medije\" \/>\n<meta property=\"og:url\" content=\"https:\/\/aem.hr\/bojan-munjin-globalizam-i-mali-narodi-hoce-li-prezivjeti-hrvati-i-srbi\/\" \/>\n<meta property=\"og:site_name\" content=\"Agencija za elektroni\u010dke medije\" \/>\n<meta property=\"article:modified_time\" content=\"2025-03-14T12:42:14+00:00\" \/>\n<meta name=\"twitter:card\" content=\"summary_large_image\" \/>\n<meta name=\"twitter:label1\" content=\"Est. reading time\" \/>\n\t<meta name=\"twitter:data1\" content=\"1 minute\" \/>\n<script type=\"application\/ld+json\" class=\"yoast-schema-graph\">{\"@context\":\"https:\/\/schema.org\",\"@graph\":[{\"@type\":\"WebPage\",\"@id\":\"https:\/\/aem.hr\/bojan-munjin-globalizam-i-mali-narodi-hoce-li-prezivjeti-hrvati-i-srbi\/\",\"url\":\"https:\/\/aem.hr\/bojan-munjin-globalizam-i-mali-narodi-hoce-li-prezivjeti-hrvati-i-srbi\/\",\"name\":\"Bojan Munjin - Globalizam i mali narodi: Ho\u0107e li pre\u017eivjeti Hrvati i Srbi? - Agencija za elektroni\u010dke medije\",\"isPartOf\":{\"@id\":\"https:\/\/aem.hr\/#website\"},\"datePublished\":\"2025-03-14T12:39:55+00:00\",\"dateModified\":\"2025-03-14T12:42:14+00:00\",\"breadcrumb\":{\"@id\":\"https:\/\/aem.hr\/bojan-munjin-globalizam-i-mali-narodi-hoce-li-prezivjeti-hrvati-i-srbi\/#breadcrumb\"},\"inLanguage\":\"en-US\",\"potentialAction\":[{\"@type\":\"ReadAction\",\"target\":[\"https:\/\/aem.hr\/bojan-munjin-globalizam-i-mali-narodi-hoce-li-prezivjeti-hrvati-i-srbi\/\"]}]},{\"@type\":\"BreadcrumbList\",\"@id\":\"https:\/\/aem.hr\/bojan-munjin-globalizam-i-mali-narodi-hoce-li-prezivjeti-hrvati-i-srbi\/#breadcrumb\",\"itemListElement\":[{\"@type\":\"ListItem\",\"position\":1,\"name\":\"Po\u010detna stranica\",\"item\":\"https:\/\/aem.hr\/\"},{\"@type\":\"ListItem\",\"position\":2,\"name\":\"Bojan Munjin &#8211; Globalizam i mali narodi: Ho\u0107e li pre\u017eivjeti Hrvati i Srbi?\"}]},{\"@type\":\"WebSite\",\"@id\":\"https:\/\/aem.hr\/#website\",\"url\":\"https:\/\/aem.hr\/\",\"name\":\"Agencija za elektroni\u010dke medije\",\"description\":\"\",\"potentialAction\":[{\"@type\":\"SearchAction\",\"target\":{\"@type\":\"EntryPoint\",\"urlTemplate\":\"https:\/\/aem.hr\/?s={search_term_string}\"},\"query-input\":{\"@type\":\"PropertyValueSpecification\",\"valueRequired\":true,\"valueName\":\"search_term_string\"}}],\"inLanguage\":\"en-US\"}]}<\/script>\n<!-- \/ Yoast SEO plugin. -->","yoast_head_json":{"title":"Bojan Munjin - Globalizam i mali narodi: Ho\u0107e li pre\u017eivjeti Hrvati i Srbi? - Agencija za elektroni\u010dke medije","robots":{"index":"index","follow":"follow","max-snippet":"max-snippet:-1","max-image-preview":"max-image-preview:large","max-video-preview":"max-video-preview:-1"},"canonical":"https:\/\/aem.hr\/bojan-munjin-globalizam-i-mali-narodi-hoce-li-prezivjeti-hrvati-i-srbi\/","og_locale":"en_US","og_type":"article","og_title":"Bojan Munjin - Globalizam i mali narodi: Ho\u0107e li pre\u017eivjeti Hrvati i Srbi? - Agencija za elektroni\u010dke medije","og_url":"https:\/\/aem.hr\/bojan-munjin-globalizam-i-mali-narodi-hoce-li-prezivjeti-hrvati-i-srbi\/","og_site_name":"Agencija za elektroni\u010dke medije","article_modified_time":"2025-03-14T12:42:14+00:00","twitter_card":"summary_large_image","twitter_misc":{"Est. reading time":"1 minute"},"schema":{"@context":"https:\/\/schema.org","@graph":[{"@type":"WebPage","@id":"https:\/\/aem.hr\/bojan-munjin-globalizam-i-mali-narodi-hoce-li-prezivjeti-hrvati-i-srbi\/","url":"https:\/\/aem.hr\/bojan-munjin-globalizam-i-mali-narodi-hoce-li-prezivjeti-hrvati-i-srbi\/","name":"Bojan Munjin - Globalizam i mali narodi: Ho\u0107e li pre\u017eivjeti Hrvati i Srbi? - Agencija za elektroni\u010dke medije","isPartOf":{"@id":"https:\/\/aem.hr\/#website"},"datePublished":"2025-03-14T12:39:55+00:00","dateModified":"2025-03-14T12:42:14+00:00","breadcrumb":{"@id":"https:\/\/aem.hr\/bojan-munjin-globalizam-i-mali-narodi-hoce-li-prezivjeti-hrvati-i-srbi\/#breadcrumb"},"inLanguage":"en-US","potentialAction":[{"@type":"ReadAction","target":["https:\/\/aem.hr\/bojan-munjin-globalizam-i-mali-narodi-hoce-li-prezivjeti-hrvati-i-srbi\/"]}]},{"@type":"BreadcrumbList","@id":"https:\/\/aem.hr\/bojan-munjin-globalizam-i-mali-narodi-hoce-li-prezivjeti-hrvati-i-srbi\/#breadcrumb","itemListElement":[{"@type":"ListItem","position":1,"name":"Po\u010detna stranica","item":"https:\/\/aem.hr\/"},{"@type":"ListItem","position":2,"name":"Bojan Munjin &#8211; Globalizam i mali narodi: Ho\u0107e li pre\u017eivjeti Hrvati i Srbi?"}]},{"@type":"WebSite","@id":"https:\/\/aem.hr\/#website","url":"https:\/\/aem.hr\/","name":"Agencija za elektroni\u010dke medije","description":"","potentialAction":[{"@type":"SearchAction","target":{"@type":"EntryPoint","urlTemplate":"https:\/\/aem.hr\/?s={search_term_string}"},"query-input":{"@type":"PropertyValueSpecification","valueRequired":true,"valueName":"search_term_string"}}],"inLanguage":"en-US"}]}},"coauthors":[],"author_meta":{"author_link":"https:\/\/aem.hr\/en\/blog\/author\/mkirac\/","display_name":"Matko Kirac"},"relative_dates":{"created":"Posted 1 year ago","modified":"Updated 1 year ago"},"absolute_dates":{"created":"Posted on 14. March 2025.","modified":"Updated on 14. March 2025."},"absolute_dates_time":{"created":"Posted on 14. March 2025. 13:39","modified":"Updated on 14. March 2025. 13:42"},"featured_img_caption":"","featured_img":false,"series_order":"","_links":{"self":[{"href":"https:\/\/aem.hr\/en\/wp-json\/wp\/v2\/pages\/21258","targetHints":{"allow":["GET"]}}],"collection":[{"href":"https:\/\/aem.hr\/en\/wp-json\/wp\/v2\/pages"}],"about":[{"href":"https:\/\/aem.hr\/en\/wp-json\/wp\/v2\/types\/page"}],"author":[{"embeddable":true,"href":"https:\/\/aem.hr\/en\/wp-json\/wp\/v2\/users\/18"}],"replies":[{"embeddable":true,"href":"https:\/\/aem.hr\/en\/wp-json\/wp\/v2\/comments?post=21258"}],"version-history":[{"count":2,"href":"https:\/\/aem.hr\/en\/wp-json\/wp\/v2\/pages\/21258\/revisions"}],"predecessor-version":[{"id":21274,"href":"https:\/\/aem.hr\/en\/wp-json\/wp\/v2\/pages\/21258\/revisions\/21274"}],"wp:attachment":[{"href":"https:\/\/aem.hr\/en\/wp-json\/wp\/v2\/media?parent=21258"}],"curies":[{"name":"wp","href":"https:\/\/api.w.org\/{rel}","templated":true}]}}