{"id":21275,"date":"2025-03-14T13:42:56","date_gmt":"2025-03-14T12:42:56","guid":{"rendered":"http:\/\/aem.hr\/?page_id=21275"},"modified":"2025-03-14T13:42:57","modified_gmt":"2025-03-14T12:42:57","slug":"nina-ozegovic-sjaj-i-bijeda-umjetnickih-donacija-zasto-drzava-ne-voli-svoje-velike-umjetnike-poput-murtica-dzamonje-i-jagode-buic-wuttke","status":"publish","type":"page","link":"https:\/\/aem.hr\/en\/nina-ozegovic-sjaj-i-bijeda-umjetnickih-donacija-zasto-drzava-ne-voli-svoje-velike-umjetnike-poput-murtica-dzamonje-i-jagode-buic-wuttke\/","title":{"rendered":"Nina O\u017eegovi\u0107 &#8211; &#8220;Sjaj i bijeda umjetni\u010dkih donacija: Za\u0161to dr\u017eava ne voli svoje velike umjetnike, poput Murti\u0107a, D\u017eamonje i Jagode Bui\u0107 Wuttke?&#8221;"},"content":{"rendered":"\n<div class=\"wp-block-file\"><a id=\"wp-block-file--media-9d1138d4-9685-426e-96f4-a642024e031a\" href=\"https:\/\/aem.hr\/wp-content\/uploads\/2025\/03\/1.-Sjaj-i-bijeda-umjetnickih-donacija.pdf\">1. Sjaj i bijeda umjetni\u010dkih donacija<\/a><a href=\"https:\/\/aem.hr\/wp-content\/uploads\/2025\/03\/1.-Sjaj-i-bijeda-umjetnickih-donacija.pdf\" class=\"wp-block-file__button wp-element-button\" download aria-describedby=\"wp-block-file--media-9d1138d4-9685-426e-96f4-a642024e031a\">Preuzimanje<\/a><\/div>\n\n\n\n<div class=\"wp-block-file\"><a id=\"wp-block-file--media-52223f17-485a-4ffd-a862-a5389be7a244\" href=\"https:\/\/aem.hr\/wp-content\/uploads\/2025\/03\/2.-Bombasticno-najavljivan-projekt.pdf\">2. Bombasti\u010dno najavljivan projekt<\/a><a href=\"https:\/\/aem.hr\/wp-content\/uploads\/2025\/03\/2.-Bombasticno-najavljivan-projekt.pdf\" class=\"wp-block-file__button wp-element-button\" download aria-describedby=\"wp-block-file--media-52223f17-485a-4ffd-a862-a5389be7a244\">Preuzimanje<\/a><\/div>\n\n\n\n<div class=\"wp-block-file\"><a id=\"wp-block-file--media-0c43c589-ff28-4024-89d2-d157f3e0eb92\" href=\"https:\/\/aem.hr\/wp-content\/uploads\/2025\/03\/3.-Arhiv-Toso-Dabac-izbacena.pdf\">3. Arhiv To\u0161o Dabac izba\u010dena<\/a><a href=\"https:\/\/aem.hr\/wp-content\/uploads\/2025\/03\/3.-Arhiv-Toso-Dabac-izbacena.pdf\" class=\"wp-block-file__button wp-element-button\" download aria-describedby=\"wp-block-file--media-0c43c589-ff28-4024-89d2-d157f3e0eb92\">Preuzimanje<\/a><\/div>\n\n\n\n<div class=\"wp-block-file\"><a id=\"wp-block-file--media-488075a6-40d1-48bf-8074-91422a1b8966\" href=\"https:\/\/aem.hr\/wp-content\/uploads\/2025\/03\/4.-Inicijativa-o-gradnji-Muzeja-Jagode.pdf\">4. Inicijativa o gradnji Muzeja Jagode<\/a><a href=\"https:\/\/aem.hr\/wp-content\/uploads\/2025\/03\/4.-Inicijativa-o-gradnji-Muzeja-Jagode.pdf\" class=\"wp-block-file__button wp-element-button\" download aria-describedby=\"wp-block-file--media-488075a6-40d1-48bf-8074-91422a1b8966\">Preuzimanje<\/a><\/div>\n\n\n\n<div class=\"wp-block-file\"><a id=\"wp-block-file--media-dee16559-9e89-4155-9d75-d1b3c519e94b\" href=\"https:\/\/aem.hr\/wp-content\/uploads\/2025\/03\/5.-Ni-drzava-ni-Grad-Zagreb-nisu.pdf\">5. Ni dr\u017eava ni Grad Zagreb nisu<\/a><a href=\"https:\/\/aem.hr\/wp-content\/uploads\/2025\/03\/5.-Ni-drzava-ni-Grad-Zagreb-nisu.pdf\" class=\"wp-block-file__button wp-element-button\" download aria-describedby=\"wp-block-file--media-dee16559-9e89-4155-9d75-d1b3c519e94b\">Preuzimanje<\/a><\/div>\n\n\n\n<div class=\"wp-block-file\"><a id=\"wp-block-file--media-b4a7ceb2-1d65-4508-b3b4-97be5ae82f46\" href=\"https:\/\/aem.hr\/wp-content\/uploads\/2025\/03\/6.-Umjetnicke-ostavstine-na-cjedilu.pdf\">6. Umjetni\u010dke ostav\u0161tine na cjedilu<\/a><a href=\"https:\/\/aem.hr\/wp-content\/uploads\/2025\/03\/6.-Umjetnicke-ostavstine-na-cjedilu.pdf\" class=\"wp-block-file__button wp-element-button\" download aria-describedby=\"wp-block-file--media-b4a7ceb2-1d65-4508-b3b4-97be5ae82f46\">Preuzimanje<\/a><\/div>\n","protected":false},"excerpt":{"rendered":"","protected":false},"author":18,"featured_media":0,"parent":0,"menu_order":0,"comment_status":"closed","ping_status":"closed","template":"","meta":{"_acf_changed":false,"inline_featured_image":false,"advgb_blocks_editor_width":"","advgb_blocks_columns_visual_guide":"","_links_to":"","_links_to_type":0,"footnotes":""},"class_list":["post-21275","page","type-page","status-publish","hentry"],"acf":[],"yoast_head":"<!-- This site is optimized with the Yoast SEO plugin v25.7 - https:\/\/yoast.com\/wordpress\/plugins\/seo\/ -->\n<title>Nina O\u017eegovi\u0107 - &quot;Sjaj i bijeda umjetni\u010dkih donacija: Za\u0161to dr\u017eava ne voli svoje velike umjetnike, poput Murti\u0107a, D\u017eamonje i Jagode Bui\u0107 Wuttke?&quot; - Agencija za elektroni\u010dke medije<\/title>\n<meta name=\"robots\" content=\"index, follow, max-snippet:-1, max-image-preview:large, max-video-preview:-1\" \/>\n<link rel=\"canonical\" href=\"https:\/\/aem.hr\/nina-ozegovic-sjaj-i-bijeda-umjetnickih-donacija-zasto-drzava-ne-voli-svoje-velike-umjetnike-poput-murtica-dzamonje-i-jagode-buic-wuttke\/\" \/>\n<meta property=\"og:locale\" content=\"en_US\" \/>\n<meta property=\"og:type\" content=\"article\" \/>\n<meta property=\"og:title\" content=\"Nina O\u017eegovi\u0107 - &quot;Sjaj i bijeda umjetni\u010dkih donacija: Za\u0161to dr\u017eava ne voli svoje velike umjetnike, poput Murti\u0107a, D\u017eamonje i Jagode Bui\u0107 Wuttke?&quot; - Agencija za elektroni\u010dke medije\" \/>\n<meta property=\"og:url\" content=\"https:\/\/aem.hr\/nina-ozegovic-sjaj-i-bijeda-umjetnickih-donacija-zasto-drzava-ne-voli-svoje-velike-umjetnike-poput-murtica-dzamonje-i-jagode-buic-wuttke\/\" \/>\n<meta property=\"og:site_name\" content=\"Agencija za elektroni\u010dke medije\" \/>\n<meta property=\"article:modified_time\" content=\"2025-03-14T12:42:57+00:00\" \/>\n<meta name=\"twitter:card\" content=\"summary_large_image\" \/>\n<meta name=\"twitter:label1\" content=\"Est. reading time\" \/>\n\t<meta name=\"twitter:data1\" content=\"1 minute\" \/>\n<script type=\"application\/ld+json\" class=\"yoast-schema-graph\">{\"@context\":\"https:\/\/schema.org\",\"@graph\":[{\"@type\":\"WebPage\",\"@id\":\"https:\/\/aem.hr\/nina-ozegovic-sjaj-i-bijeda-umjetnickih-donacija-zasto-drzava-ne-voli-svoje-velike-umjetnike-poput-murtica-dzamonje-i-jagode-buic-wuttke\/\",\"url\":\"https:\/\/aem.hr\/nina-ozegovic-sjaj-i-bijeda-umjetnickih-donacija-zasto-drzava-ne-voli-svoje-velike-umjetnike-poput-murtica-dzamonje-i-jagode-buic-wuttke\/\",\"name\":\"Nina O\u017eegovi\u0107 - \\\"Sjaj i bijeda umjetni\u010dkih donacija: Za\u0161to dr\u017eava ne voli svoje velike umjetnike, poput Murti\u0107a, D\u017eamonje i Jagode Bui\u0107 Wuttke?\\\" - Agencija za elektroni\u010dke medije\",\"isPartOf\":{\"@id\":\"https:\/\/aem.hr\/#website\"},\"datePublished\":\"2025-03-14T12:42:56+00:00\",\"dateModified\":\"2025-03-14T12:42:57+00:00\",\"breadcrumb\":{\"@id\":\"https:\/\/aem.hr\/nina-ozegovic-sjaj-i-bijeda-umjetnickih-donacija-zasto-drzava-ne-voli-svoje-velike-umjetnike-poput-murtica-dzamonje-i-jagode-buic-wuttke\/#breadcrumb\"},\"inLanguage\":\"en-US\",\"potentialAction\":[{\"@type\":\"ReadAction\",\"target\":[\"https:\/\/aem.hr\/nina-ozegovic-sjaj-i-bijeda-umjetnickih-donacija-zasto-drzava-ne-voli-svoje-velike-umjetnike-poput-murtica-dzamonje-i-jagode-buic-wuttke\/\"]}]},{\"@type\":\"BreadcrumbList\",\"@id\":\"https:\/\/aem.hr\/nina-ozegovic-sjaj-i-bijeda-umjetnickih-donacija-zasto-drzava-ne-voli-svoje-velike-umjetnike-poput-murtica-dzamonje-i-jagode-buic-wuttke\/#breadcrumb\",\"itemListElement\":[{\"@type\":\"ListItem\",\"position\":1,\"name\":\"Po\u010detna stranica\",\"item\":\"https:\/\/aem.hr\/\"},{\"@type\":\"ListItem\",\"position\":2,\"name\":\"Nina O\u017eegovi\u0107 &#8211; &#8220;Sjaj i bijeda umjetni\u010dkih donacija: Za\u0161to dr\u017eava ne voli svoje velike umjetnike, poput Murti\u0107a, D\u017eamonje i Jagode Bui\u0107 Wuttke?&#8221;\"}]},{\"@type\":\"WebSite\",\"@id\":\"https:\/\/aem.hr\/#website\",\"url\":\"https:\/\/aem.hr\/\",\"name\":\"Agencija za elektroni\u010dke medije\",\"description\":\"\",\"potentialAction\":[{\"@type\":\"SearchAction\",\"target\":{\"@type\":\"EntryPoint\",\"urlTemplate\":\"https:\/\/aem.hr\/?s={search_term_string}\"},\"query-input\":{\"@type\":\"PropertyValueSpecification\",\"valueRequired\":true,\"valueName\":\"search_term_string\"}}],\"inLanguage\":\"en-US\"}]}<\/script>\n<!-- \/ Yoast SEO plugin. -->","yoast_head_json":{"title":"Nina O\u017eegovi\u0107 - \"Sjaj i bijeda umjetni\u010dkih donacija: Za\u0161to dr\u017eava ne voli svoje velike umjetnike, poput Murti\u0107a, D\u017eamonje i Jagode Bui\u0107 Wuttke?\" - Agencija za elektroni\u010dke medije","robots":{"index":"index","follow":"follow","max-snippet":"max-snippet:-1","max-image-preview":"max-image-preview:large","max-video-preview":"max-video-preview:-1"},"canonical":"https:\/\/aem.hr\/nina-ozegovic-sjaj-i-bijeda-umjetnickih-donacija-zasto-drzava-ne-voli-svoje-velike-umjetnike-poput-murtica-dzamonje-i-jagode-buic-wuttke\/","og_locale":"en_US","og_type":"article","og_title":"Nina O\u017eegovi\u0107 - \"Sjaj i bijeda umjetni\u010dkih donacija: Za\u0161to dr\u017eava ne voli svoje velike umjetnike, poput Murti\u0107a, D\u017eamonje i Jagode Bui\u0107 Wuttke?\" - Agencija za elektroni\u010dke medije","og_url":"https:\/\/aem.hr\/nina-ozegovic-sjaj-i-bijeda-umjetnickih-donacija-zasto-drzava-ne-voli-svoje-velike-umjetnike-poput-murtica-dzamonje-i-jagode-buic-wuttke\/","og_site_name":"Agencija za elektroni\u010dke medije","article_modified_time":"2025-03-14T12:42:57+00:00","twitter_card":"summary_large_image","twitter_misc":{"Est. reading time":"1 minute"},"schema":{"@context":"https:\/\/schema.org","@graph":[{"@type":"WebPage","@id":"https:\/\/aem.hr\/nina-ozegovic-sjaj-i-bijeda-umjetnickih-donacija-zasto-drzava-ne-voli-svoje-velike-umjetnike-poput-murtica-dzamonje-i-jagode-buic-wuttke\/","url":"https:\/\/aem.hr\/nina-ozegovic-sjaj-i-bijeda-umjetnickih-donacija-zasto-drzava-ne-voli-svoje-velike-umjetnike-poput-murtica-dzamonje-i-jagode-buic-wuttke\/","name":"Nina O\u017eegovi\u0107 - \"Sjaj i bijeda umjetni\u010dkih donacija: Za\u0161to dr\u017eava ne voli svoje velike umjetnike, poput Murti\u0107a, D\u017eamonje i Jagode Bui\u0107 Wuttke?\" - Agencija za elektroni\u010dke medije","isPartOf":{"@id":"https:\/\/aem.hr\/#website"},"datePublished":"2025-03-14T12:42:56+00:00","dateModified":"2025-03-14T12:42:57+00:00","breadcrumb":{"@id":"https:\/\/aem.hr\/nina-ozegovic-sjaj-i-bijeda-umjetnickih-donacija-zasto-drzava-ne-voli-svoje-velike-umjetnike-poput-murtica-dzamonje-i-jagode-buic-wuttke\/#breadcrumb"},"inLanguage":"en-US","potentialAction":[{"@type":"ReadAction","target":["https:\/\/aem.hr\/nina-ozegovic-sjaj-i-bijeda-umjetnickih-donacija-zasto-drzava-ne-voli-svoje-velike-umjetnike-poput-murtica-dzamonje-i-jagode-buic-wuttke\/"]}]},{"@type":"BreadcrumbList","@id":"https:\/\/aem.hr\/nina-ozegovic-sjaj-i-bijeda-umjetnickih-donacija-zasto-drzava-ne-voli-svoje-velike-umjetnike-poput-murtica-dzamonje-i-jagode-buic-wuttke\/#breadcrumb","itemListElement":[{"@type":"ListItem","position":1,"name":"Po\u010detna stranica","item":"https:\/\/aem.hr\/"},{"@type":"ListItem","position":2,"name":"Nina O\u017eegovi\u0107 &#8211; &#8220;Sjaj i bijeda umjetni\u010dkih donacija: Za\u0161to dr\u017eava ne voli svoje velike umjetnike, poput Murti\u0107a, D\u017eamonje i Jagode Bui\u0107 Wuttke?&#8221;"}]},{"@type":"WebSite","@id":"https:\/\/aem.hr\/#website","url":"https:\/\/aem.hr\/","name":"Agencija za elektroni\u010dke medije","description":"","potentialAction":[{"@type":"SearchAction","target":{"@type":"EntryPoint","urlTemplate":"https:\/\/aem.hr\/?s={search_term_string}"},"query-input":{"@type":"PropertyValueSpecification","valueRequired":true,"valueName":"search_term_string"}}],"inLanguage":"en-US"}]}},"coauthors":[],"author_meta":{"author_link":"https:\/\/aem.hr\/en\/blog\/author\/mkirac\/","display_name":"Matko Kirac"},"relative_dates":{"created":"Posted 1 year ago","modified":"Updated 1 year ago"},"absolute_dates":{"created":"Posted on 14. March 2025.","modified":"Updated on 14. March 2025."},"absolute_dates_time":{"created":"Posted on 14. March 2025. 13:42","modified":"Updated on 14. March 2025. 13:42"},"featured_img_caption":"","featured_img":false,"series_order":"","_links":{"self":[{"href":"https:\/\/aem.hr\/en\/wp-json\/wp\/v2\/pages\/21275","targetHints":{"allow":["GET"]}}],"collection":[{"href":"https:\/\/aem.hr\/en\/wp-json\/wp\/v2\/pages"}],"about":[{"href":"https:\/\/aem.hr\/en\/wp-json\/wp\/v2\/types\/page"}],"author":[{"embeddable":true,"href":"https:\/\/aem.hr\/en\/wp-json\/wp\/v2\/users\/18"}],"replies":[{"embeddable":true,"href":"https:\/\/aem.hr\/en\/wp-json\/wp\/v2\/comments?post=21275"}],"version-history":[{"count":1,"href":"https:\/\/aem.hr\/en\/wp-json\/wp\/v2\/pages\/21275\/revisions"}],"predecessor-version":[{"id":21288,"href":"https:\/\/aem.hr\/en\/wp-json\/wp\/v2\/pages\/21275\/revisions\/21288"}],"wp:attachment":[{"href":"https:\/\/aem.hr\/en\/wp-json\/wp\/v2\/media?parent=21275"}],"curies":[{"name":"wp","href":"https:\/\/api.w.org\/{rel}","templated":true}]}}