{"id":21290,"date":"2025-03-14T14:20:04","date_gmt":"2025-03-14T13:20:04","guid":{"rendered":"http:\/\/aem.hr\/?page_id=21290"},"modified":"2025-03-14T14:20:05","modified_gmt":"2025-03-14T13:20:05","slug":"irena-dlaka-obiteljski-smjestaj-nacin-zivota-a-ne-rentijerstvo","status":"publish","type":"page","link":"https:\/\/aem.hr\/en\/irena-dlaka-obiteljski-smjestaj-nacin-zivota-a-ne-rentijerstvo\/","title":{"rendered":"Irena Dlaka &#8211; OBITELJSKI SMJE\u0160TAJ &#8211; na\u010din \u017eivota, a ne rentijerstvo"},"content":{"rendered":"\n<div class=\"wp-block-file\"><a id=\"wp-block-file--media-5c04d9e3-195f-4679-83ff-b93ffe853f8c\" href=\"https:\/\/aem.hr\/wp-content\/uploads\/2025\/03\/1.-Duga-povijest.pdf\">1. Duga povijest<\/a><a href=\"https:\/\/aem.hr\/wp-content\/uploads\/2025\/03\/1.-Duga-povijest.pdf\" class=\"wp-block-file__button wp-element-button\" download aria-describedby=\"wp-block-file--media-5c04d9e3-195f-4679-83ff-b93ffe853f8c\">Preuzimanje<\/a><\/div>\n\n\n\n<div class=\"wp-block-file\"><a id=\"wp-block-file--media-d6ea80a8-00d2-44c5-8585-4d005442dd1c\" href=\"https:\/\/aem.hr\/wp-content\/uploads\/2025\/03\/2.-Odrastanje-s-turistima.pdf\">2. Odrastanje s turistima<\/a><a href=\"https:\/\/aem.hr\/wp-content\/uploads\/2025\/03\/2.-Odrastanje-s-turistima.pdf\" class=\"wp-block-file__button wp-element-button\" download aria-describedby=\"wp-block-file--media-d6ea80a8-00d2-44c5-8585-4d005442dd1c\">Preuzimanje<\/a><\/div>\n\n\n\n<div class=\"wp-block-file\"><a id=\"wp-block-file--media-5b80fb23-bec7-42ea-98e7-62c45f6a90da\" href=\"https:\/\/aem.hr\/wp-content\/uploads\/2025\/03\/3.-Tko-sve-zivi-od.pdf\">3. Tko sve \u017eivi od<\/a><a href=\"https:\/\/aem.hr\/wp-content\/uploads\/2025\/03\/3.-Tko-sve-zivi-od.pdf\" class=\"wp-block-file__button wp-element-button\" download aria-describedby=\"wp-block-file--media-5b80fb23-bec7-42ea-98e7-62c45f6a90da\">Preuzimanje<\/a><\/div>\n\n\n\n<div class=\"wp-block-file\"><a id=\"wp-block-file--media-a0fd9ffc-3f44-4f30-9f90-28128331e85a\" href=\"https:\/\/aem.hr\/wp-content\/uploads\/2025\/03\/4.-Ekologija-otocnih.pdf\">4. Ekologija oto\u010dnih<\/a><a href=\"https:\/\/aem.hr\/wp-content\/uploads\/2025\/03\/4.-Ekologija-otocnih.pdf\" class=\"wp-block-file__button wp-element-button\" download aria-describedby=\"wp-block-file--media-a0fd9ffc-3f44-4f30-9f90-28128331e85a\">Preuzimanje<\/a><\/div>\n\n\n\n<div class=\"wp-block-file\"><a id=\"wp-block-file--media-d9989f99-1a63-48cb-aeed-b0ee60206aea\" href=\"https:\/\/aem.hr\/wp-content\/uploads\/2025\/03\/5.-Buducnost-obiteljskih.pdf\">5. Budu\u0107nost obiteljskih<\/a><a href=\"https:\/\/aem.hr\/wp-content\/uploads\/2025\/03\/5.-Buducnost-obiteljskih.pdf\" class=\"wp-block-file__button wp-element-button\" download aria-describedby=\"wp-block-file--media-d9989f99-1a63-48cb-aeed-b0ee60206aea\">Preuzimanje<\/a><\/div>\n","protected":false},"excerpt":{"rendered":"","protected":false},"author":18,"featured_media":0,"parent":0,"menu_order":0,"comment_status":"closed","ping_status":"closed","template":"","meta":{"_acf_changed":false,"inline_featured_image":false,"advgb_blocks_editor_width":"","advgb_blocks_columns_visual_guide":"","_links_to":"","_links_to_type":0,"footnotes":""},"class_list":["post-21290","page","type-page","status-publish","hentry"],"acf":[],"yoast_head":"<!-- This site is optimized with the Yoast SEO plugin v25.7 - https:\/\/yoast.com\/wordpress\/plugins\/seo\/ -->\n<title>Irena Dlaka - OBITELJSKI SMJE\u0160TAJ - na\u010din \u017eivota, a ne rentijerstvo - Agencija za elektroni\u010dke medije<\/title>\n<meta name=\"robots\" content=\"index, follow, max-snippet:-1, max-image-preview:large, max-video-preview:-1\" \/>\n<link rel=\"canonical\" href=\"https:\/\/aem.hr\/irena-dlaka-obiteljski-smjestaj-nacin-zivota-a-ne-rentijerstvo\/\" \/>\n<meta property=\"og:locale\" content=\"en_US\" \/>\n<meta property=\"og:type\" content=\"article\" \/>\n<meta property=\"og:title\" content=\"Irena Dlaka - OBITELJSKI SMJE\u0160TAJ - na\u010din \u017eivota, a ne rentijerstvo - Agencija za elektroni\u010dke medije\" \/>\n<meta property=\"og:url\" content=\"https:\/\/aem.hr\/irena-dlaka-obiteljski-smjestaj-nacin-zivota-a-ne-rentijerstvo\/\" \/>\n<meta property=\"og:site_name\" content=\"Agencija za elektroni\u010dke medije\" \/>\n<meta property=\"article:modified_time\" content=\"2025-03-14T13:20:05+00:00\" \/>\n<meta name=\"twitter:card\" content=\"summary_large_image\" \/>\n<meta name=\"twitter:label1\" content=\"Est. reading time\" \/>\n\t<meta name=\"twitter:data1\" content=\"1 minute\" \/>\n<script type=\"application\/ld+json\" class=\"yoast-schema-graph\">{\"@context\":\"https:\/\/schema.org\",\"@graph\":[{\"@type\":\"WebPage\",\"@id\":\"https:\/\/aem.hr\/irena-dlaka-obiteljski-smjestaj-nacin-zivota-a-ne-rentijerstvo\/\",\"url\":\"https:\/\/aem.hr\/irena-dlaka-obiteljski-smjestaj-nacin-zivota-a-ne-rentijerstvo\/\",\"name\":\"Irena Dlaka - OBITELJSKI SMJE\u0160TAJ - na\u010din \u017eivota, a ne rentijerstvo - Agencija za elektroni\u010dke medije\",\"isPartOf\":{\"@id\":\"https:\/\/aem.hr\/#website\"},\"datePublished\":\"2025-03-14T13:20:04+00:00\",\"dateModified\":\"2025-03-14T13:20:05+00:00\",\"breadcrumb\":{\"@id\":\"https:\/\/aem.hr\/irena-dlaka-obiteljski-smjestaj-nacin-zivota-a-ne-rentijerstvo\/#breadcrumb\"},\"inLanguage\":\"en-US\",\"potentialAction\":[{\"@type\":\"ReadAction\",\"target\":[\"https:\/\/aem.hr\/irena-dlaka-obiteljski-smjestaj-nacin-zivota-a-ne-rentijerstvo\/\"]}]},{\"@type\":\"BreadcrumbList\",\"@id\":\"https:\/\/aem.hr\/irena-dlaka-obiteljski-smjestaj-nacin-zivota-a-ne-rentijerstvo\/#breadcrumb\",\"itemListElement\":[{\"@type\":\"ListItem\",\"position\":1,\"name\":\"Po\u010detna stranica\",\"item\":\"https:\/\/aem.hr\/\"},{\"@type\":\"ListItem\",\"position\":2,\"name\":\"Irena Dlaka &#8211; OBITELJSKI SMJE\u0160TAJ &#8211; na\u010din \u017eivota, a ne rentijerstvo\"}]},{\"@type\":\"WebSite\",\"@id\":\"https:\/\/aem.hr\/#website\",\"url\":\"https:\/\/aem.hr\/\",\"name\":\"Agencija za elektroni\u010dke medije\",\"description\":\"\",\"potentialAction\":[{\"@type\":\"SearchAction\",\"target\":{\"@type\":\"EntryPoint\",\"urlTemplate\":\"https:\/\/aem.hr\/?s={search_term_string}\"},\"query-input\":{\"@type\":\"PropertyValueSpecification\",\"valueRequired\":true,\"valueName\":\"search_term_string\"}}],\"inLanguage\":\"en-US\"}]}<\/script>\n<!-- \/ Yoast SEO plugin. -->","yoast_head_json":{"title":"Irena Dlaka - OBITELJSKI SMJE\u0160TAJ - na\u010din \u017eivota, a ne rentijerstvo - Agencija za elektroni\u010dke medije","robots":{"index":"index","follow":"follow","max-snippet":"max-snippet:-1","max-image-preview":"max-image-preview:large","max-video-preview":"max-video-preview:-1"},"canonical":"https:\/\/aem.hr\/irena-dlaka-obiteljski-smjestaj-nacin-zivota-a-ne-rentijerstvo\/","og_locale":"en_US","og_type":"article","og_title":"Irena Dlaka - OBITELJSKI SMJE\u0160TAJ - na\u010din \u017eivota, a ne rentijerstvo - Agencija za elektroni\u010dke medije","og_url":"https:\/\/aem.hr\/irena-dlaka-obiteljski-smjestaj-nacin-zivota-a-ne-rentijerstvo\/","og_site_name":"Agencija za elektroni\u010dke medije","article_modified_time":"2025-03-14T13:20:05+00:00","twitter_card":"summary_large_image","twitter_misc":{"Est. reading time":"1 minute"},"schema":{"@context":"https:\/\/schema.org","@graph":[{"@type":"WebPage","@id":"https:\/\/aem.hr\/irena-dlaka-obiteljski-smjestaj-nacin-zivota-a-ne-rentijerstvo\/","url":"https:\/\/aem.hr\/irena-dlaka-obiteljski-smjestaj-nacin-zivota-a-ne-rentijerstvo\/","name":"Irena Dlaka - OBITELJSKI SMJE\u0160TAJ - na\u010din \u017eivota, a ne rentijerstvo - Agencija za elektroni\u010dke medije","isPartOf":{"@id":"https:\/\/aem.hr\/#website"},"datePublished":"2025-03-14T13:20:04+00:00","dateModified":"2025-03-14T13:20:05+00:00","breadcrumb":{"@id":"https:\/\/aem.hr\/irena-dlaka-obiteljski-smjestaj-nacin-zivota-a-ne-rentijerstvo\/#breadcrumb"},"inLanguage":"en-US","potentialAction":[{"@type":"ReadAction","target":["https:\/\/aem.hr\/irena-dlaka-obiteljski-smjestaj-nacin-zivota-a-ne-rentijerstvo\/"]}]},{"@type":"BreadcrumbList","@id":"https:\/\/aem.hr\/irena-dlaka-obiteljski-smjestaj-nacin-zivota-a-ne-rentijerstvo\/#breadcrumb","itemListElement":[{"@type":"ListItem","position":1,"name":"Po\u010detna stranica","item":"https:\/\/aem.hr\/"},{"@type":"ListItem","position":2,"name":"Irena Dlaka &#8211; OBITELJSKI SMJE\u0160TAJ &#8211; na\u010din \u017eivota, a ne rentijerstvo"}]},{"@type":"WebSite","@id":"https:\/\/aem.hr\/#website","url":"https:\/\/aem.hr\/","name":"Agencija za elektroni\u010dke medije","description":"","potentialAction":[{"@type":"SearchAction","target":{"@type":"EntryPoint","urlTemplate":"https:\/\/aem.hr\/?s={search_term_string}"},"query-input":{"@type":"PropertyValueSpecification","valueRequired":true,"valueName":"search_term_string"}}],"inLanguage":"en-US"}]}},"coauthors":[],"author_meta":{"author_link":"https:\/\/aem.hr\/en\/blog\/author\/mkirac\/","display_name":"Matko Kirac"},"relative_dates":{"created":"Posted 1 year ago","modified":"Updated 1 year ago"},"absolute_dates":{"created":"Posted on 14. March 2025.","modified":"Updated on 14. March 2025."},"absolute_dates_time":{"created":"Posted on 14. March 2025. 14:20","modified":"Updated on 14. March 2025. 14:20"},"featured_img_caption":"","featured_img":false,"series_order":"","_links":{"self":[{"href":"https:\/\/aem.hr\/en\/wp-json\/wp\/v2\/pages\/21290","targetHints":{"allow":["GET"]}}],"collection":[{"href":"https:\/\/aem.hr\/en\/wp-json\/wp\/v2\/pages"}],"about":[{"href":"https:\/\/aem.hr\/en\/wp-json\/wp\/v2\/types\/page"}],"author":[{"embeddable":true,"href":"https:\/\/aem.hr\/en\/wp-json\/wp\/v2\/users\/18"}],"replies":[{"embeddable":true,"href":"https:\/\/aem.hr\/en\/wp-json\/wp\/v2\/comments?post=21290"}],"version-history":[{"count":1,"href":"https:\/\/aem.hr\/en\/wp-json\/wp\/v2\/pages\/21290\/revisions"}],"predecessor-version":[{"id":21299,"href":"https:\/\/aem.hr\/en\/wp-json\/wp\/v2\/pages\/21290\/revisions\/21299"}],"wp:attachment":[{"href":"https:\/\/aem.hr\/en\/wp-json\/wp\/v2\/media?parent=21290"}],"curies":[{"name":"wp","href":"https:\/\/api.w.org\/{rel}","templated":true}]}}