{"id":21334,"date":"2025-03-14T14:27:12","date_gmt":"2025-03-14T13:27:12","guid":{"rendered":"http:\/\/aem.hr\/?page_id=21334"},"modified":"2025-03-14T14:27:13","modified_gmt":"2025-03-14T13:27:13","slug":"tado-juric-integracija-politika-eu-nacela-ucinkovitog-integracijskog-modela-za-hrvatsku","status":"publish","type":"page","link":"https:\/\/aem.hr\/en\/tado-juric-integracija-politika-eu-nacela-ucinkovitog-integracijskog-modela-za-hrvatsku\/","title":{"rendered":"Tado Juri\u0107 &#8211; INTEGRACIJA POLITIKA EU: NA\u010cELA U\u010cINKOVITOG INTEGRACIJSKOG MODELA ZA HRVATSKU"},"content":{"rendered":"\n<div class=\"wp-block-file\"><a id=\"wp-block-file--media-c1cb1069-b885-416c-91e7-58c528c867d9\" href=\"https:\/\/aem.hr\/wp-content\/uploads\/2025\/03\/1.-Argumenti-za-i-protiv-imigracije_-Hrvati-i-Arapi.pdf\">1. Argumenti za i protiv imigracije_ Hrvati i\u00a0Arapi<\/a><a href=\"https:\/\/aem.hr\/wp-content\/uploads\/2025\/03\/1.-Argumenti-za-i-protiv-imigracije_-Hrvati-i-Arapi.pdf\" class=\"wp-block-file__button wp-element-button\" download aria-describedby=\"wp-block-file--media-c1cb1069-b885-416c-91e7-58c528c867d9\">Preuzimanje<\/a><\/div>\n\n\n\n<div class=\"wp-block-file\"><a id=\"wp-block-file--media-f4a5817a-a10e-4daf-bca1-f545e28c0313\" href=\"https:\/\/aem.hr\/wp-content\/uploads\/2025\/03\/2.-Zivjet-cemo-na-potpuno-drugacijem-kontinentu.pdf\">2. \u017divjet \u0107emo na potpuno druga\u010dijem kontinentu<\/a><a href=\"https:\/\/aem.hr\/wp-content\/uploads\/2025\/03\/2.-Zivjet-cemo-na-potpuno-drugacijem-kontinentu.pdf\" class=\"wp-block-file__button wp-element-button\" download aria-describedby=\"wp-block-file--media-f4a5817a-a10e-4daf-bca1-f545e28c0313\">Preuzimanje<\/a><\/div>\n\n\n\n<div class=\"wp-block-file\"><a id=\"wp-block-file--media-99bf8675-bf93-46d9-b37f-6db9908f366b\" href=\"https:\/\/aem.hr\/wp-content\/uploads\/2025\/03\/3-Koliko-je-imigracije-u-Hrvatskoj-pozeljno.pdf\">3, Koliko je imigracije u Hrvatskoj po\u017eeljno<\/a><a href=\"https:\/\/aem.hr\/wp-content\/uploads\/2025\/03\/3-Koliko-je-imigracije-u-Hrvatskoj-pozeljno.pdf\" class=\"wp-block-file__button wp-element-button\" download aria-describedby=\"wp-block-file--media-99bf8675-bf93-46d9-b37f-6db9908f366b\">Preuzimanje<\/a><\/div>\n\n\n\n<div class=\"wp-block-file\"><a id=\"wp-block-file--media-37d3531d-1c79-45f0-b2dd-841fa8143b5a\" href=\"https:\/\/aem.hr\/wp-content\/uploads\/2025\/03\/4.-Zasto-integracija-stranih-radnika-s-drugih.pdf\">4. Za\u0161to integracija stranih radnika s drugih<\/a><a href=\"https:\/\/aem.hr\/wp-content\/uploads\/2025\/03\/4.-Zasto-integracija-stranih-radnika-s-drugih.pdf\" class=\"wp-block-file__button wp-element-button\" download aria-describedby=\"wp-block-file--media-37d3531d-1c79-45f0-b2dd-841fa8143b5a\">Preuzimanje<\/a><\/div>\n\n\n\n<div class=\"wp-block-file\"><a id=\"wp-block-file--media-a20ef651-a816-4c50-9d55-edd907b0a66a\" href=\"https:\/\/aem.hr\/wp-content\/uploads\/2025\/03\/5.-U-cetiri-godine-uselilo-je-vise-stranih.pdf\">5. U \u010detiri godine uselilo je vi\u0161e stranih<\/a><a href=\"https:\/\/aem.hr\/wp-content\/uploads\/2025\/03\/5.-U-cetiri-godine-uselilo-je-vise-stranih.pdf\" class=\"wp-block-file__button wp-element-button\" download aria-describedby=\"wp-block-file--media-a20ef651-a816-4c50-9d55-edd907b0a66a\">Preuzimanje<\/a><\/div>\n\n\n\n<div class=\"wp-block-file\"><a id=\"wp-block-file--media-11f927fc-9155-40f6-aafd-43fe66501567\" href=\"https:\/\/aem.hr\/wp-content\/uploads\/2025\/03\/6.-Ustav-kao-jamac-opstanka-hrvatskog.pdf\">6. Ustav kao jamac opstanka hrvatskog<\/a><a href=\"https:\/\/aem.hr\/wp-content\/uploads\/2025\/03\/6.-Ustav-kao-jamac-opstanka-hrvatskog.pdf\" class=\"wp-block-file__button wp-element-button\" download aria-describedby=\"wp-block-file--media-11f927fc-9155-40f6-aafd-43fe66501567\">Preuzimanje<\/a><\/div>\n\n\n\n<div class=\"wp-block-file\"><a id=\"wp-block-file--media-43f99c7e-ea28-4315-bafc-abbe97488749\" href=\"https:\/\/aem.hr\/wp-content\/uploads\/2025\/03\/7.-Stvarni-broj-stranih-radnika-u-Hrvatskoj-znatno.pdf\">7. Stvarni broj stranih radnika u Hrvatskoj znatno<\/a><a href=\"https:\/\/aem.hr\/wp-content\/uploads\/2025\/03\/7.-Stvarni-broj-stranih-radnika-u-Hrvatskoj-znatno.pdf\" class=\"wp-block-file__button wp-element-button\" download aria-describedby=\"wp-block-file--media-43f99c7e-ea28-4315-bafc-abbe97488749\">Preuzimanje<\/a><\/div>\n\n\n\n<div class=\"wp-block-file\"><a id=\"wp-block-file--media-177d6bb7-2b50-4985-a029-90662a556d79\" href=\"https:\/\/aem.hr\/wp-content\/uploads\/2025\/03\/8.-Kako-je-kapital-pobijedio-demografiju-Vecernji.hr_.pdf\">8. Kako je kapital pobijedio demografiju &#8211; Ve\u010dernji.hr<\/a><a href=\"https:\/\/aem.hr\/wp-content\/uploads\/2025\/03\/8.-Kako-je-kapital-pobijedio-demografiju-Vecernji.hr_.pdf\" class=\"wp-block-file__button wp-element-button\" download aria-describedby=\"wp-block-file--media-177d6bb7-2b50-4985-a029-90662a556d79\">Preuzimanje<\/a><\/div>\n\n\n\n<div class=\"wp-block-file\"><a id=\"wp-block-file--media-8804a7ca-21c3-41de-acf0-da354e9ad996\" href=\"https:\/\/aem.hr\/wp-content\/uploads\/2025\/03\/9.-Sve-je-vise-stranih-radnika-u-Hrvatskoj.pdf\">9. Sve je vi\u0161e stranih radnika u Hrvatskoj<\/a><a href=\"https:\/\/aem.hr\/wp-content\/uploads\/2025\/03\/9.-Sve-je-vise-stranih-radnika-u-Hrvatskoj.pdf\" class=\"wp-block-file__button wp-element-button\" download aria-describedby=\"wp-block-file--media-8804a7ca-21c3-41de-acf0-da354e9ad996\">Preuzimanje<\/a><\/div>\n\n\n\n<div class=\"wp-block-file\"><a id=\"wp-block-file--media-a8573886-7242-47c3-a635-9ca4398f96a5\" href=\"https:\/\/aem.hr\/wp-content\/uploads\/2025\/03\/10.-Faza-kontrole-stete-kao-rjesenje-za.pdf\">10. Faza &#8216;kontrole \u0161tete&#8217; kao rje\u0161enje za<\/a><a href=\"https:\/\/aem.hr\/wp-content\/uploads\/2025\/03\/10.-Faza-kontrole-stete-kao-rjesenje-za.pdf\" class=\"wp-block-file__button wp-element-button\" download aria-describedby=\"wp-block-file--media-a8573886-7242-47c3-a635-9ca4398f96a5\">Preuzimanje<\/a><\/div>\n","protected":false},"excerpt":{"rendered":"","protected":false},"author":18,"featured_media":0,"parent":0,"menu_order":0,"comment_status":"closed","ping_status":"closed","template":"","meta":{"_acf_changed":false,"inline_featured_image":false,"advgb_blocks_editor_width":"","advgb_blocks_columns_visual_guide":"","_links_to":"","_links_to_type":0,"footnotes":""},"class_list":["post-21334","page","type-page","status-publish","hentry"],"acf":[],"yoast_head":"<!-- This site is optimized with the Yoast SEO plugin v25.7 - https:\/\/yoast.com\/wordpress\/plugins\/seo\/ -->\n<title>Tado Juri\u0107 - INTEGRACIJA POLITIKA EU: NA\u010cELA U\u010cINKOVITOG INTEGRACIJSKOG MODELA ZA HRVATSKU - Agencija za elektroni\u010dke medije<\/title>\n<meta name=\"robots\" content=\"index, follow, max-snippet:-1, max-image-preview:large, max-video-preview:-1\" \/>\n<link rel=\"canonical\" href=\"https:\/\/aem.hr\/tado-juric-integracija-politika-eu-nacela-ucinkovitog-integracijskog-modela-za-hrvatsku\/\" \/>\n<meta property=\"og:locale\" content=\"en_US\" \/>\n<meta property=\"og:type\" content=\"article\" \/>\n<meta property=\"og:title\" content=\"Tado Juri\u0107 - INTEGRACIJA POLITIKA EU: NA\u010cELA U\u010cINKOVITOG INTEGRACIJSKOG MODELA ZA HRVATSKU - Agencija za elektroni\u010dke medije\" \/>\n<meta property=\"og:url\" content=\"https:\/\/aem.hr\/tado-juric-integracija-politika-eu-nacela-ucinkovitog-integracijskog-modela-za-hrvatsku\/\" \/>\n<meta property=\"og:site_name\" content=\"Agencija za elektroni\u010dke medije\" \/>\n<meta property=\"article:modified_time\" content=\"2025-03-14T13:27:13+00:00\" \/>\n<meta name=\"twitter:card\" content=\"summary_large_image\" \/>\n<meta name=\"twitter:label1\" content=\"Est. reading time\" \/>\n\t<meta name=\"twitter:data1\" content=\"1 minute\" \/>\n<script type=\"application\/ld+json\" class=\"yoast-schema-graph\">{\"@context\":\"https:\/\/schema.org\",\"@graph\":[{\"@type\":\"WebPage\",\"@id\":\"https:\/\/aem.hr\/tado-juric-integracija-politika-eu-nacela-ucinkovitog-integracijskog-modela-za-hrvatsku\/\",\"url\":\"https:\/\/aem.hr\/tado-juric-integracija-politika-eu-nacela-ucinkovitog-integracijskog-modela-za-hrvatsku\/\",\"name\":\"Tado Juri\u0107 - INTEGRACIJA POLITIKA EU: NA\u010cELA U\u010cINKOVITOG INTEGRACIJSKOG MODELA ZA HRVATSKU - Agencija za elektroni\u010dke medije\",\"isPartOf\":{\"@id\":\"https:\/\/aem.hr\/#website\"},\"datePublished\":\"2025-03-14T13:27:12+00:00\",\"dateModified\":\"2025-03-14T13:27:13+00:00\",\"breadcrumb\":{\"@id\":\"https:\/\/aem.hr\/tado-juric-integracija-politika-eu-nacela-ucinkovitog-integracijskog-modela-za-hrvatsku\/#breadcrumb\"},\"inLanguage\":\"en-US\",\"potentialAction\":[{\"@type\":\"ReadAction\",\"target\":[\"https:\/\/aem.hr\/tado-juric-integracija-politika-eu-nacela-ucinkovitog-integracijskog-modela-za-hrvatsku\/\"]}]},{\"@type\":\"BreadcrumbList\",\"@id\":\"https:\/\/aem.hr\/tado-juric-integracija-politika-eu-nacela-ucinkovitog-integracijskog-modela-za-hrvatsku\/#breadcrumb\",\"itemListElement\":[{\"@type\":\"ListItem\",\"position\":1,\"name\":\"Po\u010detna stranica\",\"item\":\"https:\/\/aem.hr\/\"},{\"@type\":\"ListItem\",\"position\":2,\"name\":\"Tado Juri\u0107 &#8211; INTEGRACIJA POLITIKA EU: NA\u010cELA U\u010cINKOVITOG INTEGRACIJSKOG MODELA ZA HRVATSKU\"}]},{\"@type\":\"WebSite\",\"@id\":\"https:\/\/aem.hr\/#website\",\"url\":\"https:\/\/aem.hr\/\",\"name\":\"Agencija za elektroni\u010dke medije\",\"description\":\"\",\"potentialAction\":[{\"@type\":\"SearchAction\",\"target\":{\"@type\":\"EntryPoint\",\"urlTemplate\":\"https:\/\/aem.hr\/?s={search_term_string}\"},\"query-input\":{\"@type\":\"PropertyValueSpecification\",\"valueRequired\":true,\"valueName\":\"search_term_string\"}}],\"inLanguage\":\"en-US\"}]}<\/script>\n<!-- \/ Yoast SEO plugin. -->","yoast_head_json":{"title":"Tado Juri\u0107 - INTEGRACIJA POLITIKA EU: NA\u010cELA U\u010cINKOVITOG INTEGRACIJSKOG MODELA ZA HRVATSKU - Agencija za elektroni\u010dke medije","robots":{"index":"index","follow":"follow","max-snippet":"max-snippet:-1","max-image-preview":"max-image-preview:large","max-video-preview":"max-video-preview:-1"},"canonical":"https:\/\/aem.hr\/tado-juric-integracija-politika-eu-nacela-ucinkovitog-integracijskog-modela-za-hrvatsku\/","og_locale":"en_US","og_type":"article","og_title":"Tado Juri\u0107 - INTEGRACIJA POLITIKA EU: NA\u010cELA U\u010cINKOVITOG INTEGRACIJSKOG MODELA ZA HRVATSKU - Agencija za elektroni\u010dke medije","og_url":"https:\/\/aem.hr\/tado-juric-integracija-politika-eu-nacela-ucinkovitog-integracijskog-modela-za-hrvatsku\/","og_site_name":"Agencija za elektroni\u010dke medije","article_modified_time":"2025-03-14T13:27:13+00:00","twitter_card":"summary_large_image","twitter_misc":{"Est. reading time":"1 minute"},"schema":{"@context":"https:\/\/schema.org","@graph":[{"@type":"WebPage","@id":"https:\/\/aem.hr\/tado-juric-integracija-politika-eu-nacela-ucinkovitog-integracijskog-modela-za-hrvatsku\/","url":"https:\/\/aem.hr\/tado-juric-integracija-politika-eu-nacela-ucinkovitog-integracijskog-modela-za-hrvatsku\/","name":"Tado Juri\u0107 - INTEGRACIJA POLITIKA EU: NA\u010cELA U\u010cINKOVITOG INTEGRACIJSKOG MODELA ZA HRVATSKU - Agencija za elektroni\u010dke medije","isPartOf":{"@id":"https:\/\/aem.hr\/#website"},"datePublished":"2025-03-14T13:27:12+00:00","dateModified":"2025-03-14T13:27:13+00:00","breadcrumb":{"@id":"https:\/\/aem.hr\/tado-juric-integracija-politika-eu-nacela-ucinkovitog-integracijskog-modela-za-hrvatsku\/#breadcrumb"},"inLanguage":"en-US","potentialAction":[{"@type":"ReadAction","target":["https:\/\/aem.hr\/tado-juric-integracija-politika-eu-nacela-ucinkovitog-integracijskog-modela-za-hrvatsku\/"]}]},{"@type":"BreadcrumbList","@id":"https:\/\/aem.hr\/tado-juric-integracija-politika-eu-nacela-ucinkovitog-integracijskog-modela-za-hrvatsku\/#breadcrumb","itemListElement":[{"@type":"ListItem","position":1,"name":"Po\u010detna stranica","item":"https:\/\/aem.hr\/"},{"@type":"ListItem","position":2,"name":"Tado Juri\u0107 &#8211; INTEGRACIJA POLITIKA EU: NA\u010cELA U\u010cINKOVITOG INTEGRACIJSKOG MODELA ZA HRVATSKU"}]},{"@type":"WebSite","@id":"https:\/\/aem.hr\/#website","url":"https:\/\/aem.hr\/","name":"Agencija za elektroni\u010dke medije","description":"","potentialAction":[{"@type":"SearchAction","target":{"@type":"EntryPoint","urlTemplate":"https:\/\/aem.hr\/?s={search_term_string}"},"query-input":{"@type":"PropertyValueSpecification","valueRequired":true,"valueName":"search_term_string"}}],"inLanguage":"en-US"}]}},"coauthors":[],"author_meta":{"author_link":"https:\/\/aem.hr\/en\/blog\/author\/mkirac\/","display_name":"Matko Kirac"},"relative_dates":{"created":"Posted 1 year ago","modified":"Updated 1 year ago"},"absolute_dates":{"created":"Posted on 14. March 2025.","modified":"Updated on 14. March 2025."},"absolute_dates_time":{"created":"Posted on 14. March 2025. 14:27","modified":"Updated on 14. March 2025. 14:27"},"featured_img_caption":"","featured_img":false,"series_order":"","_links":{"self":[{"href":"https:\/\/aem.hr\/en\/wp-json\/wp\/v2\/pages\/21334","targetHints":{"allow":["GET"]}}],"collection":[{"href":"https:\/\/aem.hr\/en\/wp-json\/wp\/v2\/pages"}],"about":[{"href":"https:\/\/aem.hr\/en\/wp-json\/wp\/v2\/types\/page"}],"author":[{"embeddable":true,"href":"https:\/\/aem.hr\/en\/wp-json\/wp\/v2\/users\/18"}],"replies":[{"embeddable":true,"href":"https:\/\/aem.hr\/en\/wp-json\/wp\/v2\/comments?post=21334"}],"version-history":[{"count":1,"href":"https:\/\/aem.hr\/en\/wp-json\/wp\/v2\/pages\/21334\/revisions"}],"predecessor-version":[{"id":21355,"href":"https:\/\/aem.hr\/en\/wp-json\/wp\/v2\/pages\/21334\/revisions\/21355"}],"wp:attachment":[{"href":"https:\/\/aem.hr\/en\/wp-json\/wp\/v2\/media?parent=21334"}],"curies":[{"name":"wp","href":"https:\/\/api.w.org\/{rel}","templated":true}]}}