{"id":21383,"date":"2025-03-14T14:59:01","date_gmt":"2025-03-14T13:59:01","guid":{"rendered":"http:\/\/aem.hr\/?page_id=21383"},"modified":"2025-03-14T14:59:02","modified_gmt":"2025-03-14T13:59:02","slug":"hrvoje-nice-poduzetnistvo-u-ruralnim-sredinama","status":"publish","type":"page","link":"https:\/\/aem.hr\/en\/hrvoje-nice-poduzetnistvo-u-ruralnim-sredinama\/","title":{"rendered":"Hrvoje Ni\u010de &#8211; Poduzetni\u0161tvo u ruralnim sredinama"},"content":{"rendered":"\n<div class=\"wp-block-file\"><a id=\"wp-block-file--media-3049aca0-2e31-4c65-893a-796d93bb5075\" href=\"https:\/\/aem.hr\/wp-content\/uploads\/2025\/03\/1.-Mraz-tuca-i-susa.pdf\">1. Mraz, tuca i susa<\/a><a href=\"https:\/\/aem.hr\/wp-content\/uploads\/2025\/03\/1.-Mraz-tuca-i-susa.pdf\" class=\"wp-block-file__button wp-element-button\" download aria-describedby=\"wp-block-file--media-3049aca0-2e31-4c65-893a-796d93bb5075\">Preuzimanje<\/a><\/div>\n\n\n\n<div class=\"wp-block-file\"><a id=\"wp-block-file--media-a0b907da-fdb9-4622-a7ec-6f304228c7ce\" href=\"https:\/\/aem.hr\/wp-content\/uploads\/2025\/03\/2.-Josip-Dabro-Moramo-ukinuti-birokratske.pdf\">2. Josip Dabro Moramo ukinuti birokratske<\/a><a href=\"https:\/\/aem.hr\/wp-content\/uploads\/2025\/03\/2.-Josip-Dabro-Moramo-ukinuti-birokratske.pdf\" class=\"wp-block-file__button wp-element-button\" download aria-describedby=\"wp-block-file--media-a0b907da-fdb9-4622-a7ec-6f304228c7ce\">Preuzimanje<\/a><\/div>\n\n\n\n<div class=\"wp-block-file\"><a id=\"wp-block-file--media-483767be-54a7-4f0e-b947-558febe073b4\" href=\"https:\/\/aem.hr\/wp-content\/uploads\/2025\/03\/3.-Nesvakidasnja-prica_Rasic.pdf\">3. Nesvakidasnja prica_Rasic<\/a><a href=\"https:\/\/aem.hr\/wp-content\/uploads\/2025\/03\/3.-Nesvakidasnja-prica_Rasic.pdf\" class=\"wp-block-file__button wp-element-button\" download aria-describedby=\"wp-block-file--media-483767be-54a7-4f0e-b947-558febe073b4\">Preuzimanje<\/a><\/div>\n\n\n\n<div class=\"wp-block-file\"><a id=\"wp-block-file--media-ba801cf8-f7b7-4d24-bae7-06f7848e9235\" href=\"https:\/\/aem.hr\/wp-content\/uploads\/2025\/03\/4.-Prica-s-ruba-grada_Abelo.pdf\">4. Prica s ruba grada_Abelo<\/a><a href=\"https:\/\/aem.hr\/wp-content\/uploads\/2025\/03\/4.-Prica-s-ruba-grada_Abelo.pdf\" class=\"wp-block-file__button wp-element-button\" download aria-describedby=\"wp-block-file--media-ba801cf8-f7b7-4d24-bae7-06f7848e9235\">Preuzimanje<\/a><\/div>\n\n\n\n<div class=\"wp-block-file\"><a id=\"wp-block-file--media-93698e51-69ba-4d81-9a8b-b83a43cd5c65\" href=\"https:\/\/aem.hr\/wp-content\/uploads\/2025\/03\/5.-U-Marincima-nije-postojao.pdf\">5. U Marincima nije postojao<\/a><a href=\"https:\/\/aem.hr\/wp-content\/uploads\/2025\/03\/5.-U-Marincima-nije-postojao.pdf\" class=\"wp-block-file__button wp-element-button\" download aria-describedby=\"wp-block-file--media-93698e51-69ba-4d81-9a8b-b83a43cd5c65\">Preuzimanje<\/a><\/div>\n\n\n\n<div class=\"wp-block-file\"><a id=\"wp-block-file--media-92a892af-4e71-41f5-ae60-10d25f732c9b\" href=\"https:\/\/aem.hr\/wp-content\/uploads\/2025\/03\/6.-Nije-sala_Franic.pdf\">6. Nije sala_Franic<\/a><a href=\"https:\/\/aem.hr\/wp-content\/uploads\/2025\/03\/6.-Nije-sala_Franic.pdf\" class=\"wp-block-file__button wp-element-button\" download aria-describedby=\"wp-block-file--media-92a892af-4e71-41f5-ae60-10d25f732c9b\">Preuzimanje<\/a><\/div>\n\n\n\n<div class=\"wp-block-file\"><a id=\"wp-block-file--media-28d033f1-01fb-43b6-9c21-033dc01b6a7c\" href=\"https:\/\/aem.hr\/wp-content\/uploads\/2025\/03\/7.-Unatoc-steti.pdf\">7. Unatoc steti<\/a><a href=\"https:\/\/aem.hr\/wp-content\/uploads\/2025\/03\/7.-Unatoc-steti.pdf\" class=\"wp-block-file__button wp-element-button\" download aria-describedby=\"wp-block-file--media-28d033f1-01fb-43b6-9c21-033dc01b6a7c\">Preuzimanje<\/a><\/div>\n\n\n\n<div class=\"wp-block-file\"><a id=\"wp-block-file--media-07ca1a80-0844-4b89-b370-31b4f8aef6ba\" href=\"https:\/\/aem.hr\/wp-content\/uploads\/2025\/03\/8.-Put-od-najboljeg.pdf\">8. Put od najboljeg<\/a><a href=\"https:\/\/aem.hr\/wp-content\/uploads\/2025\/03\/8.-Put-od-najboljeg.pdf\" class=\"wp-block-file__button wp-element-button\" download aria-describedby=\"wp-block-file--media-07ca1a80-0844-4b89-b370-31b4f8aef6ba\">Preuzimanje<\/a><\/div>\n\n\n\n<div class=\"wp-block-file\"><a id=\"wp-block-file--media-0be33bcd-cc7d-4d0f-8d9d-c00dc61a9e85\" href=\"https:\/\/aem.hr\/wp-content\/uploads\/2025\/03\/9.-Vjeruju-u-Hrvatsku_Radocaji.pdf\">9. Vjeruju u Hrvatsku_Radocaji<\/a><a href=\"https:\/\/aem.hr\/wp-content\/uploads\/2025\/03\/9.-Vjeruju-u-Hrvatsku_Radocaji.pdf\" class=\"wp-block-file__button wp-element-button\" download aria-describedby=\"wp-block-file--media-0be33bcd-cc7d-4d0f-8d9d-c00dc61a9e85\">Preuzimanje<\/a><\/div>\n\n\n\n<div class=\"wp-block-file\"><a id=\"wp-block-file--media-63442a87-cc40-4b99-9a78-4b72f24dcdba\" href=\"https:\/\/aem.hr\/wp-content\/uploads\/2025\/03\/10.-ZAKON-BRACE-Goran-i-Antonio_Ferbezar.pdf\">10. ZAKON BRACE Goran i Antonio_Ferbezar<\/a><a href=\"https:\/\/aem.hr\/wp-content\/uploads\/2025\/03\/10.-ZAKON-BRACE-Goran-i-Antonio_Ferbezar.pdf\" class=\"wp-block-file__button wp-element-button\" download aria-describedby=\"wp-block-file--media-63442a87-cc40-4b99-9a78-4b72f24dcdba\">Preuzimanje<\/a><\/div>\n","protected":false},"excerpt":{"rendered":"","protected":false},"author":18,"featured_media":0,"parent":0,"menu_order":0,"comment_status":"closed","ping_status":"closed","template":"","meta":{"_acf_changed":false,"inline_featured_image":false,"advgb_blocks_editor_width":"","advgb_blocks_columns_visual_guide":"","_links_to":"","_links_to_type":0,"footnotes":""},"class_list":["post-21383","page","type-page","status-publish","hentry"],"acf":[],"yoast_head":"<!-- This site is optimized with the Yoast SEO plugin v25.7 - https:\/\/yoast.com\/wordpress\/plugins\/seo\/ -->\n<title>Hrvoje Ni\u010de - Poduzetni\u0161tvo u ruralnim sredinama - Agencija za elektroni\u010dke medije<\/title>\n<meta name=\"robots\" content=\"index, follow, max-snippet:-1, max-image-preview:large, max-video-preview:-1\" \/>\n<link rel=\"canonical\" href=\"https:\/\/aem.hr\/hrvoje-nice-poduzetnistvo-u-ruralnim-sredinama\/\" \/>\n<meta property=\"og:locale\" content=\"en_US\" \/>\n<meta property=\"og:type\" content=\"article\" \/>\n<meta property=\"og:title\" content=\"Hrvoje Ni\u010de - Poduzetni\u0161tvo u ruralnim sredinama - Agencija za elektroni\u010dke medije\" \/>\n<meta property=\"og:url\" content=\"https:\/\/aem.hr\/hrvoje-nice-poduzetnistvo-u-ruralnim-sredinama\/\" \/>\n<meta property=\"og:site_name\" content=\"Agencija za elektroni\u010dke medije\" \/>\n<meta property=\"article:modified_time\" content=\"2025-03-14T13:59:02+00:00\" \/>\n<meta name=\"twitter:card\" content=\"summary_large_image\" \/>\n<meta name=\"twitter:label1\" content=\"Est. reading time\" \/>\n\t<meta name=\"twitter:data1\" content=\"1 minute\" \/>\n<script type=\"application\/ld+json\" class=\"yoast-schema-graph\">{\"@context\":\"https:\/\/schema.org\",\"@graph\":[{\"@type\":\"WebPage\",\"@id\":\"https:\/\/aem.hr\/hrvoje-nice-poduzetnistvo-u-ruralnim-sredinama\/\",\"url\":\"https:\/\/aem.hr\/hrvoje-nice-poduzetnistvo-u-ruralnim-sredinama\/\",\"name\":\"Hrvoje Ni\u010de - Poduzetni\u0161tvo u ruralnim sredinama - Agencija za elektroni\u010dke medije\",\"isPartOf\":{\"@id\":\"https:\/\/aem.hr\/#website\"},\"datePublished\":\"2025-03-14T13:59:01+00:00\",\"dateModified\":\"2025-03-14T13:59:02+00:00\",\"breadcrumb\":{\"@id\":\"https:\/\/aem.hr\/hrvoje-nice-poduzetnistvo-u-ruralnim-sredinama\/#breadcrumb\"},\"inLanguage\":\"en-US\",\"potentialAction\":[{\"@type\":\"ReadAction\",\"target\":[\"https:\/\/aem.hr\/hrvoje-nice-poduzetnistvo-u-ruralnim-sredinama\/\"]}]},{\"@type\":\"BreadcrumbList\",\"@id\":\"https:\/\/aem.hr\/hrvoje-nice-poduzetnistvo-u-ruralnim-sredinama\/#breadcrumb\",\"itemListElement\":[{\"@type\":\"ListItem\",\"position\":1,\"name\":\"Po\u010detna stranica\",\"item\":\"https:\/\/aem.hr\/\"},{\"@type\":\"ListItem\",\"position\":2,\"name\":\"Hrvoje Ni\u010de &#8211; Poduzetni\u0161tvo u ruralnim sredinama\"}]},{\"@type\":\"WebSite\",\"@id\":\"https:\/\/aem.hr\/#website\",\"url\":\"https:\/\/aem.hr\/\",\"name\":\"Agencija za elektroni\u010dke medije\",\"description\":\"\",\"potentialAction\":[{\"@type\":\"SearchAction\",\"target\":{\"@type\":\"EntryPoint\",\"urlTemplate\":\"https:\/\/aem.hr\/?s={search_term_string}\"},\"query-input\":{\"@type\":\"PropertyValueSpecification\",\"valueRequired\":true,\"valueName\":\"search_term_string\"}}],\"inLanguage\":\"en-US\"}]}<\/script>\n<!-- \/ Yoast SEO plugin. -->","yoast_head_json":{"title":"Hrvoje Ni\u010de - Poduzetni\u0161tvo u ruralnim sredinama - Agencija za elektroni\u010dke medije","robots":{"index":"index","follow":"follow","max-snippet":"max-snippet:-1","max-image-preview":"max-image-preview:large","max-video-preview":"max-video-preview:-1"},"canonical":"https:\/\/aem.hr\/hrvoje-nice-poduzetnistvo-u-ruralnim-sredinama\/","og_locale":"en_US","og_type":"article","og_title":"Hrvoje Ni\u010de - Poduzetni\u0161tvo u ruralnim sredinama - Agencija za elektroni\u010dke medije","og_url":"https:\/\/aem.hr\/hrvoje-nice-poduzetnistvo-u-ruralnim-sredinama\/","og_site_name":"Agencija za elektroni\u010dke medije","article_modified_time":"2025-03-14T13:59:02+00:00","twitter_card":"summary_large_image","twitter_misc":{"Est. reading time":"1 minute"},"schema":{"@context":"https:\/\/schema.org","@graph":[{"@type":"WebPage","@id":"https:\/\/aem.hr\/hrvoje-nice-poduzetnistvo-u-ruralnim-sredinama\/","url":"https:\/\/aem.hr\/hrvoje-nice-poduzetnistvo-u-ruralnim-sredinama\/","name":"Hrvoje Ni\u010de - Poduzetni\u0161tvo u ruralnim sredinama - Agencija za elektroni\u010dke medije","isPartOf":{"@id":"https:\/\/aem.hr\/#website"},"datePublished":"2025-03-14T13:59:01+00:00","dateModified":"2025-03-14T13:59:02+00:00","breadcrumb":{"@id":"https:\/\/aem.hr\/hrvoje-nice-poduzetnistvo-u-ruralnim-sredinama\/#breadcrumb"},"inLanguage":"en-US","potentialAction":[{"@type":"ReadAction","target":["https:\/\/aem.hr\/hrvoje-nice-poduzetnistvo-u-ruralnim-sredinama\/"]}]},{"@type":"BreadcrumbList","@id":"https:\/\/aem.hr\/hrvoje-nice-poduzetnistvo-u-ruralnim-sredinama\/#breadcrumb","itemListElement":[{"@type":"ListItem","position":1,"name":"Po\u010detna stranica","item":"https:\/\/aem.hr\/"},{"@type":"ListItem","position":2,"name":"Hrvoje Ni\u010de &#8211; Poduzetni\u0161tvo u ruralnim sredinama"}]},{"@type":"WebSite","@id":"https:\/\/aem.hr\/#website","url":"https:\/\/aem.hr\/","name":"Agencija za elektroni\u010dke medije","description":"","potentialAction":[{"@type":"SearchAction","target":{"@type":"EntryPoint","urlTemplate":"https:\/\/aem.hr\/?s={search_term_string}"},"query-input":{"@type":"PropertyValueSpecification","valueRequired":true,"valueName":"search_term_string"}}],"inLanguage":"en-US"}]}},"coauthors":[],"author_meta":{"author_link":"https:\/\/aem.hr\/en\/blog\/author\/mkirac\/","display_name":"Matko Kirac"},"relative_dates":{"created":"Posted 1 year ago","modified":"Updated 1 year ago"},"absolute_dates":{"created":"Posted on 14. March 2025.","modified":"Updated on 14. March 2025."},"absolute_dates_time":{"created":"Posted on 14. March 2025. 14:59","modified":"Updated on 14. March 2025. 14:59"},"featured_img_caption":"","featured_img":false,"series_order":"","_links":{"self":[{"href":"https:\/\/aem.hr\/en\/wp-json\/wp\/v2\/pages\/21383","targetHints":{"allow":["GET"]}}],"collection":[{"href":"https:\/\/aem.hr\/en\/wp-json\/wp\/v2\/pages"}],"about":[{"href":"https:\/\/aem.hr\/en\/wp-json\/wp\/v2\/types\/page"}],"author":[{"embeddable":true,"href":"https:\/\/aem.hr\/en\/wp-json\/wp\/v2\/users\/18"}],"replies":[{"embeddable":true,"href":"https:\/\/aem.hr\/en\/wp-json\/wp\/v2\/comments?post=21383"}],"version-history":[{"count":1,"href":"https:\/\/aem.hr\/en\/wp-json\/wp\/v2\/pages\/21383\/revisions"}],"predecessor-version":[{"id":21402,"href":"https:\/\/aem.hr\/en\/wp-json\/wp\/v2\/pages\/21383\/revisions\/21402"}],"wp:attachment":[{"href":"https:\/\/aem.hr\/en\/wp-json\/wp\/v2\/media?parent=21383"}],"curies":[{"name":"wp","href":"https:\/\/api.w.org\/{rel}","templated":true}]}}