{"id":21426,"date":"2025-03-14T15:04:26","date_gmt":"2025-03-14T14:04:26","guid":{"rendered":"http:\/\/aem.hr\/?page_id=21426"},"modified":"2025-03-14T15:04:27","modified_gmt":"2025-03-14T14:04:27","slug":"marija-ruzic-istrazivanje-uspjeha-izazova-i-inovacija-zena-poduzetnica-u-licko-senjskoj-zupaniji","status":"publish","type":"page","link":"https:\/\/aem.hr\/en\/marija-ruzic-istrazivanje-uspjeha-izazova-i-inovacija-zena-poduzetnica-u-licko-senjskoj-zupaniji\/","title":{"rendered":"Marija Ru\u017ei\u0107 &#8211; Istra\u017eivanje uspjeha, izazova i inovacija \u017eena poduzetnica u Li\u010dko-senjskoj \u017eupaniji"},"content":{"rendered":"\n<div class=\"wp-block-file\"><a id=\"wp-block-file--media-206ed82f-44e1-48af-960a-f0d6b672a30e\" href=\"https:\/\/aem.hr\/wp-content\/uploads\/2025\/03\/1.-Svijetla-buducnost-za-zene-u-ruralnim-podrucjima.pdf\">1. Svijetla budu\u0107nost za \u017eene u ruralnim podru\u010djima<\/a><a href=\"https:\/\/aem.hr\/wp-content\/uploads\/2025\/03\/1.-Svijetla-buducnost-za-zene-u-ruralnim-podrucjima.pdf\" class=\"wp-block-file__button wp-element-button\" download aria-describedby=\"wp-block-file--media-206ed82f-44e1-48af-960a-f0d6b672a30e\">Preuzimanje<\/a><\/div>\n\n\n\n<div class=\"wp-block-file\"><a id=\"wp-block-file--media-97862dbd-aeba-4455-9076-d25c4a95811f\" href=\"https:\/\/aem.hr\/wp-content\/uploads\/2025\/03\/2.-Granole-i-Plocke-iz-srca-Like-zacinjene-domacim-medom.pdf\">2. Granole i Plo\u010dke iz srca Like za\u010dinjene doma\u0107im medom<\/a><a href=\"https:\/\/aem.hr\/wp-content\/uploads\/2025\/03\/2.-Granole-i-Plocke-iz-srca-Like-zacinjene-domacim-medom.pdf\" class=\"wp-block-file__button wp-element-button\" download aria-describedby=\"wp-block-file--media-97862dbd-aeba-4455-9076-d25c4a95811f\">Preuzimanje<\/a><\/div>\n\n\n\n<div class=\"wp-block-file\"><a id=\"wp-block-file--media-1dfa693f-3024-4332-8535-25b1c85207a3\" href=\"https:\/\/aem.hr\/wp-content\/uploads\/2025\/03\/3.-Mateja-narodnu-radinost-na-moderan-nacin-salje-u-svijet.pdf\">3. Mateja narodnu radinost na moderan na\u010din \u0161alje u svijet<\/a><a href=\"https:\/\/aem.hr\/wp-content\/uploads\/2025\/03\/3.-Mateja-narodnu-radinost-na-moderan-nacin-salje-u-svijet.pdf\" class=\"wp-block-file__button wp-element-button\" download aria-describedby=\"wp-block-file--media-1dfa693f-3024-4332-8535-25b1c85207a3\">Preuzimanje<\/a><\/div>\n\n\n\n<div class=\"wp-block-file\"><a id=\"wp-block-file--media-42864d6f-4217-4a62-8705-ca85b1132798\" href=\"https:\/\/aem.hr\/wp-content\/uploads\/2025\/03\/4.-Sve-ono-najbolje-iz-Like-satkano-u-ZERA-suvenirnice.pdf\">4. Sve ono najbolje iz Like satkano u ZERA suvenirnice<\/a><a href=\"https:\/\/aem.hr\/wp-content\/uploads\/2025\/03\/4.-Sve-ono-najbolje-iz-Like-satkano-u-ZERA-suvenirnice.pdf\" class=\"wp-block-file__button wp-element-button\" download aria-describedby=\"wp-block-file--media-42864d6f-4217-4a62-8705-ca85b1132798\">Preuzimanje<\/a><\/div>\n\n\n\n<div class=\"wp-block-file\"><a id=\"wp-block-file--media-aad41914-d494-44bd-8f2a-d96adb047a5e\" href=\"https:\/\/aem.hr\/wp-content\/uploads\/2025\/03\/5.Mirela-Glavas-o-prelasku-iz-zagrebackog-urbanog.pdf\">5.Mirela Glava\u0161 o prelasku iz zagreba\u010dkog urbanog<\/a><a href=\"https:\/\/aem.hr\/wp-content\/uploads\/2025\/03\/5.Mirela-Glavas-o-prelasku-iz-zagrebackog-urbanog.pdf\" class=\"wp-block-file__button wp-element-button\" download aria-describedby=\"wp-block-file--media-aad41914-d494-44bd-8f2a-d96adb047a5e\">Preuzimanje<\/a><\/div>\n\n\n\n<div class=\"wp-block-file\"><a id=\"wp-block-file--media-9963a68f-4854-4350-9752-0bff398b8f76\" href=\"https:\/\/aem.hr\/wp-content\/uploads\/2025\/03\/6.-Moderno-i-ruralno-savrseno-spaja-u-kuci-za-odmor-.pdf\">6. Moderno i ruralno savr\u0161eno spaja u ku\u0107i za odmor<\/a><a href=\"https:\/\/aem.hr\/wp-content\/uploads\/2025\/03\/6.-Moderno-i-ruralno-savrseno-spaja-u-kuci-za-odmor-.pdf\" class=\"wp-block-file__button wp-element-button\" download aria-describedby=\"wp-block-file--media-9963a68f-4854-4350-9752-0bff398b8f76\">Preuzimanje<\/a><\/div>\n\n\n\n<div class=\"wp-block-file\"><a id=\"wp-block-file--media-37825319-9d49-46b3-bebb-7e8dbd8a8e80\" href=\"https:\/\/aem.hr\/wp-content\/uploads\/2025\/03\/7.-Gostima-svaki-izlet-i-boravak-pretvori-u-dozivljaj.pdf\">7. Gostima svaki izlet i boravak pretvori u do\u017eivljaj<\/a><a href=\"https:\/\/aem.hr\/wp-content\/uploads\/2025\/03\/7.-Gostima-svaki-izlet-i-boravak-pretvori-u-dozivljaj.pdf\" class=\"wp-block-file__button wp-element-button\" download aria-describedby=\"wp-block-file--media-37825319-9d49-46b3-bebb-7e8dbd8a8e80\">Preuzimanje<\/a><\/div>\n\n\n\n<div class=\"wp-block-file\"><a id=\"wp-block-file--media-65fdac59-4ffd-4f15-a4f0-09139c799182\" href=\"https:\/\/aem.hr\/wp-content\/uploads\/2025\/03\/8.-Zene-u-poduzetnistvu-Licko-senjske-zupanije.pdf\">8. \u017dene u poduzetni\u0161tvu Li\u010dko-senjske \u017eupanije<\/a><a href=\"https:\/\/aem.hr\/wp-content\/uploads\/2025\/03\/8.-Zene-u-poduzetnistvu-Licko-senjske-zupanije.pdf\" class=\"wp-block-file__button wp-element-button\" download aria-describedby=\"wp-block-file--media-65fdac59-4ffd-4f15-a4f0-09139c799182\">Preuzimanje<\/a><\/div>\n\n\n\n<div class=\"wp-block-file\"><a id=\"wp-block-file--media-7a276d2b-0992-47c2-a04f-5712e8f6f656\" href=\"https:\/\/aem.hr\/wp-content\/uploads\/2025\/03\/9.-Snaga-zenskog-poduzetnistva-na-podrucju.pdf\">9. Snaga \u017eenskog poduzetni\u0161tva na podru\u010dju<\/a><a href=\"https:\/\/aem.hr\/wp-content\/uploads\/2025\/03\/9.-Snaga-zenskog-poduzetnistva-na-podrucju.pdf\" class=\"wp-block-file__button wp-element-button\" download aria-describedby=\"wp-block-file--media-7a276d2b-0992-47c2-a04f-5712e8f6f656\">Preuzimanje<\/a><\/div>\n","protected":false},"excerpt":{"rendered":"","protected":false},"author":18,"featured_media":0,"parent":0,"menu_order":0,"comment_status":"closed","ping_status":"closed","template":"","meta":{"_acf_changed":false,"inline_featured_image":false,"advgb_blocks_editor_width":"","advgb_blocks_columns_visual_guide":"","_links_to":"","_links_to_type":0,"footnotes":""},"class_list":["post-21426","page","type-page","status-publish","hentry"],"acf":[],"yoast_head":"<!-- This site is optimized with the Yoast SEO plugin v25.7 - https:\/\/yoast.com\/wordpress\/plugins\/seo\/ -->\n<title>Marija Ru\u017ei\u0107 - Istra\u017eivanje uspjeha, izazova i inovacija \u017eena poduzetnica u Li\u010dko-senjskoj \u017eupaniji - Agencija za elektroni\u010dke medije<\/title>\n<meta name=\"robots\" content=\"index, follow, max-snippet:-1, max-image-preview:large, max-video-preview:-1\" \/>\n<link rel=\"canonical\" href=\"https:\/\/aem.hr\/marija-ruzic-istrazivanje-uspjeha-izazova-i-inovacija-zena-poduzetnica-u-licko-senjskoj-zupaniji\/\" \/>\n<meta property=\"og:locale\" content=\"en_US\" \/>\n<meta property=\"og:type\" content=\"article\" \/>\n<meta property=\"og:title\" content=\"Marija Ru\u017ei\u0107 - Istra\u017eivanje uspjeha, izazova i inovacija \u017eena poduzetnica u Li\u010dko-senjskoj \u017eupaniji - Agencija za elektroni\u010dke medije\" \/>\n<meta property=\"og:url\" content=\"https:\/\/aem.hr\/marija-ruzic-istrazivanje-uspjeha-izazova-i-inovacija-zena-poduzetnica-u-licko-senjskoj-zupaniji\/\" \/>\n<meta property=\"og:site_name\" content=\"Agencija za elektroni\u010dke medije\" \/>\n<meta property=\"article:modified_time\" content=\"2025-03-14T14:04:27+00:00\" \/>\n<meta name=\"twitter:card\" content=\"summary_large_image\" \/>\n<meta name=\"twitter:label1\" content=\"Est. reading time\" \/>\n\t<meta name=\"twitter:data1\" content=\"1 minute\" \/>\n<script type=\"application\/ld+json\" class=\"yoast-schema-graph\">{\"@context\":\"https:\/\/schema.org\",\"@graph\":[{\"@type\":\"WebPage\",\"@id\":\"https:\/\/aem.hr\/marija-ruzic-istrazivanje-uspjeha-izazova-i-inovacija-zena-poduzetnica-u-licko-senjskoj-zupaniji\/\",\"url\":\"https:\/\/aem.hr\/marija-ruzic-istrazivanje-uspjeha-izazova-i-inovacija-zena-poduzetnica-u-licko-senjskoj-zupaniji\/\",\"name\":\"Marija Ru\u017ei\u0107 - Istra\u017eivanje uspjeha, izazova i inovacija \u017eena poduzetnica u Li\u010dko-senjskoj \u017eupaniji - Agencija za elektroni\u010dke medije\",\"isPartOf\":{\"@id\":\"https:\/\/aem.hr\/#website\"},\"datePublished\":\"2025-03-14T14:04:26+00:00\",\"dateModified\":\"2025-03-14T14:04:27+00:00\",\"breadcrumb\":{\"@id\":\"https:\/\/aem.hr\/marija-ruzic-istrazivanje-uspjeha-izazova-i-inovacija-zena-poduzetnica-u-licko-senjskoj-zupaniji\/#breadcrumb\"},\"inLanguage\":\"en-US\",\"potentialAction\":[{\"@type\":\"ReadAction\",\"target\":[\"https:\/\/aem.hr\/marija-ruzic-istrazivanje-uspjeha-izazova-i-inovacija-zena-poduzetnica-u-licko-senjskoj-zupaniji\/\"]}]},{\"@type\":\"BreadcrumbList\",\"@id\":\"https:\/\/aem.hr\/marija-ruzic-istrazivanje-uspjeha-izazova-i-inovacija-zena-poduzetnica-u-licko-senjskoj-zupaniji\/#breadcrumb\",\"itemListElement\":[{\"@type\":\"ListItem\",\"position\":1,\"name\":\"Po\u010detna stranica\",\"item\":\"https:\/\/aem.hr\/\"},{\"@type\":\"ListItem\",\"position\":2,\"name\":\"Marija Ru\u017ei\u0107 &#8211; Istra\u017eivanje uspjeha, izazova i inovacija \u017eena poduzetnica u Li\u010dko-senjskoj \u017eupaniji\"}]},{\"@type\":\"WebSite\",\"@id\":\"https:\/\/aem.hr\/#website\",\"url\":\"https:\/\/aem.hr\/\",\"name\":\"Agencija za elektroni\u010dke medije\",\"description\":\"\",\"potentialAction\":[{\"@type\":\"SearchAction\",\"target\":{\"@type\":\"EntryPoint\",\"urlTemplate\":\"https:\/\/aem.hr\/?s={search_term_string}\"},\"query-input\":{\"@type\":\"PropertyValueSpecification\",\"valueRequired\":true,\"valueName\":\"search_term_string\"}}],\"inLanguage\":\"en-US\"}]}<\/script>\n<!-- \/ Yoast SEO plugin. -->","yoast_head_json":{"title":"Marija Ru\u017ei\u0107 - Istra\u017eivanje uspjeha, izazova i inovacija \u017eena poduzetnica u Li\u010dko-senjskoj \u017eupaniji - Agencija za elektroni\u010dke medije","robots":{"index":"index","follow":"follow","max-snippet":"max-snippet:-1","max-image-preview":"max-image-preview:large","max-video-preview":"max-video-preview:-1"},"canonical":"https:\/\/aem.hr\/marija-ruzic-istrazivanje-uspjeha-izazova-i-inovacija-zena-poduzetnica-u-licko-senjskoj-zupaniji\/","og_locale":"en_US","og_type":"article","og_title":"Marija Ru\u017ei\u0107 - Istra\u017eivanje uspjeha, izazova i inovacija \u017eena poduzetnica u Li\u010dko-senjskoj \u017eupaniji - Agencija za elektroni\u010dke medije","og_url":"https:\/\/aem.hr\/marija-ruzic-istrazivanje-uspjeha-izazova-i-inovacija-zena-poduzetnica-u-licko-senjskoj-zupaniji\/","og_site_name":"Agencija za elektroni\u010dke medije","article_modified_time":"2025-03-14T14:04:27+00:00","twitter_card":"summary_large_image","twitter_misc":{"Est. reading time":"1 minute"},"schema":{"@context":"https:\/\/schema.org","@graph":[{"@type":"WebPage","@id":"https:\/\/aem.hr\/marija-ruzic-istrazivanje-uspjeha-izazova-i-inovacija-zena-poduzetnica-u-licko-senjskoj-zupaniji\/","url":"https:\/\/aem.hr\/marija-ruzic-istrazivanje-uspjeha-izazova-i-inovacija-zena-poduzetnica-u-licko-senjskoj-zupaniji\/","name":"Marija Ru\u017ei\u0107 - Istra\u017eivanje uspjeha, izazova i inovacija \u017eena poduzetnica u Li\u010dko-senjskoj \u017eupaniji - Agencija za elektroni\u010dke medije","isPartOf":{"@id":"https:\/\/aem.hr\/#website"},"datePublished":"2025-03-14T14:04:26+00:00","dateModified":"2025-03-14T14:04:27+00:00","breadcrumb":{"@id":"https:\/\/aem.hr\/marija-ruzic-istrazivanje-uspjeha-izazova-i-inovacija-zena-poduzetnica-u-licko-senjskoj-zupaniji\/#breadcrumb"},"inLanguage":"en-US","potentialAction":[{"@type":"ReadAction","target":["https:\/\/aem.hr\/marija-ruzic-istrazivanje-uspjeha-izazova-i-inovacija-zena-poduzetnica-u-licko-senjskoj-zupaniji\/"]}]},{"@type":"BreadcrumbList","@id":"https:\/\/aem.hr\/marija-ruzic-istrazivanje-uspjeha-izazova-i-inovacija-zena-poduzetnica-u-licko-senjskoj-zupaniji\/#breadcrumb","itemListElement":[{"@type":"ListItem","position":1,"name":"Po\u010detna stranica","item":"https:\/\/aem.hr\/"},{"@type":"ListItem","position":2,"name":"Marija Ru\u017ei\u0107 &#8211; Istra\u017eivanje uspjeha, izazova i inovacija \u017eena poduzetnica u Li\u010dko-senjskoj \u017eupaniji"}]},{"@type":"WebSite","@id":"https:\/\/aem.hr\/#website","url":"https:\/\/aem.hr\/","name":"Agencija za elektroni\u010dke medije","description":"","potentialAction":[{"@type":"SearchAction","target":{"@type":"EntryPoint","urlTemplate":"https:\/\/aem.hr\/?s={search_term_string}"},"query-input":{"@type":"PropertyValueSpecification","valueRequired":true,"valueName":"search_term_string"}}],"inLanguage":"en-US"}]}},"coauthors":[],"author_meta":{"author_link":"https:\/\/aem.hr\/en\/blog\/author\/mkirac\/","display_name":"Matko Kirac"},"relative_dates":{"created":"Posted 1 year ago","modified":"Updated 1 year ago"},"absolute_dates":{"created":"Posted on 14. March 2025.","modified":"Updated on 14. March 2025."},"absolute_dates_time":{"created":"Posted on 14. March 2025. 15:04","modified":"Updated on 14. March 2025. 15:04"},"featured_img_caption":"","featured_img":false,"series_order":"","_links":{"self":[{"href":"https:\/\/aem.hr\/en\/wp-json\/wp\/v2\/pages\/21426","targetHints":{"allow":["GET"]}}],"collection":[{"href":"https:\/\/aem.hr\/en\/wp-json\/wp\/v2\/pages"}],"about":[{"href":"https:\/\/aem.hr\/en\/wp-json\/wp\/v2\/types\/page"}],"author":[{"embeddable":true,"href":"https:\/\/aem.hr\/en\/wp-json\/wp\/v2\/users\/18"}],"replies":[{"embeddable":true,"href":"https:\/\/aem.hr\/en\/wp-json\/wp\/v2\/comments?post=21426"}],"version-history":[{"count":1,"href":"https:\/\/aem.hr\/en\/wp-json\/wp\/v2\/pages\/21426\/revisions"}],"predecessor-version":[{"id":21445,"href":"https:\/\/aem.hr\/en\/wp-json\/wp\/v2\/pages\/21426\/revisions\/21445"}],"wp:attachment":[{"href":"https:\/\/aem.hr\/en\/wp-json\/wp\/v2\/media?parent=21426"}],"curies":[{"name":"wp","href":"https:\/\/api.w.org\/{rel}","templated":true}]}}