{"id":21447,"date":"2025-03-14T15:06:18","date_gmt":"2025-03-14T14:06:18","guid":{"rendered":"http:\/\/aem.hr\/?page_id=21447"},"modified":"2025-03-14T15:06:19","modified_gmt":"2025-03-14T14:06:19","slug":"iva-perdec-augustic-igra-i-lopta-umjesto-igrica-i-mobitela-nasoj-djeci-nedostaje-100-000-km-za-pravilan-razvoj-mozga","status":"publish","type":"page","link":"https:\/\/aem.hr\/en\/iva-perdec-augustic-igra-i-lopta-umjesto-igrica-i-mobitela-nasoj-djeci-nedostaje-100-000-km-za-pravilan-razvoj-mozga\/","title":{"rendered":"Iva Perdec Augusti\u0107 &#8211; Igra i lopta umjesto igrica i mobitela: Na\u0161oj djeci nedostaje 100.000 km za pravilan razvoj mozga"},"content":{"rendered":"\n<div class=\"wp-block-file\"><a id=\"wp-block-file--media-6ce2d9da-886a-4d36-a711-a4aa79711ef8\" href=\"https:\/\/aem.hr\/wp-content\/uploads\/2025\/03\/1.-Digitalno-doba-uzima-danak-u.pdf\">1. Digitalno doba uzima danak u<\/a><a href=\"https:\/\/aem.hr\/wp-content\/uploads\/2025\/03\/1.-Digitalno-doba-uzima-danak-u.pdf\" class=\"wp-block-file__button wp-element-button\" download aria-describedby=\"wp-block-file--media-6ce2d9da-886a-4d36-a711-a4aa79711ef8\">Preuzimanje<\/a><\/div>\n\n\n\n<div class=\"wp-block-file\"><a id=\"wp-block-file--media-7d92b7a9-91f7-41a9-a77d-ab10fdabcf1c\" href=\"https:\/\/aem.hr\/wp-content\/uploads\/2025\/03\/2.-Djeca-u-Hrvatskoj-provode-dva.pdf\">2. Djeca u Hrvatskoj provode dva<\/a><a href=\"https:\/\/aem.hr\/wp-content\/uploads\/2025\/03\/2.-Djeca-u-Hrvatskoj-provode-dva.pdf\" class=\"wp-block-file__button wp-element-button\" download aria-describedby=\"wp-block-file--media-7d92b7a9-91f7-41a9-a77d-ab10fdabcf1c\">Preuzimanje<\/a><\/div>\n\n\n\n<div class=\"wp-block-file\"><a id=\"wp-block-file--media-2bb33083-3695-4800-aa69-8a9f40b08ad9\" href=\"https:\/\/aem.hr\/wp-content\/uploads\/2025\/03\/3.-Dr.-Rajovic-porucuje-roditeljima.pdf\">3. Dr. Rajovi\u0107 poru\u010duje roditeljima<\/a><a href=\"https:\/\/aem.hr\/wp-content\/uploads\/2025\/03\/3.-Dr.-Rajovic-porucuje-roditeljima.pdf\" class=\"wp-block-file__button wp-element-button\" download aria-describedby=\"wp-block-file--media-2bb33083-3695-4800-aa69-8a9f40b08ad9\">Preuzimanje<\/a><\/div>\n\n\n\n<div class=\"wp-block-file\"><a id=\"wp-block-file--media-dce32adf-65bc-488f-bfd5-f8c7ac440001\" href=\"https:\/\/aem.hr\/wp-content\/uploads\/2025\/03\/4.-Blanka-Vlasic-Roditelji-ne-bi-trebali-na-svoju.pdf\">4. Blanka Vla\u0161i\u0107-  Roditelji ne bi trebali na svoju<\/a><a href=\"https:\/\/aem.hr\/wp-content\/uploads\/2025\/03\/4.-Blanka-Vlasic-Roditelji-ne-bi-trebali-na-svoju.pdf\" class=\"wp-block-file__button wp-element-button\" download aria-describedby=\"wp-block-file--media-dce32adf-65bc-488f-bfd5-f8c7ac440001\">Preuzimanje<\/a><\/div>\n\n\n\n<div class=\"wp-block-file\"><a id=\"wp-block-file--media-7fcf09d9-0909-46e7-a247-79081233762a\" href=\"https:\/\/aem.hr\/wp-content\/uploads\/2025\/03\/5.-Djeca-bi-u-skolama-trebala-vjezbati-svaki-dan.pdf\">5. Djeca bi u \u0161kolama trebala vje\u017ebati svaki dan<\/a><a href=\"https:\/\/aem.hr\/wp-content\/uploads\/2025\/03\/5.-Djeca-bi-u-skolama-trebala-vjezbati-svaki-dan.pdf\" class=\"wp-block-file__button wp-element-button\" download aria-describedby=\"wp-block-file--media-7fcf09d9-0909-46e7-a247-79081233762a\">Preuzimanje<\/a><\/div>\n","protected":false},"excerpt":{"rendered":"","protected":false},"author":18,"featured_media":0,"parent":0,"menu_order":0,"comment_status":"closed","ping_status":"closed","template":"","meta":{"_acf_changed":false,"inline_featured_image":false,"advgb_blocks_editor_width":"","advgb_blocks_columns_visual_guide":"","_links_to":"","_links_to_type":0,"footnotes":""},"class_list":["post-21447","page","type-page","status-publish","hentry"],"acf":[],"yoast_head":"<!-- This site is optimized with the Yoast SEO plugin v25.7 - https:\/\/yoast.com\/wordpress\/plugins\/seo\/ -->\n<title>Iva Perdec Augusti\u0107 - Igra i lopta umjesto igrica i mobitela: Na\u0161oj djeci nedostaje 100.000 km za pravilan razvoj mozga - Agencija za elektroni\u010dke medije<\/title>\n<meta name=\"robots\" content=\"index, follow, max-snippet:-1, max-image-preview:large, max-video-preview:-1\" \/>\n<link rel=\"canonical\" href=\"https:\/\/aem.hr\/iva-perdec-augustic-igra-i-lopta-umjesto-igrica-i-mobitela-nasoj-djeci-nedostaje-100-000-km-za-pravilan-razvoj-mozga\/\" \/>\n<meta property=\"og:locale\" content=\"en_US\" \/>\n<meta property=\"og:type\" content=\"article\" \/>\n<meta property=\"og:title\" content=\"Iva Perdec Augusti\u0107 - Igra i lopta umjesto igrica i mobitela: Na\u0161oj djeci nedostaje 100.000 km za pravilan razvoj mozga - Agencija za elektroni\u010dke medije\" \/>\n<meta property=\"og:url\" content=\"https:\/\/aem.hr\/iva-perdec-augustic-igra-i-lopta-umjesto-igrica-i-mobitela-nasoj-djeci-nedostaje-100-000-km-za-pravilan-razvoj-mozga\/\" \/>\n<meta property=\"og:site_name\" content=\"Agencija za elektroni\u010dke medije\" \/>\n<meta property=\"article:modified_time\" content=\"2025-03-14T14:06:19+00:00\" \/>\n<meta name=\"twitter:card\" content=\"summary_large_image\" \/>\n<meta name=\"twitter:label1\" content=\"Est. reading time\" \/>\n\t<meta name=\"twitter:data1\" content=\"1 minute\" \/>\n<script type=\"application\/ld+json\" class=\"yoast-schema-graph\">{\"@context\":\"https:\/\/schema.org\",\"@graph\":[{\"@type\":\"WebPage\",\"@id\":\"https:\/\/aem.hr\/iva-perdec-augustic-igra-i-lopta-umjesto-igrica-i-mobitela-nasoj-djeci-nedostaje-100-000-km-za-pravilan-razvoj-mozga\/\",\"url\":\"https:\/\/aem.hr\/iva-perdec-augustic-igra-i-lopta-umjesto-igrica-i-mobitela-nasoj-djeci-nedostaje-100-000-km-za-pravilan-razvoj-mozga\/\",\"name\":\"Iva Perdec Augusti\u0107 - Igra i lopta umjesto igrica i mobitela: Na\u0161oj djeci nedostaje 100.000 km za pravilan razvoj mozga - Agencija za elektroni\u010dke medije\",\"isPartOf\":{\"@id\":\"https:\/\/aem.hr\/#website\"},\"datePublished\":\"2025-03-14T14:06:18+00:00\",\"dateModified\":\"2025-03-14T14:06:19+00:00\",\"breadcrumb\":{\"@id\":\"https:\/\/aem.hr\/iva-perdec-augustic-igra-i-lopta-umjesto-igrica-i-mobitela-nasoj-djeci-nedostaje-100-000-km-za-pravilan-razvoj-mozga\/#breadcrumb\"},\"inLanguage\":\"en-US\",\"potentialAction\":[{\"@type\":\"ReadAction\",\"target\":[\"https:\/\/aem.hr\/iva-perdec-augustic-igra-i-lopta-umjesto-igrica-i-mobitela-nasoj-djeci-nedostaje-100-000-km-za-pravilan-razvoj-mozga\/\"]}]},{\"@type\":\"BreadcrumbList\",\"@id\":\"https:\/\/aem.hr\/iva-perdec-augustic-igra-i-lopta-umjesto-igrica-i-mobitela-nasoj-djeci-nedostaje-100-000-km-za-pravilan-razvoj-mozga\/#breadcrumb\",\"itemListElement\":[{\"@type\":\"ListItem\",\"position\":1,\"name\":\"Po\u010detna stranica\",\"item\":\"https:\/\/aem.hr\/\"},{\"@type\":\"ListItem\",\"position\":2,\"name\":\"Iva Perdec Augusti\u0107 &#8211; Igra i lopta umjesto igrica i mobitela: Na\u0161oj djeci nedostaje 100.000 km za pravilan razvoj mozga\"}]},{\"@type\":\"WebSite\",\"@id\":\"https:\/\/aem.hr\/#website\",\"url\":\"https:\/\/aem.hr\/\",\"name\":\"Agencija za elektroni\u010dke medije\",\"description\":\"\",\"potentialAction\":[{\"@type\":\"SearchAction\",\"target\":{\"@type\":\"EntryPoint\",\"urlTemplate\":\"https:\/\/aem.hr\/?s={search_term_string}\"},\"query-input\":{\"@type\":\"PropertyValueSpecification\",\"valueRequired\":true,\"valueName\":\"search_term_string\"}}],\"inLanguage\":\"en-US\"}]}<\/script>\n<!-- \/ Yoast SEO plugin. -->","yoast_head_json":{"title":"Iva Perdec Augusti\u0107 - Igra i lopta umjesto igrica i mobitela: Na\u0161oj djeci nedostaje 100.000 km za pravilan razvoj mozga - Agencija za elektroni\u010dke medije","robots":{"index":"index","follow":"follow","max-snippet":"max-snippet:-1","max-image-preview":"max-image-preview:large","max-video-preview":"max-video-preview:-1"},"canonical":"https:\/\/aem.hr\/iva-perdec-augustic-igra-i-lopta-umjesto-igrica-i-mobitela-nasoj-djeci-nedostaje-100-000-km-za-pravilan-razvoj-mozga\/","og_locale":"en_US","og_type":"article","og_title":"Iva Perdec Augusti\u0107 - Igra i lopta umjesto igrica i mobitela: Na\u0161oj djeci nedostaje 100.000 km za pravilan razvoj mozga - Agencija za elektroni\u010dke medije","og_url":"https:\/\/aem.hr\/iva-perdec-augustic-igra-i-lopta-umjesto-igrica-i-mobitela-nasoj-djeci-nedostaje-100-000-km-za-pravilan-razvoj-mozga\/","og_site_name":"Agencija za elektroni\u010dke medije","article_modified_time":"2025-03-14T14:06:19+00:00","twitter_card":"summary_large_image","twitter_misc":{"Est. reading time":"1 minute"},"schema":{"@context":"https:\/\/schema.org","@graph":[{"@type":"WebPage","@id":"https:\/\/aem.hr\/iva-perdec-augustic-igra-i-lopta-umjesto-igrica-i-mobitela-nasoj-djeci-nedostaje-100-000-km-za-pravilan-razvoj-mozga\/","url":"https:\/\/aem.hr\/iva-perdec-augustic-igra-i-lopta-umjesto-igrica-i-mobitela-nasoj-djeci-nedostaje-100-000-km-za-pravilan-razvoj-mozga\/","name":"Iva Perdec Augusti\u0107 - Igra i lopta umjesto igrica i mobitela: Na\u0161oj djeci nedostaje 100.000 km za pravilan razvoj mozga - Agencija za elektroni\u010dke medije","isPartOf":{"@id":"https:\/\/aem.hr\/#website"},"datePublished":"2025-03-14T14:06:18+00:00","dateModified":"2025-03-14T14:06:19+00:00","breadcrumb":{"@id":"https:\/\/aem.hr\/iva-perdec-augustic-igra-i-lopta-umjesto-igrica-i-mobitela-nasoj-djeci-nedostaje-100-000-km-za-pravilan-razvoj-mozga\/#breadcrumb"},"inLanguage":"en-US","potentialAction":[{"@type":"ReadAction","target":["https:\/\/aem.hr\/iva-perdec-augustic-igra-i-lopta-umjesto-igrica-i-mobitela-nasoj-djeci-nedostaje-100-000-km-za-pravilan-razvoj-mozga\/"]}]},{"@type":"BreadcrumbList","@id":"https:\/\/aem.hr\/iva-perdec-augustic-igra-i-lopta-umjesto-igrica-i-mobitela-nasoj-djeci-nedostaje-100-000-km-za-pravilan-razvoj-mozga\/#breadcrumb","itemListElement":[{"@type":"ListItem","position":1,"name":"Po\u010detna stranica","item":"https:\/\/aem.hr\/"},{"@type":"ListItem","position":2,"name":"Iva Perdec Augusti\u0107 &#8211; Igra i lopta umjesto igrica i mobitela: Na\u0161oj djeci nedostaje 100.000 km za pravilan razvoj mozga"}]},{"@type":"WebSite","@id":"https:\/\/aem.hr\/#website","url":"https:\/\/aem.hr\/","name":"Agencija za elektroni\u010dke medije","description":"","potentialAction":[{"@type":"SearchAction","target":{"@type":"EntryPoint","urlTemplate":"https:\/\/aem.hr\/?s={search_term_string}"},"query-input":{"@type":"PropertyValueSpecification","valueRequired":true,"valueName":"search_term_string"}}],"inLanguage":"en-US"}]}},"coauthors":[],"author_meta":{"author_link":"https:\/\/aem.hr\/en\/blog\/author\/mkirac\/","display_name":"Matko Kirac"},"relative_dates":{"created":"Posted 1 year ago","modified":"Updated 1 year ago"},"absolute_dates":{"created":"Posted on 14. March 2025.","modified":"Updated on 14. March 2025."},"absolute_dates_time":{"created":"Posted on 14. March 2025. 15:06","modified":"Updated on 14. March 2025. 15:06"},"featured_img_caption":"","featured_img":false,"series_order":"","_links":{"self":[{"href":"https:\/\/aem.hr\/en\/wp-json\/wp\/v2\/pages\/21447","targetHints":{"allow":["GET"]}}],"collection":[{"href":"https:\/\/aem.hr\/en\/wp-json\/wp\/v2\/pages"}],"about":[{"href":"https:\/\/aem.hr\/en\/wp-json\/wp\/v2\/types\/page"}],"author":[{"embeddable":true,"href":"https:\/\/aem.hr\/en\/wp-json\/wp\/v2\/users\/18"}],"replies":[{"embeddable":true,"href":"https:\/\/aem.hr\/en\/wp-json\/wp\/v2\/comments?post=21447"}],"version-history":[{"count":1,"href":"https:\/\/aem.hr\/en\/wp-json\/wp\/v2\/pages\/21447\/revisions"}],"predecessor-version":[{"id":21457,"href":"https:\/\/aem.hr\/en\/wp-json\/wp\/v2\/pages\/21447\/revisions\/21457"}],"wp:attachment":[{"href":"https:\/\/aem.hr\/en\/wp-json\/wp\/v2\/media?parent=21447"}],"curies":[{"name":"wp","href":"https:\/\/api.w.org\/{rel}","templated":true}]}}