{"id":21460,"date":"2025-03-14T15:08:22","date_gmt":"2025-03-14T14:08:22","guid":{"rendered":"http:\/\/aem.hr\/?page_id=21460"},"modified":"2025-03-14T15:08:23","modified_gmt":"2025-03-14T14:08:23","slug":"valentina-sertic-mama-tata-pas-rodbinska-mreza-u-popularnoj-glazbi","status":"publish","type":"page","link":"https:\/\/aem.hr\/en\/valentina-sertic-mama-tata-pas-rodbinska-mreza-u-popularnoj-glazbi\/","title":{"rendered":"Valentina Serti\u0107 &#8211; Mama, tata, pas &#8211; rodbinska mre\u017ea u popularnoj glazbi"},"content":{"rendered":"\n<div class=\"wp-block-file\"><a id=\"wp-block-file--media-3bdfd529-42e5-4dff-b52d-049f4c2cf41e\" href=\"https:\/\/aem.hr\/wp-content\/uploads\/2025\/03\/1.-Od-Mame-Juanite-do-Mame-SC.pdf\">1. Od Mame Juanite do Mame \u0160\u010c<\/a><a href=\"https:\/\/aem.hr\/wp-content\/uploads\/2025\/03\/1.-Od-Mame-Juanite-do-Mame-SC.pdf\" class=\"wp-block-file__button wp-element-button\" download aria-describedby=\"wp-block-file--media-3bdfd529-42e5-4dff-b52d-049f4c2cf41e\">Preuzimanje<\/a><\/div>\n\n\n\n<div class=\"wp-block-file\"><a id=\"wp-block-file--media-1d5d8241-104b-4082-8a8c-ecdc886a523c\" href=\"https:\/\/aem.hr\/wp-content\/uploads\/2025\/03\/2.-Tata-kupi-mi-tata-kupi-mi-sve.pdf\">2. Tata kupi mi, tata kupi mi sve<\/a><a href=\"https:\/\/aem.hr\/wp-content\/uploads\/2025\/03\/2.-Tata-kupi-mi-tata-kupi-mi-sve.pdf\" class=\"wp-block-file__button wp-element-button\" download aria-describedby=\"wp-block-file--media-1d5d8241-104b-4082-8a8c-ecdc886a523c\">Preuzimanje<\/a><\/div>\n\n\n\n<div class=\"wp-block-file\"><a id=\"wp-block-file--media-d44b8406-8369-4a21-83c2-3e0e90009971\" href=\"https:\/\/aem.hr\/wp-content\/uploads\/2025\/03\/3.-Suze-sina-razmetnoga-i-ribareve-kceri-Janje.pdf\">3. Suze sina razmetnoga i ribareve k\u0107eri Janje<\/a><a href=\"https:\/\/aem.hr\/wp-content\/uploads\/2025\/03\/3.-Suze-sina-razmetnoga-i-ribareve-kceri-Janje.pdf\" class=\"wp-block-file__button wp-element-button\" download aria-describedby=\"wp-block-file--media-d44b8406-8369-4a21-83c2-3e0e90009971\">Preuzimanje<\/a><\/div>\n\n\n\n<div class=\"wp-block-file\"><a id=\"wp-block-file--media-32a612eb-9e66-44f2-8d78-33be24d3e8fe\" href=\"https:\/\/aem.hr\/wp-content\/uploads\/2025\/03\/4.-Bratstvo-i-djetinjstvo.pdf\">4. Bratstvo i djetinjstvo<\/a><a href=\"https:\/\/aem.hr\/wp-content\/uploads\/2025\/03\/4.-Bratstvo-i-djetinjstvo.pdf\" class=\"wp-block-file__button wp-element-button\" download aria-describedby=\"wp-block-file--media-32a612eb-9e66-44f2-8d78-33be24d3e8fe\">Preuzimanje<\/a><\/div>\n\n\n\n<div class=\"wp-block-file\"><a id=\"wp-block-file--media-f1f9de11-487d-45d2-b154-f41b32d77155\" href=\"https:\/\/aem.hr\/wp-content\/uploads\/2025\/03\/5.-Djed-sumom-baba-drumom.pdf\">5. Djed \u0161umom, baba drumom<\/a><a href=\"https:\/\/aem.hr\/wp-content\/uploads\/2025\/03\/5.-Djed-sumom-baba-drumom.pdf\" class=\"wp-block-file__button wp-element-button\" download aria-describedby=\"wp-block-file--media-f1f9de11-487d-45d2-b154-f41b32d77155\">Preuzimanje<\/a><\/div>\n\n\n\n<div class=\"wp-block-file\"><a id=\"wp-block-file--media-b302f2b8-b193-41da-b1fe-a5d1613e001f\" href=\"https:\/\/aem.hr\/wp-content\/uploads\/2025\/03\/6.-Runda-za-nekrvno-srodstvo-i-daleke-rodake.pdf\">6. Runda za nekrvno srodstvo i daleke ro\u0111ake<\/a><a href=\"https:\/\/aem.hr\/wp-content\/uploads\/2025\/03\/6.-Runda-za-nekrvno-srodstvo-i-daleke-rodake.pdf\" class=\"wp-block-file__button wp-element-button\" download aria-describedby=\"wp-block-file--media-b302f2b8-b193-41da-b1fe-a5d1613e001f\">Preuzimanje<\/a><\/div>\n","protected":false},"excerpt":{"rendered":"","protected":false},"author":18,"featured_media":0,"parent":0,"menu_order":0,"comment_status":"closed","ping_status":"closed","template":"","meta":{"_acf_changed":false,"inline_featured_image":false,"advgb_blocks_editor_width":"","advgb_blocks_columns_visual_guide":"","_links_to":"","_links_to_type":0,"footnotes":""},"class_list":["post-21460","page","type-page","status-publish","hentry"],"acf":[],"yoast_head":"<!-- This site is optimized with the Yoast SEO plugin v25.7 - https:\/\/yoast.com\/wordpress\/plugins\/seo\/ -->\n<title>Valentina Serti\u0107 - Mama, tata, pas - rodbinska mre\u017ea u popularnoj glazbi - Agencija za elektroni\u010dke medije<\/title>\n<meta name=\"robots\" content=\"index, follow, max-snippet:-1, max-image-preview:large, max-video-preview:-1\" \/>\n<link rel=\"canonical\" href=\"https:\/\/aem.hr\/valentina-sertic-mama-tata-pas-rodbinska-mreza-u-popularnoj-glazbi\/\" \/>\n<meta property=\"og:locale\" content=\"en_US\" \/>\n<meta property=\"og:type\" content=\"article\" \/>\n<meta property=\"og:title\" content=\"Valentina Serti\u0107 - Mama, tata, pas - rodbinska mre\u017ea u popularnoj glazbi - Agencija za elektroni\u010dke medije\" \/>\n<meta property=\"og:url\" content=\"https:\/\/aem.hr\/valentina-sertic-mama-tata-pas-rodbinska-mreza-u-popularnoj-glazbi\/\" \/>\n<meta property=\"og:site_name\" content=\"Agencija za elektroni\u010dke medije\" \/>\n<meta property=\"article:modified_time\" content=\"2025-03-14T14:08:23+00:00\" \/>\n<meta name=\"twitter:card\" content=\"summary_large_image\" \/>\n<meta name=\"twitter:label1\" content=\"Est. reading time\" \/>\n\t<meta name=\"twitter:data1\" content=\"1 minute\" \/>\n<script type=\"application\/ld+json\" class=\"yoast-schema-graph\">{\"@context\":\"https:\/\/schema.org\",\"@graph\":[{\"@type\":\"WebPage\",\"@id\":\"https:\/\/aem.hr\/valentina-sertic-mama-tata-pas-rodbinska-mreza-u-popularnoj-glazbi\/\",\"url\":\"https:\/\/aem.hr\/valentina-sertic-mama-tata-pas-rodbinska-mreza-u-popularnoj-glazbi\/\",\"name\":\"Valentina Serti\u0107 - Mama, tata, pas - rodbinska mre\u017ea u popularnoj glazbi - Agencija za elektroni\u010dke medije\",\"isPartOf\":{\"@id\":\"https:\/\/aem.hr\/#website\"},\"datePublished\":\"2025-03-14T14:08:22+00:00\",\"dateModified\":\"2025-03-14T14:08:23+00:00\",\"breadcrumb\":{\"@id\":\"https:\/\/aem.hr\/valentina-sertic-mama-tata-pas-rodbinska-mreza-u-popularnoj-glazbi\/#breadcrumb\"},\"inLanguage\":\"en-US\",\"potentialAction\":[{\"@type\":\"ReadAction\",\"target\":[\"https:\/\/aem.hr\/valentina-sertic-mama-tata-pas-rodbinska-mreza-u-popularnoj-glazbi\/\"]}]},{\"@type\":\"BreadcrumbList\",\"@id\":\"https:\/\/aem.hr\/valentina-sertic-mama-tata-pas-rodbinska-mreza-u-popularnoj-glazbi\/#breadcrumb\",\"itemListElement\":[{\"@type\":\"ListItem\",\"position\":1,\"name\":\"Po\u010detna stranica\",\"item\":\"https:\/\/aem.hr\/\"},{\"@type\":\"ListItem\",\"position\":2,\"name\":\"Valentina Serti\u0107 &#8211; Mama, tata, pas &#8211; rodbinska mre\u017ea u popularnoj glazbi\"}]},{\"@type\":\"WebSite\",\"@id\":\"https:\/\/aem.hr\/#website\",\"url\":\"https:\/\/aem.hr\/\",\"name\":\"Agencija za elektroni\u010dke medije\",\"description\":\"\",\"potentialAction\":[{\"@type\":\"SearchAction\",\"target\":{\"@type\":\"EntryPoint\",\"urlTemplate\":\"https:\/\/aem.hr\/?s={search_term_string}\"},\"query-input\":{\"@type\":\"PropertyValueSpecification\",\"valueRequired\":true,\"valueName\":\"search_term_string\"}}],\"inLanguage\":\"en-US\"}]}<\/script>\n<!-- \/ Yoast SEO plugin. -->","yoast_head_json":{"title":"Valentina Serti\u0107 - Mama, tata, pas - rodbinska mre\u017ea u popularnoj glazbi - Agencija za elektroni\u010dke medije","robots":{"index":"index","follow":"follow","max-snippet":"max-snippet:-1","max-image-preview":"max-image-preview:large","max-video-preview":"max-video-preview:-1"},"canonical":"https:\/\/aem.hr\/valentina-sertic-mama-tata-pas-rodbinska-mreza-u-popularnoj-glazbi\/","og_locale":"en_US","og_type":"article","og_title":"Valentina Serti\u0107 - Mama, tata, pas - rodbinska mre\u017ea u popularnoj glazbi - Agencija za elektroni\u010dke medije","og_url":"https:\/\/aem.hr\/valentina-sertic-mama-tata-pas-rodbinska-mreza-u-popularnoj-glazbi\/","og_site_name":"Agencija za elektroni\u010dke medije","article_modified_time":"2025-03-14T14:08:23+00:00","twitter_card":"summary_large_image","twitter_misc":{"Est. reading time":"1 minute"},"schema":{"@context":"https:\/\/schema.org","@graph":[{"@type":"WebPage","@id":"https:\/\/aem.hr\/valentina-sertic-mama-tata-pas-rodbinska-mreza-u-popularnoj-glazbi\/","url":"https:\/\/aem.hr\/valentina-sertic-mama-tata-pas-rodbinska-mreza-u-popularnoj-glazbi\/","name":"Valentina Serti\u0107 - Mama, tata, pas - rodbinska mre\u017ea u popularnoj glazbi - Agencija za elektroni\u010dke medije","isPartOf":{"@id":"https:\/\/aem.hr\/#website"},"datePublished":"2025-03-14T14:08:22+00:00","dateModified":"2025-03-14T14:08:23+00:00","breadcrumb":{"@id":"https:\/\/aem.hr\/valentina-sertic-mama-tata-pas-rodbinska-mreza-u-popularnoj-glazbi\/#breadcrumb"},"inLanguage":"en-US","potentialAction":[{"@type":"ReadAction","target":["https:\/\/aem.hr\/valentina-sertic-mama-tata-pas-rodbinska-mreza-u-popularnoj-glazbi\/"]}]},{"@type":"BreadcrumbList","@id":"https:\/\/aem.hr\/valentina-sertic-mama-tata-pas-rodbinska-mreza-u-popularnoj-glazbi\/#breadcrumb","itemListElement":[{"@type":"ListItem","position":1,"name":"Po\u010detna stranica","item":"https:\/\/aem.hr\/"},{"@type":"ListItem","position":2,"name":"Valentina Serti\u0107 &#8211; Mama, tata, pas &#8211; rodbinska mre\u017ea u popularnoj glazbi"}]},{"@type":"WebSite","@id":"https:\/\/aem.hr\/#website","url":"https:\/\/aem.hr\/","name":"Agencija za elektroni\u010dke medije","description":"","potentialAction":[{"@type":"SearchAction","target":{"@type":"EntryPoint","urlTemplate":"https:\/\/aem.hr\/?s={search_term_string}"},"query-input":{"@type":"PropertyValueSpecification","valueRequired":true,"valueName":"search_term_string"}}],"inLanguage":"en-US"}]}},"coauthors":[],"author_meta":{"author_link":"https:\/\/aem.hr\/en\/blog\/author\/mkirac\/","display_name":"Matko Kirac"},"relative_dates":{"created":"Posted 1 year ago","modified":"Updated 1 year ago"},"absolute_dates":{"created":"Posted on 14. March 2025.","modified":"Updated on 14. March 2025."},"absolute_dates_time":{"created":"Posted on 14. March 2025. 15:08","modified":"Updated on 14. March 2025. 15:08"},"featured_img_caption":"","featured_img":false,"series_order":"","_links":{"self":[{"href":"https:\/\/aem.hr\/en\/wp-json\/wp\/v2\/pages\/21460","targetHints":{"allow":["GET"]}}],"collection":[{"href":"https:\/\/aem.hr\/en\/wp-json\/wp\/v2\/pages"}],"about":[{"href":"https:\/\/aem.hr\/en\/wp-json\/wp\/v2\/types\/page"}],"author":[{"embeddable":true,"href":"https:\/\/aem.hr\/en\/wp-json\/wp\/v2\/users\/18"}],"replies":[{"embeddable":true,"href":"https:\/\/aem.hr\/en\/wp-json\/wp\/v2\/comments?post=21460"}],"version-history":[{"count":1,"href":"https:\/\/aem.hr\/en\/wp-json\/wp\/v2\/pages\/21460\/revisions"}],"predecessor-version":[{"id":21472,"href":"https:\/\/aem.hr\/en\/wp-json\/wp\/v2\/pages\/21460\/revisions\/21472"}],"wp:attachment":[{"href":"https:\/\/aem.hr\/en\/wp-json\/wp\/v2\/media?parent=21460"}],"curies":[{"name":"wp","href":"https:\/\/api.w.org\/{rel}","templated":true}]}}