{"id":21475,"date":"2025-03-14T15:09:47","date_gmt":"2025-03-14T14:09:47","guid":{"rendered":"http:\/\/aem.hr\/?page_id=21475"},"modified":"2025-03-14T15:09:48","modified_gmt":"2025-03-14T14:09:48","slug":"ivana-vrancic-sinjski-velikani","status":"publish","type":"page","link":"https:\/\/aem.hr\/en\/ivana-vrancic-sinjski-velikani\/","title":{"rendered":"Ivana Vran\u010di\u0107 &#8211; Sinjski velikani"},"content":{"rendered":"\n<div class=\"wp-block-file\"><a id=\"wp-block-file--media-91475c96-a55f-4381-982a-a7c3ef6f6625\" href=\"https:\/\/aem.hr\/wp-content\/uploads\/2025\/03\/1.-FERATA-Mnogi-su-Sinjani-i-Cetinjani.pdf\">1. FERATA Mnogi su Sinjani i Cetinjani<\/a><a href=\"https:\/\/aem.hr\/wp-content\/uploads\/2025\/03\/1.-FERATA-Mnogi-su-Sinjani-i-Cetinjani.pdf\" class=\"wp-block-file__button wp-element-button\" download aria-describedby=\"wp-block-file--media-91475c96-a55f-4381-982a-a7c3ef6f6625\">Preuzimanje<\/a><\/div>\n\n\n\n<div class=\"wp-block-file\"><a id=\"wp-block-file--media-693fa9ca-ee8f-49b2-a481-04a2eb05e0a9\" href=\"https:\/\/aem.hr\/wp-content\/uploads\/2025\/03\/2.-Dinko-Simunovic-Knjizevnik-koji-je-ostavio.pdf\">2. Dinko \u0160imunovi\u0107 Knji\u017eevnik koji je ostavio<\/a><a href=\"https:\/\/aem.hr\/wp-content\/uploads\/2025\/03\/2.-Dinko-Simunovic-Knjizevnik-koji-je-ostavio.pdf\" class=\"wp-block-file__button wp-element-button\" download aria-describedby=\"wp-block-file--media-693fa9ca-ee8f-49b2-a481-04a2eb05e0a9\">Preuzimanje<\/a><\/div>\n\n\n\n<div class=\"wp-block-file\"><a id=\"wp-block-file--media-65d2df80-0087-464a-b5e6-ea5655c2c296\" href=\"https:\/\/aem.hr\/wp-content\/uploads\/2025\/03\/3.-Dusan-Zanko-Velikan-koji-je-proslavio-Sinj.pdf\">3. Du\u0161an \u017danko Velikan koji je proslavio Sinj<\/a><a href=\"https:\/\/aem.hr\/wp-content\/uploads\/2025\/03\/3.-Dusan-Zanko-Velikan-koji-je-proslavio-Sinj.pdf\" class=\"wp-block-file__button wp-element-button\" download aria-describedby=\"wp-block-file--media-65d2df80-0087-464a-b5e6-ea5655c2c296\">Preuzimanje<\/a><\/div>\n\n\n\n<div class=\"wp-block-file\"><a id=\"wp-block-file--media-d4b2d81e-5369-4b20-8dfc-84f1c488caa0\" href=\"https:\/\/aem.hr\/wp-content\/uploads\/2025\/03\/4.-Stjepan-Gunjaca-Najaktivniji-i-najplodniji.pdf\">4. Stjepan Gunja\u010da Najaktivniji i najplodniji<\/a><a href=\"https:\/\/aem.hr\/wp-content\/uploads\/2025\/03\/4.-Stjepan-Gunjaca-Najaktivniji-i-najplodniji.pdf\" class=\"wp-block-file__button wp-element-button\" download aria-describedby=\"wp-block-file--media-d4b2d81e-5369-4b20-8dfc-84f1c488caa0\">Preuzimanje<\/a><\/div>\n\n\n\n<div class=\"wp-block-file\"><a id=\"wp-block-file--media-8fdaac8e-b539-4358-8f3d-00ca164e296e\" href=\"https:\/\/aem.hr\/wp-content\/uploads\/2025\/03\/5.-Fra-Josip-Ante-Soldo-Iako-rodenjem-nije.pdf\">5. Fra Josip Ante Soldo Iako ro\u0111enjem nije<\/a><a href=\"https:\/\/aem.hr\/wp-content\/uploads\/2025\/03\/5.-Fra-Josip-Ante-Soldo-Iako-rodenjem-nije.pdf\" class=\"wp-block-file__button wp-element-button\" download aria-describedby=\"wp-block-file--media-8fdaac8e-b539-4358-8f3d-00ca164e296e\">PrePreuzimanjeuzmi<\/a><\/div>\n\n\n\n<div class=\"wp-block-file\"><a id=\"wp-block-file--media-9b915204-ff9a-42f5-9f15-35e34ba05bde\" href=\"https:\/\/aem.hr\/wp-content\/uploads\/2025\/03\/6.-Tihomil-Rada-Vizionar-slobodne-pravedne.pdf\">6. Tihomil Ra\u0111a Vizionar slobodne, pravedne<\/a><a href=\"https:\/\/aem.hr\/wp-content\/uploads\/2025\/03\/6.-Tihomil-Rada-Vizionar-slobodne-pravedne.pdf\" class=\"wp-block-file__button wp-element-button\" download aria-describedby=\"wp-block-file--media-9b915204-ff9a-42f5-9f15-35e34ba05bde\">Preuzimanje<\/a><\/div>\n\n\n\n<div class=\"wp-block-file\"><a id=\"wp-block-file--media-1e7eafa3-a6d0-4e05-83d3-3ea5c8b8bad1\" href=\"https:\/\/aem.hr\/wp-content\/uploads\/2025\/03\/7.-Marko-Veselica-Hrvatski-Mandela-velikan.pdf\">7. Marko Veselica Hrvatski Mandela, velikan<\/a><a href=\"https:\/\/aem.hr\/wp-content\/uploads\/2025\/03\/7.-Marko-Veselica-Hrvatski-Mandela-velikan.pdf\" class=\"wp-block-file__button wp-element-button\" download aria-describedby=\"wp-block-file--media-1e7eafa3-a6d0-4e05-83d3-3ea5c8b8bad1\">Preuzimanje<\/a><\/div>\n","protected":false},"excerpt":{"rendered":"","protected":false},"author":18,"featured_media":0,"parent":0,"menu_order":0,"comment_status":"closed","ping_status":"closed","template":"","meta":{"_acf_changed":false,"inline_featured_image":false,"advgb_blocks_editor_width":"","advgb_blocks_columns_visual_guide":"","_links_to":"","_links_to_type":0,"footnotes":""},"class_list":["post-21475","page","type-page","status-publish","hentry"],"acf":[],"yoast_head":"<!-- This site is optimized with the Yoast SEO plugin v25.7 - https:\/\/yoast.com\/wordpress\/plugins\/seo\/ -->\n<title>Ivana Vran\u010di\u0107 - Sinjski velikani - Agencija za elektroni\u010dke medije<\/title>\n<meta name=\"robots\" content=\"index, follow, max-snippet:-1, max-image-preview:large, max-video-preview:-1\" \/>\n<link rel=\"canonical\" href=\"https:\/\/aem.hr\/ivana-vrancic-sinjski-velikani\/\" \/>\n<meta property=\"og:locale\" content=\"en_US\" \/>\n<meta property=\"og:type\" content=\"article\" \/>\n<meta property=\"og:title\" content=\"Ivana Vran\u010di\u0107 - Sinjski velikani - Agencija za elektroni\u010dke medije\" \/>\n<meta property=\"og:url\" content=\"https:\/\/aem.hr\/ivana-vrancic-sinjski-velikani\/\" \/>\n<meta property=\"og:site_name\" content=\"Agencija za elektroni\u010dke medije\" \/>\n<meta property=\"article:modified_time\" content=\"2025-03-14T14:09:48+00:00\" \/>\n<meta name=\"twitter:card\" content=\"summary_large_image\" \/>\n<meta name=\"twitter:label1\" content=\"Est. reading time\" \/>\n\t<meta name=\"twitter:data1\" content=\"1 minute\" \/>\n<script type=\"application\/ld+json\" class=\"yoast-schema-graph\">{\"@context\":\"https:\/\/schema.org\",\"@graph\":[{\"@type\":\"WebPage\",\"@id\":\"https:\/\/aem.hr\/ivana-vrancic-sinjski-velikani\/\",\"url\":\"https:\/\/aem.hr\/ivana-vrancic-sinjski-velikani\/\",\"name\":\"Ivana Vran\u010di\u0107 - Sinjski velikani - Agencija za elektroni\u010dke medije\",\"isPartOf\":{\"@id\":\"https:\/\/aem.hr\/#website\"},\"datePublished\":\"2025-03-14T14:09:47+00:00\",\"dateModified\":\"2025-03-14T14:09:48+00:00\",\"breadcrumb\":{\"@id\":\"https:\/\/aem.hr\/ivana-vrancic-sinjski-velikani\/#breadcrumb\"},\"inLanguage\":\"en-US\",\"potentialAction\":[{\"@type\":\"ReadAction\",\"target\":[\"https:\/\/aem.hr\/ivana-vrancic-sinjski-velikani\/\"]}]},{\"@type\":\"BreadcrumbList\",\"@id\":\"https:\/\/aem.hr\/ivana-vrancic-sinjski-velikani\/#breadcrumb\",\"itemListElement\":[{\"@type\":\"ListItem\",\"position\":1,\"name\":\"Po\u010detna stranica\",\"item\":\"https:\/\/aem.hr\/\"},{\"@type\":\"ListItem\",\"position\":2,\"name\":\"Ivana Vran\u010di\u0107 &#8211; Sinjski velikani\"}]},{\"@type\":\"WebSite\",\"@id\":\"https:\/\/aem.hr\/#website\",\"url\":\"https:\/\/aem.hr\/\",\"name\":\"Agencija za elektroni\u010dke medije\",\"description\":\"\",\"potentialAction\":[{\"@type\":\"SearchAction\",\"target\":{\"@type\":\"EntryPoint\",\"urlTemplate\":\"https:\/\/aem.hr\/?s={search_term_string}\"},\"query-input\":{\"@type\":\"PropertyValueSpecification\",\"valueRequired\":true,\"valueName\":\"search_term_string\"}}],\"inLanguage\":\"en-US\"}]}<\/script>\n<!-- \/ Yoast SEO plugin. -->","yoast_head_json":{"title":"Ivana Vran\u010di\u0107 - Sinjski velikani - Agencija za elektroni\u010dke medije","robots":{"index":"index","follow":"follow","max-snippet":"max-snippet:-1","max-image-preview":"max-image-preview:large","max-video-preview":"max-video-preview:-1"},"canonical":"https:\/\/aem.hr\/ivana-vrancic-sinjski-velikani\/","og_locale":"en_US","og_type":"article","og_title":"Ivana Vran\u010di\u0107 - Sinjski velikani - Agencija za elektroni\u010dke medije","og_url":"https:\/\/aem.hr\/ivana-vrancic-sinjski-velikani\/","og_site_name":"Agencija za elektroni\u010dke medije","article_modified_time":"2025-03-14T14:09:48+00:00","twitter_card":"summary_large_image","twitter_misc":{"Est. reading time":"1 minute"},"schema":{"@context":"https:\/\/schema.org","@graph":[{"@type":"WebPage","@id":"https:\/\/aem.hr\/ivana-vrancic-sinjski-velikani\/","url":"https:\/\/aem.hr\/ivana-vrancic-sinjski-velikani\/","name":"Ivana Vran\u010di\u0107 - Sinjski velikani - Agencija za elektroni\u010dke medije","isPartOf":{"@id":"https:\/\/aem.hr\/#website"},"datePublished":"2025-03-14T14:09:47+00:00","dateModified":"2025-03-14T14:09:48+00:00","breadcrumb":{"@id":"https:\/\/aem.hr\/ivana-vrancic-sinjski-velikani\/#breadcrumb"},"inLanguage":"en-US","potentialAction":[{"@type":"ReadAction","target":["https:\/\/aem.hr\/ivana-vrancic-sinjski-velikani\/"]}]},{"@type":"BreadcrumbList","@id":"https:\/\/aem.hr\/ivana-vrancic-sinjski-velikani\/#breadcrumb","itemListElement":[{"@type":"ListItem","position":1,"name":"Po\u010detna stranica","item":"https:\/\/aem.hr\/"},{"@type":"ListItem","position":2,"name":"Ivana Vran\u010di\u0107 &#8211; Sinjski velikani"}]},{"@type":"WebSite","@id":"https:\/\/aem.hr\/#website","url":"https:\/\/aem.hr\/","name":"Agencija za elektroni\u010dke medije","description":"","potentialAction":[{"@type":"SearchAction","target":{"@type":"EntryPoint","urlTemplate":"https:\/\/aem.hr\/?s={search_term_string}"},"query-input":{"@type":"PropertyValueSpecification","valueRequired":true,"valueName":"search_term_string"}}],"inLanguage":"en-US"}]}},"coauthors":[],"author_meta":{"author_link":"https:\/\/aem.hr\/en\/blog\/author\/mkirac\/","display_name":"Matko Kirac"},"relative_dates":{"created":"Posted 1 year ago","modified":"Updated 1 year ago"},"absolute_dates":{"created":"Posted on 14. March 2025.","modified":"Updated on 14. March 2025."},"absolute_dates_time":{"created":"Posted on 14. March 2025. 15:09","modified":"Updated on 14. March 2025. 15:09"},"featured_img_caption":"","featured_img":false,"series_order":"","_links":{"self":[{"href":"https:\/\/aem.hr\/en\/wp-json\/wp\/v2\/pages\/21475","targetHints":{"allow":["GET"]}}],"collection":[{"href":"https:\/\/aem.hr\/en\/wp-json\/wp\/v2\/pages"}],"about":[{"href":"https:\/\/aem.hr\/en\/wp-json\/wp\/v2\/types\/page"}],"author":[{"embeddable":true,"href":"https:\/\/aem.hr\/en\/wp-json\/wp\/v2\/users\/18"}],"replies":[{"embeddable":true,"href":"https:\/\/aem.hr\/en\/wp-json\/wp\/v2\/comments?post=21475"}],"version-history":[{"count":1,"href":"https:\/\/aem.hr\/en\/wp-json\/wp\/v2\/pages\/21475\/revisions"}],"predecessor-version":[{"id":21491,"href":"https:\/\/aem.hr\/en\/wp-json\/wp\/v2\/pages\/21475\/revisions\/21491"}],"wp:attachment":[{"href":"https:\/\/aem.hr\/en\/wp-json\/wp\/v2\/media?parent=21475"}],"curies":[{"name":"wp","href":"https:\/\/api.w.org\/{rel}","templated":true}]}}