{"id":21493,"date":"2025-03-14T15:12:22","date_gmt":"2025-03-14T14:12:22","guid":{"rendered":"http:\/\/aem.hr\/?page_id=21493"},"modified":"2025-03-14T15:12:23","modified_gmt":"2025-03-14T14:12:23","slug":"drazen-najman-kako-se-stitimo-od-poplava","status":"publish","type":"page","link":"https:\/\/aem.hr\/en\/drazen-najman-kako-se-stitimo-od-poplava\/","title":{"rendered":"Dra\u017een Najman &#8211; Kako se \u0161titimo od poplava?"},"content":{"rendered":"\n<div class=\"wp-block-file\"><a id=\"wp-block-file--media-00973772-3fc5-46fc-8ee5-02db57d45f1c\" href=\"https:\/\/aem.hr\/wp-content\/uploads\/2025\/03\/1.-Apsolutne-sigurnosti-od-pojave-poplava-nema.pdf\">1. Apsolutne-sigurnosti-od-pojave-poplava-nema<\/a><a href=\"https:\/\/aem.hr\/wp-content\/uploads\/2025\/03\/1.-Apsolutne-sigurnosti-od-pojave-poplava-nema.pdf\" class=\"wp-block-file__button wp-element-button\" download aria-describedby=\"wp-block-file--media-00973772-3fc5-46fc-8ee5-02db57d45f1c\">Preuzimanje<\/a><\/div>\n\n\n\n<div class=\"wp-block-file\"><a id=\"wp-block-file--media-ac9059f5-fae1-4cb6-b1d1-b21052c61e1d\" href=\"https:\/\/aem.hr\/wp-content\/uploads\/2025\/03\/2.-Jesmo-li-spremni-za-poplave.pdf\">2. Jesmo li spremni za poplave<\/a><a href=\"https:\/\/aem.hr\/wp-content\/uploads\/2025\/03\/2.-Jesmo-li-spremni-za-poplave.pdf\" class=\"wp-block-file__button wp-element-button\" download aria-describedby=\"wp-block-file--media-ac9059f5-fae1-4cb6-b1d1-b21052c61e1d\">Preuzimanje<\/a><\/div>\n\n\n\n<div class=\"wp-block-file\"><a id=\"wp-block-file--media-a88db08c-993a-44bc-bdba-b5d1358bbc0e\" href=\"https:\/\/aem.hr\/wp-content\/uploads\/2025\/03\/3.-Brzina-je-kljucni-faktor-u-kriznim-situacijama.pdf\">3. Brzina-je-kljucni-faktor-u-kriznim-situacijama<\/a><a href=\"https:\/\/aem.hr\/wp-content\/uploads\/2025\/03\/3.-Brzina-je-kljucni-faktor-u-kriznim-situacijama.pdf\" class=\"wp-block-file__button wp-element-button\" download aria-describedby=\"wp-block-file--media-a88db08c-993a-44bc-bdba-b5d1358bbc0e\">Preuzimanje<\/a><\/div>\n\n\n\n<div class=\"wp-block-file\"><a id=\"wp-block-file--media-68a3bae3-ec5f-4a74-8726-15c32767d5fd\" href=\"https:\/\/aem.hr\/wp-content\/uploads\/2025\/03\/4.-Samo-uragani-uzrokuju-vece-ekonomske.pdf\">4. Samo-uragani-uzrokuju-vece-ekonomske<\/a><a href=\"https:\/\/aem.hr\/wp-content\/uploads\/2025\/03\/4.-Samo-uragani-uzrokuju-vece-ekonomske.pdf\" class=\"wp-block-file__button wp-element-button\" download aria-describedby=\"wp-block-file--media-68a3bae3-ec5f-4a74-8726-15c32767d5fd\">Preuzimanje<\/a><\/div>\n\n\n\n<div class=\"wp-block-file\"><a id=\"wp-block-file--media-555fa5c2-153f-4806-b2e8-d4ebe7ec499e\" href=\"https:\/\/aem.hr\/wp-content\/uploads\/2025\/03\/5.-Iako-klimatske-promjene-djeluju-sporo-njihov-.pdf\">5. Iako-klimatske-promjene-djeluju-sporo-njihov-<\/a><a href=\"https:\/\/aem.hr\/wp-content\/uploads\/2025\/03\/5.-Iako-klimatske-promjene-djeluju-sporo-njihov-.pdf\" class=\"wp-block-file__button wp-element-button\" download aria-describedby=\"wp-block-file--media-555fa5c2-153f-4806-b2e8-d4ebe7ec499e\">Preuzimanje<\/a><\/div>\n\n\n\n<div class=\"wp-block-file\"><a id=\"wp-block-file--media-d4056d81-5817-4591-b943-b175d5e7f278\" href=\"https:\/\/aem.hr\/wp-content\/uploads\/2025\/03\/6.-Kako-otkriti-koja-je-najslabija-karika-u-sustavu-.pdf\">6. Kako-otkriti-koja-je-najslabija-karika-u-sustavu-<\/a><a href=\"https:\/\/aem.hr\/wp-content\/uploads\/2025\/03\/6.-Kako-otkriti-koja-je-najslabija-karika-u-sustavu-.pdf\" class=\"wp-block-file__button wp-element-button\" download aria-describedby=\"wp-block-file--media-d4056d81-5817-4591-b943-b175d5e7f278\">Preuzimanje<\/a><\/div>\n\n\n\n<div class=\"wp-block-file\"><a id=\"wp-block-file--media-4552e179-6e2f-48e7-91b3-4d8ec9392b33\" href=\"https:\/\/aem.hr\/wp-content\/uploads\/2025\/03\/7.-Hoce-li-projektom-zastite-od-poplava-ogulin.pdf\">7. Hoce-li-projektom-zastite-od-poplava-ogulin<\/a><a href=\"https:\/\/aem.hr\/wp-content\/uploads\/2025\/03\/7.-Hoce-li-projektom-zastite-od-poplava-ogulin.pdf\" class=\"wp-block-file__button wp-element-button\" download aria-describedby=\"wp-block-file--media-4552e179-6e2f-48e7-91b3-4d8ec9392b33\">Preuzimanje<\/a><\/div>\n\n\n\n<div class=\"wp-block-file\"><a id=\"wp-block-file--media-04656657-9945-4e68-a6e4-50491c2ad69f\" href=\"https:\/\/aem.hr\/wp-content\/uploads\/2025\/03\/8.-Najbolja-obrana-od-poplava-je-dobra-priprema-zajednice.pdf\">8. Najbolja-obrana-od-poplava-je-dobra-priprema-zajednice<\/a><a href=\"https:\/\/aem.hr\/wp-content\/uploads\/2025\/03\/8.-Najbolja-obrana-od-poplava-je-dobra-priprema-zajednice.pdf\" class=\"wp-block-file__button wp-element-button\" download aria-describedby=\"wp-block-file--media-04656657-9945-4e68-a6e4-50491c2ad69f\">Preuzimanje<\/a><\/div>\n\n\n\n<div class=\"wp-block-file\"><a id=\"wp-block-file--media-b6179bdf-ae76-4c2f-8020-f794e891062a\" href=\"https:\/\/aem.hr\/wp-content\/uploads\/2025\/03\/9.-Smanjimo-rizik-od-poplava-kroz-vepar.pdf\">9. Smanjimo-rizik-od-poplava-kroz-vepar<\/a><a href=\"https:\/\/aem.hr\/wp-content\/uploads\/2025\/03\/9.-Smanjimo-rizik-od-poplava-kroz-vepar.pdf\" class=\"wp-block-file__button wp-element-button\" download aria-describedby=\"wp-block-file--media-b6179bdf-ae76-4c2f-8020-f794e891062a\">Preuzimanje<\/a><\/div>\n\n\n\n<div class=\"wp-block-file\"><a id=\"wp-block-file--media-105ea36a-ba07-41b2-a13a-4f1f04a4518d\" href=\"https:\/\/aem.hr\/wp-content\/uploads\/2025\/03\/10.-Ojacani-savski-nasipi-od-nove-gradiske-do-granice-sa-srbijom.pdf\">10. Ojacani-savski-nasipi-od-nove-gradiske-do-granice-sa-srbijom<\/a><a href=\"https:\/\/aem.hr\/wp-content\/uploads\/2025\/03\/10.-Ojacani-savski-nasipi-od-nove-gradiske-do-granice-sa-srbijom.pdf\" class=\"wp-block-file__button wp-element-button\" download aria-describedby=\"wp-block-file--media-105ea36a-ba07-41b2-a13a-4f1f04a4518d\">Preuzimanje<\/a><\/div>\n","protected":false},"excerpt":{"rendered":"","protected":false},"author":18,"featured_media":0,"parent":0,"menu_order":0,"comment_status":"closed","ping_status":"closed","template":"","meta":{"_acf_changed":false,"inline_featured_image":false,"advgb_blocks_editor_width":"","advgb_blocks_columns_visual_guide":"","_links_to":"","_links_to_type":0,"footnotes":""},"class_list":["post-21493","page","type-page","status-publish","hentry"],"acf":[],"yoast_head":"<!-- This site is optimized with the Yoast SEO plugin v25.7 - https:\/\/yoast.com\/wordpress\/plugins\/seo\/ -->\n<title>Dra\u017een Najman - Kako se \u0161titimo od poplava? - Agencija za elektroni\u010dke medije<\/title>\n<meta name=\"robots\" content=\"index, follow, max-snippet:-1, max-image-preview:large, max-video-preview:-1\" \/>\n<link rel=\"canonical\" href=\"https:\/\/aem.hr\/drazen-najman-kako-se-stitimo-od-poplava\/\" \/>\n<meta property=\"og:locale\" content=\"en_US\" \/>\n<meta property=\"og:type\" content=\"article\" \/>\n<meta property=\"og:title\" content=\"Dra\u017een Najman - Kako se \u0161titimo od poplava? - Agencija za elektroni\u010dke medije\" \/>\n<meta property=\"og:url\" content=\"https:\/\/aem.hr\/drazen-najman-kako-se-stitimo-od-poplava\/\" \/>\n<meta property=\"og:site_name\" content=\"Agencija za elektroni\u010dke medije\" \/>\n<meta property=\"article:modified_time\" content=\"2025-03-14T14:12:23+00:00\" \/>\n<meta name=\"twitter:card\" content=\"summary_large_image\" \/>\n<meta name=\"twitter:label1\" content=\"Est. reading time\" \/>\n\t<meta name=\"twitter:data1\" content=\"1 minute\" \/>\n<script type=\"application\/ld+json\" class=\"yoast-schema-graph\">{\"@context\":\"https:\/\/schema.org\",\"@graph\":[{\"@type\":\"WebPage\",\"@id\":\"https:\/\/aem.hr\/drazen-najman-kako-se-stitimo-od-poplava\/\",\"url\":\"https:\/\/aem.hr\/drazen-najman-kako-se-stitimo-od-poplava\/\",\"name\":\"Dra\u017een Najman - Kako se \u0161titimo od poplava? - Agencija za elektroni\u010dke medije\",\"isPartOf\":{\"@id\":\"https:\/\/aem.hr\/#website\"},\"datePublished\":\"2025-03-14T14:12:22+00:00\",\"dateModified\":\"2025-03-14T14:12:23+00:00\",\"breadcrumb\":{\"@id\":\"https:\/\/aem.hr\/drazen-najman-kako-se-stitimo-od-poplava\/#breadcrumb\"},\"inLanguage\":\"en-US\",\"potentialAction\":[{\"@type\":\"ReadAction\",\"target\":[\"https:\/\/aem.hr\/drazen-najman-kako-se-stitimo-od-poplava\/\"]}]},{\"@type\":\"BreadcrumbList\",\"@id\":\"https:\/\/aem.hr\/drazen-najman-kako-se-stitimo-od-poplava\/#breadcrumb\",\"itemListElement\":[{\"@type\":\"ListItem\",\"position\":1,\"name\":\"Po\u010detna stranica\",\"item\":\"https:\/\/aem.hr\/\"},{\"@type\":\"ListItem\",\"position\":2,\"name\":\"Dra\u017een Najman &#8211; Kako se \u0161titimo od poplava?\"}]},{\"@type\":\"WebSite\",\"@id\":\"https:\/\/aem.hr\/#website\",\"url\":\"https:\/\/aem.hr\/\",\"name\":\"Agencija za elektroni\u010dke medije\",\"description\":\"\",\"potentialAction\":[{\"@type\":\"SearchAction\",\"target\":{\"@type\":\"EntryPoint\",\"urlTemplate\":\"https:\/\/aem.hr\/?s={search_term_string}\"},\"query-input\":{\"@type\":\"PropertyValueSpecification\",\"valueRequired\":true,\"valueName\":\"search_term_string\"}}],\"inLanguage\":\"en-US\"}]}<\/script>\n<!-- \/ Yoast SEO plugin. -->","yoast_head_json":{"title":"Dra\u017een Najman - Kako se \u0161titimo od poplava? - Agencija za elektroni\u010dke medije","robots":{"index":"index","follow":"follow","max-snippet":"max-snippet:-1","max-image-preview":"max-image-preview:large","max-video-preview":"max-video-preview:-1"},"canonical":"https:\/\/aem.hr\/drazen-najman-kako-se-stitimo-od-poplava\/","og_locale":"en_US","og_type":"article","og_title":"Dra\u017een Najman - Kako se \u0161titimo od poplava? - Agencija za elektroni\u010dke medije","og_url":"https:\/\/aem.hr\/drazen-najman-kako-se-stitimo-od-poplava\/","og_site_name":"Agencija za elektroni\u010dke medije","article_modified_time":"2025-03-14T14:12:23+00:00","twitter_card":"summary_large_image","twitter_misc":{"Est. reading time":"1 minute"},"schema":{"@context":"https:\/\/schema.org","@graph":[{"@type":"WebPage","@id":"https:\/\/aem.hr\/drazen-najman-kako-se-stitimo-od-poplava\/","url":"https:\/\/aem.hr\/drazen-najman-kako-se-stitimo-od-poplava\/","name":"Dra\u017een Najman - Kako se \u0161titimo od poplava? - Agencija za elektroni\u010dke medije","isPartOf":{"@id":"https:\/\/aem.hr\/#website"},"datePublished":"2025-03-14T14:12:22+00:00","dateModified":"2025-03-14T14:12:23+00:00","breadcrumb":{"@id":"https:\/\/aem.hr\/drazen-najman-kako-se-stitimo-od-poplava\/#breadcrumb"},"inLanguage":"en-US","potentialAction":[{"@type":"ReadAction","target":["https:\/\/aem.hr\/drazen-najman-kako-se-stitimo-od-poplava\/"]}]},{"@type":"BreadcrumbList","@id":"https:\/\/aem.hr\/drazen-najman-kako-se-stitimo-od-poplava\/#breadcrumb","itemListElement":[{"@type":"ListItem","position":1,"name":"Po\u010detna stranica","item":"https:\/\/aem.hr\/"},{"@type":"ListItem","position":2,"name":"Dra\u017een Najman &#8211; Kako se \u0161titimo od poplava?"}]},{"@type":"WebSite","@id":"https:\/\/aem.hr\/#website","url":"https:\/\/aem.hr\/","name":"Agencija za elektroni\u010dke medije","description":"","potentialAction":[{"@type":"SearchAction","target":{"@type":"EntryPoint","urlTemplate":"https:\/\/aem.hr\/?s={search_term_string}"},"query-input":{"@type":"PropertyValueSpecification","valueRequired":true,"valueName":"search_term_string"}}],"inLanguage":"en-US"}]}},"coauthors":[],"author_meta":{"author_link":"https:\/\/aem.hr\/en\/blog\/author\/mkirac\/","display_name":"Matko Kirac"},"relative_dates":{"created":"Posted 1 year ago","modified":"Updated 1 year ago"},"absolute_dates":{"created":"Posted on 14. March 2025.","modified":"Updated on 14. March 2025."},"absolute_dates_time":{"created":"Posted on 14. March 2025. 15:12","modified":"Updated on 14. March 2025. 15:12"},"featured_img_caption":"","featured_img":false,"series_order":"","_links":{"self":[{"href":"https:\/\/aem.hr\/en\/wp-json\/wp\/v2\/pages\/21493","targetHints":{"allow":["GET"]}}],"collection":[{"href":"https:\/\/aem.hr\/en\/wp-json\/wp\/v2\/pages"}],"about":[{"href":"https:\/\/aem.hr\/en\/wp-json\/wp\/v2\/types\/page"}],"author":[{"embeddable":true,"href":"https:\/\/aem.hr\/en\/wp-json\/wp\/v2\/users\/18"}],"replies":[{"embeddable":true,"href":"https:\/\/aem.hr\/en\/wp-json\/wp\/v2\/comments?post=21493"}],"version-history":[{"count":1,"href":"https:\/\/aem.hr\/en\/wp-json\/wp\/v2\/pages\/21493\/revisions"}],"predecessor-version":[{"id":21513,"href":"https:\/\/aem.hr\/en\/wp-json\/wp\/v2\/pages\/21493\/revisions\/21513"}],"wp:attachment":[{"href":"https:\/\/aem.hr\/en\/wp-json\/wp\/v2\/media?parent=21493"}],"curies":[{"name":"wp","href":"https:\/\/api.w.org\/{rel}","templated":true}]}}