{"id":21514,"date":"2025-03-14T15:13:31","date_gmt":"2025-03-14T14:13:31","guid":{"rendered":"http:\/\/aem.hr\/?page_id=21514"},"modified":"2025-03-14T15:13:32","modified_gmt":"2025-03-14T14:13:32","slug":"ana-dokic-pongrasic-pisac-i-lik-odrazi-u-stvarnosti","status":"publish","type":"page","link":"https:\/\/aem.hr\/en\/ana-dokic-pongrasic-pisac-i-lik-odrazi-u-stvarnosti\/","title":{"rendered":"Ana \u0110oki\u0107-Pongra\u0161i\u0107 &#8211; PISAC I LIK &#8211; odrazi u stvarnosti"},"content":{"rendered":"\n<div class=\"wp-block-file\"><a id=\"wp-block-file--media-cb880266-98b7-488b-99a1-fc43e0ecc6ee\" href=\"https:\/\/aem.hr\/wp-content\/uploads\/2025\/03\/1.-Sandra-Antolic-i-\u2026.pdf\">1. Sandra Antoli\u0107 i \u2026<\/a><a href=\"https:\/\/aem.hr\/wp-content\/uploads\/2025\/03\/1.-Sandra-Antolic-i-\u2026.pdf\" class=\"wp-block-file__button wp-element-button\" download aria-describedby=\"wp-block-file--media-cb880266-98b7-488b-99a1-fc43e0ecc6ee\">Preuzimanje<\/a><\/div>\n\n\n\n<div class=\"wp-block-file\"><a id=\"wp-block-file--media-264a39f9-4e69-4d09-98d6-1a3204c718ba\" href=\"https:\/\/aem.hr\/wp-content\/uploads\/2025\/03\/2.-Zoran-Zmiric-lik-majke-Hotel-Wartburg.pdf\">2. Zoran \u017dmiri\u0107 &#038; lik majke (&#8216;Hotel Wartburg&#8217;)<\/a><a href=\"https:\/\/aem.hr\/wp-content\/uploads\/2025\/03\/2.-Zoran-Zmiric-lik-majke-Hotel-Wartburg.pdf\" class=\"wp-block-file__button wp-element-button\" download aria-describedby=\"wp-block-file--media-264a39f9-4e69-4d09-98d6-1a3204c718ba\">Preuzimanje<\/a><\/div>\n\n\n\n<div class=\"wp-block-file\"><a id=\"wp-block-file--media-c9207abd-c8ab-4f72-9649-73071eac5216\" href=\"https:\/\/aem.hr\/wp-content\/uploads\/2025\/03\/3.-Nives-Madunic-Barisic-Marko-Zene-koje-vriste-u-sebi.pdf\">3. Nives Maduni\u0107 Bari\u0161i\u0107 &#038; Marko (\u017dene koje vri\u0161te u sebi)<\/a><a href=\"https:\/\/aem.hr\/wp-content\/uploads\/2025\/03\/3.-Nives-Madunic-Barisic-Marko-Zene-koje-vriste-u-sebi.pdf\" class=\"wp-block-file__button wp-element-button\" download aria-describedby=\"wp-block-file--media-c9207abd-c8ab-4f72-9649-73071eac5216\">Preuzimanje<\/a><\/div>\n\n\n\n<div class=\"wp-block-file\"><a id=\"wp-block-file--media-e82a0088-ca74-48fa-aa3b-6cfd967313f9\" href=\"https:\/\/aem.hr\/wp-content\/uploads\/2025\/03\/4.-Ivana-Sojat-baka-Mandica-Sama.pdf\">4. Ivana \u0160ojat &#038; baka Mandica (&#8216;Sama&#8217;)<\/a><a href=\"https:\/\/aem.hr\/wp-content\/uploads\/2025\/03\/4.-Ivana-Sojat-baka-Mandica-Sama.pdf\" class=\"wp-block-file__button wp-element-button\" download aria-describedby=\"wp-block-file--media-e82a0088-ca74-48fa-aa3b-6cfd967313f9\">Preuzimanje<\/a><\/div>\n\n\n\n<div class=\"wp-block-file\"><a id=\"wp-block-file--media-9114efda-4ec7-43e8-81db-db7583c02c4e\" href=\"https:\/\/aem.hr\/wp-content\/uploads\/2025\/03\/5.-Lada-Martinac-Kralj-Miha-Kaminski-Lajanje-na-svemir.pdf\">5. Lada Martinac Kralj &#038; Miha Kaminski (&#8216;Lajanje na svemir&#8217;)<\/a><a href=\"https:\/\/aem.hr\/wp-content\/uploads\/2025\/03\/5.-Lada-Martinac-Kralj-Miha-Kaminski-Lajanje-na-svemir.pdf\" class=\"wp-block-file__button wp-element-button\" download aria-describedby=\"wp-block-file--media-9114efda-4ec7-43e8-81db-db7583c02c4e\">Preuzimanje<\/a><\/div>\n\n\n\n<div class=\"wp-block-file\"><a id=\"wp-block-file--media-8b2c3538-5594-439e-bb5e-b06777d1c0c4\" href=\"https:\/\/aem.hr\/wp-content\/uploads\/2025\/03\/6.-Ana-Dokic-Ana-Dokic.pdf\">6. Ana \u0110oki\u0107 &#038; Ana \u0110oki\u0107<\/a><a href=\"https:\/\/aem.hr\/wp-content\/uploads\/2025\/03\/6.-Ana-Dokic-Ana-Dokic.pdf\" class=\"wp-block-file__button wp-element-button\" download aria-describedby=\"wp-block-file--media-8b2c3538-5594-439e-bb5e-b06777d1c0c4\">Preuzimanje<\/a><\/div>\n","protected":false},"excerpt":{"rendered":"","protected":false},"author":18,"featured_media":0,"parent":0,"menu_order":0,"comment_status":"closed","ping_status":"closed","template":"","meta":{"_acf_changed":false,"inline_featured_image":false,"advgb_blocks_editor_width":"","advgb_blocks_columns_visual_guide":"","_links_to":"","_links_to_type":0,"footnotes":""},"class_list":["post-21514","page","type-page","status-publish","hentry"],"acf":[],"yoast_head":"<!-- This site is optimized with the Yoast SEO plugin v25.7 - https:\/\/yoast.com\/wordpress\/plugins\/seo\/ -->\n<title>Ana \u0110oki\u0107-Pongra\u0161i\u0107 - PISAC I LIK - odrazi u stvarnosti - Agencija za elektroni\u010dke medije<\/title>\n<meta name=\"robots\" content=\"index, follow, max-snippet:-1, max-image-preview:large, max-video-preview:-1\" \/>\n<link rel=\"canonical\" href=\"https:\/\/aem.hr\/ana-dokic-pongrasic-pisac-i-lik-odrazi-u-stvarnosti\/\" \/>\n<meta property=\"og:locale\" content=\"en_US\" \/>\n<meta property=\"og:type\" content=\"article\" \/>\n<meta property=\"og:title\" content=\"Ana \u0110oki\u0107-Pongra\u0161i\u0107 - PISAC I LIK - odrazi u stvarnosti - Agencija za elektroni\u010dke medije\" \/>\n<meta property=\"og:url\" content=\"https:\/\/aem.hr\/ana-dokic-pongrasic-pisac-i-lik-odrazi-u-stvarnosti\/\" \/>\n<meta property=\"og:site_name\" content=\"Agencija za elektroni\u010dke medije\" \/>\n<meta property=\"article:modified_time\" content=\"2025-03-14T14:13:32+00:00\" \/>\n<meta name=\"twitter:card\" content=\"summary_large_image\" \/>\n<meta name=\"twitter:label1\" content=\"Est. reading time\" \/>\n\t<meta name=\"twitter:data1\" content=\"1 minute\" \/>\n<script type=\"application\/ld+json\" class=\"yoast-schema-graph\">{\"@context\":\"https:\/\/schema.org\",\"@graph\":[{\"@type\":\"WebPage\",\"@id\":\"https:\/\/aem.hr\/ana-dokic-pongrasic-pisac-i-lik-odrazi-u-stvarnosti\/\",\"url\":\"https:\/\/aem.hr\/ana-dokic-pongrasic-pisac-i-lik-odrazi-u-stvarnosti\/\",\"name\":\"Ana \u0110oki\u0107-Pongra\u0161i\u0107 - PISAC I LIK - odrazi u stvarnosti - Agencija za elektroni\u010dke medije\",\"isPartOf\":{\"@id\":\"https:\/\/aem.hr\/#website\"},\"datePublished\":\"2025-03-14T14:13:31+00:00\",\"dateModified\":\"2025-03-14T14:13:32+00:00\",\"breadcrumb\":{\"@id\":\"https:\/\/aem.hr\/ana-dokic-pongrasic-pisac-i-lik-odrazi-u-stvarnosti\/#breadcrumb\"},\"inLanguage\":\"en-US\",\"potentialAction\":[{\"@type\":\"ReadAction\",\"target\":[\"https:\/\/aem.hr\/ana-dokic-pongrasic-pisac-i-lik-odrazi-u-stvarnosti\/\"]}]},{\"@type\":\"BreadcrumbList\",\"@id\":\"https:\/\/aem.hr\/ana-dokic-pongrasic-pisac-i-lik-odrazi-u-stvarnosti\/#breadcrumb\",\"itemListElement\":[{\"@type\":\"ListItem\",\"position\":1,\"name\":\"Po\u010detna stranica\",\"item\":\"https:\/\/aem.hr\/\"},{\"@type\":\"ListItem\",\"position\":2,\"name\":\"Ana \u0110oki\u0107-Pongra\u0161i\u0107 &#8211; PISAC I LIK &#8211; odrazi u stvarnosti\"}]},{\"@type\":\"WebSite\",\"@id\":\"https:\/\/aem.hr\/#website\",\"url\":\"https:\/\/aem.hr\/\",\"name\":\"Agencija za elektroni\u010dke medije\",\"description\":\"\",\"potentialAction\":[{\"@type\":\"SearchAction\",\"target\":{\"@type\":\"EntryPoint\",\"urlTemplate\":\"https:\/\/aem.hr\/?s={search_term_string}\"},\"query-input\":{\"@type\":\"PropertyValueSpecification\",\"valueRequired\":true,\"valueName\":\"search_term_string\"}}],\"inLanguage\":\"en-US\"}]}<\/script>\n<!-- \/ Yoast SEO plugin. -->","yoast_head_json":{"title":"Ana \u0110oki\u0107-Pongra\u0161i\u0107 - PISAC I LIK - odrazi u stvarnosti - Agencija za elektroni\u010dke medije","robots":{"index":"index","follow":"follow","max-snippet":"max-snippet:-1","max-image-preview":"max-image-preview:large","max-video-preview":"max-video-preview:-1"},"canonical":"https:\/\/aem.hr\/ana-dokic-pongrasic-pisac-i-lik-odrazi-u-stvarnosti\/","og_locale":"en_US","og_type":"article","og_title":"Ana \u0110oki\u0107-Pongra\u0161i\u0107 - PISAC I LIK - odrazi u stvarnosti - Agencija za elektroni\u010dke medije","og_url":"https:\/\/aem.hr\/ana-dokic-pongrasic-pisac-i-lik-odrazi-u-stvarnosti\/","og_site_name":"Agencija za elektroni\u010dke medije","article_modified_time":"2025-03-14T14:13:32+00:00","twitter_card":"summary_large_image","twitter_misc":{"Est. reading time":"1 minute"},"schema":{"@context":"https:\/\/schema.org","@graph":[{"@type":"WebPage","@id":"https:\/\/aem.hr\/ana-dokic-pongrasic-pisac-i-lik-odrazi-u-stvarnosti\/","url":"https:\/\/aem.hr\/ana-dokic-pongrasic-pisac-i-lik-odrazi-u-stvarnosti\/","name":"Ana \u0110oki\u0107-Pongra\u0161i\u0107 - PISAC I LIK - odrazi u stvarnosti - Agencija za elektroni\u010dke medije","isPartOf":{"@id":"https:\/\/aem.hr\/#website"},"datePublished":"2025-03-14T14:13:31+00:00","dateModified":"2025-03-14T14:13:32+00:00","breadcrumb":{"@id":"https:\/\/aem.hr\/ana-dokic-pongrasic-pisac-i-lik-odrazi-u-stvarnosti\/#breadcrumb"},"inLanguage":"en-US","potentialAction":[{"@type":"ReadAction","target":["https:\/\/aem.hr\/ana-dokic-pongrasic-pisac-i-lik-odrazi-u-stvarnosti\/"]}]},{"@type":"BreadcrumbList","@id":"https:\/\/aem.hr\/ana-dokic-pongrasic-pisac-i-lik-odrazi-u-stvarnosti\/#breadcrumb","itemListElement":[{"@type":"ListItem","position":1,"name":"Po\u010detna stranica","item":"https:\/\/aem.hr\/"},{"@type":"ListItem","position":2,"name":"Ana \u0110oki\u0107-Pongra\u0161i\u0107 &#8211; PISAC I LIK &#8211; odrazi u stvarnosti"}]},{"@type":"WebSite","@id":"https:\/\/aem.hr\/#website","url":"https:\/\/aem.hr\/","name":"Agencija za elektroni\u010dke medije","description":"","potentialAction":[{"@type":"SearchAction","target":{"@type":"EntryPoint","urlTemplate":"https:\/\/aem.hr\/?s={search_term_string}"},"query-input":{"@type":"PropertyValueSpecification","valueRequired":true,"valueName":"search_term_string"}}],"inLanguage":"en-US"}]}},"coauthors":[],"author_meta":{"author_link":"https:\/\/aem.hr\/en\/blog\/author\/mkirac\/","display_name":"Matko Kirac"},"relative_dates":{"created":"Posted 1 year ago","modified":"Updated 1 year ago"},"absolute_dates":{"created":"Posted on 14. March 2025.","modified":"Updated on 14. March 2025."},"absolute_dates_time":{"created":"Posted on 14. March 2025. 15:13","modified":"Updated on 14. March 2025. 15:13"},"featured_img_caption":"","featured_img":false,"series_order":"","_links":{"self":[{"href":"https:\/\/aem.hr\/en\/wp-json\/wp\/v2\/pages\/21514","targetHints":{"allow":["GET"]}}],"collection":[{"href":"https:\/\/aem.hr\/en\/wp-json\/wp\/v2\/pages"}],"about":[{"href":"https:\/\/aem.hr\/en\/wp-json\/wp\/v2\/types\/page"}],"author":[{"embeddable":true,"href":"https:\/\/aem.hr\/en\/wp-json\/wp\/v2\/users\/18"}],"replies":[{"embeddable":true,"href":"https:\/\/aem.hr\/en\/wp-json\/wp\/v2\/comments?post=21514"}],"version-history":[{"count":1,"href":"https:\/\/aem.hr\/en\/wp-json\/wp\/v2\/pages\/21514\/revisions"}],"predecessor-version":[{"id":21528,"href":"https:\/\/aem.hr\/en\/wp-json\/wp\/v2\/pages\/21514\/revisions\/21528"}],"wp:attachment":[{"href":"https:\/\/aem.hr\/en\/wp-json\/wp\/v2\/media?parent=21514"}],"curies":[{"name":"wp","href":"https:\/\/api.w.org\/{rel}","templated":true}]}}