{"id":21610,"date":"2025-03-25T10:38:12","date_gmt":"2025-03-25T09:38:12","guid":{"rendered":"http:\/\/aem.hr\/?page_id=21610"},"modified":"2025-03-25T10:38:12","modified_gmt":"2025-03-25T09:38:12","slug":"goran-stimec-sto-to-smrdi-u-varazdinu","status":"publish","type":"page","link":"https:\/\/aem.hr\/en\/goran-stimec-sto-to-smrdi-u-varazdinu\/","title":{"rendered":"Goran \u0160timec &#8211; \u0160TO TO SMRDI U VARA\u017dDINU?"},"content":{"rendered":"\n<div class=\"wp-block-file\"><a id=\"wp-block-file--media-2acd228a-68fc-4386-b252-c1671ba888f8\" href=\"https:\/\/aem.hr\/wp-content\/uploads\/2025\/03\/1.-Povisene-razine-kancerogenog.pdf\">1. Povi\u0161ene razine kancerogenog<\/a><a href=\"https:\/\/aem.hr\/wp-content\/uploads\/2025\/03\/1.-Povisene-razine-kancerogenog.pdf\" class=\"wp-block-file__button wp-element-button\" download aria-describedby=\"wp-block-file--media-2acd228a-68fc-4386-b252-c1671ba888f8\">Preuzimanje<\/a><\/div>\n\n\n\n<div class=\"wp-block-file\"><a id=\"wp-block-file--media-8d905557-310f-4f09-a4cc-e158c8264a76\" href=\"https:\/\/aem.hr\/wp-content\/uploads\/2025\/03\/2.-Mozda-smrdi-ali-smrdi-po-zakonu.pdf\">2. Mo\u017eda smrdi ali smrdi po zakonu<\/a><a href=\"https:\/\/aem.hr\/wp-content\/uploads\/2025\/03\/2.-Mozda-smrdi-ali-smrdi-po-zakonu.pdf\" class=\"wp-block-file__button wp-element-button\" download aria-describedby=\"wp-block-file--media-8d905557-310f-4f09-a4cc-e158c8264a76\">Preuzimanje<\/a><\/div>\n\n\n\n<div class=\"wp-block-file\"><a id=\"wp-block-file--media-285ebcd9-2c08-4e87-ae78-f8c5125211ae\" href=\"https:\/\/aem.hr\/wp-content\/uploads\/2025\/03\/3.-Osudeni-na-zivot-u-smradu-Ne-smijes.pdf\">3. Osu\u0111eni na \u017eivot u smradu Ne smije\u0161<\/a><a href=\"https:\/\/aem.hr\/wp-content\/uploads\/2025\/03\/3.-Osudeni-na-zivot-u-smradu-Ne-smijes.pdf\" class=\"wp-block-file__button wp-element-button\" download aria-describedby=\"wp-block-file--media-285ebcd9-2c08-4e87-ae78-f8c5125211ae\">Preuzimanje<\/a><\/div>\n\n\n\n<div class=\"wp-block-file\"><a id=\"wp-block-file--media-9df592cb-b168-4720-8485-5d0fae5e65c7\" href=\"https:\/\/aem.hr\/wp-content\/uploads\/2025\/03\/4.-Smrad-dolazi-s-juga-Vec-smo.pdf\">4. Smrad dolazi s juga Ve\u0107 smo<\/a><a href=\"https:\/\/aem.hr\/wp-content\/uploads\/2025\/03\/4.-Smrad-dolazi-s-juga-Vec-smo.pdf\" class=\"wp-block-file__button wp-element-button\" download aria-describedby=\"wp-block-file--media-9df592cb-b168-4720-8485-5d0fae5e65c7\">Preuzimanje<\/a><\/div>\n\n\n\n<div class=\"wp-block-file\"><a id=\"wp-block-file--media-eae2c9d0-d205-41f4-b888-d0adf42f0998\" href=\"https:\/\/aem.hr\/wp-content\/uploads\/2025\/03\/5.-Kako-iz-Varazdina-ukloniti.pdf\">5. Kako iz Vara\u017edina ukloniti<\/a><a href=\"https:\/\/aem.hr\/wp-content\/uploads\/2025\/03\/5.-Kako-iz-Varazdina-ukloniti.pdf\" class=\"wp-block-file__button wp-element-button\" download aria-describedby=\"wp-block-file--media-eae2c9d0-d205-41f4-b888-d0adf42f0998\">Preuzimanje<\/a><\/div>\n\n\n\n<div class=\"wp-block-file\"><a id=\"wp-block-file--media-91a4cf3b-00f2-4d2c-9196-29c342706cbc\" href=\"https:\/\/aem.hr\/wp-content\/uploads\/2025\/03\/6.-Mjestani-se-zale-na-smrad.pdf\">6. Mje\u0161tani se \u017eale na smrad<\/a><a href=\"https:\/\/aem.hr\/wp-content\/uploads\/2025\/03\/6.-Mjestani-se-zale-na-smrad.pdf\" class=\"wp-block-file__button wp-element-button\" download aria-describedby=\"wp-block-file--media-91a4cf3b-00f2-4d2c-9196-29c342706cbc\">Preuzimanje<\/a><\/div>\n\n\n\n<div class=\"wp-block-file\"><a id=\"wp-block-file--media-7fdc70a2-8fe4-49ec-af32-fc257fab55bb\" href=\"https:\/\/aem.hr\/wp-content\/uploads\/2025\/03\/7.-Sto-se-sve-spaljivalo-u.pdf\">7. \u0160to se sve spaljivalo u<\/a><a href=\"https:\/\/aem.hr\/wp-content\/uploads\/2025\/03\/7.-Sto-se-sve-spaljivalo-u.pdf\" class=\"wp-block-file__button wp-element-button\" download aria-describedby=\"wp-block-file--media-7fdc70a2-8fe4-49ec-af32-fc257fab55bb\">Preuzimanje<\/a><\/div>\n\n\n\n<div class=\"wp-block-file\"><a id=\"wp-block-file--media-155443bb-bc2f-4e29-8b21-92c7b5fc9f79\" href=\"https:\/\/aem.hr\/wp-content\/uploads\/2025\/03\/8.-Gradani-trpe.pdf\">8. Gra\u0111ani trpe<\/a><a href=\"https:\/\/aem.hr\/wp-content\/uploads\/2025\/03\/8.-Gradani-trpe.pdf\" class=\"wp-block-file__button wp-element-button\" download aria-describedby=\"wp-block-file--media-155443bb-bc2f-4e29-8b21-92c7b5fc9f79\">Preuzimanje<\/a><\/div>\n\n\n\n<div class=\"wp-block-file\"><a id=\"wp-block-file--media-e701fa60-6d8a-4d92-b881-43ebd585820e\" href=\"https:\/\/aem.hr\/wp-content\/uploads\/2025\/03\/9.-STO-UDISEMO-Analizirali-smo-rezultate.pdf\">9. \u0160TO UDI\u0160EMO Analizirali smo rezultate<\/a><a href=\"https:\/\/aem.hr\/wp-content\/uploads\/2025\/03\/9.-STO-UDISEMO-Analizirali-smo-rezultate.pdf\" class=\"wp-block-file__button wp-element-button\" download aria-describedby=\"wp-block-file--media-e701fa60-6d8a-4d92-b881-43ebd585820e\">Preuzimanje<\/a><\/div>\n","protected":false},"excerpt":{"rendered":"","protected":false},"author":18,"featured_media":0,"parent":0,"menu_order":0,"comment_status":"closed","ping_status":"closed","template":"","meta":{"_acf_changed":false,"inline_featured_image":false,"advgb_blocks_editor_width":"","advgb_blocks_columns_visual_guide":"","_links_to":"","_links_to_type":0,"footnotes":""},"class_list":["post-21610","page","type-page","status-publish","hentry"],"acf":[],"yoast_head":"<!-- This site is optimized with the Yoast SEO plugin v25.7 - https:\/\/yoast.com\/wordpress\/plugins\/seo\/ -->\n<title>Goran \u0160timec - \u0160TO TO SMRDI U VARA\u017dDINU? - Agencija za elektroni\u010dke medije<\/title>\n<meta name=\"robots\" content=\"index, follow, max-snippet:-1, max-image-preview:large, max-video-preview:-1\" \/>\n<link rel=\"canonical\" href=\"https:\/\/aem.hr\/goran-stimec-sto-to-smrdi-u-varazdinu\/\" \/>\n<meta property=\"og:locale\" content=\"en_US\" \/>\n<meta property=\"og:type\" content=\"article\" \/>\n<meta property=\"og:title\" content=\"Goran \u0160timec - \u0160TO TO SMRDI U VARA\u017dDINU? - Agencija za elektroni\u010dke medije\" \/>\n<meta property=\"og:url\" content=\"https:\/\/aem.hr\/goran-stimec-sto-to-smrdi-u-varazdinu\/\" \/>\n<meta property=\"og:site_name\" content=\"Agencija za elektroni\u010dke medije\" \/>\n<meta name=\"twitter:card\" content=\"summary_large_image\" \/>\n<meta name=\"twitter:label1\" content=\"Est. reading time\" \/>\n\t<meta name=\"twitter:data1\" content=\"1 minute\" \/>\n<script type=\"application\/ld+json\" class=\"yoast-schema-graph\">{\"@context\":\"https:\/\/schema.org\",\"@graph\":[{\"@type\":\"WebPage\",\"@id\":\"https:\/\/aem.hr\/goran-stimec-sto-to-smrdi-u-varazdinu\/\",\"url\":\"https:\/\/aem.hr\/goran-stimec-sto-to-smrdi-u-varazdinu\/\",\"name\":\"Goran \u0160timec - \u0160TO TO SMRDI U VARA\u017dDINU? - Agencija za elektroni\u010dke medije\",\"isPartOf\":{\"@id\":\"https:\/\/aem.hr\/#website\"},\"datePublished\":\"2025-03-25T09:38:12+00:00\",\"breadcrumb\":{\"@id\":\"https:\/\/aem.hr\/goran-stimec-sto-to-smrdi-u-varazdinu\/#breadcrumb\"},\"inLanguage\":\"en-US\",\"potentialAction\":[{\"@type\":\"ReadAction\",\"target\":[\"https:\/\/aem.hr\/goran-stimec-sto-to-smrdi-u-varazdinu\/\"]}]},{\"@type\":\"BreadcrumbList\",\"@id\":\"https:\/\/aem.hr\/goran-stimec-sto-to-smrdi-u-varazdinu\/#breadcrumb\",\"itemListElement\":[{\"@type\":\"ListItem\",\"position\":1,\"name\":\"Po\u010detna stranica\",\"item\":\"https:\/\/aem.hr\/\"},{\"@type\":\"ListItem\",\"position\":2,\"name\":\"Goran \u0160timec &#8211; \u0160TO TO SMRDI U VARA\u017dDINU?\"}]},{\"@type\":\"WebSite\",\"@id\":\"https:\/\/aem.hr\/#website\",\"url\":\"https:\/\/aem.hr\/\",\"name\":\"Agencija za elektroni\u010dke medije\",\"description\":\"\",\"potentialAction\":[{\"@type\":\"SearchAction\",\"target\":{\"@type\":\"EntryPoint\",\"urlTemplate\":\"https:\/\/aem.hr\/?s={search_term_string}\"},\"query-input\":{\"@type\":\"PropertyValueSpecification\",\"valueRequired\":true,\"valueName\":\"search_term_string\"}}],\"inLanguage\":\"en-US\"}]}<\/script>\n<!-- \/ Yoast SEO plugin. -->","yoast_head_json":{"title":"Goran \u0160timec - \u0160TO TO SMRDI U VARA\u017dDINU? - Agencija za elektroni\u010dke medije","robots":{"index":"index","follow":"follow","max-snippet":"max-snippet:-1","max-image-preview":"max-image-preview:large","max-video-preview":"max-video-preview:-1"},"canonical":"https:\/\/aem.hr\/goran-stimec-sto-to-smrdi-u-varazdinu\/","og_locale":"en_US","og_type":"article","og_title":"Goran \u0160timec - \u0160TO TO SMRDI U VARA\u017dDINU? - Agencija za elektroni\u010dke medije","og_url":"https:\/\/aem.hr\/goran-stimec-sto-to-smrdi-u-varazdinu\/","og_site_name":"Agencija za elektroni\u010dke medije","twitter_card":"summary_large_image","twitter_misc":{"Est. reading time":"1 minute"},"schema":{"@context":"https:\/\/schema.org","@graph":[{"@type":"WebPage","@id":"https:\/\/aem.hr\/goran-stimec-sto-to-smrdi-u-varazdinu\/","url":"https:\/\/aem.hr\/goran-stimec-sto-to-smrdi-u-varazdinu\/","name":"Goran \u0160timec - \u0160TO TO SMRDI U VARA\u017dDINU? - Agencija za elektroni\u010dke medije","isPartOf":{"@id":"https:\/\/aem.hr\/#website"},"datePublished":"2025-03-25T09:38:12+00:00","breadcrumb":{"@id":"https:\/\/aem.hr\/goran-stimec-sto-to-smrdi-u-varazdinu\/#breadcrumb"},"inLanguage":"en-US","potentialAction":[{"@type":"ReadAction","target":["https:\/\/aem.hr\/goran-stimec-sto-to-smrdi-u-varazdinu\/"]}]},{"@type":"BreadcrumbList","@id":"https:\/\/aem.hr\/goran-stimec-sto-to-smrdi-u-varazdinu\/#breadcrumb","itemListElement":[{"@type":"ListItem","position":1,"name":"Po\u010detna stranica","item":"https:\/\/aem.hr\/"},{"@type":"ListItem","position":2,"name":"Goran \u0160timec &#8211; \u0160TO TO SMRDI U VARA\u017dDINU?"}]},{"@type":"WebSite","@id":"https:\/\/aem.hr\/#website","url":"https:\/\/aem.hr\/","name":"Agencija za elektroni\u010dke medije","description":"","potentialAction":[{"@type":"SearchAction","target":{"@type":"EntryPoint","urlTemplate":"https:\/\/aem.hr\/?s={search_term_string}"},"query-input":{"@type":"PropertyValueSpecification","valueRequired":true,"valueName":"search_term_string"}}],"inLanguage":"en-US"}]}},"coauthors":[],"author_meta":{"author_link":"https:\/\/aem.hr\/en\/blog\/author\/mkirac\/","display_name":"Matko Kirac"},"relative_dates":{"created":"Posted 1 year ago","modified":"Updated 1 year ago"},"absolute_dates":{"created":"Posted on 25. March 2025.","modified":"Updated on 25. March 2025."},"absolute_dates_time":{"created":"Posted on 25. March 2025. 10:38","modified":"Updated on 25. March 2025. 10:38"},"featured_img_caption":"","featured_img":false,"series_order":"","_links":{"self":[{"href":"https:\/\/aem.hr\/en\/wp-json\/wp\/v2\/pages\/21610","targetHints":{"allow":["GET"]}}],"collection":[{"href":"https:\/\/aem.hr\/en\/wp-json\/wp\/v2\/pages"}],"about":[{"href":"https:\/\/aem.hr\/en\/wp-json\/wp\/v2\/types\/page"}],"author":[{"embeddable":true,"href":"https:\/\/aem.hr\/en\/wp-json\/wp\/v2\/users\/18"}],"replies":[{"embeddable":true,"href":"https:\/\/aem.hr\/en\/wp-json\/wp\/v2\/comments?post=21610"}],"version-history":[{"count":1,"href":"https:\/\/aem.hr\/en\/wp-json\/wp\/v2\/pages\/21610\/revisions"}],"predecessor-version":[{"id":21627,"href":"https:\/\/aem.hr\/en\/wp-json\/wp\/v2\/pages\/21610\/revisions\/21627"}],"wp:attachment":[{"href":"https:\/\/aem.hr\/en\/wp-json\/wp\/v2\/media?parent=21610"}],"curies":[{"name":"wp","href":"https:\/\/api.w.org\/{rel}","templated":true}]}}