{"id":21641,"date":"2025-03-25T10:43:24","date_gmt":"2025-03-25T09:43:24","guid":{"rendered":"http:\/\/aem.hr\/?page_id=21641"},"modified":"2025-03-25T10:43:25","modified_gmt":"2025-03-25T09:43:25","slug":"vlasta-vancina-odgodeni-prvasici","status":"publish","type":"page","link":"https:\/\/aem.hr\/en\/vlasta-vancina-odgodeni-prvasici\/","title":{"rendered":"Vlasta Van\u010dina -Odgo\u0111eni prva\u0161i\u0107i"},"content":{"rendered":"\n<div class=\"wp-block-file\"><a id=\"wp-block-file--media-16369323-8516-4ecd-814f-b0b264d8c184\" href=\"https:\/\/aem.hr\/wp-content\/uploads\/2025\/03\/ODGODENI-PRVASICI-1.pdf\">ODGO\u0110ENI PRVA\u0160I\u0106I (1)<\/a><a href=\"https:\/\/aem.hr\/wp-content\/uploads\/2025\/03\/ODGODENI-PRVASICI-1.pdf\" class=\"wp-block-file__button wp-element-button\" download aria-describedby=\"wp-block-file--media-16369323-8516-4ecd-814f-b0b264d8c184\">Preuzimanje<\/a><\/div>\n\n\n\n<div class=\"wp-block-file\"><a id=\"wp-block-file--media-eac3b54b-739b-4c37-b6d4-8c4774161504\" href=\"https:\/\/aem.hr\/wp-content\/uploads\/2025\/03\/ODGODENI-PRVASICI-2.pdf\">ODGO\u0110ENI PRVA\u0160I\u0106I (2)<\/a><a href=\"https:\/\/aem.hr\/wp-content\/uploads\/2025\/03\/ODGODENI-PRVASICI-2.pdf\" class=\"wp-block-file__button wp-element-button\" download aria-describedby=\"wp-block-file--media-eac3b54b-739b-4c37-b6d4-8c4774161504\">Preuzimanje<\/a><\/div>\n\n\n\n<div class=\"wp-block-file\"><a id=\"wp-block-file--media-f3ede90d-7136-4654-ba2c-bb6b93af476b\" href=\"https:\/\/aem.hr\/wp-content\/uploads\/2025\/03\/ODGODENI-PRVASICI-3.pdf\">ODGO\u0110ENI PRVA\u0160I\u0106I (3)<\/a><a href=\"https:\/\/aem.hr\/wp-content\/uploads\/2025\/03\/ODGODENI-PRVASICI-3.pdf\" class=\"wp-block-file__button wp-element-button\" download aria-describedby=\"wp-block-file--media-f3ede90d-7136-4654-ba2c-bb6b93af476b\">Preuzimanje<\/a><\/div>\n\n\n\n<div class=\"wp-block-file\"><a id=\"wp-block-file--media-887c4ab1-bd90-4b89-a2a0-1ed096ed60ab\" href=\"https:\/\/aem.hr\/wp-content\/uploads\/2025\/03\/ODGODENI-PRVASICI-4.pdf\">ODGO\u0110ENI PRVA\u0160I\u0106I (4)<\/a><a href=\"https:\/\/aem.hr\/wp-content\/uploads\/2025\/03\/ODGODENI-PRVASICI-4.pdf\" class=\"wp-block-file__button wp-element-button\" download aria-describedby=\"wp-block-file--media-887c4ab1-bd90-4b89-a2a0-1ed096ed60ab\">Preuzimanje<\/a><\/div>\n\n\n\n<div class=\"wp-block-file\"><a id=\"wp-block-file--media-e34fe8de-c0dd-40f3-82ae-258a648fedcf\" href=\"https:\/\/aem.hr\/wp-content\/uploads\/2025\/03\/ODGODENI-PRVASICI-5.pdf\">ODGO\u0110ENI PRVA\u0160I\u0106I (5)<\/a><a href=\"https:\/\/aem.hr\/wp-content\/uploads\/2025\/03\/ODGODENI-PRVASICI-5.pdf\" class=\"wp-block-file__button wp-element-button\" download aria-describedby=\"wp-block-file--media-e34fe8de-c0dd-40f3-82ae-258a648fedcf\">Preuzimanje<\/a><\/div>\n\n\n\n<div class=\"wp-block-file\"><a id=\"wp-block-file--media-54ed5bca-64a8-4d9e-b06b-bda779908b80\" href=\"https:\/\/aem.hr\/wp-content\/uploads\/2025\/03\/ODGODENI-PRVASICI-6.pdf\">ODGO\u0110ENI PRVA\u0160I\u0106I (6)<\/a><a href=\"https:\/\/aem.hr\/wp-content\/uploads\/2025\/03\/ODGODENI-PRVASICI-6.pdf\" class=\"wp-block-file__button wp-element-button\" download aria-describedby=\"wp-block-file--media-54ed5bca-64a8-4d9e-b06b-bda779908b80\">Preuzimanje<\/a><\/div>\n\n\n\n<div class=\"wp-block-file\"><a id=\"wp-block-file--media-c87e95f1-b85c-4771-9017-ade5518eba9e\" href=\"https:\/\/aem.hr\/wp-content\/uploads\/2025\/03\/ODGODENI-PRVASICI-7.pdf\">ODGO\u0110ENI PRVA\u0160I\u0106I (7)<\/a><a href=\"https:\/\/aem.hr\/wp-content\/uploads\/2025\/03\/ODGODENI-PRVASICI-7.pdf\" class=\"wp-block-file__button wp-element-button\" download aria-describedby=\"wp-block-file--media-c87e95f1-b85c-4771-9017-ade5518eba9e\">Preuzimanje<\/a><\/div>\n\n\n\n<div class=\"wp-block-file\"><a id=\"wp-block-file--media-2bcb033e-07eb-4f86-b19f-57fc13dcd98e\" href=\"https:\/\/aem.hr\/wp-content\/uploads\/2025\/03\/ODGODENI-PRVASICI-8.pdf\">ODGO\u0110ENI PRVA\u0160I\u0106I (8)<\/a><a href=\"https:\/\/aem.hr\/wp-content\/uploads\/2025\/03\/ODGODENI-PRVASICI-8.pdf\" class=\"wp-block-file__button wp-element-button\" download aria-describedby=\"wp-block-file--media-2bcb033e-07eb-4f86-b19f-57fc13dcd98e\">Preuzimanje<\/a><\/div>\n","protected":false},"excerpt":{"rendered":"","protected":false},"author":18,"featured_media":0,"parent":0,"menu_order":0,"comment_status":"closed","ping_status":"closed","template":"","meta":{"_acf_changed":false,"inline_featured_image":false,"advgb_blocks_editor_width":"","advgb_blocks_columns_visual_guide":"","_links_to":"","_links_to_type":0,"footnotes":""},"class_list":["post-21641","page","type-page","status-publish","hentry"],"acf":[],"yoast_head":"<!-- This site is optimized with the Yoast SEO plugin v25.7 - https:\/\/yoast.com\/wordpress\/plugins\/seo\/ -->\n<title>Vlasta Van\u010dina -Odgo\u0111eni prva\u0161i\u0107i - Agencija za elektroni\u010dke medije<\/title>\n<meta name=\"robots\" content=\"index, follow, max-snippet:-1, max-image-preview:large, max-video-preview:-1\" \/>\n<link rel=\"canonical\" href=\"https:\/\/aem.hr\/vlasta-vancina-odgodeni-prvasici\/\" \/>\n<meta property=\"og:locale\" content=\"en_US\" \/>\n<meta property=\"og:type\" content=\"article\" \/>\n<meta property=\"og:title\" content=\"Vlasta Van\u010dina -Odgo\u0111eni prva\u0161i\u0107i - Agencija za elektroni\u010dke medije\" \/>\n<meta property=\"og:url\" content=\"https:\/\/aem.hr\/vlasta-vancina-odgodeni-prvasici\/\" \/>\n<meta property=\"og:site_name\" content=\"Agencija za elektroni\u010dke medije\" \/>\n<meta property=\"article:modified_time\" content=\"2025-03-25T09:43:25+00:00\" \/>\n<meta name=\"twitter:card\" content=\"summary_large_image\" \/>\n<meta name=\"twitter:label1\" content=\"Est. reading time\" \/>\n\t<meta name=\"twitter:data1\" content=\"1 minute\" \/>\n<script type=\"application\/ld+json\" class=\"yoast-schema-graph\">{\"@context\":\"https:\/\/schema.org\",\"@graph\":[{\"@type\":\"WebPage\",\"@id\":\"https:\/\/aem.hr\/vlasta-vancina-odgodeni-prvasici\/\",\"url\":\"https:\/\/aem.hr\/vlasta-vancina-odgodeni-prvasici\/\",\"name\":\"Vlasta Van\u010dina -Odgo\u0111eni prva\u0161i\u0107i - Agencija za elektroni\u010dke medije\",\"isPartOf\":{\"@id\":\"https:\/\/aem.hr\/#website\"},\"datePublished\":\"2025-03-25T09:43:24+00:00\",\"dateModified\":\"2025-03-25T09:43:25+00:00\",\"breadcrumb\":{\"@id\":\"https:\/\/aem.hr\/vlasta-vancina-odgodeni-prvasici\/#breadcrumb\"},\"inLanguage\":\"en-US\",\"potentialAction\":[{\"@type\":\"ReadAction\",\"target\":[\"https:\/\/aem.hr\/vlasta-vancina-odgodeni-prvasici\/\"]}]},{\"@type\":\"BreadcrumbList\",\"@id\":\"https:\/\/aem.hr\/vlasta-vancina-odgodeni-prvasici\/#breadcrumb\",\"itemListElement\":[{\"@type\":\"ListItem\",\"position\":1,\"name\":\"Po\u010detna stranica\",\"item\":\"https:\/\/aem.hr\/\"},{\"@type\":\"ListItem\",\"position\":2,\"name\":\"Vlasta Van\u010dina -Odgo\u0111eni prva\u0161i\u0107i\"}]},{\"@type\":\"WebSite\",\"@id\":\"https:\/\/aem.hr\/#website\",\"url\":\"https:\/\/aem.hr\/\",\"name\":\"Agencija za elektroni\u010dke medije\",\"description\":\"\",\"potentialAction\":[{\"@type\":\"SearchAction\",\"target\":{\"@type\":\"EntryPoint\",\"urlTemplate\":\"https:\/\/aem.hr\/?s={search_term_string}\"},\"query-input\":{\"@type\":\"PropertyValueSpecification\",\"valueRequired\":true,\"valueName\":\"search_term_string\"}}],\"inLanguage\":\"en-US\"}]}<\/script>\n<!-- \/ Yoast SEO plugin. -->","yoast_head_json":{"title":"Vlasta Van\u010dina -Odgo\u0111eni prva\u0161i\u0107i - Agencija za elektroni\u010dke medije","robots":{"index":"index","follow":"follow","max-snippet":"max-snippet:-1","max-image-preview":"max-image-preview:large","max-video-preview":"max-video-preview:-1"},"canonical":"https:\/\/aem.hr\/vlasta-vancina-odgodeni-prvasici\/","og_locale":"en_US","og_type":"article","og_title":"Vlasta Van\u010dina -Odgo\u0111eni prva\u0161i\u0107i - Agencija za elektroni\u010dke medije","og_url":"https:\/\/aem.hr\/vlasta-vancina-odgodeni-prvasici\/","og_site_name":"Agencija za elektroni\u010dke medije","article_modified_time":"2025-03-25T09:43:25+00:00","twitter_card":"summary_large_image","twitter_misc":{"Est. reading time":"1 minute"},"schema":{"@context":"https:\/\/schema.org","@graph":[{"@type":"WebPage","@id":"https:\/\/aem.hr\/vlasta-vancina-odgodeni-prvasici\/","url":"https:\/\/aem.hr\/vlasta-vancina-odgodeni-prvasici\/","name":"Vlasta Van\u010dina -Odgo\u0111eni prva\u0161i\u0107i - Agencija za elektroni\u010dke medije","isPartOf":{"@id":"https:\/\/aem.hr\/#website"},"datePublished":"2025-03-25T09:43:24+00:00","dateModified":"2025-03-25T09:43:25+00:00","breadcrumb":{"@id":"https:\/\/aem.hr\/vlasta-vancina-odgodeni-prvasici\/#breadcrumb"},"inLanguage":"en-US","potentialAction":[{"@type":"ReadAction","target":["https:\/\/aem.hr\/vlasta-vancina-odgodeni-prvasici\/"]}]},{"@type":"BreadcrumbList","@id":"https:\/\/aem.hr\/vlasta-vancina-odgodeni-prvasici\/#breadcrumb","itemListElement":[{"@type":"ListItem","position":1,"name":"Po\u010detna stranica","item":"https:\/\/aem.hr\/"},{"@type":"ListItem","position":2,"name":"Vlasta Van\u010dina -Odgo\u0111eni prva\u0161i\u0107i"}]},{"@type":"WebSite","@id":"https:\/\/aem.hr\/#website","url":"https:\/\/aem.hr\/","name":"Agencija za elektroni\u010dke medije","description":"","potentialAction":[{"@type":"SearchAction","target":{"@type":"EntryPoint","urlTemplate":"https:\/\/aem.hr\/?s={search_term_string}"},"query-input":{"@type":"PropertyValueSpecification","valueRequired":true,"valueName":"search_term_string"}}],"inLanguage":"en-US"}]}},"coauthors":[],"author_meta":{"author_link":"https:\/\/aem.hr\/en\/blog\/author\/mkirac\/","display_name":"Matko Kirac"},"relative_dates":{"created":"Posted 1 year ago","modified":"Updated 1 year ago"},"absolute_dates":{"created":"Posted on 25. March 2025.","modified":"Updated on 25. March 2025."},"absolute_dates_time":{"created":"Posted on 25. March 2025. 10:43","modified":"Updated on 25. March 2025. 10:43"},"featured_img_caption":"","featured_img":false,"series_order":"","_links":{"self":[{"href":"https:\/\/aem.hr\/en\/wp-json\/wp\/v2\/pages\/21641","targetHints":{"allow":["GET"]}}],"collection":[{"href":"https:\/\/aem.hr\/en\/wp-json\/wp\/v2\/pages"}],"about":[{"href":"https:\/\/aem.hr\/en\/wp-json\/wp\/v2\/types\/page"}],"author":[{"embeddable":true,"href":"https:\/\/aem.hr\/en\/wp-json\/wp\/v2\/users\/18"}],"replies":[{"embeddable":true,"href":"https:\/\/aem.hr\/en\/wp-json\/wp\/v2\/comments?post=21641"}],"version-history":[{"count":1,"href":"https:\/\/aem.hr\/en\/wp-json\/wp\/v2\/pages\/21641\/revisions"}],"predecessor-version":[{"id":21655,"href":"https:\/\/aem.hr\/en\/wp-json\/wp\/v2\/pages\/21641\/revisions\/21655"}],"wp:attachment":[{"href":"https:\/\/aem.hr\/en\/wp-json\/wp\/v2\/media?parent=21641"}],"curies":[{"name":"wp","href":"https:\/\/api.w.org\/{rel}","templated":true}]}}