{"id":21716,"date":"2025-03-25T10:57:16","date_gmt":"2025-03-25T09:57:16","guid":{"rendered":"http:\/\/aem.hr\/?page_id=21716"},"modified":"2025-03-25T10:57:17","modified_gmt":"2025-03-25T09:57:17","slug":"ivan-tasev-oprostom-do-domovine-svjedocanstva-svecenika-dusobriznika-branitelja-iz-domovinskoga-rata","status":"publish","type":"page","link":"https:\/\/aem.hr\/en\/ivan-tasev-oprostom-do-domovine-svjedocanstva-svecenika-dusobriznika-branitelja-iz-domovinskoga-rata\/","title":{"rendered":"Ivan Ta\u0161ev &#8211; Oprostom do domovine: Svjedo\u010danstva sve\u0107enika du\u0161obri\u017enika branitelja iz Domovinskoga rata"},"content":{"rendered":"\n<div class=\"wp-block-file\"><a id=\"wp-block-file--media-483cb0f3-6a64-4980-b0ec-bd1c26bd46df\" href=\"https:\/\/aem.hr\/wp-content\/uploads\/2025\/03\/1.-Kako-je-zapoceo-skroman.pdf\">1. Kako je zapoceo skroman<\/a><a href=\"https:\/\/aem.hr\/wp-content\/uploads\/2025\/03\/1.-Kako-je-zapoceo-skroman.pdf\" class=\"wp-block-file__button wp-element-button\" download aria-describedby=\"wp-block-file--media-483cb0f3-6a64-4980-b0ec-bd1c26bd46df\">Preuzimanje<\/a><\/div>\n\n\n\n<div class=\"wp-block-file\"><a id=\"wp-block-file--media-a96ff891-ab97-419f-937b-1ed7121e4396\" href=\"https:\/\/aem.hr\/wp-content\/uploads\/2025\/03\/2.-Biskup-Juraj-Jezerinac.pdf\">2. Biskup Juraj Jezerinac<\/a><a href=\"https:\/\/aem.hr\/wp-content\/uploads\/2025\/03\/2.-Biskup-Juraj-Jezerinac.pdf\" class=\"wp-block-file__button wp-element-button\" download aria-describedby=\"wp-block-file--media-a96ff891-ab97-419f-937b-1ed7121e4396\">Preuzimanje<\/a><\/div>\n\n\n\n<div class=\"wp-block-file\"><a id=\"wp-block-file--media-2d3afcdb-56c2-47e3-b7b5-024e177584fe\" href=\"https:\/\/aem.hr\/wp-content\/uploads\/2025\/03\/3.-Dusobriznik-branitelja-Alojz-Kovacek.pdf\">3. Dusobriznik branitelja Alojz Kovacek<\/a><a href=\"https:\/\/aem.hr\/wp-content\/uploads\/2025\/03\/3.-Dusobriznik-branitelja-Alojz-Kovacek.pdf\" class=\"wp-block-file__button wp-element-button\" download aria-describedby=\"wp-block-file--media-2d3afcdb-56c2-47e3-b7b5-024e177584fe\">Preuzimanje<\/a><\/div>\n\n\n\n<div class=\"wp-block-file\"><a id=\"wp-block-file--media-2741edbd-8a14-4d46-b52f-b9931cfee2e4\" href=\"https:\/\/aem.hr\/wp-content\/uploads\/2025\/03\/4.-Svecenik-Josip-Pavlek-obisao-je.pdf\">4. Svecenik Josip Pavlek obisao je<\/a><a href=\"https:\/\/aem.hr\/wp-content\/uploads\/2025\/03\/4.-Svecenik-Josip-Pavlek-obisao-je.pdf\" class=\"wp-block-file__button wp-element-button\" download aria-describedby=\"wp-block-file--media-2741edbd-8a14-4d46-b52f-b9931cfee2e4\">Preuzimanje<\/a><\/div>\n\n\n\n<div class=\"wp-block-file\"><a id=\"wp-block-file--media-194dab5e-9532-4eae-b8f5-7a3051d4115f\" href=\"https:\/\/aem.hr\/wp-content\/uploads\/2025\/03\/5.-Strucnjak-za-braniteljski-pastoral.pdf\">5. Strucnjak za braniteljski pastoral<\/a><a href=\"https:\/\/aem.hr\/wp-content\/uploads\/2025\/03\/5.-Strucnjak-za-braniteljski-pastoral.pdf\" class=\"wp-block-file__button wp-element-button\" download aria-describedby=\"wp-block-file--media-194dab5e-9532-4eae-b8f5-7a3051d4115f\">Preuzimanje<\/a><\/div>\n\n\n\n<div class=\"wp-block-file\"><a id=\"wp-block-file--media-2c5c9f30-ab11-4578-aae2-447385ebeb20\" href=\"https:\/\/aem.hr\/wp-content\/uploads\/2025\/03\/6.-Sjecanja-zupnika-na-prvoj-crti.pdf\">6. Sjecanja zupnika na prvoj crti<\/a><a href=\"https:\/\/aem.hr\/wp-content\/uploads\/2025\/03\/6.-Sjecanja-zupnika-na-prvoj-crti.pdf\" class=\"wp-block-file__button wp-element-button\" download aria-describedby=\"wp-block-file--media-2c5c9f30-ab11-4578-aae2-447385ebeb20\">Preuzimanje<\/a><\/div>\n","protected":false},"excerpt":{"rendered":"","protected":false},"author":18,"featured_media":0,"parent":0,"menu_order":0,"comment_status":"closed","ping_status":"closed","template":"","meta":{"_acf_changed":false,"inline_featured_image":false,"advgb_blocks_editor_width":"","advgb_blocks_columns_visual_guide":"","_links_to":"","_links_to_type":0,"footnotes":""},"class_list":["post-21716","page","type-page","status-publish","hentry"],"acf":[],"yoast_head":"<!-- This site is optimized with the Yoast SEO plugin v25.7 - https:\/\/yoast.com\/wordpress\/plugins\/seo\/ -->\n<title>Ivan Ta\u0161ev - Oprostom do domovine: Svjedo\u010danstva sve\u0107enika du\u0161obri\u017enika branitelja iz Domovinskoga rata - Agencija za elektroni\u010dke medije<\/title>\n<meta name=\"robots\" content=\"index, follow, max-snippet:-1, max-image-preview:large, max-video-preview:-1\" \/>\n<link rel=\"canonical\" href=\"https:\/\/aem.hr\/ivan-tasev-oprostom-do-domovine-svjedocanstva-svecenika-dusobriznika-branitelja-iz-domovinskoga-rata\/\" \/>\n<meta property=\"og:locale\" content=\"en_US\" \/>\n<meta property=\"og:type\" content=\"article\" \/>\n<meta property=\"og:title\" content=\"Ivan Ta\u0161ev - Oprostom do domovine: Svjedo\u010danstva sve\u0107enika du\u0161obri\u017enika branitelja iz Domovinskoga rata - Agencija za elektroni\u010dke medije\" \/>\n<meta property=\"og:url\" content=\"https:\/\/aem.hr\/ivan-tasev-oprostom-do-domovine-svjedocanstva-svecenika-dusobriznika-branitelja-iz-domovinskoga-rata\/\" \/>\n<meta property=\"og:site_name\" content=\"Agencija za elektroni\u010dke medije\" \/>\n<meta property=\"article:modified_time\" content=\"2025-03-25T09:57:17+00:00\" \/>\n<meta name=\"twitter:card\" content=\"summary_large_image\" \/>\n<meta name=\"twitter:label1\" content=\"Est. reading time\" \/>\n\t<meta name=\"twitter:data1\" content=\"1 minute\" \/>\n<script type=\"application\/ld+json\" class=\"yoast-schema-graph\">{\"@context\":\"https:\/\/schema.org\",\"@graph\":[{\"@type\":\"WebPage\",\"@id\":\"https:\/\/aem.hr\/ivan-tasev-oprostom-do-domovine-svjedocanstva-svecenika-dusobriznika-branitelja-iz-domovinskoga-rata\/\",\"url\":\"https:\/\/aem.hr\/ivan-tasev-oprostom-do-domovine-svjedocanstva-svecenika-dusobriznika-branitelja-iz-domovinskoga-rata\/\",\"name\":\"Ivan Ta\u0161ev - Oprostom do domovine: Svjedo\u010danstva sve\u0107enika du\u0161obri\u017enika branitelja iz Domovinskoga rata - Agencija za elektroni\u010dke medije\",\"isPartOf\":{\"@id\":\"https:\/\/aem.hr\/#website\"},\"datePublished\":\"2025-03-25T09:57:16+00:00\",\"dateModified\":\"2025-03-25T09:57:17+00:00\",\"breadcrumb\":{\"@id\":\"https:\/\/aem.hr\/ivan-tasev-oprostom-do-domovine-svjedocanstva-svecenika-dusobriznika-branitelja-iz-domovinskoga-rata\/#breadcrumb\"},\"inLanguage\":\"en-US\",\"potentialAction\":[{\"@type\":\"ReadAction\",\"target\":[\"https:\/\/aem.hr\/ivan-tasev-oprostom-do-domovine-svjedocanstva-svecenika-dusobriznika-branitelja-iz-domovinskoga-rata\/\"]}]},{\"@type\":\"BreadcrumbList\",\"@id\":\"https:\/\/aem.hr\/ivan-tasev-oprostom-do-domovine-svjedocanstva-svecenika-dusobriznika-branitelja-iz-domovinskoga-rata\/#breadcrumb\",\"itemListElement\":[{\"@type\":\"ListItem\",\"position\":1,\"name\":\"Po\u010detna stranica\",\"item\":\"https:\/\/aem.hr\/\"},{\"@type\":\"ListItem\",\"position\":2,\"name\":\"Ivan Ta\u0161ev &#8211; Oprostom do domovine: Svjedo\u010danstva sve\u0107enika du\u0161obri\u017enika branitelja iz Domovinskoga rata\"}]},{\"@type\":\"WebSite\",\"@id\":\"https:\/\/aem.hr\/#website\",\"url\":\"https:\/\/aem.hr\/\",\"name\":\"Agencija za elektroni\u010dke medije\",\"description\":\"\",\"potentialAction\":[{\"@type\":\"SearchAction\",\"target\":{\"@type\":\"EntryPoint\",\"urlTemplate\":\"https:\/\/aem.hr\/?s={search_term_string}\"},\"query-input\":{\"@type\":\"PropertyValueSpecification\",\"valueRequired\":true,\"valueName\":\"search_term_string\"}}],\"inLanguage\":\"en-US\"}]}<\/script>\n<!-- \/ Yoast SEO plugin. -->","yoast_head_json":{"title":"Ivan Ta\u0161ev - Oprostom do domovine: Svjedo\u010danstva sve\u0107enika du\u0161obri\u017enika branitelja iz Domovinskoga rata - Agencija za elektroni\u010dke medije","robots":{"index":"index","follow":"follow","max-snippet":"max-snippet:-1","max-image-preview":"max-image-preview:large","max-video-preview":"max-video-preview:-1"},"canonical":"https:\/\/aem.hr\/ivan-tasev-oprostom-do-domovine-svjedocanstva-svecenika-dusobriznika-branitelja-iz-domovinskoga-rata\/","og_locale":"en_US","og_type":"article","og_title":"Ivan Ta\u0161ev - Oprostom do domovine: Svjedo\u010danstva sve\u0107enika du\u0161obri\u017enika branitelja iz Domovinskoga rata - Agencija za elektroni\u010dke medije","og_url":"https:\/\/aem.hr\/ivan-tasev-oprostom-do-domovine-svjedocanstva-svecenika-dusobriznika-branitelja-iz-domovinskoga-rata\/","og_site_name":"Agencija za elektroni\u010dke medije","article_modified_time":"2025-03-25T09:57:17+00:00","twitter_card":"summary_large_image","twitter_misc":{"Est. reading time":"1 minute"},"schema":{"@context":"https:\/\/schema.org","@graph":[{"@type":"WebPage","@id":"https:\/\/aem.hr\/ivan-tasev-oprostom-do-domovine-svjedocanstva-svecenika-dusobriznika-branitelja-iz-domovinskoga-rata\/","url":"https:\/\/aem.hr\/ivan-tasev-oprostom-do-domovine-svjedocanstva-svecenika-dusobriznika-branitelja-iz-domovinskoga-rata\/","name":"Ivan Ta\u0161ev - Oprostom do domovine: Svjedo\u010danstva sve\u0107enika du\u0161obri\u017enika branitelja iz Domovinskoga rata - Agencija za elektroni\u010dke medije","isPartOf":{"@id":"https:\/\/aem.hr\/#website"},"datePublished":"2025-03-25T09:57:16+00:00","dateModified":"2025-03-25T09:57:17+00:00","breadcrumb":{"@id":"https:\/\/aem.hr\/ivan-tasev-oprostom-do-domovine-svjedocanstva-svecenika-dusobriznika-branitelja-iz-domovinskoga-rata\/#breadcrumb"},"inLanguage":"en-US","potentialAction":[{"@type":"ReadAction","target":["https:\/\/aem.hr\/ivan-tasev-oprostom-do-domovine-svjedocanstva-svecenika-dusobriznika-branitelja-iz-domovinskoga-rata\/"]}]},{"@type":"BreadcrumbList","@id":"https:\/\/aem.hr\/ivan-tasev-oprostom-do-domovine-svjedocanstva-svecenika-dusobriznika-branitelja-iz-domovinskoga-rata\/#breadcrumb","itemListElement":[{"@type":"ListItem","position":1,"name":"Po\u010detna stranica","item":"https:\/\/aem.hr\/"},{"@type":"ListItem","position":2,"name":"Ivan Ta\u0161ev &#8211; Oprostom do domovine: Svjedo\u010danstva sve\u0107enika du\u0161obri\u017enika branitelja iz Domovinskoga rata"}]},{"@type":"WebSite","@id":"https:\/\/aem.hr\/#website","url":"https:\/\/aem.hr\/","name":"Agencija za elektroni\u010dke medije","description":"","potentialAction":[{"@type":"SearchAction","target":{"@type":"EntryPoint","urlTemplate":"https:\/\/aem.hr\/?s={search_term_string}"},"query-input":{"@type":"PropertyValueSpecification","valueRequired":true,"valueName":"search_term_string"}}],"inLanguage":"en-US"}]}},"coauthors":[],"author_meta":{"author_link":"https:\/\/aem.hr\/en\/blog\/author\/mkirac\/","display_name":"Matko Kirac"},"relative_dates":{"created":"Posted 1 year ago","modified":"Updated 1 year ago"},"absolute_dates":{"created":"Posted on 25. March 2025.","modified":"Updated on 25. March 2025."},"absolute_dates_time":{"created":"Posted on 25. March 2025. 10:57","modified":"Updated on 25. March 2025. 10:57"},"featured_img_caption":"","featured_img":false,"series_order":"","_links":{"self":[{"href":"https:\/\/aem.hr\/en\/wp-json\/wp\/v2\/pages\/21716","targetHints":{"allow":["GET"]}}],"collection":[{"href":"https:\/\/aem.hr\/en\/wp-json\/wp\/v2\/pages"}],"about":[{"href":"https:\/\/aem.hr\/en\/wp-json\/wp\/v2\/types\/page"}],"author":[{"embeddable":true,"href":"https:\/\/aem.hr\/en\/wp-json\/wp\/v2\/users\/18"}],"replies":[{"embeddable":true,"href":"https:\/\/aem.hr\/en\/wp-json\/wp\/v2\/comments?post=21716"}],"version-history":[{"count":1,"href":"https:\/\/aem.hr\/en\/wp-json\/wp\/v2\/pages\/21716\/revisions"}],"predecessor-version":[{"id":21730,"href":"https:\/\/aem.hr\/en\/wp-json\/wp\/v2\/pages\/21716\/revisions\/21730"}],"wp:attachment":[{"href":"https:\/\/aem.hr\/en\/wp-json\/wp\/v2\/media?parent=21716"}],"curies":[{"name":"wp","href":"https:\/\/api.w.org\/{rel}","templated":true}]}}