{"id":21732,"date":"2025-03-25T10:58:12","date_gmt":"2025-03-25T09:58:12","guid":{"rendered":"http:\/\/aem.hr\/?page_id=21732"},"modified":"2025-03-25T11:00:10","modified_gmt":"2025-03-25T10:00:10","slug":"zeljko-buksa-kakva-je-buducnost-prirodnog-plina-u-hrvatskoj","status":"publish","type":"page","link":"https:\/\/aem.hr\/en\/zeljko-buksa-kakva-je-buducnost-prirodnog-plina-u-hrvatskoj\/","title":{"rendered":"\u017deljko Buk\u0161a &#8211; Kakva je budu\u0107nost prirodnog plina u Hrvatskoj?"},"content":{"rendered":"\n<div class=\"wp-block-file\"><a id=\"wp-block-file--media-4c1a047b-610a-4527-a120-e40ae8bddd1e\" href=\"https:\/\/aem.hr\/wp-content\/uploads\/2025\/03\/1.-Revolucija-ili-evolucija-kod-koristenja-plina.pdf\">1. Revolucija ili evolucija kod kori\u0161tenja plina<\/a><a href=\"https:\/\/aem.hr\/wp-content\/uploads\/2025\/03\/1.-Revolucija-ili-evolucija-kod-koristenja-plina.pdf\" class=\"wp-block-file__button wp-element-button\" download aria-describedby=\"wp-block-file--media-4c1a047b-610a-4527-a120-e40ae8bddd1e\">Preuzimanje<\/a><\/div>\n\n\n\n<div class=\"wp-block-file\"><a id=\"wp-block-file--media-a90290e0-0ad9-4927-9a94-c2a118924687\" href=\"https:\/\/aem.hr\/wp-content\/uploads\/2025\/03\/2.-Zelene-udruge-protiv-plina.pdf\">2. Zelene udruge protiv plina<\/a><a href=\"https:\/\/aem.hr\/wp-content\/uploads\/2025\/03\/2.-Zelene-udruge-protiv-plina.pdf\" class=\"wp-block-file__button wp-element-button\" download aria-describedby=\"wp-block-file--media-a90290e0-0ad9-4927-9a94-c2a118924687\">Preuzimanje<\/a><\/div>\n\n\n\n<div class=\"wp-block-file\"><a id=\"wp-block-file--media-f3122ef3-798d-411f-a77b-f2e541dd2a94\" href=\"https:\/\/aem.hr\/wp-content\/uploads\/2025\/03\/3.-Izdvajanjem-i-skladistenjem-CO2.pdf\">3. Izdvajanjem i skladi\u0161tenjem CO2<\/a><a href=\"https:\/\/aem.hr\/wp-content\/uploads\/2025\/03\/3.-Izdvajanjem-i-skladistenjem-CO2.pdf\" class=\"wp-block-file__button wp-element-button\" download aria-describedby=\"wp-block-file--media-f3122ef3-798d-411f-a77b-f2e541dd2a94\">Preuzimanje<\/a><\/div>\n\n\n\n<div class=\"wp-block-file\"><a id=\"wp-block-file--media-d5cedf92-1ce0-473f-bd8a-9eb9c5efdc23\" href=\"https:\/\/aem.hr\/wp-content\/uploads\/2025\/03\/4.-Prirodni-plin-i-vodik-nisu-konkurenti.pdf\">4. Prirodni plin i vodik nisu konkurenti<\/a><a href=\"https:\/\/aem.hr\/wp-content\/uploads\/2025\/03\/4.-Prirodni-plin-i-vodik-nisu-konkurenti.pdf\" class=\"wp-block-file__button wp-element-button\" download aria-describedby=\"wp-block-file--media-d5cedf92-1ce0-473f-bd8a-9eb9c5efdc23\">Preuzimanje<\/a><\/div>\n\n\n\n<div class=\"wp-block-file\"><a id=\"wp-block-file--media-004e0be1-778f-4f3f-9b8e-eee6cbf66009\" href=\"https:\/\/aem.hr\/wp-content\/uploads\/2025\/03\/5.-Zeleni-vodik-Bijeli-slon-hype-ili-srebrni-metak.pdf\">5. Zeleni vodik &#8211; Bijeli slon, hype ili srebrni metak<\/a><a href=\"https:\/\/aem.hr\/wp-content\/uploads\/2025\/03\/5.-Zeleni-vodik-Bijeli-slon-hype-ili-srebrni-metak.pdf\" class=\"wp-block-file__button wp-element-button\" download aria-describedby=\"wp-block-file--media-004e0be1-778f-4f3f-9b8e-eee6cbf66009\">Preuzimanje<\/a><\/div>\n\n\n\n<div class=\"wp-block-file\"><a id=\"wp-block-file--media-171c3b7a-e723-43d3-892b-5d1df8b0cbd8\" href=\"https:\/\/aem.hr\/wp-content\/uploads\/2025\/03\/6.-Grijati-se-na-plin-ili-na-elektricnu-energiju.pdf\">6. Grijati se na plin ili na elektri\u010dnu energiju<\/a><a href=\"https:\/\/aem.hr\/wp-content\/uploads\/2025\/03\/6.-Grijati-se-na-plin-ili-na-elektricnu-energiju.pdf\" class=\"wp-block-file__button wp-element-button\" download aria-describedby=\"wp-block-file--media-171c3b7a-e723-43d3-892b-5d1df8b0cbd8\">Preuzimanje<\/a><\/div>\n\n\n\n<div class=\"wp-block-file\"><a id=\"wp-block-file--media-2843a91a-0f19-48ab-ba11-a0c130caa0be\" href=\"https:\/\/aem.hr\/wp-content\/uploads\/2025\/03\/7.-Hrvatska-u-plin-ulaze-stotine-milijuna-eura.pdf\">7. Hrvatska u plin ula\u017ee stotine milijuna eura<\/a><a href=\"https:\/\/aem.hr\/wp-content\/uploads\/2025\/03\/7.-Hrvatska-u-plin-ulaze-stotine-milijuna-eura.pdf\" class=\"wp-block-file__button wp-element-button\" download aria-describedby=\"wp-block-file--media-2843a91a-0f19-48ab-ba11-a0c130caa0be\">Preuzimanje<\/a><\/div>\n\n\n\n<p><\/p>\n","protected":false},"excerpt":{"rendered":"","protected":false},"author":18,"featured_media":0,"parent":0,"menu_order":0,"comment_status":"closed","ping_status":"closed","template":"","meta":{"_acf_changed":false,"inline_featured_image":false,"advgb_blocks_editor_width":"","advgb_blocks_columns_visual_guide":"","_links_to":"","_links_to_type":0,"footnotes":""},"class_list":["post-21732","page","type-page","status-publish","hentry"],"acf":[],"yoast_head":"<!-- This site is optimized with the Yoast SEO plugin v25.7 - https:\/\/yoast.com\/wordpress\/plugins\/seo\/ -->\n<title>\u017deljko Buk\u0161a - Kakva je budu\u0107nost prirodnog plina u Hrvatskoj? - Agencija za elektroni\u010dke medije<\/title>\n<meta name=\"robots\" content=\"index, follow, max-snippet:-1, max-image-preview:large, max-video-preview:-1\" \/>\n<link rel=\"canonical\" href=\"https:\/\/aem.hr\/zeljko-buksa-kakva-je-buducnost-prirodnog-plina-u-hrvatskoj\/\" \/>\n<meta property=\"og:locale\" content=\"en_US\" \/>\n<meta property=\"og:type\" content=\"article\" \/>\n<meta property=\"og:title\" content=\"\u017deljko Buk\u0161a - Kakva je budu\u0107nost prirodnog plina u Hrvatskoj? - Agencija za elektroni\u010dke medije\" \/>\n<meta property=\"og:url\" content=\"https:\/\/aem.hr\/zeljko-buksa-kakva-je-buducnost-prirodnog-plina-u-hrvatskoj\/\" \/>\n<meta property=\"og:site_name\" content=\"Agencija za elektroni\u010dke medije\" \/>\n<meta property=\"article:modified_time\" content=\"2025-03-25T10:00:10+00:00\" \/>\n<meta name=\"twitter:card\" content=\"summary_large_image\" \/>\n<meta name=\"twitter:label1\" content=\"Est. reading time\" \/>\n\t<meta name=\"twitter:data1\" content=\"1 minute\" \/>\n<script type=\"application\/ld+json\" class=\"yoast-schema-graph\">{\"@context\":\"https:\/\/schema.org\",\"@graph\":[{\"@type\":\"WebPage\",\"@id\":\"https:\/\/aem.hr\/zeljko-buksa-kakva-je-buducnost-prirodnog-plina-u-hrvatskoj\/\",\"url\":\"https:\/\/aem.hr\/zeljko-buksa-kakva-je-buducnost-prirodnog-plina-u-hrvatskoj\/\",\"name\":\"\u017deljko Buk\u0161a - Kakva je budu\u0107nost prirodnog plina u Hrvatskoj? - Agencija za elektroni\u010dke medije\",\"isPartOf\":{\"@id\":\"https:\/\/aem.hr\/#website\"},\"datePublished\":\"2025-03-25T09:58:12+00:00\",\"dateModified\":\"2025-03-25T10:00:10+00:00\",\"breadcrumb\":{\"@id\":\"https:\/\/aem.hr\/zeljko-buksa-kakva-je-buducnost-prirodnog-plina-u-hrvatskoj\/#breadcrumb\"},\"inLanguage\":\"en-US\",\"potentialAction\":[{\"@type\":\"ReadAction\",\"target\":[\"https:\/\/aem.hr\/zeljko-buksa-kakva-je-buducnost-prirodnog-plina-u-hrvatskoj\/\"]}]},{\"@type\":\"BreadcrumbList\",\"@id\":\"https:\/\/aem.hr\/zeljko-buksa-kakva-je-buducnost-prirodnog-plina-u-hrvatskoj\/#breadcrumb\",\"itemListElement\":[{\"@type\":\"ListItem\",\"position\":1,\"name\":\"Po\u010detna stranica\",\"item\":\"https:\/\/aem.hr\/\"},{\"@type\":\"ListItem\",\"position\":2,\"name\":\"\u017deljko Buk\u0161a &#8211; Kakva je budu\u0107nost prirodnog plina u Hrvatskoj?\"}]},{\"@type\":\"WebSite\",\"@id\":\"https:\/\/aem.hr\/#website\",\"url\":\"https:\/\/aem.hr\/\",\"name\":\"Agencija za elektroni\u010dke medije\",\"description\":\"\",\"potentialAction\":[{\"@type\":\"SearchAction\",\"target\":{\"@type\":\"EntryPoint\",\"urlTemplate\":\"https:\/\/aem.hr\/?s={search_term_string}\"},\"query-input\":{\"@type\":\"PropertyValueSpecification\",\"valueRequired\":true,\"valueName\":\"search_term_string\"}}],\"inLanguage\":\"en-US\"}]}<\/script>\n<!-- \/ Yoast SEO plugin. -->","yoast_head_json":{"title":"\u017deljko Buk\u0161a - Kakva je budu\u0107nost prirodnog plina u Hrvatskoj? - Agencija za elektroni\u010dke medije","robots":{"index":"index","follow":"follow","max-snippet":"max-snippet:-1","max-image-preview":"max-image-preview:large","max-video-preview":"max-video-preview:-1"},"canonical":"https:\/\/aem.hr\/zeljko-buksa-kakva-je-buducnost-prirodnog-plina-u-hrvatskoj\/","og_locale":"en_US","og_type":"article","og_title":"\u017deljko Buk\u0161a - Kakva je budu\u0107nost prirodnog plina u Hrvatskoj? - Agencija za elektroni\u010dke medije","og_url":"https:\/\/aem.hr\/zeljko-buksa-kakva-je-buducnost-prirodnog-plina-u-hrvatskoj\/","og_site_name":"Agencija za elektroni\u010dke medije","article_modified_time":"2025-03-25T10:00:10+00:00","twitter_card":"summary_large_image","twitter_misc":{"Est. reading time":"1 minute"},"schema":{"@context":"https:\/\/schema.org","@graph":[{"@type":"WebPage","@id":"https:\/\/aem.hr\/zeljko-buksa-kakva-je-buducnost-prirodnog-plina-u-hrvatskoj\/","url":"https:\/\/aem.hr\/zeljko-buksa-kakva-je-buducnost-prirodnog-plina-u-hrvatskoj\/","name":"\u017deljko Buk\u0161a - Kakva je budu\u0107nost prirodnog plina u Hrvatskoj? - Agencija za elektroni\u010dke medije","isPartOf":{"@id":"https:\/\/aem.hr\/#website"},"datePublished":"2025-03-25T09:58:12+00:00","dateModified":"2025-03-25T10:00:10+00:00","breadcrumb":{"@id":"https:\/\/aem.hr\/zeljko-buksa-kakva-je-buducnost-prirodnog-plina-u-hrvatskoj\/#breadcrumb"},"inLanguage":"en-US","potentialAction":[{"@type":"ReadAction","target":["https:\/\/aem.hr\/zeljko-buksa-kakva-je-buducnost-prirodnog-plina-u-hrvatskoj\/"]}]},{"@type":"BreadcrumbList","@id":"https:\/\/aem.hr\/zeljko-buksa-kakva-je-buducnost-prirodnog-plina-u-hrvatskoj\/#breadcrumb","itemListElement":[{"@type":"ListItem","position":1,"name":"Po\u010detna stranica","item":"https:\/\/aem.hr\/"},{"@type":"ListItem","position":2,"name":"\u017deljko Buk\u0161a &#8211; Kakva je budu\u0107nost prirodnog plina u Hrvatskoj?"}]},{"@type":"WebSite","@id":"https:\/\/aem.hr\/#website","url":"https:\/\/aem.hr\/","name":"Agencija za elektroni\u010dke medije","description":"","potentialAction":[{"@type":"SearchAction","target":{"@type":"EntryPoint","urlTemplate":"https:\/\/aem.hr\/?s={search_term_string}"},"query-input":{"@type":"PropertyValueSpecification","valueRequired":true,"valueName":"search_term_string"}}],"inLanguage":"en-US"}]}},"coauthors":[],"author_meta":{"author_link":"https:\/\/aem.hr\/en\/blog\/author\/mkirac\/","display_name":"Matko Kirac"},"relative_dates":{"created":"Posted 1 year ago","modified":"Updated 1 year ago"},"absolute_dates":{"created":"Posted on 25. March 2025.","modified":"Updated on 25. March 2025."},"absolute_dates_time":{"created":"Posted on 25. March 2025. 10:58","modified":"Updated on 25. March 2025. 11:00"},"featured_img_caption":"","featured_img":false,"series_order":"","_links":{"self":[{"href":"https:\/\/aem.hr\/en\/wp-json\/wp\/v2\/pages\/21732","targetHints":{"allow":["GET"]}}],"collection":[{"href":"https:\/\/aem.hr\/en\/wp-json\/wp\/v2\/pages"}],"about":[{"href":"https:\/\/aem.hr\/en\/wp-json\/wp\/v2\/types\/page"}],"author":[{"embeddable":true,"href":"https:\/\/aem.hr\/en\/wp-json\/wp\/v2\/users\/18"}],"replies":[{"embeddable":true,"href":"https:\/\/aem.hr\/en\/wp-json\/wp\/v2\/comments?post=21732"}],"version-history":[{"count":2,"href":"https:\/\/aem.hr\/en\/wp-json\/wp\/v2\/pages\/21732\/revisions"}],"predecessor-version":[{"id":21750,"href":"https:\/\/aem.hr\/en\/wp-json\/wp\/v2\/pages\/21732\/revisions\/21750"}],"wp:attachment":[{"href":"https:\/\/aem.hr\/en\/wp-json\/wp\/v2\/media?parent=21732"}],"curies":[{"name":"wp","href":"https:\/\/api.w.org\/{rel}","templated":true}]}}