{"id":21751,"date":"2025-03-25T10:59:16","date_gmt":"2025-03-25T09:59:16","guid":{"rendered":"http:\/\/aem.hr\/?page_id=21751"},"modified":"2025-03-25T10:59:17","modified_gmt":"2025-03-25T09:59:17","slug":"leon-cevanic-filmski-univerzum-dusana-kovacevica-i-slobodana-sijana-odjeci-i-putokazi-u-hrvatskoj","status":"publish","type":"page","link":"https:\/\/aem.hr\/en\/leon-cevanic-filmski-univerzum-dusana-kovacevica-i-slobodana-sijana-odjeci-i-putokazi-u-hrvatskoj\/","title":{"rendered":"Leon \u0106evani\u0107 &#8211; Filmski univerzum Du\u0161ana Kova\u010devi\u0107a i Slobodana \u0160ijana: odjeci i putokazi u Hrvatskoj"},"content":{"rendered":"\n<div class=\"wp-block-file\"><a id=\"wp-block-file--media-a80f2ccf-e4ec-407e-a172-13ac65f75354\" href=\"https:\/\/aem.hr\/wp-content\/uploads\/2025\/03\/1.-\u201eKo-to-tamo-peva.pdf\">1. \u201eKo to tamo peva\u201c<\/a><a href=\"https:\/\/aem.hr\/wp-content\/uploads\/2025\/03\/1.-\u201eKo-to-tamo-peva.pdf\" class=\"wp-block-file__button wp-element-button\" download aria-describedby=\"wp-block-file--media-a80f2ccf-e4ec-407e-a172-13ac65f75354\">Preuzimanje<\/a><\/div>\n\n\n\n<div class=\"wp-block-file\"><a id=\"wp-block-file--media-0e20af2d-3f82-4cec-a603-2b6fe744a1aa\" href=\"https:\/\/aem.hr\/wp-content\/uploads\/2025\/03\/2.-Obitelj-Topalovic.pdf\">2. Obitelj Topalovi\u0107<\/a><a href=\"https:\/\/aem.hr\/wp-content\/uploads\/2025\/03\/2.-Obitelj-Topalovic.pdf\" class=\"wp-block-file__button wp-element-button\" download aria-describedby=\"wp-block-file--media-0e20af2d-3f82-4cec-a603-2b6fe744a1aa\">Preuzimanje<\/a><\/div>\n\n\n\n<div class=\"wp-block-file\"><a id=\"wp-block-file--media-723e4cd6-8423-4159-88fb-805574cb6349\" href=\"https:\/\/aem.hr\/wp-content\/uploads\/2025\/03\/3.-Sistematsko-unistavanje-ideala.pdf\">3. Sistematsko uni\u0161tavanje ideala<\/a><a href=\"https:\/\/aem.hr\/wp-content\/uploads\/2025\/03\/3.-Sistematsko-unistavanje-ideala.pdf\" class=\"wp-block-file__button wp-element-button\" download aria-describedby=\"wp-block-file--media-723e4cd6-8423-4159-88fb-805574cb6349\">Preuzimanje<\/a><\/div>\n\n\n\n<div class=\"wp-block-file\"><a id=\"wp-block-file--media-503be558-6e81-4cd0-9b58-b14841ae026d\" href=\"https:\/\/aem.hr\/wp-content\/uploads\/2025\/03\/4.-\u201eBalkanski-spijun-u-doba-drustvenih.pdf\">4. \u201eBalkanski \u0161pijun\u201c u doba dru\u0161tvenih<\/a><a href=\"https:\/\/aem.hr\/wp-content\/uploads\/2025\/03\/4.-\u201eBalkanski-spijun-u-doba-drustvenih.pdf\" class=\"wp-block-file__button wp-element-button\" download aria-describedby=\"wp-block-file--media-503be558-6e81-4cd0-9b58-b14841ae026d\">Preuzimanje<\/a><\/div>\n\n\n\n<div class=\"wp-block-file\"><a id=\"wp-block-file--media-f3433b8f-93ef-4442-841a-7a8de78d51f1\" href=\"https:\/\/aem.hr\/wp-content\/uploads\/2025\/03\/5.-Izmedu-karanfila-i-kriminala.pdf\">5. Izme\u0111u karanfila i kriminala<\/a><a href=\"https:\/\/aem.hr\/wp-content\/uploads\/2025\/03\/5.-Izmedu-karanfila-i-kriminala.pdf\" class=\"wp-block-file__button wp-element-button\" download aria-describedby=\"wp-block-file--media-f3433b8f-93ef-4442-841a-7a8de78d51f1\">Preuzimanje<\/a><\/div>\n\n\n\n<div class=\"wp-block-file\"><a id=\"wp-block-file--media-57da62a6-8d6b-471a-a2b3-c7f8109fef40\" href=\"https:\/\/aem.hr\/wp-content\/uploads\/2025\/03\/6.-Arheologija-prolaznosti.pdf\">6. Arheologija prolaznosti<\/a><a href=\"https:\/\/aem.hr\/wp-content\/uploads\/2025\/03\/6.-Arheologija-prolaznosti.pdf\" class=\"wp-block-file__button wp-element-button\" download aria-describedby=\"wp-block-file--media-57da62a6-8d6b-471a-a2b3-c7f8109fef40\">Preuzimanje<\/a><\/div>\n","protected":false},"excerpt":{"rendered":"","protected":false},"author":18,"featured_media":0,"parent":0,"menu_order":0,"comment_status":"closed","ping_status":"closed","template":"","meta":{"_acf_changed":false,"inline_featured_image":false,"advgb_blocks_editor_width":"","advgb_blocks_columns_visual_guide":"","_links_to":"","_links_to_type":0,"footnotes":""},"class_list":["post-21751","page","type-page","status-publish","hentry"],"acf":[],"yoast_head":"<!-- This site is optimized with the Yoast SEO plugin v25.7 - https:\/\/yoast.com\/wordpress\/plugins\/seo\/ -->\n<title>Leon \u0106evani\u0107 - Filmski univerzum Du\u0161ana Kova\u010devi\u0107a i Slobodana \u0160ijana: odjeci i putokazi u Hrvatskoj - Agencija za elektroni\u010dke medije<\/title>\n<meta name=\"robots\" content=\"index, follow, max-snippet:-1, max-image-preview:large, max-video-preview:-1\" \/>\n<link rel=\"canonical\" href=\"https:\/\/aem.hr\/leon-cevanic-filmski-univerzum-dusana-kovacevica-i-slobodana-sijana-odjeci-i-putokazi-u-hrvatskoj\/\" \/>\n<meta property=\"og:locale\" content=\"en_US\" \/>\n<meta property=\"og:type\" content=\"article\" \/>\n<meta property=\"og:title\" content=\"Leon \u0106evani\u0107 - Filmski univerzum Du\u0161ana Kova\u010devi\u0107a i Slobodana \u0160ijana: odjeci i putokazi u Hrvatskoj - Agencija za elektroni\u010dke medije\" \/>\n<meta property=\"og:url\" content=\"https:\/\/aem.hr\/leon-cevanic-filmski-univerzum-dusana-kovacevica-i-slobodana-sijana-odjeci-i-putokazi-u-hrvatskoj\/\" \/>\n<meta property=\"og:site_name\" content=\"Agencija za elektroni\u010dke medije\" \/>\n<meta property=\"article:modified_time\" content=\"2025-03-25T09:59:17+00:00\" \/>\n<meta name=\"twitter:card\" content=\"summary_large_image\" \/>\n<meta name=\"twitter:label1\" content=\"Est. reading time\" \/>\n\t<meta name=\"twitter:data1\" content=\"1 minute\" \/>\n<script type=\"application\/ld+json\" class=\"yoast-schema-graph\">{\"@context\":\"https:\/\/schema.org\",\"@graph\":[{\"@type\":\"WebPage\",\"@id\":\"https:\/\/aem.hr\/leon-cevanic-filmski-univerzum-dusana-kovacevica-i-slobodana-sijana-odjeci-i-putokazi-u-hrvatskoj\/\",\"url\":\"https:\/\/aem.hr\/leon-cevanic-filmski-univerzum-dusana-kovacevica-i-slobodana-sijana-odjeci-i-putokazi-u-hrvatskoj\/\",\"name\":\"Leon \u0106evani\u0107 - Filmski univerzum Du\u0161ana Kova\u010devi\u0107a i Slobodana \u0160ijana: odjeci i putokazi u Hrvatskoj - Agencija za elektroni\u010dke medije\",\"isPartOf\":{\"@id\":\"https:\/\/aem.hr\/#website\"},\"datePublished\":\"2025-03-25T09:59:16+00:00\",\"dateModified\":\"2025-03-25T09:59:17+00:00\",\"breadcrumb\":{\"@id\":\"https:\/\/aem.hr\/leon-cevanic-filmski-univerzum-dusana-kovacevica-i-slobodana-sijana-odjeci-i-putokazi-u-hrvatskoj\/#breadcrumb\"},\"inLanguage\":\"en-US\",\"potentialAction\":[{\"@type\":\"ReadAction\",\"target\":[\"https:\/\/aem.hr\/leon-cevanic-filmski-univerzum-dusana-kovacevica-i-slobodana-sijana-odjeci-i-putokazi-u-hrvatskoj\/\"]}]},{\"@type\":\"BreadcrumbList\",\"@id\":\"https:\/\/aem.hr\/leon-cevanic-filmski-univerzum-dusana-kovacevica-i-slobodana-sijana-odjeci-i-putokazi-u-hrvatskoj\/#breadcrumb\",\"itemListElement\":[{\"@type\":\"ListItem\",\"position\":1,\"name\":\"Po\u010detna stranica\",\"item\":\"https:\/\/aem.hr\/\"},{\"@type\":\"ListItem\",\"position\":2,\"name\":\"Leon \u0106evani\u0107 &#8211; Filmski univerzum Du\u0161ana Kova\u010devi\u0107a i Slobodana \u0160ijana: odjeci i putokazi u Hrvatskoj\"}]},{\"@type\":\"WebSite\",\"@id\":\"https:\/\/aem.hr\/#website\",\"url\":\"https:\/\/aem.hr\/\",\"name\":\"Agencija za elektroni\u010dke medije\",\"description\":\"\",\"potentialAction\":[{\"@type\":\"SearchAction\",\"target\":{\"@type\":\"EntryPoint\",\"urlTemplate\":\"https:\/\/aem.hr\/?s={search_term_string}\"},\"query-input\":{\"@type\":\"PropertyValueSpecification\",\"valueRequired\":true,\"valueName\":\"search_term_string\"}}],\"inLanguage\":\"en-US\"}]}<\/script>\n<!-- \/ Yoast SEO plugin. -->","yoast_head_json":{"title":"Leon \u0106evani\u0107 - Filmski univerzum Du\u0161ana Kova\u010devi\u0107a i Slobodana \u0160ijana: odjeci i putokazi u Hrvatskoj - Agencija za elektroni\u010dke medije","robots":{"index":"index","follow":"follow","max-snippet":"max-snippet:-1","max-image-preview":"max-image-preview:large","max-video-preview":"max-video-preview:-1"},"canonical":"https:\/\/aem.hr\/leon-cevanic-filmski-univerzum-dusana-kovacevica-i-slobodana-sijana-odjeci-i-putokazi-u-hrvatskoj\/","og_locale":"en_US","og_type":"article","og_title":"Leon \u0106evani\u0107 - Filmski univerzum Du\u0161ana Kova\u010devi\u0107a i Slobodana \u0160ijana: odjeci i putokazi u Hrvatskoj - Agencija za elektroni\u010dke medije","og_url":"https:\/\/aem.hr\/leon-cevanic-filmski-univerzum-dusana-kovacevica-i-slobodana-sijana-odjeci-i-putokazi-u-hrvatskoj\/","og_site_name":"Agencija za elektroni\u010dke medije","article_modified_time":"2025-03-25T09:59:17+00:00","twitter_card":"summary_large_image","twitter_misc":{"Est. reading time":"1 minute"},"schema":{"@context":"https:\/\/schema.org","@graph":[{"@type":"WebPage","@id":"https:\/\/aem.hr\/leon-cevanic-filmski-univerzum-dusana-kovacevica-i-slobodana-sijana-odjeci-i-putokazi-u-hrvatskoj\/","url":"https:\/\/aem.hr\/leon-cevanic-filmski-univerzum-dusana-kovacevica-i-slobodana-sijana-odjeci-i-putokazi-u-hrvatskoj\/","name":"Leon \u0106evani\u0107 - Filmski univerzum Du\u0161ana Kova\u010devi\u0107a i Slobodana \u0160ijana: odjeci i putokazi u Hrvatskoj - Agencija za elektroni\u010dke medije","isPartOf":{"@id":"https:\/\/aem.hr\/#website"},"datePublished":"2025-03-25T09:59:16+00:00","dateModified":"2025-03-25T09:59:17+00:00","breadcrumb":{"@id":"https:\/\/aem.hr\/leon-cevanic-filmski-univerzum-dusana-kovacevica-i-slobodana-sijana-odjeci-i-putokazi-u-hrvatskoj\/#breadcrumb"},"inLanguage":"en-US","potentialAction":[{"@type":"ReadAction","target":["https:\/\/aem.hr\/leon-cevanic-filmski-univerzum-dusana-kovacevica-i-slobodana-sijana-odjeci-i-putokazi-u-hrvatskoj\/"]}]},{"@type":"BreadcrumbList","@id":"https:\/\/aem.hr\/leon-cevanic-filmski-univerzum-dusana-kovacevica-i-slobodana-sijana-odjeci-i-putokazi-u-hrvatskoj\/#breadcrumb","itemListElement":[{"@type":"ListItem","position":1,"name":"Po\u010detna stranica","item":"https:\/\/aem.hr\/"},{"@type":"ListItem","position":2,"name":"Leon \u0106evani\u0107 &#8211; Filmski univerzum Du\u0161ana Kova\u010devi\u0107a i Slobodana \u0160ijana: odjeci i putokazi u Hrvatskoj"}]},{"@type":"WebSite","@id":"https:\/\/aem.hr\/#website","url":"https:\/\/aem.hr\/","name":"Agencija za elektroni\u010dke medije","description":"","potentialAction":[{"@type":"SearchAction","target":{"@type":"EntryPoint","urlTemplate":"https:\/\/aem.hr\/?s={search_term_string}"},"query-input":{"@type":"PropertyValueSpecification","valueRequired":true,"valueName":"search_term_string"}}],"inLanguage":"en-US"}]}},"coauthors":[],"author_meta":{"author_link":"https:\/\/aem.hr\/en\/blog\/author\/mkirac\/","display_name":"Matko Kirac"},"relative_dates":{"created":"Posted 1 year ago","modified":"Updated 1 year ago"},"absolute_dates":{"created":"Posted on 25. March 2025.","modified":"Updated on 25. March 2025."},"absolute_dates_time":{"created":"Posted on 25. March 2025. 10:59","modified":"Updated on 25. March 2025. 10:59"},"featured_img_caption":"","featured_img":false,"series_order":"","_links":{"self":[{"href":"https:\/\/aem.hr\/en\/wp-json\/wp\/v2\/pages\/21751","targetHints":{"allow":["GET"]}}],"collection":[{"href":"https:\/\/aem.hr\/en\/wp-json\/wp\/v2\/pages"}],"about":[{"href":"https:\/\/aem.hr\/en\/wp-json\/wp\/v2\/types\/page"}],"author":[{"embeddable":true,"href":"https:\/\/aem.hr\/en\/wp-json\/wp\/v2\/users\/18"}],"replies":[{"embeddable":true,"href":"https:\/\/aem.hr\/en\/wp-json\/wp\/v2\/comments?post=21751"}],"version-history":[{"count":1,"href":"https:\/\/aem.hr\/en\/wp-json\/wp\/v2\/pages\/21751\/revisions"}],"predecessor-version":[{"id":21764,"href":"https:\/\/aem.hr\/en\/wp-json\/wp\/v2\/pages\/21751\/revisions\/21764"}],"wp:attachment":[{"href":"https:\/\/aem.hr\/en\/wp-json\/wp\/v2\/media?parent=21751"}],"curies":[{"name":"wp","href":"https:\/\/api.w.org\/{rel}","templated":true}]}}