{"id":21811,"date":"2025-03-25T11:06:40","date_gmt":"2025-03-25T10:06:40","guid":{"rendered":"http:\/\/aem.hr\/?page_id=21811"},"modified":"2025-03-25T11:06:41","modified_gmt":"2025-03-25T10:06:41","slug":"lana-ruzicic-drustvene-mreze-nisu-birtija","status":"publish","type":"page","link":"https:\/\/aem.hr\/en\/lana-ruzicic-drustvene-mreze-nisu-birtija\/","title":{"rendered":"Lana Ru\u017ei\u010di\u0107 &#8211; Dru\u0161tvene mre\u017ee nisu birtija"},"content":{"rendered":"\n<div class=\"wp-block-file\"><a id=\"wp-block-file--media-edd1f8bc-e86b-4aa8-8288-d01bd3e3404f\" href=\"https:\/\/aem.hr\/wp-content\/uploads\/2025\/03\/1.-Glupaco-glupa-i-debela.pdf\">1. Glupa\u010do glupa i debela<\/a><a href=\"https:\/\/aem.hr\/wp-content\/uploads\/2025\/03\/1.-Glupaco-glupa-i-debela.pdf\" class=\"wp-block-file__button wp-element-button\" download aria-describedby=\"wp-block-file--media-edd1f8bc-e86b-4aa8-8288-d01bd3e3404f\">Preuzimanje<\/a><\/div>\n\n\n\n<div class=\"wp-block-file\"><a id=\"wp-block-file--media-30096aa4-8092-4196-b18d-0fe6f83d0a56\" href=\"https:\/\/aem.hr\/wp-content\/uploads\/2025\/03\/2.-Razmisli-sto-pises.pdf\">2. Razmisli \u0161to pi\u0161e\u0161<\/a><a href=\"https:\/\/aem.hr\/wp-content\/uploads\/2025\/03\/2.-Razmisli-sto-pises.pdf\" class=\"wp-block-file__button wp-element-button\" download aria-describedby=\"wp-block-file--media-30096aa4-8092-4196-b18d-0fe6f83d0a56\">Preuzimanje<\/a><\/div>\n\n\n\n<div class=\"wp-block-file\"><a id=\"wp-block-file--media-bc673525-2df3-4a0d-8341-54042f1cc89e\" href=\"https:\/\/aem.hr\/wp-content\/uploads\/2025\/03\/3.-Drustvene-mreze-nisu-birtija.pdf\">3. Dru\u0161tvene mre\u017ee nisu birtija<\/a><a href=\"https:\/\/aem.hr\/wp-content\/uploads\/2025\/03\/3.-Drustvene-mreze-nisu-birtija.pdf\" class=\"wp-block-file__button wp-element-button\" download aria-describedby=\"wp-block-file--media-bc673525-2df3-4a0d-8341-54042f1cc89e\">Preuzimanje<\/a><\/div>\n\n\n\n<div class=\"wp-block-file\"><a id=\"wp-block-file--media-6c537d41-0c68-4086-a177-6b9b00cc4eb1\" href=\"https:\/\/aem.hr\/wp-content\/uploads\/2025\/03\/4.-Ovo-moze-potaknuti-depresiju.pdf\">4. Ovo mo\u017ee potaknuti depresiju<\/a><a href=\"https:\/\/aem.hr\/wp-content\/uploads\/2025\/03\/4.-Ovo-moze-potaknuti-depresiju.pdf\" class=\"wp-block-file__button wp-element-button\" download aria-describedby=\"wp-block-file--media-6c537d41-0c68-4086-a177-6b9b00cc4eb1\">Preuzimanje<\/a><\/div>\n\n\n\n<div class=\"wp-block-file\"><a id=\"wp-block-file--media-536746b2-e291-43f1-8b8e-3206ab880af0\" href=\"https:\/\/aem.hr\/wp-content\/uploads\/2025\/03\/5.-Moras-li-stvarno-Ivani-napisati-da-je-ruzna.pdf\">5. Mora\u0161 li stvarno Ivani napisati da je ru\u017ena<\/a><a href=\"https:\/\/aem.hr\/wp-content\/uploads\/2025\/03\/5.-Moras-li-stvarno-Ivani-napisati-da-je-ruzna.pdf\" class=\"wp-block-file__button wp-element-button\" download aria-describedby=\"wp-block-file--media-536746b2-e291-43f1-8b8e-3206ab880af0\">Preuzimanje<\/a><\/div>\n","protected":false},"excerpt":{"rendered":"","protected":false},"author":18,"featured_media":0,"parent":0,"menu_order":0,"comment_status":"closed","ping_status":"closed","template":"","meta":{"_acf_changed":false,"inline_featured_image":false,"advgb_blocks_editor_width":"","advgb_blocks_columns_visual_guide":"","_links_to":"","_links_to_type":0,"footnotes":""},"class_list":["post-21811","page","type-page","status-publish","hentry"],"acf":[],"yoast_head":"<!-- This site is optimized with the Yoast SEO plugin v25.7 - https:\/\/yoast.com\/wordpress\/plugins\/seo\/ -->\n<title>Lana Ru\u017ei\u010di\u0107 - Dru\u0161tvene mre\u017ee nisu birtija - Agencija za elektroni\u010dke medije<\/title>\n<meta name=\"robots\" content=\"index, follow, max-snippet:-1, max-image-preview:large, max-video-preview:-1\" \/>\n<link rel=\"canonical\" href=\"https:\/\/aem.hr\/lana-ruzicic-drustvene-mreze-nisu-birtija\/\" \/>\n<meta property=\"og:locale\" content=\"en_US\" \/>\n<meta property=\"og:type\" content=\"article\" \/>\n<meta property=\"og:title\" content=\"Lana Ru\u017ei\u010di\u0107 - Dru\u0161tvene mre\u017ee nisu birtija - Agencija za elektroni\u010dke medije\" \/>\n<meta property=\"og:url\" content=\"https:\/\/aem.hr\/lana-ruzicic-drustvene-mreze-nisu-birtija\/\" \/>\n<meta property=\"og:site_name\" content=\"Agencija za elektroni\u010dke medije\" \/>\n<meta property=\"article:modified_time\" content=\"2025-03-25T10:06:41+00:00\" \/>\n<meta name=\"twitter:card\" content=\"summary_large_image\" \/>\n<meta name=\"twitter:label1\" content=\"Est. reading time\" \/>\n\t<meta name=\"twitter:data1\" content=\"1 minute\" \/>\n<script type=\"application\/ld+json\" class=\"yoast-schema-graph\">{\"@context\":\"https:\/\/schema.org\",\"@graph\":[{\"@type\":\"WebPage\",\"@id\":\"https:\/\/aem.hr\/lana-ruzicic-drustvene-mreze-nisu-birtija\/\",\"url\":\"https:\/\/aem.hr\/lana-ruzicic-drustvene-mreze-nisu-birtija\/\",\"name\":\"Lana Ru\u017ei\u010di\u0107 - Dru\u0161tvene mre\u017ee nisu birtija - Agencija za elektroni\u010dke medije\",\"isPartOf\":{\"@id\":\"https:\/\/aem.hr\/#website\"},\"datePublished\":\"2025-03-25T10:06:40+00:00\",\"dateModified\":\"2025-03-25T10:06:41+00:00\",\"breadcrumb\":{\"@id\":\"https:\/\/aem.hr\/lana-ruzicic-drustvene-mreze-nisu-birtija\/#breadcrumb\"},\"inLanguage\":\"en-US\",\"potentialAction\":[{\"@type\":\"ReadAction\",\"target\":[\"https:\/\/aem.hr\/lana-ruzicic-drustvene-mreze-nisu-birtija\/\"]}]},{\"@type\":\"BreadcrumbList\",\"@id\":\"https:\/\/aem.hr\/lana-ruzicic-drustvene-mreze-nisu-birtija\/#breadcrumb\",\"itemListElement\":[{\"@type\":\"ListItem\",\"position\":1,\"name\":\"Po\u010detna stranica\",\"item\":\"https:\/\/aem.hr\/\"},{\"@type\":\"ListItem\",\"position\":2,\"name\":\"Lana Ru\u017ei\u010di\u0107 &#8211; Dru\u0161tvene mre\u017ee nisu birtija\"}]},{\"@type\":\"WebSite\",\"@id\":\"https:\/\/aem.hr\/#website\",\"url\":\"https:\/\/aem.hr\/\",\"name\":\"Agencija za elektroni\u010dke medije\",\"description\":\"\",\"potentialAction\":[{\"@type\":\"SearchAction\",\"target\":{\"@type\":\"EntryPoint\",\"urlTemplate\":\"https:\/\/aem.hr\/?s={search_term_string}\"},\"query-input\":{\"@type\":\"PropertyValueSpecification\",\"valueRequired\":true,\"valueName\":\"search_term_string\"}}],\"inLanguage\":\"en-US\"}]}<\/script>\n<!-- \/ Yoast SEO plugin. -->","yoast_head_json":{"title":"Lana Ru\u017ei\u010di\u0107 - Dru\u0161tvene mre\u017ee nisu birtija - Agencija za elektroni\u010dke medije","robots":{"index":"index","follow":"follow","max-snippet":"max-snippet:-1","max-image-preview":"max-image-preview:large","max-video-preview":"max-video-preview:-1"},"canonical":"https:\/\/aem.hr\/lana-ruzicic-drustvene-mreze-nisu-birtija\/","og_locale":"en_US","og_type":"article","og_title":"Lana Ru\u017ei\u010di\u0107 - Dru\u0161tvene mre\u017ee nisu birtija - Agencija za elektroni\u010dke medije","og_url":"https:\/\/aem.hr\/lana-ruzicic-drustvene-mreze-nisu-birtija\/","og_site_name":"Agencija za elektroni\u010dke medije","article_modified_time":"2025-03-25T10:06:41+00:00","twitter_card":"summary_large_image","twitter_misc":{"Est. reading time":"1 minute"},"schema":{"@context":"https:\/\/schema.org","@graph":[{"@type":"WebPage","@id":"https:\/\/aem.hr\/lana-ruzicic-drustvene-mreze-nisu-birtija\/","url":"https:\/\/aem.hr\/lana-ruzicic-drustvene-mreze-nisu-birtija\/","name":"Lana Ru\u017ei\u010di\u0107 - Dru\u0161tvene mre\u017ee nisu birtija - Agencija za elektroni\u010dke medije","isPartOf":{"@id":"https:\/\/aem.hr\/#website"},"datePublished":"2025-03-25T10:06:40+00:00","dateModified":"2025-03-25T10:06:41+00:00","breadcrumb":{"@id":"https:\/\/aem.hr\/lana-ruzicic-drustvene-mreze-nisu-birtija\/#breadcrumb"},"inLanguage":"en-US","potentialAction":[{"@type":"ReadAction","target":["https:\/\/aem.hr\/lana-ruzicic-drustvene-mreze-nisu-birtija\/"]}]},{"@type":"BreadcrumbList","@id":"https:\/\/aem.hr\/lana-ruzicic-drustvene-mreze-nisu-birtija\/#breadcrumb","itemListElement":[{"@type":"ListItem","position":1,"name":"Po\u010detna stranica","item":"https:\/\/aem.hr\/"},{"@type":"ListItem","position":2,"name":"Lana Ru\u017ei\u010di\u0107 &#8211; Dru\u0161tvene mre\u017ee nisu birtija"}]},{"@type":"WebSite","@id":"https:\/\/aem.hr\/#website","url":"https:\/\/aem.hr\/","name":"Agencija za elektroni\u010dke medije","description":"","potentialAction":[{"@type":"SearchAction","target":{"@type":"EntryPoint","urlTemplate":"https:\/\/aem.hr\/?s={search_term_string}"},"query-input":{"@type":"PropertyValueSpecification","valueRequired":true,"valueName":"search_term_string"}}],"inLanguage":"en-US"}]}},"coauthors":[],"author_meta":{"author_link":"https:\/\/aem.hr\/en\/blog\/author\/mkirac\/","display_name":"Matko Kirac"},"relative_dates":{"created":"Posted 1 year ago","modified":"Updated 1 year ago"},"absolute_dates":{"created":"Posted on 25. March 2025.","modified":"Updated on 25. March 2025."},"absolute_dates_time":{"created":"Posted on 25. March 2025. 11:06","modified":"Updated on 25. March 2025. 11:06"},"featured_img_caption":"","featured_img":false,"series_order":"","_links":{"self":[{"href":"https:\/\/aem.hr\/en\/wp-json\/wp\/v2\/pages\/21811","targetHints":{"allow":["GET"]}}],"collection":[{"href":"https:\/\/aem.hr\/en\/wp-json\/wp\/v2\/pages"}],"about":[{"href":"https:\/\/aem.hr\/en\/wp-json\/wp\/v2\/types\/page"}],"author":[{"embeddable":true,"href":"https:\/\/aem.hr\/en\/wp-json\/wp\/v2\/users\/18"}],"replies":[{"embeddable":true,"href":"https:\/\/aem.hr\/en\/wp-json\/wp\/v2\/comments?post=21811"}],"version-history":[{"count":1,"href":"https:\/\/aem.hr\/en\/wp-json\/wp\/v2\/pages\/21811\/revisions"}],"predecessor-version":[{"id":21822,"href":"https:\/\/aem.hr\/en\/wp-json\/wp\/v2\/pages\/21811\/revisions\/21822"}],"wp:attachment":[{"href":"https:\/\/aem.hr\/en\/wp-json\/wp\/v2\/media?parent=21811"}],"curies":[{"name":"wp","href":"https:\/\/api.w.org\/{rel}","templated":true}]}}