{"id":21851,"date":"2025-03-25T11:14:15","date_gmt":"2025-03-25T10:14:15","guid":{"rendered":"http:\/\/aem.hr\/?page_id=21851"},"modified":"2025-03-25T11:14:15","modified_gmt":"2025-03-25T10:14:15","slug":"drazen-zetic-tradicija-obicaji-i-vjera-hrvata-boke-kotorske","status":"publish","type":"page","link":"https:\/\/aem.hr\/en\/drazen-zetic-tradicija-obicaji-i-vjera-hrvata-boke-kotorske\/","title":{"rendered":"Dra\u017een Zeti\u0107 &#8211; Tradicija, obi\u010daji i vjera Hrvata Boke kotorske"},"content":{"rendered":"\n<div class=\"wp-block-file\"><a id=\"wp-block-file--media-0081a974-f2f0-438d-af9c-d15cfea3988c\" href=\"https:\/\/aem.hr\/wp-content\/uploads\/2025\/03\/1.-Znacaj-krscanstva-za-Hrvate.pdf\">1. Zna\u010daj kr\u0161\u0107anstva za Hrvate<\/a><a href=\"https:\/\/aem.hr\/wp-content\/uploads\/2025\/03\/1.-Znacaj-krscanstva-za-Hrvate.pdf\" class=\"wp-block-file__button wp-element-button\" download aria-describedby=\"wp-block-file--media-0081a974-f2f0-438d-af9c-d15cfea3988c\">Preuzimanje<\/a><\/div>\n\n\n\n<div class=\"wp-block-file\"><a id=\"wp-block-file--media-31f58f13-0fa3-46dd-88bc-d3bbddd0bc2b\" href=\"https:\/\/aem.hr\/wp-content\/uploads\/2025\/03\/2.-Utjecaj-Katolicke-crkve-kroz.pdf\">2. Utjecaj Katoli\u010dke crkve kroz<\/a><a href=\"https:\/\/aem.hr\/wp-content\/uploads\/2025\/03\/2.-Utjecaj-Katolicke-crkve-kroz.pdf\" class=\"wp-block-file__button wp-element-button\" download aria-describedby=\"wp-block-file--media-31f58f13-0fa3-46dd-88bc-d3bbddd0bc2b\">Preuzimanje<\/a><\/div>\n\n\n\n<div class=\"wp-block-file\"><a id=\"wp-block-file--media-c8e15b4e-37a1-4b5a-b7f0-b5dcd57962f8\" href=\"https:\/\/aem.hr\/wp-content\/uploads\/2025\/03\/3.-Povijesni-razvoj-nastanka-Bokeljske.pdf\">3. Povijesni razvoj nastanka Bokeljske<\/a><a href=\"https:\/\/aem.hr\/wp-content\/uploads\/2025\/03\/3.-Povijesni-razvoj-nastanka-Bokeljske.pdf\" class=\"wp-block-file__button wp-element-button\" download aria-describedby=\"wp-block-file--media-c8e15b4e-37a1-4b5a-b7f0-b5dcd57962f8\">Preuzimanje<\/a><\/div>\n\n\n\n<div class=\"wp-block-file\"><a id=\"wp-block-file--media-b83879b6-dac9-4f31-aa81-21a575e7de72\" href=\"https:\/\/aem.hr\/wp-content\/uploads\/2025\/03\/4.-Vaznost-tradicije-u-zaljevu.pdf\">4. Va\u017enost tradicije u zaljevu<\/a><a href=\"https:\/\/aem.hr\/wp-content\/uploads\/2025\/03\/4.-Vaznost-tradicije-u-zaljevu.pdf\" class=\"wp-block-file__button wp-element-button\" download aria-describedby=\"wp-block-file--media-b83879b6-dac9-4f31-aa81-21a575e7de72\">Preuzimanje<\/a><\/div>\n\n\n\n<div class=\"wp-block-file\"><a id=\"wp-block-file--media-9f071828-81d9-4529-ae39-84266fd9f028\" href=\"https:\/\/aem.hr\/wp-content\/uploads\/2025\/03\/5.-Bogatstvo-nosnje-u-Lastvi.pdf\">5. Bogatstvo no\u0161nje u Lastvi<\/a><a href=\"https:\/\/aem.hr\/wp-content\/uploads\/2025\/03\/5.-Bogatstvo-nosnje-u-Lastvi.pdf\" class=\"wp-block-file__button wp-element-button\" download aria-describedby=\"wp-block-file--media-9f071828-81d9-4529-ae39-84266fd9f028\">Preuzimanje<\/a><\/div>\n\n\n\n<div class=\"wp-block-file\"><a id=\"wp-block-file--media-c429cf11-359c-4bb9-a426-e4062d8654ed\" href=\"https:\/\/aem.hr\/wp-content\/uploads\/2025\/03\/6.-Vaznost-pomorske-tradicije.pdf\">6. Va\u017enost pomorske tradicije<\/a><a href=\"https:\/\/aem.hr\/wp-content\/uploads\/2025\/03\/6.-Vaznost-pomorske-tradicije.pdf\" class=\"wp-block-file__button wp-element-button\" download aria-describedby=\"wp-block-file--media-c429cf11-359c-4bb9-a426-e4062d8654ed\">Preuzimanje<\/a><\/div>\n\n\n\n<div class=\"wp-block-file\"><a id=\"wp-block-file--media-3c9519f9-e8bb-4db0-bc87-a5d0f82ec8aa\" href=\"https:\/\/aem.hr\/wp-content\/uploads\/2025\/03\/7.-Stovanje-kulta-sv.-Tripuna.pdf\">7. \u0160tovanje kulta sv. Tripuna<\/a><a href=\"https:\/\/aem.hr\/wp-content\/uploads\/2025\/03\/7.-Stovanje-kulta-sv.-Tripuna.pdf\" class=\"wp-block-file__button wp-element-button\" download aria-describedby=\"wp-block-file--media-3c9519f9-e8bb-4db0-bc87-a5d0f82ec8aa\">Preuzimanje<\/a><\/div>\n\n\n\n<div class=\"wp-block-file\"><a id=\"wp-block-file--media-6a761b70-3b97-4daa-b3c0-ec9fef87b06c\" href=\"https:\/\/aem.hr\/wp-content\/uploads\/2025\/03\/8.-Zasto-su-bitni-sveci-i-blazenici.pdf\">8. Za\u0161to su bitni sveci i bla\u017eenici<\/a><a href=\"https:\/\/aem.hr\/wp-content\/uploads\/2025\/03\/8.-Zasto-su-bitni-sveci-i-blazenici.pdf\" class=\"wp-block-file__button wp-element-button\" download aria-describedby=\"wp-block-file--media-6a761b70-3b97-4daa-b3c0-ec9fef87b06c\">Preuzimanje<\/a><\/div>\n\n\n\n<div class=\"wp-block-file\"><a id=\"wp-block-file--media-fc18a7d7-0412-435e-9ccd-2c5e43ce90fe\" href=\"https:\/\/aem.hr\/wp-content\/uploads\/2025\/03\/9.-Sto-su-zavjetne-plocice.pdf\">9. \u0160to su zavjetne plo\u010dice<\/a><a href=\"https:\/\/aem.hr\/wp-content\/uploads\/2025\/03\/9.-Sto-su-zavjetne-plocice.pdf\" class=\"wp-block-file__button wp-element-button\" download aria-describedby=\"wp-block-file--media-fc18a7d7-0412-435e-9ccd-2c5e43ce90fe\">Preuzimanje<\/a><\/div>\n\n\n\n<div class=\"wp-block-file\"><a id=\"wp-block-file--media-926e03a3-7840-441e-837c-ee40270751e9\" href=\"https:\/\/aem.hr\/wp-content\/uploads\/2025\/03\/10.-Kako-pribliziti-bastinu-izvan.pdf\">10. Kako pribli\u017eiti ba\u0161tinu izvan<\/a><a href=\"https:\/\/aem.hr\/wp-content\/uploads\/2025\/03\/10.-Kako-pribliziti-bastinu-izvan.pdf\" class=\"wp-block-file__button wp-element-button\" download aria-describedby=\"wp-block-file--media-926e03a3-7840-441e-837c-ee40270751e9\">Preuzimanje<\/a><\/div>\n","protected":false},"excerpt":{"rendered":"","protected":false},"author":18,"featured_media":0,"parent":0,"menu_order":0,"comment_status":"closed","ping_status":"closed","template":"","meta":{"_acf_changed":false,"inline_featured_image":false,"advgb_blocks_editor_width":"","advgb_blocks_columns_visual_guide":"","_links_to":"","_links_to_type":0,"footnotes":""},"class_list":["post-21851","page","type-page","status-publish","hentry"],"acf":[],"yoast_head":"<!-- This site is optimized with the Yoast SEO plugin v25.7 - https:\/\/yoast.com\/wordpress\/plugins\/seo\/ -->\n<title>Dra\u017een Zeti\u0107 - Tradicija, obi\u010daji i vjera Hrvata Boke kotorske - Agencija za elektroni\u010dke medije<\/title>\n<meta name=\"robots\" content=\"index, follow, max-snippet:-1, max-image-preview:large, max-video-preview:-1\" \/>\n<link rel=\"canonical\" href=\"https:\/\/aem.hr\/drazen-zetic-tradicija-obicaji-i-vjera-hrvata-boke-kotorske\/\" \/>\n<meta property=\"og:locale\" content=\"en_US\" \/>\n<meta property=\"og:type\" content=\"article\" \/>\n<meta property=\"og:title\" content=\"Dra\u017een Zeti\u0107 - Tradicija, obi\u010daji i vjera Hrvata Boke kotorske - Agencija za elektroni\u010dke medije\" \/>\n<meta property=\"og:url\" content=\"https:\/\/aem.hr\/drazen-zetic-tradicija-obicaji-i-vjera-hrvata-boke-kotorske\/\" \/>\n<meta property=\"og:site_name\" content=\"Agencija za elektroni\u010dke medije\" \/>\n<meta name=\"twitter:card\" content=\"summary_large_image\" \/>\n<meta name=\"twitter:label1\" content=\"Est. reading time\" \/>\n\t<meta name=\"twitter:data1\" content=\"1 minute\" \/>\n<script type=\"application\/ld+json\" class=\"yoast-schema-graph\">{\"@context\":\"https:\/\/schema.org\",\"@graph\":[{\"@type\":\"WebPage\",\"@id\":\"https:\/\/aem.hr\/drazen-zetic-tradicija-obicaji-i-vjera-hrvata-boke-kotorske\/\",\"url\":\"https:\/\/aem.hr\/drazen-zetic-tradicija-obicaji-i-vjera-hrvata-boke-kotorske\/\",\"name\":\"Dra\u017een Zeti\u0107 - Tradicija, obi\u010daji i vjera Hrvata Boke kotorske - Agencija za elektroni\u010dke medije\",\"isPartOf\":{\"@id\":\"https:\/\/aem.hr\/#website\"},\"datePublished\":\"2025-03-25T10:14:15+00:00\",\"breadcrumb\":{\"@id\":\"https:\/\/aem.hr\/drazen-zetic-tradicija-obicaji-i-vjera-hrvata-boke-kotorske\/#breadcrumb\"},\"inLanguage\":\"en-US\",\"potentialAction\":[{\"@type\":\"ReadAction\",\"target\":[\"https:\/\/aem.hr\/drazen-zetic-tradicija-obicaji-i-vjera-hrvata-boke-kotorske\/\"]}]},{\"@type\":\"BreadcrumbList\",\"@id\":\"https:\/\/aem.hr\/drazen-zetic-tradicija-obicaji-i-vjera-hrvata-boke-kotorske\/#breadcrumb\",\"itemListElement\":[{\"@type\":\"ListItem\",\"position\":1,\"name\":\"Po\u010detna stranica\",\"item\":\"https:\/\/aem.hr\/\"},{\"@type\":\"ListItem\",\"position\":2,\"name\":\"Dra\u017een Zeti\u0107 &#8211; Tradicija, obi\u010daji i vjera Hrvata Boke kotorske\"}]},{\"@type\":\"WebSite\",\"@id\":\"https:\/\/aem.hr\/#website\",\"url\":\"https:\/\/aem.hr\/\",\"name\":\"Agencija za elektroni\u010dke medije\",\"description\":\"\",\"potentialAction\":[{\"@type\":\"SearchAction\",\"target\":{\"@type\":\"EntryPoint\",\"urlTemplate\":\"https:\/\/aem.hr\/?s={search_term_string}\"},\"query-input\":{\"@type\":\"PropertyValueSpecification\",\"valueRequired\":true,\"valueName\":\"search_term_string\"}}],\"inLanguage\":\"en-US\"}]}<\/script>\n<!-- \/ Yoast SEO plugin. -->","yoast_head_json":{"title":"Dra\u017een Zeti\u0107 - Tradicija, obi\u010daji i vjera Hrvata Boke kotorske - Agencija za elektroni\u010dke medije","robots":{"index":"index","follow":"follow","max-snippet":"max-snippet:-1","max-image-preview":"max-image-preview:large","max-video-preview":"max-video-preview:-1"},"canonical":"https:\/\/aem.hr\/drazen-zetic-tradicija-obicaji-i-vjera-hrvata-boke-kotorske\/","og_locale":"en_US","og_type":"article","og_title":"Dra\u017een Zeti\u0107 - Tradicija, obi\u010daji i vjera Hrvata Boke kotorske - Agencija za elektroni\u010dke medije","og_url":"https:\/\/aem.hr\/drazen-zetic-tradicija-obicaji-i-vjera-hrvata-boke-kotorske\/","og_site_name":"Agencija za elektroni\u010dke medije","twitter_card":"summary_large_image","twitter_misc":{"Est. reading time":"1 minute"},"schema":{"@context":"https:\/\/schema.org","@graph":[{"@type":"WebPage","@id":"https:\/\/aem.hr\/drazen-zetic-tradicija-obicaji-i-vjera-hrvata-boke-kotorske\/","url":"https:\/\/aem.hr\/drazen-zetic-tradicija-obicaji-i-vjera-hrvata-boke-kotorske\/","name":"Dra\u017een Zeti\u0107 - Tradicija, obi\u010daji i vjera Hrvata Boke kotorske - Agencija za elektroni\u010dke medije","isPartOf":{"@id":"https:\/\/aem.hr\/#website"},"datePublished":"2025-03-25T10:14:15+00:00","breadcrumb":{"@id":"https:\/\/aem.hr\/drazen-zetic-tradicija-obicaji-i-vjera-hrvata-boke-kotorske\/#breadcrumb"},"inLanguage":"en-US","potentialAction":[{"@type":"ReadAction","target":["https:\/\/aem.hr\/drazen-zetic-tradicija-obicaji-i-vjera-hrvata-boke-kotorske\/"]}]},{"@type":"BreadcrumbList","@id":"https:\/\/aem.hr\/drazen-zetic-tradicija-obicaji-i-vjera-hrvata-boke-kotorske\/#breadcrumb","itemListElement":[{"@type":"ListItem","position":1,"name":"Po\u010detna stranica","item":"https:\/\/aem.hr\/"},{"@type":"ListItem","position":2,"name":"Dra\u017een Zeti\u0107 &#8211; Tradicija, obi\u010daji i vjera Hrvata Boke kotorske"}]},{"@type":"WebSite","@id":"https:\/\/aem.hr\/#website","url":"https:\/\/aem.hr\/","name":"Agencija za elektroni\u010dke medije","description":"","potentialAction":[{"@type":"SearchAction","target":{"@type":"EntryPoint","urlTemplate":"https:\/\/aem.hr\/?s={search_term_string}"},"query-input":{"@type":"PropertyValueSpecification","valueRequired":true,"valueName":"search_term_string"}}],"inLanguage":"en-US"}]}},"coauthors":[],"author_meta":{"author_link":"https:\/\/aem.hr\/en\/blog\/author\/mkirac\/","display_name":"Matko Kirac"},"relative_dates":{"created":"Posted 1 year ago","modified":"Updated 1 year ago"},"absolute_dates":{"created":"Posted on 25. March 2025.","modified":"Updated on 25. March 2025."},"absolute_dates_time":{"created":"Posted on 25. March 2025. 11:14","modified":"Updated on 25. March 2025. 11:14"},"featured_img_caption":"","featured_img":false,"series_order":"","_links":{"self":[{"href":"https:\/\/aem.hr\/en\/wp-json\/wp\/v2\/pages\/21851","targetHints":{"allow":["GET"]}}],"collection":[{"href":"https:\/\/aem.hr\/en\/wp-json\/wp\/v2\/pages"}],"about":[{"href":"https:\/\/aem.hr\/en\/wp-json\/wp\/v2\/types\/page"}],"author":[{"embeddable":true,"href":"https:\/\/aem.hr\/en\/wp-json\/wp\/v2\/users\/18"}],"replies":[{"embeddable":true,"href":"https:\/\/aem.hr\/en\/wp-json\/wp\/v2\/comments?post=21851"}],"version-history":[{"count":1,"href":"https:\/\/aem.hr\/en\/wp-json\/wp\/v2\/pages\/21851\/revisions"}],"predecessor-version":[{"id":21873,"href":"https:\/\/aem.hr\/en\/wp-json\/wp\/v2\/pages\/21851\/revisions\/21873"}],"wp:attachment":[{"href":"https:\/\/aem.hr\/en\/wp-json\/wp\/v2\/media?parent=21851"}],"curies":[{"name":"wp","href":"https:\/\/api.w.org\/{rel}","templated":true}]}}