{"id":21914,"date":"2025-03-25T11:21:34","date_gmt":"2025-03-25T10:21:34","guid":{"rendered":"http:\/\/aem.hr\/?page_id=21914"},"modified":"2025-03-25T11:21:35","modified_gmt":"2025-03-25T10:21:35","slug":"drazen-boros-obavezni-vojni-rok-istinski-drustveni-kapital","status":"publish","type":"page","link":"https:\/\/aem.hr\/en\/drazen-boros-obavezni-vojni-rok-istinski-drustveni-kapital\/","title":{"rendered":"Dra\u017een Boro\u0161 &#8211; Obavezni vojni rok &#8211; istinski dru\u0161tveni kapital"},"content":{"rendered":"\n<div class=\"wp-block-file\"><a id=\"wp-block-file--media-abdf7986-dc1a-417e-8807-6fcf7d486582\" href=\"https:\/\/aem.hr\/wp-content\/uploads\/2025\/03\/1.-Uz-sve-vise-kriznih-situacija-neminovno-je.pdf\">1. Uz sve vi\u0161e kriznih situacija, neminovno je<\/a><a href=\"https:\/\/aem.hr\/wp-content\/uploads\/2025\/03\/1.-Uz-sve-vise-kriznih-situacija-neminovno-je.pdf\" class=\"wp-block-file__button wp-element-button\" download aria-describedby=\"wp-block-file--media-abdf7986-dc1a-417e-8807-6fcf7d486582\">Preuzimanje<\/a><\/div>\n\n\n\n<div class=\"wp-block-file\"><a id=\"wp-block-file--media-1c8d9409-2fa8-4b6a-a78f-996fb82f77d2\" href=\"https:\/\/aem.hr\/wp-content\/uploads\/2025\/03\/2.-Vojska-je-skola-nacije-opcoj-populaciji-treba-sigurnosno-obrazovanje.pdf\">2. &#8216;Vojska je \u0161kola nacije, op\u0107oj populaciji treba sigurnosno obrazovanje!&#8217;<\/a><a href=\"https:\/\/aem.hr\/wp-content\/uploads\/2025\/03\/2.-Vojska-je-skola-nacije-opcoj-populaciji-treba-sigurnosno-obrazovanje.pdf\" class=\"wp-block-file__button wp-element-button\" download aria-describedby=\"wp-block-file--media-1c8d9409-2fa8-4b6a-a78f-996fb82f77d2\">Preuzimanje<\/a><\/div>\n\n\n\n<div class=\"wp-block-file\"><a id=\"wp-block-file--media-41b5653a-2ffe-4a9b-884b-2621f96a7e4b\" href=\"https:\/\/aem.hr\/wp-content\/uploads\/2025\/03\/3.-Europa-se-mobilizira-a-hrvatski-lideri-u-svadi-\u201eutopili-aktivaciju-regruta.pdf\">3. Europa se mobilizira, a hrvatski lideri u sva\u0111i \u201eutopili\u201c aktivaciju regruta<\/a><a href=\"https:\/\/aem.hr\/wp-content\/uploads\/2025\/03\/3.-Europa-se-mobilizira-a-hrvatski-lideri-u-svadi-\u201eutopili-aktivaciju-regruta.pdf\" class=\"wp-block-file__button wp-element-button\" download aria-describedby=\"wp-block-file--media-41b5653a-2ffe-4a9b-884b-2621f96a7e4b\">Preuzimanje<\/a><\/div>\n\n\n\n<div class=\"wp-block-file\"><a id=\"wp-block-file--media-72ccd984-83a3-4619-9077-6ea1906e0148\" href=\"https:\/\/aem.hr\/wp-content\/uploads\/2025\/03\/4.-U-ratu-sam-se-vojsci-prikljucio-instinktivno-u-miru-je-sluzenje.pdf\">4. &#8216;U ratu sam se vojsci priklju\u010dio instinktivno, u miru je slu\u017eenje<\/a><a href=\"https:\/\/aem.hr\/wp-content\/uploads\/2025\/03\/4.-U-ratu-sam-se-vojsci-prikljucio-instinktivno-u-miru-je-sluzenje.pdf\" class=\"wp-block-file__button wp-element-button\" download aria-describedby=\"wp-block-file--media-72ccd984-83a3-4619-9077-6ea1906e0148\">Preuzimanje<\/a><\/div>\n\n\n\n<div class=\"wp-block-file\"><a id=\"wp-block-file--media-3e342afc-0cd8-442d-88ad-5c73b0149923\" href=\"https:\/\/aem.hr\/wp-content\/uploads\/2025\/03\/5.-Vojna-etika-kljucna-je-komponenta-vojnickog-obrazovanja.pdf\">5. Vojna etika klju\u010dna je komponenta vojni\u010dkog obrazovanja<\/a><a href=\"https:\/\/aem.hr\/wp-content\/uploads\/2025\/03\/5.-Vojna-etika-kljucna-je-komponenta-vojnickog-obrazovanja.pdf\" class=\"wp-block-file__button wp-element-button\" download aria-describedby=\"wp-block-file--media-3e342afc-0cd8-442d-88ad-5c73b0149923\">Preuzimanje<\/a><\/div>\n\n\n\n<div class=\"wp-block-file\"><a id=\"wp-block-file--media-f33c9a24-3315-49a1-ab99-26c78a8daa5c\" href=\"https:\/\/aem.hr\/wp-content\/uploads\/2025\/03\/6.-Mozes-biti-Desmod-T.-Doss-cije-je-jedino-oruzje-bila-vjera-u-Boga.pdf\">6. Mo\u017ee\u0161 biti Desmod T. Doss, \u010dije je jedino oru\u017eje bila vjera u Boga<\/a><a href=\"https:\/\/aem.hr\/wp-content\/uploads\/2025\/03\/6.-Mozes-biti-Desmod-T.-Doss-cije-je-jedino-oruzje-bila-vjera-u-Boga.pdf\" class=\"wp-block-file__button wp-element-button\" download aria-describedby=\"wp-block-file--media-f33c9a24-3315-49a1-ab99-26c78a8daa5c\">Preuzimanje<\/a><\/div>\n","protected":false},"excerpt":{"rendered":"","protected":false},"author":18,"featured_media":0,"parent":0,"menu_order":0,"comment_status":"closed","ping_status":"closed","template":"","meta":{"_acf_changed":false,"inline_featured_image":false,"advgb_blocks_editor_width":"","advgb_blocks_columns_visual_guide":"","_links_to":"","_links_to_type":0,"footnotes":""},"class_list":["post-21914","page","type-page","status-publish","hentry"],"acf":[],"yoast_head":"<!-- This site is optimized with the Yoast SEO plugin v25.7 - https:\/\/yoast.com\/wordpress\/plugins\/seo\/ -->\n<title>Dra\u017een Boro\u0161 - Obavezni vojni rok - istinski dru\u0161tveni kapital - Agencija za elektroni\u010dke medije<\/title>\n<meta name=\"robots\" content=\"index, follow, max-snippet:-1, max-image-preview:large, max-video-preview:-1\" \/>\n<link rel=\"canonical\" href=\"https:\/\/aem.hr\/drazen-boros-obavezni-vojni-rok-istinski-drustveni-kapital\/\" \/>\n<meta property=\"og:locale\" content=\"en_US\" \/>\n<meta property=\"og:type\" content=\"article\" \/>\n<meta property=\"og:title\" content=\"Dra\u017een Boro\u0161 - Obavezni vojni rok - istinski dru\u0161tveni kapital - Agencija za elektroni\u010dke medije\" \/>\n<meta property=\"og:url\" content=\"https:\/\/aem.hr\/drazen-boros-obavezni-vojni-rok-istinski-drustveni-kapital\/\" \/>\n<meta property=\"og:site_name\" content=\"Agencija za elektroni\u010dke medije\" \/>\n<meta property=\"article:modified_time\" content=\"2025-03-25T10:21:35+00:00\" \/>\n<meta name=\"twitter:card\" content=\"summary_large_image\" \/>\n<meta name=\"twitter:label1\" content=\"Est. reading time\" \/>\n\t<meta name=\"twitter:data1\" content=\"1 minute\" \/>\n<script type=\"application\/ld+json\" class=\"yoast-schema-graph\">{\"@context\":\"https:\/\/schema.org\",\"@graph\":[{\"@type\":\"WebPage\",\"@id\":\"https:\/\/aem.hr\/drazen-boros-obavezni-vojni-rok-istinski-drustveni-kapital\/\",\"url\":\"https:\/\/aem.hr\/drazen-boros-obavezni-vojni-rok-istinski-drustveni-kapital\/\",\"name\":\"Dra\u017een Boro\u0161 - Obavezni vojni rok - istinski dru\u0161tveni kapital - Agencija za elektroni\u010dke medije\",\"isPartOf\":{\"@id\":\"https:\/\/aem.hr\/#website\"},\"datePublished\":\"2025-03-25T10:21:34+00:00\",\"dateModified\":\"2025-03-25T10:21:35+00:00\",\"breadcrumb\":{\"@id\":\"https:\/\/aem.hr\/drazen-boros-obavezni-vojni-rok-istinski-drustveni-kapital\/#breadcrumb\"},\"inLanguage\":\"en-US\",\"potentialAction\":[{\"@type\":\"ReadAction\",\"target\":[\"https:\/\/aem.hr\/drazen-boros-obavezni-vojni-rok-istinski-drustveni-kapital\/\"]}]},{\"@type\":\"BreadcrumbList\",\"@id\":\"https:\/\/aem.hr\/drazen-boros-obavezni-vojni-rok-istinski-drustveni-kapital\/#breadcrumb\",\"itemListElement\":[{\"@type\":\"ListItem\",\"position\":1,\"name\":\"Po\u010detna stranica\",\"item\":\"https:\/\/aem.hr\/\"},{\"@type\":\"ListItem\",\"position\":2,\"name\":\"Dra\u017een Boro\u0161 &#8211; Obavezni vojni rok &#8211; istinski dru\u0161tveni kapital\"}]},{\"@type\":\"WebSite\",\"@id\":\"https:\/\/aem.hr\/#website\",\"url\":\"https:\/\/aem.hr\/\",\"name\":\"Agencija za elektroni\u010dke medije\",\"description\":\"\",\"potentialAction\":[{\"@type\":\"SearchAction\",\"target\":{\"@type\":\"EntryPoint\",\"urlTemplate\":\"https:\/\/aem.hr\/?s={search_term_string}\"},\"query-input\":{\"@type\":\"PropertyValueSpecification\",\"valueRequired\":true,\"valueName\":\"search_term_string\"}}],\"inLanguage\":\"en-US\"}]}<\/script>\n<!-- \/ Yoast SEO plugin. -->","yoast_head_json":{"title":"Dra\u017een Boro\u0161 - Obavezni vojni rok - istinski dru\u0161tveni kapital - Agencija za elektroni\u010dke medije","robots":{"index":"index","follow":"follow","max-snippet":"max-snippet:-1","max-image-preview":"max-image-preview:large","max-video-preview":"max-video-preview:-1"},"canonical":"https:\/\/aem.hr\/drazen-boros-obavezni-vojni-rok-istinski-drustveni-kapital\/","og_locale":"en_US","og_type":"article","og_title":"Dra\u017een Boro\u0161 - Obavezni vojni rok - istinski dru\u0161tveni kapital - Agencija za elektroni\u010dke medije","og_url":"https:\/\/aem.hr\/drazen-boros-obavezni-vojni-rok-istinski-drustveni-kapital\/","og_site_name":"Agencija za elektroni\u010dke medije","article_modified_time":"2025-03-25T10:21:35+00:00","twitter_card":"summary_large_image","twitter_misc":{"Est. reading time":"1 minute"},"schema":{"@context":"https:\/\/schema.org","@graph":[{"@type":"WebPage","@id":"https:\/\/aem.hr\/drazen-boros-obavezni-vojni-rok-istinski-drustveni-kapital\/","url":"https:\/\/aem.hr\/drazen-boros-obavezni-vojni-rok-istinski-drustveni-kapital\/","name":"Dra\u017een Boro\u0161 - Obavezni vojni rok - istinski dru\u0161tveni kapital - Agencija za elektroni\u010dke medije","isPartOf":{"@id":"https:\/\/aem.hr\/#website"},"datePublished":"2025-03-25T10:21:34+00:00","dateModified":"2025-03-25T10:21:35+00:00","breadcrumb":{"@id":"https:\/\/aem.hr\/drazen-boros-obavezni-vojni-rok-istinski-drustveni-kapital\/#breadcrumb"},"inLanguage":"en-US","potentialAction":[{"@type":"ReadAction","target":["https:\/\/aem.hr\/drazen-boros-obavezni-vojni-rok-istinski-drustveni-kapital\/"]}]},{"@type":"BreadcrumbList","@id":"https:\/\/aem.hr\/drazen-boros-obavezni-vojni-rok-istinski-drustveni-kapital\/#breadcrumb","itemListElement":[{"@type":"ListItem","position":1,"name":"Po\u010detna stranica","item":"https:\/\/aem.hr\/"},{"@type":"ListItem","position":2,"name":"Dra\u017een Boro\u0161 &#8211; Obavezni vojni rok &#8211; istinski dru\u0161tveni kapital"}]},{"@type":"WebSite","@id":"https:\/\/aem.hr\/#website","url":"https:\/\/aem.hr\/","name":"Agencija za elektroni\u010dke medije","description":"","potentialAction":[{"@type":"SearchAction","target":{"@type":"EntryPoint","urlTemplate":"https:\/\/aem.hr\/?s={search_term_string}"},"query-input":{"@type":"PropertyValueSpecification","valueRequired":true,"valueName":"search_term_string"}}],"inLanguage":"en-US"}]}},"coauthors":[],"author_meta":{"author_link":"https:\/\/aem.hr\/en\/blog\/author\/mkirac\/","display_name":"Matko Kirac"},"relative_dates":{"created":"Posted 1 year ago","modified":"Updated 1 year ago"},"absolute_dates":{"created":"Posted on 25. March 2025.","modified":"Updated on 25. March 2025."},"absolute_dates_time":{"created":"Posted on 25. March 2025. 11:21","modified":"Updated on 25. March 2025. 11:21"},"featured_img_caption":"","featured_img":false,"series_order":"","_links":{"self":[{"href":"https:\/\/aem.hr\/en\/wp-json\/wp\/v2\/pages\/21914","targetHints":{"allow":["GET"]}}],"collection":[{"href":"https:\/\/aem.hr\/en\/wp-json\/wp\/v2\/pages"}],"about":[{"href":"https:\/\/aem.hr\/en\/wp-json\/wp\/v2\/types\/page"}],"author":[{"embeddable":true,"href":"https:\/\/aem.hr\/en\/wp-json\/wp\/v2\/users\/18"}],"replies":[{"embeddable":true,"href":"https:\/\/aem.hr\/en\/wp-json\/wp\/v2\/comments?post=21914"}],"version-history":[{"count":1,"href":"https:\/\/aem.hr\/en\/wp-json\/wp\/v2\/pages\/21914\/revisions"}],"predecessor-version":[{"id":21926,"href":"https:\/\/aem.hr\/en\/wp-json\/wp\/v2\/pages\/21914\/revisions\/21926"}],"wp:attachment":[{"href":"https:\/\/aem.hr\/en\/wp-json\/wp\/v2\/media?parent=21914"}],"curies":[{"name":"wp","href":"https:\/\/api.w.org\/{rel}","templated":true}]}}