{"id":21928,"date":"2025-03-25T11:23:17","date_gmt":"2025-03-25T10:23:17","guid":{"rendered":"http:\/\/aem.hr\/?page_id=21928"},"modified":"2025-03-25T11:23:18","modified_gmt":"2025-03-25T10:23:18","slug":"ojdana-koharevic-ekoloska-proizvodnja-sjajne-mogucnosti-nerealiziranih-prilika","status":"publish","type":"page","link":"https:\/\/aem.hr\/en\/ojdana-koharevic-ekoloska-proizvodnja-sjajne-mogucnosti-nerealiziranih-prilika\/","title":{"rendered":"Ojdana Koharevi\u0107 &#8211; Ekolo\u0161ka proizvodnja &#8211; sjajne mogu\u0107nosti nerealiziranih prilika"},"content":{"rendered":"\n<div class=\"wp-block-file\"><a id=\"wp-block-file--media-0985bc56-4a73-45c1-ba3c-b3953ae9790d\" href=\"https:\/\/aem.hr\/wp-content\/uploads\/2025\/03\/1.-Ekoloska-proizvodnja-nerealiziranih.pdf\">1. Ekolo\u0161ka proizvodnja nerealiziranih<\/a><a href=\"https:\/\/aem.hr\/wp-content\/uploads\/2025\/03\/1.-Ekoloska-proizvodnja-nerealiziranih.pdf\" class=\"wp-block-file__button wp-element-button\" download aria-describedby=\"wp-block-file--media-0985bc56-4a73-45c1-ba3c-b3953ae9790d\">Preuzimanje<\/a><\/div>\n\n\n\n<div class=\"wp-block-file\"><a id=\"wp-block-file--media-29c4addf-8995-463a-ad6d-af4076e5091d\" href=\"https:\/\/aem.hr\/wp-content\/uploads\/2025\/03\/2.-Trenutno-je-u-ekolosku-proizvodnju.pdf\">2. Trenutno je u ekolo\u0161ku proizvodnju<\/a><a href=\"https:\/\/aem.hr\/wp-content\/uploads\/2025\/03\/2.-Trenutno-je-u-ekolosku-proizvodnju.pdf\" class=\"wp-block-file__button wp-element-button\" download aria-describedby=\"wp-block-file--media-29c4addf-8995-463a-ad6d-af4076e5091d\">Preuzimanje<\/a><\/div>\n\n\n\n<div class=\"wp-block-file\"><a id=\"wp-block-file--media-eac0021f-9c6f-41a0-91a3-3cf59f83c2be\" href=\"https:\/\/aem.hr\/wp-content\/uploads\/2025\/03\/3.-Ni-danas-se-poljoprivrednik-nema.pdf\">3. Ni danas se poljoprivrednik nema<\/a><a href=\"https:\/\/aem.hr\/wp-content\/uploads\/2025\/03\/3.-Ni-danas-se-poljoprivrednik-nema.pdf\" class=\"wp-block-file__button wp-element-button\" download aria-describedby=\"wp-block-file--media-eac0021f-9c6f-41a0-91a3-3cf59f83c2be\">Preuzimanje<\/a><\/div>\n\n\n\n<div class=\"wp-block-file\"><a id=\"wp-block-file--media-92337588-d30f-4391-8697-a0a48415d235\" href=\"https:\/\/aem.hr\/wp-content\/uploads\/2025\/03\/4.-Eko-markica-vrijedi-truda.pdf\">4. Eko markica vrijedi truda<\/a><a href=\"https:\/\/aem.hr\/wp-content\/uploads\/2025\/03\/4.-Eko-markica-vrijedi-truda.pdf\" class=\"wp-block-file__button wp-element-button\" download aria-describedby=\"wp-block-file--media-92337588-d30f-4391-8697-a0a48415d235\">Preuzimanje<\/a><\/div>\n\n\n\n<div class=\"wp-block-file\"><a id=\"wp-block-file--media-ec108115-007a-429f-9e95-d12cfedcf994\" href=\"https:\/\/aem.hr\/wp-content\/uploads\/2025\/03\/5.-Plan-predvida-da-cak-25-posto-EU.pdf\">5. Plan predvi\u0111a da \u010dak 25 posto EU<\/a><a href=\"https:\/\/aem.hr\/wp-content\/uploads\/2025\/03\/5.-Plan-predvida-da-cak-25-posto-EU.pdf\" class=\"wp-block-file__button wp-element-button\" download aria-describedby=\"wp-block-file--media-ec108115-007a-429f-9e95-d12cfedcf994\">Preuzimanje<\/a><\/div>\n\n\n\n<div class=\"wp-block-file\"><a id=\"wp-block-file--media-b020b686-4a9c-4a17-9658-0c5157b97484\" href=\"https:\/\/aem.hr\/wp-content\/uploads\/2025\/03\/6.-Optimizam-ekoloskih-proizvodaca.pdf\">6. Optimizam ekolo\u0161kih proizvo\u0111a\u010da<\/a><a href=\"https:\/\/aem.hr\/wp-content\/uploads\/2025\/03\/6.-Optimizam-ekoloskih-proizvodaca.pdf\" class=\"wp-block-file__button wp-element-button\" download aria-describedby=\"wp-block-file--media-b020b686-4a9c-4a17-9658-0c5157b97484\">Preuzimanje<\/a><\/div>\n","protected":false},"excerpt":{"rendered":"","protected":false},"author":18,"featured_media":0,"parent":0,"menu_order":0,"comment_status":"closed","ping_status":"closed","template":"","meta":{"_acf_changed":false,"inline_featured_image":false,"advgb_blocks_editor_width":"","advgb_blocks_columns_visual_guide":"","_links_to":"","_links_to_type":0,"footnotes":""},"class_list":["post-21928","page","type-page","status-publish","hentry"],"acf":[],"yoast_head":"<!-- This site is optimized with the Yoast SEO plugin v25.7 - https:\/\/yoast.com\/wordpress\/plugins\/seo\/ -->\n<title>Ojdana Koharevi\u0107 - Ekolo\u0161ka proizvodnja - sjajne mogu\u0107nosti nerealiziranih prilika - Agencija za elektroni\u010dke medije<\/title>\n<meta name=\"robots\" content=\"index, follow, max-snippet:-1, max-image-preview:large, max-video-preview:-1\" \/>\n<link rel=\"canonical\" href=\"https:\/\/aem.hr\/ojdana-koharevic-ekoloska-proizvodnja-sjajne-mogucnosti-nerealiziranih-prilika\/\" \/>\n<meta property=\"og:locale\" content=\"en_US\" \/>\n<meta property=\"og:type\" content=\"article\" \/>\n<meta property=\"og:title\" content=\"Ojdana Koharevi\u0107 - Ekolo\u0161ka proizvodnja - sjajne mogu\u0107nosti nerealiziranih prilika - Agencija za elektroni\u010dke medije\" \/>\n<meta property=\"og:url\" content=\"https:\/\/aem.hr\/ojdana-koharevic-ekoloska-proizvodnja-sjajne-mogucnosti-nerealiziranih-prilika\/\" \/>\n<meta property=\"og:site_name\" content=\"Agencija za elektroni\u010dke medije\" \/>\n<meta property=\"article:modified_time\" content=\"2025-03-25T10:23:18+00:00\" \/>\n<meta name=\"twitter:card\" content=\"summary_large_image\" \/>\n<meta name=\"twitter:label1\" content=\"Est. reading time\" \/>\n\t<meta name=\"twitter:data1\" content=\"1 minute\" \/>\n<script type=\"application\/ld+json\" class=\"yoast-schema-graph\">{\"@context\":\"https:\/\/schema.org\",\"@graph\":[{\"@type\":\"WebPage\",\"@id\":\"https:\/\/aem.hr\/ojdana-koharevic-ekoloska-proizvodnja-sjajne-mogucnosti-nerealiziranih-prilika\/\",\"url\":\"https:\/\/aem.hr\/ojdana-koharevic-ekoloska-proizvodnja-sjajne-mogucnosti-nerealiziranih-prilika\/\",\"name\":\"Ojdana Koharevi\u0107 - Ekolo\u0161ka proizvodnja - sjajne mogu\u0107nosti nerealiziranih prilika - Agencija za elektroni\u010dke medije\",\"isPartOf\":{\"@id\":\"https:\/\/aem.hr\/#website\"},\"datePublished\":\"2025-03-25T10:23:17+00:00\",\"dateModified\":\"2025-03-25T10:23:18+00:00\",\"breadcrumb\":{\"@id\":\"https:\/\/aem.hr\/ojdana-koharevic-ekoloska-proizvodnja-sjajne-mogucnosti-nerealiziranih-prilika\/#breadcrumb\"},\"inLanguage\":\"en-US\",\"potentialAction\":[{\"@type\":\"ReadAction\",\"target\":[\"https:\/\/aem.hr\/ojdana-koharevic-ekoloska-proizvodnja-sjajne-mogucnosti-nerealiziranih-prilika\/\"]}]},{\"@type\":\"BreadcrumbList\",\"@id\":\"https:\/\/aem.hr\/ojdana-koharevic-ekoloska-proizvodnja-sjajne-mogucnosti-nerealiziranih-prilika\/#breadcrumb\",\"itemListElement\":[{\"@type\":\"ListItem\",\"position\":1,\"name\":\"Po\u010detna stranica\",\"item\":\"https:\/\/aem.hr\/\"},{\"@type\":\"ListItem\",\"position\":2,\"name\":\"Ojdana Koharevi\u0107 &#8211; Ekolo\u0161ka proizvodnja &#8211; sjajne mogu\u0107nosti nerealiziranih prilika\"}]},{\"@type\":\"WebSite\",\"@id\":\"https:\/\/aem.hr\/#website\",\"url\":\"https:\/\/aem.hr\/\",\"name\":\"Agencija za elektroni\u010dke medije\",\"description\":\"\",\"potentialAction\":[{\"@type\":\"SearchAction\",\"target\":{\"@type\":\"EntryPoint\",\"urlTemplate\":\"https:\/\/aem.hr\/?s={search_term_string}\"},\"query-input\":{\"@type\":\"PropertyValueSpecification\",\"valueRequired\":true,\"valueName\":\"search_term_string\"}}],\"inLanguage\":\"en-US\"}]}<\/script>\n<!-- \/ Yoast SEO plugin. -->","yoast_head_json":{"title":"Ojdana Koharevi\u0107 - Ekolo\u0161ka proizvodnja - sjajne mogu\u0107nosti nerealiziranih prilika - Agencija za elektroni\u010dke medije","robots":{"index":"index","follow":"follow","max-snippet":"max-snippet:-1","max-image-preview":"max-image-preview:large","max-video-preview":"max-video-preview:-1"},"canonical":"https:\/\/aem.hr\/ojdana-koharevic-ekoloska-proizvodnja-sjajne-mogucnosti-nerealiziranih-prilika\/","og_locale":"en_US","og_type":"article","og_title":"Ojdana Koharevi\u0107 - Ekolo\u0161ka proizvodnja - sjajne mogu\u0107nosti nerealiziranih prilika - Agencija za elektroni\u010dke medije","og_url":"https:\/\/aem.hr\/ojdana-koharevic-ekoloska-proizvodnja-sjajne-mogucnosti-nerealiziranih-prilika\/","og_site_name":"Agencija za elektroni\u010dke medije","article_modified_time":"2025-03-25T10:23:18+00:00","twitter_card":"summary_large_image","twitter_misc":{"Est. reading time":"1 minute"},"schema":{"@context":"https:\/\/schema.org","@graph":[{"@type":"WebPage","@id":"https:\/\/aem.hr\/ojdana-koharevic-ekoloska-proizvodnja-sjajne-mogucnosti-nerealiziranih-prilika\/","url":"https:\/\/aem.hr\/ojdana-koharevic-ekoloska-proizvodnja-sjajne-mogucnosti-nerealiziranih-prilika\/","name":"Ojdana Koharevi\u0107 - Ekolo\u0161ka proizvodnja - sjajne mogu\u0107nosti nerealiziranih prilika - Agencija za elektroni\u010dke medije","isPartOf":{"@id":"https:\/\/aem.hr\/#website"},"datePublished":"2025-03-25T10:23:17+00:00","dateModified":"2025-03-25T10:23:18+00:00","breadcrumb":{"@id":"https:\/\/aem.hr\/ojdana-koharevic-ekoloska-proizvodnja-sjajne-mogucnosti-nerealiziranih-prilika\/#breadcrumb"},"inLanguage":"en-US","potentialAction":[{"@type":"ReadAction","target":["https:\/\/aem.hr\/ojdana-koharevic-ekoloska-proizvodnja-sjajne-mogucnosti-nerealiziranih-prilika\/"]}]},{"@type":"BreadcrumbList","@id":"https:\/\/aem.hr\/ojdana-koharevic-ekoloska-proizvodnja-sjajne-mogucnosti-nerealiziranih-prilika\/#breadcrumb","itemListElement":[{"@type":"ListItem","position":1,"name":"Po\u010detna stranica","item":"https:\/\/aem.hr\/"},{"@type":"ListItem","position":2,"name":"Ojdana Koharevi\u0107 &#8211; Ekolo\u0161ka proizvodnja &#8211; sjajne mogu\u0107nosti nerealiziranih prilika"}]},{"@type":"WebSite","@id":"https:\/\/aem.hr\/#website","url":"https:\/\/aem.hr\/","name":"Agencija za elektroni\u010dke medije","description":"","potentialAction":[{"@type":"SearchAction","target":{"@type":"EntryPoint","urlTemplate":"https:\/\/aem.hr\/?s={search_term_string}"},"query-input":{"@type":"PropertyValueSpecification","valueRequired":true,"valueName":"search_term_string"}}],"inLanguage":"en-US"}]}},"coauthors":[],"author_meta":{"author_link":"https:\/\/aem.hr\/en\/blog\/author\/mkirac\/","display_name":"Matko Kirac"},"relative_dates":{"created":"Posted 1 year ago","modified":"Updated 1 year ago"},"absolute_dates":{"created":"Posted on 25. March 2025.","modified":"Updated on 25. March 2025."},"absolute_dates_time":{"created":"Posted on 25. March 2025. 11:23","modified":"Updated on 25. March 2025. 11:23"},"featured_img_caption":"","featured_img":false,"series_order":"","_links":{"self":[{"href":"https:\/\/aem.hr\/en\/wp-json\/wp\/v2\/pages\/21928","targetHints":{"allow":["GET"]}}],"collection":[{"href":"https:\/\/aem.hr\/en\/wp-json\/wp\/v2\/pages"}],"about":[{"href":"https:\/\/aem.hr\/en\/wp-json\/wp\/v2\/types\/page"}],"author":[{"embeddable":true,"href":"https:\/\/aem.hr\/en\/wp-json\/wp\/v2\/users\/18"}],"replies":[{"embeddable":true,"href":"https:\/\/aem.hr\/en\/wp-json\/wp\/v2\/comments?post=21928"}],"version-history":[{"count":1,"href":"https:\/\/aem.hr\/en\/wp-json\/wp\/v2\/pages\/21928\/revisions"}],"predecessor-version":[{"id":21941,"href":"https:\/\/aem.hr\/en\/wp-json\/wp\/v2\/pages\/21928\/revisions\/21941"}],"wp:attachment":[{"href":"https:\/\/aem.hr\/en\/wp-json\/wp\/v2\/media?parent=21928"}],"curies":[{"name":"wp","href":"https:\/\/api.w.org\/{rel}","templated":true}]}}