{"id":21943,"date":"2025-03-25T11:24:41","date_gmt":"2025-03-25T10:24:41","guid":{"rendered":"http:\/\/aem.hr\/?page_id=21943"},"modified":"2025-03-25T11:24:43","modified_gmt":"2025-03-25T10:24:43","slug":"zlatko-vidackovic-hrvatski-nezavisni-film-david-protiv-golijata","status":"publish","type":"page","link":"https:\/\/aem.hr\/en\/zlatko-vidackovic-hrvatski-nezavisni-film-david-protiv-golijata\/","title":{"rendered":"Zlatko Vida\u010dkovi\u0107 &#8211; Hrvatski nezavisni film &#8211; David protiv Golijata"},"content":{"rendered":"\n<div class=\"wp-block-file\"><a id=\"wp-block-file--media-bcc1fe30-3e70-478d-8de4-716e511f4464\" href=\"https:\/\/aem.hr\/wp-content\/uploads\/2025\/03\/1.-Hrvatski-nezavisni-film-\u2013-David-protiv-Golijata-Uvod.pdf\">1. Hrvatski nezavisni film \u2013 David protiv Golijata Uvod<\/a><a href=\"https:\/\/aem.hr\/wp-content\/uploads\/2025\/03\/1.-Hrvatski-nezavisni-film-\u2013-David-protiv-Golijata-Uvod.pdf\" class=\"wp-block-file__button wp-element-button\" download aria-describedby=\"wp-block-file--media-bcc1fe30-3e70-478d-8de4-716e511f4464\">Preuzimanje<\/a><\/div>\n\n\n\n<div class=\"wp-block-file\"><a id=\"wp-block-file--media-f5067b39-9ab6-47a4-aff3-9ff71d8b4593\" href=\"https:\/\/aem.hr\/wp-content\/uploads\/2025\/03\/2.-Ukratko-o-najrelevantnijim.pdf\">2. Ukratko o najrelevantnijim<\/a><a href=\"https:\/\/aem.hr\/wp-content\/uploads\/2025\/03\/2.-Ukratko-o-najrelevantnijim.pdf\" class=\"wp-block-file__button wp-element-button\" download aria-describedby=\"wp-block-file--media-f5067b39-9ab6-47a4-aff3-9ff71d8b4593\">Preuzimanje<\/a><\/div>\n\n\n\n<div class=\"wp-block-file\"><a id=\"wp-block-file--media-69fad262-1f74-4aaa-a295-ff574d24ed4d\" href=\"https:\/\/aem.hr\/wp-content\/uploads\/2025\/03\/3.-O-filmovima-Nausikaja.pdf\">3. O filmovima Nausikaja<\/a><a href=\"https:\/\/aem.hr\/wp-content\/uploads\/2025\/03\/3.-O-filmovima-Nausikaja.pdf\" class=\"wp-block-file__button wp-element-button\" download aria-describedby=\"wp-block-file--media-69fad262-1f74-4aaa-a295-ff574d24ed4d\">Preuzimanje<\/a><\/div>\n\n\n\n<div class=\"wp-block-file\"><a id=\"wp-block-file--media-5fe65a07-4f8c-4200-8324-8e37eaa002fc\" href=\"https:\/\/aem.hr\/wp-content\/uploads\/2025\/03\/4.-O-projektima-Joze-Patljaka-Ta-divna-splitska-noc.pdf\">4. O projektima Joze Patljaka Ta divna splitska no\u0107<\/a><a href=\"https:\/\/aem.hr\/wp-content\/uploads\/2025\/03\/4.-O-projektima-Joze-Patljaka-Ta-divna-splitska-noc.pdf\" class=\"wp-block-file__button wp-element-button\" download aria-describedby=\"wp-block-file--media-5fe65a07-4f8c-4200-8324-8e37eaa002fc\">Preuzimanje<\/a><\/div>\n\n\n\n<div class=\"wp-block-file\"><a id=\"wp-block-file--media-b9b94c2a-b095-4e43-bd63-a4123a46d4e6\" href=\"https:\/\/aem.hr\/wp-content\/uploads\/2025\/03\/5.-O-filmovima-Jakova-Sedlara-Gospa.pdf\">5. O filmovima Jakova Sedlara Gospa<\/a><a href=\"https:\/\/aem.hr\/wp-content\/uploads\/2025\/03\/5.-O-filmovima-Jakova-Sedlara-Gospa.pdf\" class=\"wp-block-file__button wp-element-button\" download aria-describedby=\"wp-block-file--media-b9b94c2a-b095-4e43-bd63-a4123a46d4e6\">Preuzimanje<\/a><\/div>\n\n\n\n<div class=\"wp-block-file\"><a id=\"wp-block-file--media-39143355-f246-422b-8a82-8edd91deb612\" href=\"https:\/\/aem.hr\/wp-content\/uploads\/2025\/03\/6.-O-filmu-Sto-je-Iva-snimila.pdf\">6. O filmu \u0160to je Iva snimila<\/a><a href=\"https:\/\/aem.hr\/wp-content\/uploads\/2025\/03\/6.-O-filmu-Sto-je-Iva-snimila.pdf\" class=\"wp-block-file__button wp-element-button\" download aria-describedby=\"wp-block-file--media-39143355-f246-422b-8a82-8edd91deb612\">Preuzimanje<\/a><\/div>\n\n\n\n<div class=\"wp-block-file\"><a id=\"wp-block-file--media-9380ceea-730c-4056-bc3e-971085dc9238\" href=\"https:\/\/aem.hr\/wp-content\/uploads\/2025\/03\/7.-O-filmovima-Fadila-Hadzica-Lopovi.pdf\">7. O filmovima Fadila Had\u017ei\u0107a Lopovi<\/a><a href=\"https:\/\/aem.hr\/wp-content\/uploads\/2025\/03\/7.-O-filmovima-Fadila-Hadzica-Lopovi.pdf\" class=\"wp-block-file__button wp-element-button\" download aria-describedby=\"wp-block-file--media-9380ceea-730c-4056-bc3e-971085dc9238\">Preuzimanje<\/a><\/div>\n\n\n\n<div class=\"wp-block-file\"><a id=\"wp-block-file--media-d148eb4e-f945-4c76-b638-40e93877812c\" href=\"https:\/\/aem.hr\/wp-content\/uploads\/2025\/03\/8.-Nezavisni-projekti-Nevija-Marasovica.pdf\">8. Nezavisni projekti Nevija Marasovi\u0107a<\/a><a href=\"https:\/\/aem.hr\/wp-content\/uploads\/2025\/03\/8.-Nezavisni-projekti-Nevija-Marasovica.pdf\" class=\"wp-block-file__button wp-element-button\" download aria-describedby=\"wp-block-file--media-d148eb4e-f945-4c76-b638-40e93877812c\">Preuzimanje<\/a><\/div>\n\n\n\n<div class=\"wp-block-file\"><a id=\"wp-block-file--media-3cd96e42-49b9-4819-aa37-d2270bfbfd8e\" href=\"https:\/\/aem.hr\/wp-content\/uploads\/2025\/03\/9.-Nezavisni-projekti-Andela-Jurkasa-Zbog-tebe.pdf\">9. Nezavisni projekti An\u0111ela Jurkasa Zbog tebe<\/a><a href=\"https:\/\/aem.hr\/wp-content\/uploads\/2025\/03\/9.-Nezavisni-projekti-Andela-Jurkasa-Zbog-tebe.pdf\" class=\"wp-block-file__button wp-element-button\" download aria-describedby=\"wp-block-file--media-3cd96e42-49b9-4819-aa37-d2270bfbfd8e\">Preuzimanje<\/a><\/div>\n\n\n\n<div class=\"wp-block-file\"><a id=\"wp-block-file--media-7be1fdec-0e56-4623-9b57-1bac62c9af51\" href=\"https:\/\/aem.hr\/wp-content\/uploads\/2025\/03\/10.-David-protiv-Golijata.pdf\">10. David protiv Golijata<\/a><a href=\"https:\/\/aem.hr\/wp-content\/uploads\/2025\/03\/10.-David-protiv-Golijata.pdf\" class=\"wp-block-file__button wp-element-button\" download aria-describedby=\"wp-block-file--media-7be1fdec-0e56-4623-9b57-1bac62c9af51\">Preuzimanje<\/a><\/div>\n\n\n\n<div class=\"wp-block-file\"><a id=\"wp-block-file--media-f5dcdd17-5483-4397-89ee-7a2b4f29b70a\" href=\"https:\/\/aem.hr\/wp-content\/uploads\/2025\/03\/1.-David-protiv-Golijata-Uvod.pdf\">1. David protiv Golijata Uvod<\/a><a href=\"https:\/\/aem.hr\/wp-content\/uploads\/2025\/03\/1.-David-protiv-Golijata-Uvod.pdf\" class=\"wp-block-file__button wp-element-button\" download aria-describedby=\"wp-block-file--media-f5dcdd17-5483-4397-89ee-7a2b4f29b70a\">Preuzimanje<\/a><\/div>\n","protected":false},"excerpt":{"rendered":"","protected":false},"author":18,"featured_media":0,"parent":0,"menu_order":0,"comment_status":"closed","ping_status":"closed","template":"","meta":{"_acf_changed":false,"inline_featured_image":false,"advgb_blocks_editor_width":"","advgb_blocks_columns_visual_guide":"","_links_to":"","_links_to_type":0,"footnotes":""},"class_list":["post-21943","page","type-page","status-publish","hentry"],"acf":[],"yoast_head":"<!-- This site is optimized with the Yoast SEO plugin v25.7 - https:\/\/yoast.com\/wordpress\/plugins\/seo\/ -->\n<title>Zlatko Vida\u010dkovi\u0107 - Hrvatski nezavisni film - David protiv Golijata - Agencija za elektroni\u010dke medije<\/title>\n<meta name=\"robots\" content=\"index, follow, max-snippet:-1, max-image-preview:large, max-video-preview:-1\" \/>\n<link rel=\"canonical\" href=\"https:\/\/aem.hr\/zlatko-vidackovic-hrvatski-nezavisni-film-david-protiv-golijata\/\" \/>\n<meta property=\"og:locale\" content=\"en_US\" \/>\n<meta property=\"og:type\" content=\"article\" \/>\n<meta property=\"og:title\" content=\"Zlatko Vida\u010dkovi\u0107 - Hrvatski nezavisni film - David protiv Golijata - Agencija za elektroni\u010dke medije\" \/>\n<meta property=\"og:url\" content=\"https:\/\/aem.hr\/zlatko-vidackovic-hrvatski-nezavisni-film-david-protiv-golijata\/\" \/>\n<meta property=\"og:site_name\" content=\"Agencija za elektroni\u010dke medije\" \/>\n<meta property=\"article:modified_time\" content=\"2025-03-25T10:24:43+00:00\" \/>\n<meta name=\"twitter:card\" content=\"summary_large_image\" \/>\n<meta name=\"twitter:label1\" content=\"Est. reading time\" \/>\n\t<meta name=\"twitter:data1\" content=\"1 minute\" \/>\n<script type=\"application\/ld+json\" class=\"yoast-schema-graph\">{\"@context\":\"https:\/\/schema.org\",\"@graph\":[{\"@type\":\"WebPage\",\"@id\":\"https:\/\/aem.hr\/zlatko-vidackovic-hrvatski-nezavisni-film-david-protiv-golijata\/\",\"url\":\"https:\/\/aem.hr\/zlatko-vidackovic-hrvatski-nezavisni-film-david-protiv-golijata\/\",\"name\":\"Zlatko Vida\u010dkovi\u0107 - Hrvatski nezavisni film - David protiv Golijata - Agencija za elektroni\u010dke medije\",\"isPartOf\":{\"@id\":\"https:\/\/aem.hr\/#website\"},\"datePublished\":\"2025-03-25T10:24:41+00:00\",\"dateModified\":\"2025-03-25T10:24:43+00:00\",\"breadcrumb\":{\"@id\":\"https:\/\/aem.hr\/zlatko-vidackovic-hrvatski-nezavisni-film-david-protiv-golijata\/#breadcrumb\"},\"inLanguage\":\"en-US\",\"potentialAction\":[{\"@type\":\"ReadAction\",\"target\":[\"https:\/\/aem.hr\/zlatko-vidackovic-hrvatski-nezavisni-film-david-protiv-golijata\/\"]}]},{\"@type\":\"BreadcrumbList\",\"@id\":\"https:\/\/aem.hr\/zlatko-vidackovic-hrvatski-nezavisni-film-david-protiv-golijata\/#breadcrumb\",\"itemListElement\":[{\"@type\":\"ListItem\",\"position\":1,\"name\":\"Po\u010detna stranica\",\"item\":\"https:\/\/aem.hr\/\"},{\"@type\":\"ListItem\",\"position\":2,\"name\":\"Zlatko Vida\u010dkovi\u0107 &#8211; Hrvatski nezavisni film &#8211; David protiv Golijata\"}]},{\"@type\":\"WebSite\",\"@id\":\"https:\/\/aem.hr\/#website\",\"url\":\"https:\/\/aem.hr\/\",\"name\":\"Agencija za elektroni\u010dke medije\",\"description\":\"\",\"potentialAction\":[{\"@type\":\"SearchAction\",\"target\":{\"@type\":\"EntryPoint\",\"urlTemplate\":\"https:\/\/aem.hr\/?s={search_term_string}\"},\"query-input\":{\"@type\":\"PropertyValueSpecification\",\"valueRequired\":true,\"valueName\":\"search_term_string\"}}],\"inLanguage\":\"en-US\"}]}<\/script>\n<!-- \/ Yoast SEO plugin. -->","yoast_head_json":{"title":"Zlatko Vida\u010dkovi\u0107 - Hrvatski nezavisni film - David protiv Golijata - Agencija za elektroni\u010dke medije","robots":{"index":"index","follow":"follow","max-snippet":"max-snippet:-1","max-image-preview":"max-image-preview:large","max-video-preview":"max-video-preview:-1"},"canonical":"https:\/\/aem.hr\/zlatko-vidackovic-hrvatski-nezavisni-film-david-protiv-golijata\/","og_locale":"en_US","og_type":"article","og_title":"Zlatko Vida\u010dkovi\u0107 - Hrvatski nezavisni film - David protiv Golijata - Agencija za elektroni\u010dke medije","og_url":"https:\/\/aem.hr\/zlatko-vidackovic-hrvatski-nezavisni-film-david-protiv-golijata\/","og_site_name":"Agencija za elektroni\u010dke medije","article_modified_time":"2025-03-25T10:24:43+00:00","twitter_card":"summary_large_image","twitter_misc":{"Est. reading time":"1 minute"},"schema":{"@context":"https:\/\/schema.org","@graph":[{"@type":"WebPage","@id":"https:\/\/aem.hr\/zlatko-vidackovic-hrvatski-nezavisni-film-david-protiv-golijata\/","url":"https:\/\/aem.hr\/zlatko-vidackovic-hrvatski-nezavisni-film-david-protiv-golijata\/","name":"Zlatko Vida\u010dkovi\u0107 - Hrvatski nezavisni film - David protiv Golijata - Agencija za elektroni\u010dke medije","isPartOf":{"@id":"https:\/\/aem.hr\/#website"},"datePublished":"2025-03-25T10:24:41+00:00","dateModified":"2025-03-25T10:24:43+00:00","breadcrumb":{"@id":"https:\/\/aem.hr\/zlatko-vidackovic-hrvatski-nezavisni-film-david-protiv-golijata\/#breadcrumb"},"inLanguage":"en-US","potentialAction":[{"@type":"ReadAction","target":["https:\/\/aem.hr\/zlatko-vidackovic-hrvatski-nezavisni-film-david-protiv-golijata\/"]}]},{"@type":"BreadcrumbList","@id":"https:\/\/aem.hr\/zlatko-vidackovic-hrvatski-nezavisni-film-david-protiv-golijata\/#breadcrumb","itemListElement":[{"@type":"ListItem","position":1,"name":"Po\u010detna stranica","item":"https:\/\/aem.hr\/"},{"@type":"ListItem","position":2,"name":"Zlatko Vida\u010dkovi\u0107 &#8211; Hrvatski nezavisni film &#8211; David protiv Golijata"}]},{"@type":"WebSite","@id":"https:\/\/aem.hr\/#website","url":"https:\/\/aem.hr\/","name":"Agencija za elektroni\u010dke medije","description":"","potentialAction":[{"@type":"SearchAction","target":{"@type":"EntryPoint","urlTemplate":"https:\/\/aem.hr\/?s={search_term_string}"},"query-input":{"@type":"PropertyValueSpecification","valueRequired":true,"valueName":"search_term_string"}}],"inLanguage":"en-US"}]}},"coauthors":[],"author_meta":{"author_link":"https:\/\/aem.hr\/en\/blog\/author\/mkirac\/","display_name":"Matko Kirac"},"relative_dates":{"created":"Posted 1 year ago","modified":"Updated 1 year ago"},"absolute_dates":{"created":"Posted on 25. March 2025.","modified":"Updated on 25. March 2025."},"absolute_dates_time":{"created":"Posted on 25. March 2025. 11:24","modified":"Updated on 25. March 2025. 11:24"},"featured_img_caption":"","featured_img":false,"series_order":"","_links":{"self":[{"href":"https:\/\/aem.hr\/en\/wp-json\/wp\/v2\/pages\/21943","targetHints":{"allow":["GET"]}}],"collection":[{"href":"https:\/\/aem.hr\/en\/wp-json\/wp\/v2\/pages"}],"about":[{"href":"https:\/\/aem.hr\/en\/wp-json\/wp\/v2\/types\/page"}],"author":[{"embeddable":true,"href":"https:\/\/aem.hr\/en\/wp-json\/wp\/v2\/users\/18"}],"replies":[{"embeddable":true,"href":"https:\/\/aem.hr\/en\/wp-json\/wp\/v2\/comments?post=21943"}],"version-history":[{"count":1,"href":"https:\/\/aem.hr\/en\/wp-json\/wp\/v2\/pages\/21943\/revisions"}],"predecessor-version":[{"id":21964,"href":"https:\/\/aem.hr\/en\/wp-json\/wp\/v2\/pages\/21943\/revisions\/21964"}],"wp:attachment":[{"href":"https:\/\/aem.hr\/en\/wp-json\/wp\/v2\/media?parent=21943"}],"curies":[{"name":"wp","href":"https:\/\/api.w.org\/{rel}","templated":true}]}}