{"id":22,"date":"2018-10-30T16:31:44","date_gmt":"2018-10-30T15:31:44","guid":{"rendered":"http:\/\/emediji.inspirium.hr\/?page_id=22"},"modified":"2025-04-14T12:00:32","modified_gmt":"2025-04-14T10:00:32","slug":"kontakt","status":"publish","type":"page","link":"https:\/\/aem.hr\/en\/kontakt\/","title":{"rendered":"Kontakt"},"content":{"rendered":"\n<p>Agencija za elektroni\u010dke medije<br>Jagi\u0107eva 31, Zagreb<br>Tajni\u0161tvo: +385 (0)1 488 2610<br>Fax: +385 (0)1 488 2614<br><a href=\"https:\/\/mail.google.com\/mail\/?view=cm&amp;fs=1&amp;tf=1&amp;to=info@aem.hr\">info@aem.hr<\/a><\/p>\n\n\n\n<h3 class=\"wp-block-heading\">Ured ravnatelja<\/h3>\n\n\n\n<p>Josip Popovac, ravnatelj Agencije i predsjednik Vije\u0107a<br><a href=\"https:\/\/mail.google.com\/mail\/?view=cm&amp;fs=1&amp;tf=1&amp;to=josip.popovac@aem.hr\" target=\"_blank\" rel=\"noreferrer noopener\" aria-label=\" (otvara se u novoj kartici)\">josip.popovac@aem.hr<\/a><a rel=\"noreferrer noopener\" aria-label=\" (otvara se u novoj kartici)\" href=\"https:\/\/mail.google.com\/mail\/?view=cm&amp;fs=1&amp;tf=1&amp;to=josip.popovac@aem.hr\" target=\"_blank\"><br><\/a>+385 (0)1 488 2610<\/p>\n\n\n\n<p>Robert Tomljenovi\u0107, zamjenik ravnatelja Agencije i predsjednika Vije\u0107a<br><a href=\"https:\/\/mail.google.com\/mail\/?view=cm&amp;fs=1&amp;tf=1&amp;to=robert.tomljenovic@aem.hr\">robert.tomljenovic@aem.hr<br><\/a>+385 (0)1 488 2610<\/p>\n\n\n\n<p>Sanja Pan\u010di\u0107, savjetnica ravnatelja za me\u0111unarodnu suradnju i odnose s javno\u0161\u0107u<br><a href=\"https:\/\/mail.google.com\/mail\/?view=cm&amp;fs=1&amp;tf=1&amp;to=spancic@aem.hr\">sanja.pancic@aem.hr<br><\/a>+385 (0)1 488 2768<\/p>\n\n\n\n<p>Roberta Grgi\u0107, tajnica Vije\u0107a<br><a href=\"https:\/\/mail.google.com\/mail\/?view=cm&amp;fs=1&amp;tf=1&amp;to=roberta.grgic@aem.hr\">roberta.grgic@aem.hr<br><\/a>+385 (0)1 488 2615<\/p>\n\n\n\n<h3 class=\"wp-block-heading\">Odjel za nadzor i analizu medijskih sadr\u017eaja<\/h3>\n\n\n\n<p>Stanislav Bender, voditelj Odjela<br><a href=\"https:\/\/mail.google.com\/mail\/?view=cm&amp;fs=1&amp;tf=1&amp;to=stanislav.bender@aem.hr\">stanislav.bender@aem.hr<br><\/a>+385 (0)1 488 2764<\/p>\n\n\n\n<h3 class=\"wp-block-heading\">Odjel za gospodarenje i financije<\/h3>\n\n\n\n<p>Mijat Matkovi\u0107, voditelj odjela<br><a href=\"https:\/\/mail.google.com\/mail\/?view=cm&amp;fs=1&amp;tf=1&amp;to=marija.kanazir@aem.hr\">mijat.matkovic@aem.hr<br><\/a>+385 (0)1 400 8075<\/p>\n\n\n\n<h3 class=\"wp-block-heading\">Odjel pravnih i kadrovskih poslova<\/h3>\n\n\n\n<p>Miro Kri\u017ean, voditelj Odjela<br><a href=\"https:\/\/mail.google.com\/mail\/?view=cm&amp;fs=1&amp;tf=1&amp;to=miro.krizan@aem.hr\">miro.krizan@aem.hr<br><\/a>+385 (0)1 488 2617<\/p>\n","protected":false},"excerpt":{"rendered":"<p>Agencija za elektroni\u010dke medijeJagi\u0107eva 31, ZagrebTajni\u0161tvo: +385 (0)1 488 2610Fax: +385 (0)1 488 2614info@aem.hr Ured ravnatelja Josip Popovac, ravnatelj Agencije i predsjednik Vije\u0107ajosip.popovac@aem.hr+385 (0)1 488 2610 Robert Tomljenovi\u0107, zamjenik ravnatelja Agencije i predsjednika Vije\u0107arobert.tomljenovic@aem.hr+385 (0)1 488 2610 Sanja Pan\u010di\u0107, savjetnica ravnatelja za me\u0111unarodnu suradnju i odnose s javno\u0161\u0107usanja.pancic@aem.hr+385 (0)1 488 2768 Roberta Grgi\u0107, tajnica Vije\u0107aroberta.grgic@aem.hr+385 [&hellip;]<\/p>\n","protected":false},"author":2,"featured_media":0,"parent":0,"menu_order":0,"comment_status":"closed","ping_status":"closed","template":"","meta":{"_acf_changed":false,"inline_featured_image":false,"advgb_blocks_editor_width":"","advgb_blocks_columns_visual_guide":"","_links_to":"","_links_to_type":0,"footnotes":""},"class_list":["post-22","page","type-page","status-publish","hentry"],"acf":[],"yoast_head":"<!-- This site is optimized with the Yoast SEO plugin v25.7 - https:\/\/yoast.com\/wordpress\/plugins\/seo\/ -->\n<title>Kontakt - Agencija za elektroni\u010dke medije<\/title>\n<meta name=\"robots\" content=\"index, follow, max-snippet:-1, max-image-preview:large, max-video-preview:-1\" \/>\n<link rel=\"canonical\" href=\"https:\/\/aem.hr\/en\/kontakt\/\" \/>\n<meta property=\"og:locale\" content=\"en_US\" \/>\n<meta property=\"og:type\" content=\"article\" \/>\n<meta property=\"og:title\" content=\"Kontakt - Agencija za elektroni\u010dke medije\" \/>\n<meta property=\"og:description\" content=\"Agencija za elektroni\u010dke medijeJagi\u0107eva 31, ZagrebTajni\u0161tvo: +385 (0)1 488 2610Fax: +385 (0)1 488 2614info@aem.hr Ured ravnatelja Josip Popovac, ravnatelj Agencije i predsjednik Vije\u0107ajosip.popovac@aem.hr+385 (0)1 488 2610 Robert Tomljenovi\u0107, zamjenik ravnatelja Agencije i predsjednika Vije\u0107arobert.tomljenovic@aem.hr+385 (0)1 488 2610 Sanja Pan\u010di\u0107, savjetnica ravnatelja za me\u0111unarodnu suradnju i odnose s javno\u0161\u0107usanja.pancic@aem.hr+385 (0)1 488 2768 Roberta Grgi\u0107, tajnica Vije\u0107aroberta.grgic@aem.hr+385 [&hellip;]\" \/>\n<meta property=\"og:url\" content=\"https:\/\/aem.hr\/en\/kontakt\/\" \/>\n<meta property=\"og:site_name\" content=\"Agencija za elektroni\u010dke medije\" \/>\n<meta property=\"article:modified_time\" content=\"2025-04-14T10:00:32+00:00\" \/>\n<meta name=\"twitter:card\" content=\"summary_large_image\" \/>\n<meta name=\"twitter:label1\" content=\"Est. reading time\" \/>\n\t<meta name=\"twitter:data1\" content=\"1 minute\" \/>\n<script type=\"application\/ld+json\" class=\"yoast-schema-graph\">{\"@context\":\"https:\/\/schema.org\",\"@graph\":[{\"@type\":\"WebPage\",\"@id\":\"https:\/\/aem.hr\/en\/kontakt\/\",\"url\":\"https:\/\/aem.hr\/en\/kontakt\/\",\"name\":\"Kontakt - Agencija za elektroni\u010dke medije\",\"isPartOf\":{\"@id\":\"https:\/\/aem.hr\/#website\"},\"datePublished\":\"2018-10-30T15:31:44+00:00\",\"dateModified\":\"2025-04-14T10:00:32+00:00\",\"breadcrumb\":{\"@id\":\"https:\/\/aem.hr\/en\/kontakt\/#breadcrumb\"},\"inLanguage\":\"en-US\",\"potentialAction\":[{\"@type\":\"ReadAction\",\"target\":[\"https:\/\/aem.hr\/en\/kontakt\/\"]}]},{\"@type\":\"BreadcrumbList\",\"@id\":\"https:\/\/aem.hr\/en\/kontakt\/#breadcrumb\",\"itemListElement\":[{\"@type\":\"ListItem\",\"position\":1,\"name\":\"Po\u010detna stranica\",\"item\":\"https:\/\/aem.hr\/\"},{\"@type\":\"ListItem\",\"position\":2,\"name\":\"Kontakt\"}]},{\"@type\":\"WebSite\",\"@id\":\"https:\/\/aem.hr\/#website\",\"url\":\"https:\/\/aem.hr\/\",\"name\":\"Agencija za elektroni\u010dke medije\",\"description\":\"\",\"potentialAction\":[{\"@type\":\"SearchAction\",\"target\":{\"@type\":\"EntryPoint\",\"urlTemplate\":\"https:\/\/aem.hr\/?s={search_term_string}\"},\"query-input\":{\"@type\":\"PropertyValueSpecification\",\"valueRequired\":true,\"valueName\":\"search_term_string\"}}],\"inLanguage\":\"en-US\"}]}<\/script>\n<!-- \/ Yoast SEO plugin. -->","yoast_head_json":{"title":"Kontakt - Agencija za elektroni\u010dke medije","robots":{"index":"index","follow":"follow","max-snippet":"max-snippet:-1","max-image-preview":"max-image-preview:large","max-video-preview":"max-video-preview:-1"},"canonical":"https:\/\/aem.hr\/en\/kontakt\/","og_locale":"en_US","og_type":"article","og_title":"Kontakt - Agencija za elektroni\u010dke medije","og_description":"Agencija za elektroni\u010dke medijeJagi\u0107eva 31, ZagrebTajni\u0161tvo: +385 (0)1 488 2610Fax: +385 (0)1 488 2614info@aem.hr Ured ravnatelja Josip Popovac, ravnatelj Agencije i predsjednik Vije\u0107ajosip.popovac@aem.hr+385 (0)1 488 2610 Robert Tomljenovi\u0107, zamjenik ravnatelja Agencije i predsjednika Vije\u0107arobert.tomljenovic@aem.hr+385 (0)1 488 2610 Sanja Pan\u010di\u0107, savjetnica ravnatelja za me\u0111unarodnu suradnju i odnose s javno\u0161\u0107usanja.pancic@aem.hr+385 (0)1 488 2768 Roberta Grgi\u0107, tajnica Vije\u0107aroberta.grgic@aem.hr+385 [&hellip;]","og_url":"https:\/\/aem.hr\/en\/kontakt\/","og_site_name":"Agencija za elektroni\u010dke medije","article_modified_time":"2025-04-14T10:00:32+00:00","twitter_card":"summary_large_image","twitter_misc":{"Est. reading time":"1 minute"},"schema":{"@context":"https:\/\/schema.org","@graph":[{"@type":"WebPage","@id":"https:\/\/aem.hr\/en\/kontakt\/","url":"https:\/\/aem.hr\/en\/kontakt\/","name":"Kontakt - Agencija za elektroni\u010dke medije","isPartOf":{"@id":"https:\/\/aem.hr\/#website"},"datePublished":"2018-10-30T15:31:44+00:00","dateModified":"2025-04-14T10:00:32+00:00","breadcrumb":{"@id":"https:\/\/aem.hr\/en\/kontakt\/#breadcrumb"},"inLanguage":"en-US","potentialAction":[{"@type":"ReadAction","target":["https:\/\/aem.hr\/en\/kontakt\/"]}]},{"@type":"BreadcrumbList","@id":"https:\/\/aem.hr\/en\/kontakt\/#breadcrumb","itemListElement":[{"@type":"ListItem","position":1,"name":"Po\u010detna stranica","item":"https:\/\/aem.hr\/"},{"@type":"ListItem","position":2,"name":"Kontakt"}]},{"@type":"WebSite","@id":"https:\/\/aem.hr\/#website","url":"https:\/\/aem.hr\/","name":"Agencija za elektroni\u010dke medije","description":"","potentialAction":[{"@type":"SearchAction","target":{"@type":"EntryPoint","urlTemplate":"https:\/\/aem.hr\/?s={search_term_string}"},"query-input":{"@type":"PropertyValueSpecification","valueRequired":true,"valueName":"search_term_string"}}],"inLanguage":"en-US"}]}},"coauthors":[],"author_meta":{"author_link":"https:\/\/aem.hr\/en\/blog\/author\/stjepan\/","display_name":"stjepan"},"relative_dates":{"created":"Posted 7 years ago","modified":"Updated 1 year ago"},"absolute_dates":{"created":"Posted on 30. October 2018.","modified":"Updated on 14. April 2025."},"absolute_dates_time":{"created":"Posted on 30. October 2018. 16:31","modified":"Updated on 14. April 2025. 12:00"},"featured_img_caption":"","featured_img":false,"series_order":"","_links":{"self":[{"href":"https:\/\/aem.hr\/en\/wp-json\/wp\/v2\/pages\/22","targetHints":{"allow":["GET"]}}],"collection":[{"href":"https:\/\/aem.hr\/en\/wp-json\/wp\/v2\/pages"}],"about":[{"href":"https:\/\/aem.hr\/en\/wp-json\/wp\/v2\/types\/page"}],"author":[{"embeddable":true,"href":"https:\/\/aem.hr\/en\/wp-json\/wp\/v2\/users\/2"}],"replies":[{"embeddable":true,"href":"https:\/\/aem.hr\/en\/wp-json\/wp\/v2\/comments?post=22"}],"version-history":[{"count":34,"href":"https:\/\/aem.hr\/en\/wp-json\/wp\/v2\/pages\/22\/revisions"}],"predecessor-version":[{"id":22714,"href":"https:\/\/aem.hr\/en\/wp-json\/wp\/v2\/pages\/22\/revisions\/22714"}],"wp:attachment":[{"href":"https:\/\/aem.hr\/en\/wp-json\/wp\/v2\/media?parent=22"}],"curies":[{"name":"wp","href":"https:\/\/api.w.org\/{rel}","templated":true}]}}