{"id":22008,"date":"2025-03-25T11:31:25","date_gmt":"2025-03-25T10:31:25","guid":{"rendered":"http:\/\/aem.hr\/?page_id=22008"},"modified":"2025-03-25T11:31:26","modified_gmt":"2025-03-25T10:31:26","slug":"simonida-tarbuk-interpretacijski-centri-u-sluzbi-ocuvanja-bastine-i-brendiranja-slavonije","status":"publish","type":"page","link":"https:\/\/aem.hr\/en\/simonida-tarbuk-interpretacijski-centri-u-sluzbi-ocuvanja-bastine-i-brendiranja-slavonije\/","title":{"rendered":"Simonida Tarbuk &#8211; INTERPRETACIJSKI CENTRI U SLU\u017dBI O\u010cUVANJA BA\u0160TINE I BRENDIRANJA SLAVONIJE"},"content":{"rendered":"\n<div class=\"wp-block-file\"><a id=\"wp-block-file--media-343d7ed1-972f-4f69-940c-b1623b7f7bc9\" href=\"https:\/\/aem.hr\/wp-content\/uploads\/2025\/03\/1.-Uloga-interpretacijskih-centara.pdf\">1. Uloga interpretacijskih centara<\/a><a href=\"https:\/\/aem.hr\/wp-content\/uploads\/2025\/03\/1.-Uloga-interpretacijskih-centara.pdf\" class=\"wp-block-file__button wp-element-button\" download aria-describedby=\"wp-block-file--media-343d7ed1-972f-4f69-940c-b1623b7f7bc9\">Preuzimanje<\/a><\/div>\n\n\n\n<div class=\"wp-block-file\"><a id=\"wp-block-file--media-ad25b51f-0c85-4ff0-99a0-405c3ea0ae66\" href=\"https:\/\/aem.hr\/wp-content\/uploads\/2025\/03\/2.-Kulturna-bastina-u-funkciji-razvoja.pdf\">2. Kulturna ba\u0161tina u funkciji razvoja<\/a><a href=\"https:\/\/aem.hr\/wp-content\/uploads\/2025\/03\/2.-Kulturna-bastina-u-funkciji-razvoja.pdf\" class=\"wp-block-file__button wp-element-button\" download aria-describedby=\"wp-block-file--media-ad25b51f-0c85-4ff0-99a0-405c3ea0ae66\">Preuzimanje<\/a><\/div>\n\n\n\n<div class=\"wp-block-file\"><a id=\"wp-block-file--media-ed7fe75d-faaf-435a-b3b2-78265c21b0c8\" href=\"https:\/\/aem.hr\/wp-content\/uploads\/2025\/03\/3.-Muzej-tambure-u-slavonskom-brodu.pdf\">3. Muzej tambure u slavonskom brodu<\/a><a href=\"https:\/\/aem.hr\/wp-content\/uploads\/2025\/03\/3.-Muzej-tambure-u-slavonskom-brodu.pdf\" class=\"wp-block-file__button wp-element-button\" download aria-describedby=\"wp-block-file--media-ed7fe75d-faaf-435a-b3b2-78265c21b0c8\">Preuzimanje<\/a><\/div>\n\n\n\n<div class=\"wp-block-file\"><a id=\"wp-block-file--media-2b4ba6bf-df82-41c6-8206-8e4b9b5ea6b2\" href=\"https:\/\/aem.hr\/wp-content\/uploads\/2025\/03\/4.-Kulturna-bastina-u-funkciji-razvoja.pdf\">4. Kulturna ba\u0161tina u funkciji razvoja &#8211; \u0160oka\u010dki<\/a><a href=\"https:\/\/aem.hr\/wp-content\/uploads\/2025\/03\/4.-Kulturna-bastina-u-funkciji-razvoja.pdf\" class=\"wp-block-file__button wp-element-button\" download aria-describedby=\"wp-block-file--media-2b4ba6bf-df82-41c6-8206-8e4b9b5ea6b2\">Preuzimanje<\/a><\/div>\n\n\n\n<div class=\"wp-block-file\"><a id=\"wp-block-file--media-640a2df7-12c2-4c39-9349-6fa4667f17fd\" href=\"https:\/\/aem.hr\/wp-content\/uploads\/2025\/03\/5.-Kulturna-bastina-u-funkciji-razvoja.pdf\">5. Kulturna ba\u0161tina u funkciji razvoja<\/a><a href=\"https:\/\/aem.hr\/wp-content\/uploads\/2025\/03\/5.-Kulturna-bastina-u-funkciji-razvoja.pdf\" class=\"wp-block-file__button wp-element-button\" download aria-describedby=\"wp-block-file--media-640a2df7-12c2-4c39-9349-6fa4667f17fd\">Preuzimanje<\/a><\/div>\n\n\n\n<div class=\"wp-block-file\"><a id=\"wp-block-file--media-2a3fcf5f-5217-46d4-82fc-98d3b84c7929\" href=\"https:\/\/aem.hr\/wp-content\/uploads\/2025\/03\/6.-Interpretacijski-centar-terra-panonica.pdf\">6. Interpretacijski centar terra panonica<\/a><a href=\"https:\/\/aem.hr\/wp-content\/uploads\/2025\/03\/6.-Interpretacijski-centar-terra-panonica.pdf\" class=\"wp-block-file__button wp-element-button\" download aria-describedby=\"wp-block-file--media-2a3fcf5f-5217-46d4-82fc-98d3b84c7929\">Preuzimanje<\/a><\/div>\n\n\n\n<div class=\"wp-block-file\"><a id=\"wp-block-file--media-30137f8f-f5d9-4872-b977-0016ca3fc7c5\" href=\"https:\/\/aem.hr\/wp-content\/uploads\/2025\/03\/7.-Kolo-na-medanu.pdf\">7. Kolo na medanu<\/a><a href=\"https:\/\/aem.hr\/wp-content\/uploads\/2025\/03\/7.-Kolo-na-medanu.pdf\" class=\"wp-block-file__button wp-element-button\" download aria-describedby=\"wp-block-file--media-30137f8f-f5d9-4872-b977-0016ca3fc7c5\">Preuzimanje<\/a><\/div>\n\n\n\n<div class=\"wp-block-file\"><a id=\"wp-block-file--media-cf9acd59-2f2a-4a38-8561-0fb2e455a999\" href=\"https:\/\/aem.hr\/wp-content\/uploads\/2025\/03\/8.-Tradicija-i-bastina-u-funkciji-razvoja.pdf\">8. Tradicija i ba\u0161tina u funkciji razvoja<\/a><a href=\"https:\/\/aem.hr\/wp-content\/uploads\/2025\/03\/8.-Tradicija-i-bastina-u-funkciji-razvoja.pdf\" class=\"wp-block-file__button wp-element-button\" download aria-describedby=\"wp-block-file--media-cf9acd59-2f2a-4a38-8561-0fb2e455a999\">Preuzimanje<\/a><\/div>\n","protected":false},"excerpt":{"rendered":"","protected":false},"author":18,"featured_media":0,"parent":0,"menu_order":0,"comment_status":"closed","ping_status":"closed","template":"","meta":{"_acf_changed":false,"inline_featured_image":false,"advgb_blocks_editor_width":"","advgb_blocks_columns_visual_guide":"","_links_to":"","_links_to_type":0,"footnotes":""},"class_list":["post-22008","page","type-page","status-publish","hentry"],"acf":[],"yoast_head":"<!-- This site is optimized with the Yoast SEO plugin v25.7 - https:\/\/yoast.com\/wordpress\/plugins\/seo\/ -->\n<title>Simonida Tarbuk - INTERPRETACIJSKI CENTRI U SLU\u017dBI O\u010cUVANJA BA\u0160TINE I BRENDIRANJA SLAVONIJE - Agencija za elektroni\u010dke medije<\/title>\n<meta name=\"robots\" content=\"index, follow, max-snippet:-1, max-image-preview:large, max-video-preview:-1\" \/>\n<link rel=\"canonical\" href=\"https:\/\/aem.hr\/simonida-tarbuk-interpretacijski-centri-u-sluzbi-ocuvanja-bastine-i-brendiranja-slavonije\/\" \/>\n<meta property=\"og:locale\" content=\"en_US\" \/>\n<meta property=\"og:type\" content=\"article\" \/>\n<meta property=\"og:title\" content=\"Simonida Tarbuk - INTERPRETACIJSKI CENTRI U SLU\u017dBI O\u010cUVANJA BA\u0160TINE I BRENDIRANJA SLAVONIJE - Agencija za elektroni\u010dke medije\" \/>\n<meta property=\"og:url\" content=\"https:\/\/aem.hr\/simonida-tarbuk-interpretacijski-centri-u-sluzbi-ocuvanja-bastine-i-brendiranja-slavonije\/\" \/>\n<meta property=\"og:site_name\" content=\"Agencija za elektroni\u010dke medije\" \/>\n<meta property=\"article:modified_time\" content=\"2025-03-25T10:31:26+00:00\" \/>\n<meta name=\"twitter:card\" content=\"summary_large_image\" \/>\n<meta name=\"twitter:label1\" content=\"Est. reading time\" \/>\n\t<meta name=\"twitter:data1\" content=\"1 minute\" \/>\n<script type=\"application\/ld+json\" class=\"yoast-schema-graph\">{\"@context\":\"https:\/\/schema.org\",\"@graph\":[{\"@type\":\"WebPage\",\"@id\":\"https:\/\/aem.hr\/simonida-tarbuk-interpretacijski-centri-u-sluzbi-ocuvanja-bastine-i-brendiranja-slavonije\/\",\"url\":\"https:\/\/aem.hr\/simonida-tarbuk-interpretacijski-centri-u-sluzbi-ocuvanja-bastine-i-brendiranja-slavonije\/\",\"name\":\"Simonida Tarbuk - INTERPRETACIJSKI CENTRI U SLU\u017dBI O\u010cUVANJA BA\u0160TINE I BRENDIRANJA SLAVONIJE - Agencija za elektroni\u010dke medije\",\"isPartOf\":{\"@id\":\"https:\/\/aem.hr\/#website\"},\"datePublished\":\"2025-03-25T10:31:25+00:00\",\"dateModified\":\"2025-03-25T10:31:26+00:00\",\"breadcrumb\":{\"@id\":\"https:\/\/aem.hr\/simonida-tarbuk-interpretacijski-centri-u-sluzbi-ocuvanja-bastine-i-brendiranja-slavonije\/#breadcrumb\"},\"inLanguage\":\"en-US\",\"potentialAction\":[{\"@type\":\"ReadAction\",\"target\":[\"https:\/\/aem.hr\/simonida-tarbuk-interpretacijski-centri-u-sluzbi-ocuvanja-bastine-i-brendiranja-slavonije\/\"]}]},{\"@type\":\"BreadcrumbList\",\"@id\":\"https:\/\/aem.hr\/simonida-tarbuk-interpretacijski-centri-u-sluzbi-ocuvanja-bastine-i-brendiranja-slavonije\/#breadcrumb\",\"itemListElement\":[{\"@type\":\"ListItem\",\"position\":1,\"name\":\"Po\u010detna stranica\",\"item\":\"https:\/\/aem.hr\/\"},{\"@type\":\"ListItem\",\"position\":2,\"name\":\"Simonida Tarbuk &#8211; INTERPRETACIJSKI CENTRI U SLU\u017dBI O\u010cUVANJA BA\u0160TINE I BRENDIRANJA SLAVONIJE\"}]},{\"@type\":\"WebSite\",\"@id\":\"https:\/\/aem.hr\/#website\",\"url\":\"https:\/\/aem.hr\/\",\"name\":\"Agencija za elektroni\u010dke medije\",\"description\":\"\",\"potentialAction\":[{\"@type\":\"SearchAction\",\"target\":{\"@type\":\"EntryPoint\",\"urlTemplate\":\"https:\/\/aem.hr\/?s={search_term_string}\"},\"query-input\":{\"@type\":\"PropertyValueSpecification\",\"valueRequired\":true,\"valueName\":\"search_term_string\"}}],\"inLanguage\":\"en-US\"}]}<\/script>\n<!-- \/ Yoast SEO plugin. -->","yoast_head_json":{"title":"Simonida Tarbuk - INTERPRETACIJSKI CENTRI U SLU\u017dBI O\u010cUVANJA BA\u0160TINE I BRENDIRANJA SLAVONIJE - Agencija za elektroni\u010dke medije","robots":{"index":"index","follow":"follow","max-snippet":"max-snippet:-1","max-image-preview":"max-image-preview:large","max-video-preview":"max-video-preview:-1"},"canonical":"https:\/\/aem.hr\/simonida-tarbuk-interpretacijski-centri-u-sluzbi-ocuvanja-bastine-i-brendiranja-slavonije\/","og_locale":"en_US","og_type":"article","og_title":"Simonida Tarbuk - INTERPRETACIJSKI CENTRI U SLU\u017dBI O\u010cUVANJA BA\u0160TINE I BRENDIRANJA SLAVONIJE - Agencija za elektroni\u010dke medije","og_url":"https:\/\/aem.hr\/simonida-tarbuk-interpretacijski-centri-u-sluzbi-ocuvanja-bastine-i-brendiranja-slavonije\/","og_site_name":"Agencija za elektroni\u010dke medije","article_modified_time":"2025-03-25T10:31:26+00:00","twitter_card":"summary_large_image","twitter_misc":{"Est. reading time":"1 minute"},"schema":{"@context":"https:\/\/schema.org","@graph":[{"@type":"WebPage","@id":"https:\/\/aem.hr\/simonida-tarbuk-interpretacijski-centri-u-sluzbi-ocuvanja-bastine-i-brendiranja-slavonije\/","url":"https:\/\/aem.hr\/simonida-tarbuk-interpretacijski-centri-u-sluzbi-ocuvanja-bastine-i-brendiranja-slavonije\/","name":"Simonida Tarbuk - INTERPRETACIJSKI CENTRI U SLU\u017dBI O\u010cUVANJA BA\u0160TINE I BRENDIRANJA SLAVONIJE - Agencija za elektroni\u010dke medije","isPartOf":{"@id":"https:\/\/aem.hr\/#website"},"datePublished":"2025-03-25T10:31:25+00:00","dateModified":"2025-03-25T10:31:26+00:00","breadcrumb":{"@id":"https:\/\/aem.hr\/simonida-tarbuk-interpretacijski-centri-u-sluzbi-ocuvanja-bastine-i-brendiranja-slavonije\/#breadcrumb"},"inLanguage":"en-US","potentialAction":[{"@type":"ReadAction","target":["https:\/\/aem.hr\/simonida-tarbuk-interpretacijski-centri-u-sluzbi-ocuvanja-bastine-i-brendiranja-slavonije\/"]}]},{"@type":"BreadcrumbList","@id":"https:\/\/aem.hr\/simonida-tarbuk-interpretacijski-centri-u-sluzbi-ocuvanja-bastine-i-brendiranja-slavonije\/#breadcrumb","itemListElement":[{"@type":"ListItem","position":1,"name":"Po\u010detna stranica","item":"https:\/\/aem.hr\/"},{"@type":"ListItem","position":2,"name":"Simonida Tarbuk &#8211; INTERPRETACIJSKI CENTRI U SLU\u017dBI O\u010cUVANJA BA\u0160TINE I BRENDIRANJA SLAVONIJE"}]},{"@type":"WebSite","@id":"https:\/\/aem.hr\/#website","url":"https:\/\/aem.hr\/","name":"Agencija za elektroni\u010dke medije","description":"","potentialAction":[{"@type":"SearchAction","target":{"@type":"EntryPoint","urlTemplate":"https:\/\/aem.hr\/?s={search_term_string}"},"query-input":{"@type":"PropertyValueSpecification","valueRequired":true,"valueName":"search_term_string"}}],"inLanguage":"en-US"}]}},"coauthors":[],"author_meta":{"author_link":"https:\/\/aem.hr\/en\/blog\/author\/mkirac\/","display_name":"Matko Kirac"},"relative_dates":{"created":"Posted 1 year ago","modified":"Updated 1 year ago"},"absolute_dates":{"created":"Posted on 25. March 2025.","modified":"Updated on 25. March 2025."},"absolute_dates_time":{"created":"Posted on 25. March 2025. 11:31","modified":"Updated on 25. March 2025. 11:31"},"featured_img_caption":"","featured_img":false,"series_order":"","_links":{"self":[{"href":"https:\/\/aem.hr\/en\/wp-json\/wp\/v2\/pages\/22008","targetHints":{"allow":["GET"]}}],"collection":[{"href":"https:\/\/aem.hr\/en\/wp-json\/wp\/v2\/pages"}],"about":[{"href":"https:\/\/aem.hr\/en\/wp-json\/wp\/v2\/types\/page"}],"author":[{"embeddable":true,"href":"https:\/\/aem.hr\/en\/wp-json\/wp\/v2\/users\/18"}],"replies":[{"embeddable":true,"href":"https:\/\/aem.hr\/en\/wp-json\/wp\/v2\/comments?post=22008"}],"version-history":[{"count":1,"href":"https:\/\/aem.hr\/en\/wp-json\/wp\/v2\/pages\/22008\/revisions"}],"predecessor-version":[{"id":22025,"href":"https:\/\/aem.hr\/en\/wp-json\/wp\/v2\/pages\/22008\/revisions\/22025"}],"wp:attachment":[{"href":"https:\/\/aem.hr\/en\/wp-json\/wp\/v2\/media?parent=22008"}],"curies":[{"name":"wp","href":"https:\/\/api.w.org\/{rel}","templated":true}]}}