{"id":22040,"date":"2025-03-25T11:34:39","date_gmt":"2025-03-25T10:34:39","guid":{"rendered":"http:\/\/aem.hr\/?page_id=22040"},"modified":"2025-03-25T11:35:35","modified_gmt":"2025-03-25T10:35:35","slug":"magdalena-mrcela-momentalno-zdravlje-u-skolama-sve-dok-ti-ne-zatreba-psiholog-kojega-nema","status":"publish","type":"page","link":"https:\/\/aem.hr\/en\/magdalena-mrcela-momentalno-zdravlje-u-skolama-sve-dok-ti-ne-zatreba-psiholog-kojega-nema\/","title":{"rendered":"Magdalena Mr\u010dela &#8211; (Mo)mentalno zdravlje u \u0161kolama &#8211; sve dok ti ne zatreba psiholog &#8211; kojega NEMA"},"content":{"rendered":"\n<div class=\"wp-block-file\"><a id=\"wp-block-file--media-fd433d35-688c-4934-a5c7-260ff0e0d86d\" href=\"https:\/\/aem.hr\/wp-content\/uploads\/2025\/03\/1.-U-skolama-bez-psihologa-problematika.pdf\">1. U \u0161kolama bez psihologa problematika<\/a><a href=\"https:\/\/aem.hr\/wp-content\/uploads\/2025\/03\/1.-U-skolama-bez-psihologa-problematika.pdf\" class=\"wp-block-file__button wp-element-button\" download aria-describedby=\"wp-block-file--media-fd433d35-688c-4934-a5c7-260ff0e0d86d\">Preuzimanje<\/a><\/div>\n\n\n\n<div class=\"wp-block-file\"><a id=\"wp-block-file--media-522878ee-0eb1-4aa7-a675-a67c49f160ee\" href=\"https:\/\/aem.hr\/wp-content\/uploads\/2025\/03\/2.-Poremecaji-koncentracije.pdf\">2. Poreme\u0107aji koncentracije<\/a><a href=\"https:\/\/aem.hr\/wp-content\/uploads\/2025\/03\/2.-Poremecaji-koncentracije.pdf\" class=\"wp-block-file__button wp-element-button\" download aria-describedby=\"wp-block-file--media-522878ee-0eb1-4aa7-a675-a67c49f160ee\">Preuzimanje<\/a><\/div>\n\n\n\n<div class=\"wp-block-file\"><a id=\"wp-block-file--media-ce20a4ea-78ad-49ae-8e38-fb9481beab1f\" href=\"https:\/\/aem.hr\/wp-content\/uploads\/2025\/03\/3.-Burnout-sindrom-tiha-je.pdf\">3. Burnout sindrom tiha je<\/a><a href=\"https:\/\/aem.hr\/wp-content\/uploads\/2025\/03\/3.-Burnout-sindrom-tiha-je.pdf\" class=\"wp-block-file__button wp-element-button\" download aria-describedby=\"wp-block-file--media-ce20a4ea-78ad-49ae-8e38-fb9481beab1f\">Preuzimanje<\/a><\/div>\n\n\n\n<div class=\"wp-block-file\"><a id=\"wp-block-file--media-e1942878-7196-4f11-ad3d-c606df3d8ced\" href=\"https:\/\/aem.hr\/wp-content\/uploads\/2025\/03\/4.-Sa-skolskim-psihologom.pdf\">4. Sa \u0161kolskim psihologom<\/a><a href=\"https:\/\/aem.hr\/wp-content\/uploads\/2025\/03\/4.-Sa-skolskim-psihologom.pdf\" class=\"wp-block-file__button wp-element-button\" download aria-describedby=\"wp-block-file--media-e1942878-7196-4f11-ad3d-c606df3d8ced\">Preuzimanje<\/a><\/div>\n\n\n\n<div class=\"wp-block-file\"><a id=\"wp-block-file--media-15106b8d-2c09-41cf-acd1-da5d28e5969f\" href=\"https:\/\/aem.hr\/wp-content\/uploads\/2025\/03\/5.-Mnogo-posla.pdf\">5. Mnogo posla<\/a><a href=\"https:\/\/aem.hr\/wp-content\/uploads\/2025\/03\/5.-Mnogo-posla.pdf\" class=\"wp-block-file__button wp-element-button\" download aria-describedby=\"wp-block-file--media-15106b8d-2c09-41cf-acd1-da5d28e5969f\">Preuzimanje<\/a><\/div>\n\n\n\n<div class=\"wp-block-file\"><a id=\"wp-block-file--media-3a5f2040-42b1-4f5b-aa48-2ebd00af2ee2\" href=\"https:\/\/aem.hr\/wp-content\/uploads\/2025\/03\/6.-Status-quo-bez-psihologa.pdf\">6. Status quo bez psihologa<\/a><a href=\"https:\/\/aem.hr\/wp-content\/uploads\/2025\/03\/6.-Status-quo-bez-psihologa.pdf\" class=\"wp-block-file__button wp-element-button\" download aria-describedby=\"wp-block-file--media-3a5f2040-42b1-4f5b-aa48-2ebd00af2ee2\">Preuzimanje<\/a><\/div>\n\n\n\n<p><\/p>\n","protected":false},"excerpt":{"rendered":"","protected":false},"author":18,"featured_media":0,"parent":0,"menu_order":0,"comment_status":"closed","ping_status":"closed","template":"","meta":{"_acf_changed":false,"inline_featured_image":false,"advgb_blocks_editor_width":"","advgb_blocks_columns_visual_guide":"","_links_to":"","_links_to_type":0,"footnotes":""},"class_list":["post-22040","page","type-page","status-publish","hentry"],"acf":[],"yoast_head":"<!-- This site is optimized with the Yoast SEO plugin v25.7 - https:\/\/yoast.com\/wordpress\/plugins\/seo\/ -->\n<title>Magdalena Mr\u010dela - (Mo)mentalno zdravlje u \u0161kolama - sve dok ti ne zatreba psiholog - kojega NEMA - Agencija za elektroni\u010dke medije<\/title>\n<meta name=\"robots\" content=\"index, follow, max-snippet:-1, max-image-preview:large, max-video-preview:-1\" \/>\n<link rel=\"canonical\" href=\"https:\/\/aem.hr\/magdalena-mrcela-momentalno-zdravlje-u-skolama-sve-dok-ti-ne-zatreba-psiholog-kojega-nema\/\" \/>\n<meta property=\"og:locale\" content=\"en_US\" \/>\n<meta property=\"og:type\" content=\"article\" \/>\n<meta property=\"og:title\" content=\"Magdalena Mr\u010dela - (Mo)mentalno zdravlje u \u0161kolama - sve dok ti ne zatreba psiholog - kojega NEMA - Agencija za elektroni\u010dke medije\" \/>\n<meta property=\"og:url\" content=\"https:\/\/aem.hr\/magdalena-mrcela-momentalno-zdravlje-u-skolama-sve-dok-ti-ne-zatreba-psiholog-kojega-nema\/\" \/>\n<meta property=\"og:site_name\" content=\"Agencija za elektroni\u010dke medije\" \/>\n<meta property=\"article:modified_time\" content=\"2025-03-25T10:35:35+00:00\" \/>\n<meta name=\"twitter:card\" content=\"summary_large_image\" \/>\n<meta name=\"twitter:label1\" content=\"Est. reading time\" \/>\n\t<meta name=\"twitter:data1\" content=\"1 minute\" \/>\n<script type=\"application\/ld+json\" class=\"yoast-schema-graph\">{\"@context\":\"https:\/\/schema.org\",\"@graph\":[{\"@type\":\"WebPage\",\"@id\":\"https:\/\/aem.hr\/magdalena-mrcela-momentalno-zdravlje-u-skolama-sve-dok-ti-ne-zatreba-psiholog-kojega-nema\/\",\"url\":\"https:\/\/aem.hr\/magdalena-mrcela-momentalno-zdravlje-u-skolama-sve-dok-ti-ne-zatreba-psiholog-kojega-nema\/\",\"name\":\"Magdalena Mr\u010dela - (Mo)mentalno zdravlje u \u0161kolama - sve dok ti ne zatreba psiholog - kojega NEMA - Agencija za elektroni\u010dke medije\",\"isPartOf\":{\"@id\":\"https:\/\/aem.hr\/#website\"},\"datePublished\":\"2025-03-25T10:34:39+00:00\",\"dateModified\":\"2025-03-25T10:35:35+00:00\",\"breadcrumb\":{\"@id\":\"https:\/\/aem.hr\/magdalena-mrcela-momentalno-zdravlje-u-skolama-sve-dok-ti-ne-zatreba-psiholog-kojega-nema\/#breadcrumb\"},\"inLanguage\":\"en-US\",\"potentialAction\":[{\"@type\":\"ReadAction\",\"target\":[\"https:\/\/aem.hr\/magdalena-mrcela-momentalno-zdravlje-u-skolama-sve-dok-ti-ne-zatreba-psiholog-kojega-nema\/\"]}]},{\"@type\":\"BreadcrumbList\",\"@id\":\"https:\/\/aem.hr\/magdalena-mrcela-momentalno-zdravlje-u-skolama-sve-dok-ti-ne-zatreba-psiholog-kojega-nema\/#breadcrumb\",\"itemListElement\":[{\"@type\":\"ListItem\",\"position\":1,\"name\":\"Po\u010detna stranica\",\"item\":\"https:\/\/aem.hr\/\"},{\"@type\":\"ListItem\",\"position\":2,\"name\":\"Magdalena Mr\u010dela &#8211; (Mo)mentalno zdravlje u \u0161kolama &#8211; sve dok ti ne zatreba psiholog &#8211; kojega NEMA\"}]},{\"@type\":\"WebSite\",\"@id\":\"https:\/\/aem.hr\/#website\",\"url\":\"https:\/\/aem.hr\/\",\"name\":\"Agencija za elektroni\u010dke medije\",\"description\":\"\",\"potentialAction\":[{\"@type\":\"SearchAction\",\"target\":{\"@type\":\"EntryPoint\",\"urlTemplate\":\"https:\/\/aem.hr\/?s={search_term_string}\"},\"query-input\":{\"@type\":\"PropertyValueSpecification\",\"valueRequired\":true,\"valueName\":\"search_term_string\"}}],\"inLanguage\":\"en-US\"}]}<\/script>\n<!-- \/ Yoast SEO plugin. -->","yoast_head_json":{"title":"Magdalena Mr\u010dela - (Mo)mentalno zdravlje u \u0161kolama - sve dok ti ne zatreba psiholog - kojega NEMA - Agencija za elektroni\u010dke medije","robots":{"index":"index","follow":"follow","max-snippet":"max-snippet:-1","max-image-preview":"max-image-preview:large","max-video-preview":"max-video-preview:-1"},"canonical":"https:\/\/aem.hr\/magdalena-mrcela-momentalno-zdravlje-u-skolama-sve-dok-ti-ne-zatreba-psiholog-kojega-nema\/","og_locale":"en_US","og_type":"article","og_title":"Magdalena Mr\u010dela - (Mo)mentalno zdravlje u \u0161kolama - sve dok ti ne zatreba psiholog - kojega NEMA - Agencija za elektroni\u010dke medije","og_url":"https:\/\/aem.hr\/magdalena-mrcela-momentalno-zdravlje-u-skolama-sve-dok-ti-ne-zatreba-psiholog-kojega-nema\/","og_site_name":"Agencija za elektroni\u010dke medije","article_modified_time":"2025-03-25T10:35:35+00:00","twitter_card":"summary_large_image","twitter_misc":{"Est. reading time":"1 minute"},"schema":{"@context":"https:\/\/schema.org","@graph":[{"@type":"WebPage","@id":"https:\/\/aem.hr\/magdalena-mrcela-momentalno-zdravlje-u-skolama-sve-dok-ti-ne-zatreba-psiholog-kojega-nema\/","url":"https:\/\/aem.hr\/magdalena-mrcela-momentalno-zdravlje-u-skolama-sve-dok-ti-ne-zatreba-psiholog-kojega-nema\/","name":"Magdalena Mr\u010dela - (Mo)mentalno zdravlje u \u0161kolama - sve dok ti ne zatreba psiholog - kojega NEMA - Agencija za elektroni\u010dke medije","isPartOf":{"@id":"https:\/\/aem.hr\/#website"},"datePublished":"2025-03-25T10:34:39+00:00","dateModified":"2025-03-25T10:35:35+00:00","breadcrumb":{"@id":"https:\/\/aem.hr\/magdalena-mrcela-momentalno-zdravlje-u-skolama-sve-dok-ti-ne-zatreba-psiholog-kojega-nema\/#breadcrumb"},"inLanguage":"en-US","potentialAction":[{"@type":"ReadAction","target":["https:\/\/aem.hr\/magdalena-mrcela-momentalno-zdravlje-u-skolama-sve-dok-ti-ne-zatreba-psiholog-kojega-nema\/"]}]},{"@type":"BreadcrumbList","@id":"https:\/\/aem.hr\/magdalena-mrcela-momentalno-zdravlje-u-skolama-sve-dok-ti-ne-zatreba-psiholog-kojega-nema\/#breadcrumb","itemListElement":[{"@type":"ListItem","position":1,"name":"Po\u010detna stranica","item":"https:\/\/aem.hr\/"},{"@type":"ListItem","position":2,"name":"Magdalena Mr\u010dela &#8211; (Mo)mentalno zdravlje u \u0161kolama &#8211; sve dok ti ne zatreba psiholog &#8211; kojega NEMA"}]},{"@type":"WebSite","@id":"https:\/\/aem.hr\/#website","url":"https:\/\/aem.hr\/","name":"Agencija za elektroni\u010dke medije","description":"","potentialAction":[{"@type":"SearchAction","target":{"@type":"EntryPoint","urlTemplate":"https:\/\/aem.hr\/?s={search_term_string}"},"query-input":{"@type":"PropertyValueSpecification","valueRequired":true,"valueName":"search_term_string"}}],"inLanguage":"en-US"}]}},"coauthors":[],"author_meta":{"author_link":"https:\/\/aem.hr\/en\/blog\/author\/mkirac\/","display_name":"Matko Kirac"},"relative_dates":{"created":"Posted 1 year ago","modified":"Updated 1 year ago"},"absolute_dates":{"created":"Posted on 25. March 2025.","modified":"Updated on 25. March 2025."},"absolute_dates_time":{"created":"Posted on 25. March 2025. 11:34","modified":"Updated on 25. March 2025. 11:35"},"featured_img_caption":"","featured_img":false,"series_order":"","_links":{"self":[{"href":"https:\/\/aem.hr\/en\/wp-json\/wp\/v2\/pages\/22040","targetHints":{"allow":["GET"]}}],"collection":[{"href":"https:\/\/aem.hr\/en\/wp-json\/wp\/v2\/pages"}],"about":[{"href":"https:\/\/aem.hr\/en\/wp-json\/wp\/v2\/types\/page"}],"author":[{"embeddable":true,"href":"https:\/\/aem.hr\/en\/wp-json\/wp\/v2\/users\/18"}],"replies":[{"embeddable":true,"href":"https:\/\/aem.hr\/en\/wp-json\/wp\/v2\/comments?post=22040"}],"version-history":[{"count":2,"href":"https:\/\/aem.hr\/en\/wp-json\/wp\/v2\/pages\/22040\/revisions"}],"predecessor-version":[{"id":22054,"href":"https:\/\/aem.hr\/en\/wp-json\/wp\/v2\/pages\/22040\/revisions\/22054"}],"wp:attachment":[{"href":"https:\/\/aem.hr\/en\/wp-json\/wp\/v2\/media?parent=22040"}],"curies":[{"name":"wp","href":"https:\/\/api.w.org\/{rel}","templated":true}]}}