{"id":22056,"date":"2025-03-25T11:36:35","date_gmt":"2025-03-25T10:36:35","guid":{"rendered":"http:\/\/aem.hr\/?page_id=22056"},"modified":"2025-03-25T11:36:36","modified_gmt":"2025-03-25T10:36:36","slug":"ante-vukic-ima-li-zlata-arheolosko-povijesne-crtice-ravnih-kotara","status":"publish","type":"page","link":"https:\/\/aem.hr\/en\/ante-vukic-ima-li-zlata-arheolosko-povijesne-crtice-ravnih-kotara\/","title":{"rendered":"Ante Vuki\u0107 &#8211; &#8220;Ima li zlata? &#8211; Arheolo\u0161ko-povijesne crtice Ravnih kotara&#8221;"},"content":{"rendered":"\n<div class=\"wp-block-file\"><a id=\"wp-block-file--media-b7c1b7d2-2312-4ff5-a4a4-cd79f5bb993e\" href=\"https:\/\/aem.hr\/wp-content\/uploads\/2025\/03\/1.-Ima-li-zlata.pdf\">1. Ima li zlata<\/a><a href=\"https:\/\/aem.hr\/wp-content\/uploads\/2025\/03\/1.-Ima-li-zlata.pdf\" class=\"wp-block-file__button wp-element-button\" download aria-describedby=\"wp-block-file--media-b7c1b7d2-2312-4ff5-a4a4-cd79f5bb993e\">Preuzimanje<\/a><\/div>\n\n\n\n<div class=\"wp-block-file\"><a id=\"wp-block-file--media-aec3971e-c093-419c-8a28-5f8ecf04c7d7\" href=\"https:\/\/aem.hr\/wp-content\/uploads\/2025\/03\/2.-Kako-su-zivjeli.pdf\">2. Kako su \u017eivjeli<\/a><a href=\"https:\/\/aem.hr\/wp-content\/uploads\/2025\/03\/2.-Kako-su-zivjeli.pdf\" class=\"wp-block-file__button wp-element-button\" download aria-describedby=\"wp-block-file--media-aec3971e-c093-419c-8a28-5f8ecf04c7d7\">Preuzimanje<\/a><\/div>\n\n\n\n<div class=\"wp-block-file\"><a id=\"wp-block-file--media-9b363b9a-b7b8-4e75-8e89-8c35e74ebe31\" href=\"https:\/\/aem.hr\/wp-content\/uploads\/2025\/03\/3.-Plodovi-zemlje.pdf\">3. Plodovi zemlje<\/a><a href=\"https:\/\/aem.hr\/wp-content\/uploads\/2025\/03\/3.-Plodovi-zemlje.pdf\" class=\"wp-block-file__button wp-element-button\" download aria-describedby=\"wp-block-file--media-9b363b9a-b7b8-4e75-8e89-8c35e74ebe31\">Preuzimanje<\/a><\/div>\n\n\n\n<div class=\"wp-block-file\"><a id=\"wp-block-file--media-bd3fe6e1-c471-4061-8d4e-8bc3777fc385\" href=\"https:\/\/aem.hr\/wp-content\/uploads\/2025\/03\/4.-Teski-metal.pdf\">4. Te\u0161ki metal<\/a><a href=\"https:\/\/aem.hr\/wp-content\/uploads\/2025\/03\/4.-Teski-metal.pdf\" class=\"wp-block-file__button wp-element-button\" download aria-describedby=\"wp-block-file--media-bd3fe6e1-c471-4061-8d4e-8bc3777fc385\">Preuzimanje<\/a><\/div>\n\n\n\n<div class=\"wp-block-file\"><a id=\"wp-block-file--media-6c6fa179-bc35-4c89-9f02-506bda817ad4\" href=\"https:\/\/aem.hr\/wp-content\/uploads\/2025\/03\/5.-Helenizam.pdf\">5. Helenizam<\/a><a href=\"https:\/\/aem.hr\/wp-content\/uploads\/2025\/03\/5.-Helenizam.pdf\" class=\"wp-block-file__button wp-element-button\" download aria-describedby=\"wp-block-file--media-6c6fa179-bc35-4c89-9f02-506bda817ad4\">Preuzimanje<\/a><\/div>\n\n\n\n<div class=\"wp-block-file\"><a id=\"wp-block-file--media-6bb6a2c5-54d6-4247-8314-05af7b47e320\" href=\"https:\/\/aem.hr\/wp-content\/uploads\/2025\/03\/6.-Liburnski-cipusi.pdf\">6. Liburnski cipusi<\/a><a href=\"https:\/\/aem.hr\/wp-content\/uploads\/2025\/03\/6.-Liburnski-cipusi.pdf\" class=\"wp-block-file__button wp-element-button\" download aria-describedby=\"wp-block-file--media-6bb6a2c5-54d6-4247-8314-05af7b47e320\">Preuzimanje<\/a><\/div>\n\n\n\n<div class=\"wp-block-file\"><a id=\"wp-block-file--media-12426f10-b71f-41b8-a705-e34569aaa4c4\" href=\"https:\/\/aem.hr\/wp-content\/uploads\/2025\/03\/7.-Osvit-krscanstva.pdf\">7. Osvit kr\u0161\u0107anstva<\/a><a href=\"https:\/\/aem.hr\/wp-content\/uploads\/2025\/03\/7.-Osvit-krscanstva.pdf\" class=\"wp-block-file__button wp-element-button\" download aria-describedby=\"wp-block-file--media-12426f10-b71f-41b8-a705-e34569aaa4c4\">Preuzimanje<\/a><\/div>\n\n\n\n<div class=\"wp-block-file\"><a id=\"wp-block-file--media-51f54d7c-fc8a-42f1-898c-65b0b8859092\" href=\"https:\/\/aem.hr\/wp-content\/uploads\/2025\/03\/8.-Zapisano-u-kamenu.pdf\">8. Zapisano u kamenu<\/a><a href=\"https:\/\/aem.hr\/wp-content\/uploads\/2025\/03\/8.-Zapisano-u-kamenu.pdf\" class=\"wp-block-file__button wp-element-button\" download aria-describedby=\"wp-block-file--media-51f54d7c-fc8a-42f1-898c-65b0b8859092\">Preuzimanje<\/a><\/div>\n\n\n\n<div class=\"wp-block-file\"><a id=\"wp-block-file--media-08d730e4-84bb-4b03-9e4b-c6b572e2397a\" href=\"https:\/\/aem.hr\/wp-content\/uploads\/2025\/03\/9.-Nije-u-soldima-sve.pdf\">9. Nije u \u0161oldima sve<\/a><a href=\"https:\/\/aem.hr\/wp-content\/uploads\/2025\/03\/9.-Nije-u-soldima-sve.pdf\" class=\"wp-block-file__button wp-element-button\" download aria-describedby=\"wp-block-file--media-08d730e4-84bb-4b03-9e4b-c6b572e2397a\">Preuzimanje<\/a><\/div>\n\n\n\n<div class=\"wp-block-file\"><a id=\"wp-block-file--media-4b71c232-788a-4fa7-9a9a-a668d93dc6f3\" href=\"https:\/\/aem.hr\/wp-content\/uploads\/2025\/03\/10.-Utvrdimo-se.pdf\">10. Utvrdimo se<\/a><a href=\"https:\/\/aem.hr\/wp-content\/uploads\/2025\/03\/10.-Utvrdimo-se.pdf\" class=\"wp-block-file__button wp-element-button\" download aria-describedby=\"wp-block-file--media-4b71c232-788a-4fa7-9a9a-a668d93dc6f3\">Preuzimanje<\/a><\/div>\n","protected":false},"excerpt":{"rendered":"","protected":false},"author":18,"featured_media":0,"parent":0,"menu_order":0,"comment_status":"closed","ping_status":"closed","template":"","meta":{"_acf_changed":false,"inline_featured_image":false,"advgb_blocks_editor_width":"","advgb_blocks_columns_visual_guide":"","_links_to":"","_links_to_type":0,"footnotes":""},"class_list":["post-22056","page","type-page","status-publish","hentry"],"acf":[],"yoast_head":"<!-- This site is optimized with the Yoast SEO plugin v25.7 - https:\/\/yoast.com\/wordpress\/plugins\/seo\/ -->\n<title>Ante Vuki\u0107 - &quot;Ima li zlata? - Arheolo\u0161ko-povijesne crtice Ravnih kotara&quot; - Agencija za elektroni\u010dke medije<\/title>\n<meta name=\"robots\" content=\"index, follow, max-snippet:-1, max-image-preview:large, max-video-preview:-1\" \/>\n<link rel=\"canonical\" href=\"https:\/\/aem.hr\/ante-vukic-ima-li-zlata-arheolosko-povijesne-crtice-ravnih-kotara\/\" \/>\n<meta property=\"og:locale\" content=\"en_US\" \/>\n<meta property=\"og:type\" content=\"article\" \/>\n<meta property=\"og:title\" content=\"Ante Vuki\u0107 - &quot;Ima li zlata? - Arheolo\u0161ko-povijesne crtice Ravnih kotara&quot; - Agencija za elektroni\u010dke medije\" \/>\n<meta property=\"og:url\" content=\"https:\/\/aem.hr\/ante-vukic-ima-li-zlata-arheolosko-povijesne-crtice-ravnih-kotara\/\" \/>\n<meta property=\"og:site_name\" content=\"Agencija za elektroni\u010dke medije\" \/>\n<meta property=\"article:modified_time\" content=\"2025-03-25T10:36:36+00:00\" \/>\n<meta name=\"twitter:card\" content=\"summary_large_image\" \/>\n<meta name=\"twitter:label1\" content=\"Est. reading time\" \/>\n\t<meta name=\"twitter:data1\" content=\"1 minute\" \/>\n<script type=\"application\/ld+json\" class=\"yoast-schema-graph\">{\"@context\":\"https:\/\/schema.org\",\"@graph\":[{\"@type\":\"WebPage\",\"@id\":\"https:\/\/aem.hr\/ante-vukic-ima-li-zlata-arheolosko-povijesne-crtice-ravnih-kotara\/\",\"url\":\"https:\/\/aem.hr\/ante-vukic-ima-li-zlata-arheolosko-povijesne-crtice-ravnih-kotara\/\",\"name\":\"Ante Vuki\u0107 - \\\"Ima li zlata? - Arheolo\u0161ko-povijesne crtice Ravnih kotara\\\" - Agencija za elektroni\u010dke medije\",\"isPartOf\":{\"@id\":\"https:\/\/aem.hr\/#website\"},\"datePublished\":\"2025-03-25T10:36:35+00:00\",\"dateModified\":\"2025-03-25T10:36:36+00:00\",\"breadcrumb\":{\"@id\":\"https:\/\/aem.hr\/ante-vukic-ima-li-zlata-arheolosko-povijesne-crtice-ravnih-kotara\/#breadcrumb\"},\"inLanguage\":\"en-US\",\"potentialAction\":[{\"@type\":\"ReadAction\",\"target\":[\"https:\/\/aem.hr\/ante-vukic-ima-li-zlata-arheolosko-povijesne-crtice-ravnih-kotara\/\"]}]},{\"@type\":\"BreadcrumbList\",\"@id\":\"https:\/\/aem.hr\/ante-vukic-ima-li-zlata-arheolosko-povijesne-crtice-ravnih-kotara\/#breadcrumb\",\"itemListElement\":[{\"@type\":\"ListItem\",\"position\":1,\"name\":\"Po\u010detna stranica\",\"item\":\"https:\/\/aem.hr\/\"},{\"@type\":\"ListItem\",\"position\":2,\"name\":\"Ante Vuki\u0107 &#8211; &#8220;Ima li zlata? &#8211; Arheolo\u0161ko-povijesne crtice Ravnih kotara&#8221;\"}]},{\"@type\":\"WebSite\",\"@id\":\"https:\/\/aem.hr\/#website\",\"url\":\"https:\/\/aem.hr\/\",\"name\":\"Agencija za elektroni\u010dke medije\",\"description\":\"\",\"potentialAction\":[{\"@type\":\"SearchAction\",\"target\":{\"@type\":\"EntryPoint\",\"urlTemplate\":\"https:\/\/aem.hr\/?s={search_term_string}\"},\"query-input\":{\"@type\":\"PropertyValueSpecification\",\"valueRequired\":true,\"valueName\":\"search_term_string\"}}],\"inLanguage\":\"en-US\"}]}<\/script>\n<!-- \/ Yoast SEO plugin. -->","yoast_head_json":{"title":"Ante Vuki\u0107 - \"Ima li zlata? - Arheolo\u0161ko-povijesne crtice Ravnih kotara\" - Agencija za elektroni\u010dke medije","robots":{"index":"index","follow":"follow","max-snippet":"max-snippet:-1","max-image-preview":"max-image-preview:large","max-video-preview":"max-video-preview:-1"},"canonical":"https:\/\/aem.hr\/ante-vukic-ima-li-zlata-arheolosko-povijesne-crtice-ravnih-kotara\/","og_locale":"en_US","og_type":"article","og_title":"Ante Vuki\u0107 - \"Ima li zlata? - Arheolo\u0161ko-povijesne crtice Ravnih kotara\" - Agencija za elektroni\u010dke medije","og_url":"https:\/\/aem.hr\/ante-vukic-ima-li-zlata-arheolosko-povijesne-crtice-ravnih-kotara\/","og_site_name":"Agencija za elektroni\u010dke medije","article_modified_time":"2025-03-25T10:36:36+00:00","twitter_card":"summary_large_image","twitter_misc":{"Est. reading time":"1 minute"},"schema":{"@context":"https:\/\/schema.org","@graph":[{"@type":"WebPage","@id":"https:\/\/aem.hr\/ante-vukic-ima-li-zlata-arheolosko-povijesne-crtice-ravnih-kotara\/","url":"https:\/\/aem.hr\/ante-vukic-ima-li-zlata-arheolosko-povijesne-crtice-ravnih-kotara\/","name":"Ante Vuki\u0107 - \"Ima li zlata? - Arheolo\u0161ko-povijesne crtice Ravnih kotara\" - Agencija za elektroni\u010dke medije","isPartOf":{"@id":"https:\/\/aem.hr\/#website"},"datePublished":"2025-03-25T10:36:35+00:00","dateModified":"2025-03-25T10:36:36+00:00","breadcrumb":{"@id":"https:\/\/aem.hr\/ante-vukic-ima-li-zlata-arheolosko-povijesne-crtice-ravnih-kotara\/#breadcrumb"},"inLanguage":"en-US","potentialAction":[{"@type":"ReadAction","target":["https:\/\/aem.hr\/ante-vukic-ima-li-zlata-arheolosko-povijesne-crtice-ravnih-kotara\/"]}]},{"@type":"BreadcrumbList","@id":"https:\/\/aem.hr\/ante-vukic-ima-li-zlata-arheolosko-povijesne-crtice-ravnih-kotara\/#breadcrumb","itemListElement":[{"@type":"ListItem","position":1,"name":"Po\u010detna stranica","item":"https:\/\/aem.hr\/"},{"@type":"ListItem","position":2,"name":"Ante Vuki\u0107 &#8211; &#8220;Ima li zlata? &#8211; Arheolo\u0161ko-povijesne crtice Ravnih kotara&#8221;"}]},{"@type":"WebSite","@id":"https:\/\/aem.hr\/#website","url":"https:\/\/aem.hr\/","name":"Agencija za elektroni\u010dke medije","description":"","potentialAction":[{"@type":"SearchAction","target":{"@type":"EntryPoint","urlTemplate":"https:\/\/aem.hr\/?s={search_term_string}"},"query-input":{"@type":"PropertyValueSpecification","valueRequired":true,"valueName":"search_term_string"}}],"inLanguage":"en-US"}]}},"coauthors":[],"author_meta":{"author_link":"https:\/\/aem.hr\/en\/blog\/author\/mkirac\/","display_name":"Matko Kirac"},"relative_dates":{"created":"Posted 1 year ago","modified":"Updated 1 year ago"},"absolute_dates":{"created":"Posted on 25. March 2025.","modified":"Updated on 25. March 2025."},"absolute_dates_time":{"created":"Posted on 25. March 2025. 11:36","modified":"Updated on 25. March 2025. 11:36"},"featured_img_caption":"","featured_img":false,"series_order":"","_links":{"self":[{"href":"https:\/\/aem.hr\/en\/wp-json\/wp\/v2\/pages\/22056","targetHints":{"allow":["GET"]}}],"collection":[{"href":"https:\/\/aem.hr\/en\/wp-json\/wp\/v2\/pages"}],"about":[{"href":"https:\/\/aem.hr\/en\/wp-json\/wp\/v2\/types\/page"}],"author":[{"embeddable":true,"href":"https:\/\/aem.hr\/en\/wp-json\/wp\/v2\/users\/18"}],"replies":[{"embeddable":true,"href":"https:\/\/aem.hr\/en\/wp-json\/wp\/v2\/comments?post=22056"}],"version-history":[{"count":1,"href":"https:\/\/aem.hr\/en\/wp-json\/wp\/v2\/pages\/22056\/revisions"}],"predecessor-version":[{"id":22077,"href":"https:\/\/aem.hr\/en\/wp-json\/wp\/v2\/pages\/22056\/revisions\/22077"}],"wp:attachment":[{"href":"https:\/\/aem.hr\/en\/wp-json\/wp\/v2\/media?parent=22056"}],"curies":[{"name":"wp","href":"https:\/\/api.w.org\/{rel}","templated":true}]}}