{"id":22079,"date":"2025-03-25T11:38:01","date_gmt":"2025-03-25T10:38:01","guid":{"rendered":"http:\/\/aem.hr\/?page_id=22079"},"modified":"2025-03-25T11:38:02","modified_gmt":"2025-03-25T10:38:02","slug":"katja-radolovic-hrana-kroz-prizmu-21-stoljeca","status":"publish","type":"page","link":"https:\/\/aem.hr\/en\/katja-radolovic-hrana-kroz-prizmu-21-stoljeca\/","title":{"rendered":"Katja Radolovi\u0107 -Hrana kroz prizmu 21.stolje\u0107a"},"content":{"rendered":"\n<div class=\"wp-block-file\"><a id=\"wp-block-file--media-581f659f-d0f1-43ea-8d3e-e98a2fc7c92c\" href=\"https:\/\/aem.hr\/wp-content\/uploads\/2025\/03\/1.-Hrana-kao-uspomena.pdf\">1. Hrana kao uspomena<\/a><a href=\"https:\/\/aem.hr\/wp-content\/uploads\/2025\/03\/1.-Hrana-kao-uspomena.pdf\" class=\"wp-block-file__button wp-element-button\" download aria-describedby=\"wp-block-file--media-581f659f-d0f1-43ea-8d3e-e98a2fc7c92c\">Preuzimanje<\/a><\/div>\n\n\n\n<div class=\"wp-block-file\"><a id=\"wp-block-file--media-a94f2685-b6be-43da-8deb-2031fc688d43\" href=\"https:\/\/aem.hr\/wp-content\/uploads\/2025\/03\/2.-Hrana-kao-trend.pdf\">2. Hrana kao trend<\/a><a href=\"https:\/\/aem.hr\/wp-content\/uploads\/2025\/03\/2.-Hrana-kao-trend.pdf\" class=\"wp-block-file__button wp-element-button\" download aria-describedby=\"wp-block-file--media-a94f2685-b6be-43da-8deb-2031fc688d43\">Preuzimanje<\/a><\/div>\n\n\n\n<div class=\"wp-block-file\"><a id=\"wp-block-file--media-3047c84d-f6b0-4707-9a94-5f6c1e82d233\" href=\"https:\/\/aem.hr\/wp-content\/uploads\/2025\/03\/3.-Hrana-kao-visak.pdf\">3. Hrana kao vi\u0161ak<\/a><a href=\"https:\/\/aem.hr\/wp-content\/uploads\/2025\/03\/3.-Hrana-kao-visak.pdf\" class=\"wp-block-file__button wp-element-button\" download aria-describedby=\"wp-block-file--media-3047c84d-f6b0-4707-9a94-5f6c1e82d233\">Preuzimanje<\/a><\/div>\n\n\n\n<div class=\"wp-block-file\"><a id=\"wp-block-file--media-8cc79b33-91dc-459f-a574-29d72e050e3a\" href=\"https:\/\/aem.hr\/wp-content\/uploads\/2025\/03\/4.-Hrana-kao-odraz-nacina-zivota.pdf\">4. Hrana kao odraz na\u010dina \u017eivota<\/a><a href=\"https:\/\/aem.hr\/wp-content\/uploads\/2025\/03\/4.-Hrana-kao-odraz-nacina-zivota.pdf\" class=\"wp-block-file__button wp-element-button\" download aria-describedby=\"wp-block-file--media-8cc79b33-91dc-459f-a574-29d72e050e3a\">Preuzimanje<\/a><\/div>\n\n\n\n<div class=\"wp-block-file\"><a id=\"wp-block-file--media-59d7b36c-1a1b-4816-ad5e-0293b201e58d\" href=\"https:\/\/aem.hr\/wp-content\/uploads\/2025\/03\/5.-Hrana-kao-nositelj-promjena.pdf\">5. Hrana kao nositelj promjena<\/a><a href=\"https:\/\/aem.hr\/wp-content\/uploads\/2025\/03\/5.-Hrana-kao-nositelj-promjena.pdf\" class=\"wp-block-file__button wp-element-button\" download aria-describedby=\"wp-block-file--media-59d7b36c-1a1b-4816-ad5e-0293b201e58d\">Preuzimanje<\/a><\/div>\n","protected":false},"excerpt":{"rendered":"","protected":false},"author":18,"featured_media":0,"parent":0,"menu_order":0,"comment_status":"closed","ping_status":"closed","template":"","meta":{"_acf_changed":false,"inline_featured_image":false,"advgb_blocks_editor_width":"","advgb_blocks_columns_visual_guide":"","_links_to":"","_links_to_type":0,"footnotes":""},"class_list":["post-22079","page","type-page","status-publish","hentry"],"acf":[],"yoast_head":"<!-- This site is optimized with the Yoast SEO plugin v25.7 - https:\/\/yoast.com\/wordpress\/plugins\/seo\/ -->\n<title>Katja Radolovi\u0107 -Hrana kroz prizmu 21.stolje\u0107a - Agencija za elektroni\u010dke medije<\/title>\n<meta name=\"robots\" content=\"index, follow, max-snippet:-1, max-image-preview:large, max-video-preview:-1\" \/>\n<link rel=\"canonical\" href=\"https:\/\/aem.hr\/katja-radolovic-hrana-kroz-prizmu-21-stoljeca\/\" \/>\n<meta property=\"og:locale\" content=\"en_US\" \/>\n<meta property=\"og:type\" content=\"article\" \/>\n<meta property=\"og:title\" content=\"Katja Radolovi\u0107 -Hrana kroz prizmu 21.stolje\u0107a - Agencija za elektroni\u010dke medije\" \/>\n<meta property=\"og:url\" content=\"https:\/\/aem.hr\/katja-radolovic-hrana-kroz-prizmu-21-stoljeca\/\" \/>\n<meta property=\"og:site_name\" content=\"Agencija za elektroni\u010dke medije\" \/>\n<meta property=\"article:modified_time\" content=\"2025-03-25T10:38:02+00:00\" \/>\n<meta name=\"twitter:card\" content=\"summary_large_image\" \/>\n<meta name=\"twitter:label1\" content=\"Est. reading time\" \/>\n\t<meta name=\"twitter:data1\" content=\"1 minute\" \/>\n<script type=\"application\/ld+json\" class=\"yoast-schema-graph\">{\"@context\":\"https:\/\/schema.org\",\"@graph\":[{\"@type\":\"WebPage\",\"@id\":\"https:\/\/aem.hr\/katja-radolovic-hrana-kroz-prizmu-21-stoljeca\/\",\"url\":\"https:\/\/aem.hr\/katja-radolovic-hrana-kroz-prizmu-21-stoljeca\/\",\"name\":\"Katja Radolovi\u0107 -Hrana kroz prizmu 21.stolje\u0107a - Agencija za elektroni\u010dke medije\",\"isPartOf\":{\"@id\":\"https:\/\/aem.hr\/#website\"},\"datePublished\":\"2025-03-25T10:38:01+00:00\",\"dateModified\":\"2025-03-25T10:38:02+00:00\",\"breadcrumb\":{\"@id\":\"https:\/\/aem.hr\/katja-radolovic-hrana-kroz-prizmu-21-stoljeca\/#breadcrumb\"},\"inLanguage\":\"en-US\",\"potentialAction\":[{\"@type\":\"ReadAction\",\"target\":[\"https:\/\/aem.hr\/katja-radolovic-hrana-kroz-prizmu-21-stoljeca\/\"]}]},{\"@type\":\"BreadcrumbList\",\"@id\":\"https:\/\/aem.hr\/katja-radolovic-hrana-kroz-prizmu-21-stoljeca\/#breadcrumb\",\"itemListElement\":[{\"@type\":\"ListItem\",\"position\":1,\"name\":\"Po\u010detna stranica\",\"item\":\"https:\/\/aem.hr\/\"},{\"@type\":\"ListItem\",\"position\":2,\"name\":\"Katja Radolovi\u0107 -Hrana kroz prizmu 21.stolje\u0107a\"}]},{\"@type\":\"WebSite\",\"@id\":\"https:\/\/aem.hr\/#website\",\"url\":\"https:\/\/aem.hr\/\",\"name\":\"Agencija za elektroni\u010dke medije\",\"description\":\"\",\"potentialAction\":[{\"@type\":\"SearchAction\",\"target\":{\"@type\":\"EntryPoint\",\"urlTemplate\":\"https:\/\/aem.hr\/?s={search_term_string}\"},\"query-input\":{\"@type\":\"PropertyValueSpecification\",\"valueRequired\":true,\"valueName\":\"search_term_string\"}}],\"inLanguage\":\"en-US\"}]}<\/script>\n<!-- \/ Yoast SEO plugin. -->","yoast_head_json":{"title":"Katja Radolovi\u0107 -Hrana kroz prizmu 21.stolje\u0107a - Agencija za elektroni\u010dke medije","robots":{"index":"index","follow":"follow","max-snippet":"max-snippet:-1","max-image-preview":"max-image-preview:large","max-video-preview":"max-video-preview:-1"},"canonical":"https:\/\/aem.hr\/katja-radolovic-hrana-kroz-prizmu-21-stoljeca\/","og_locale":"en_US","og_type":"article","og_title":"Katja Radolovi\u0107 -Hrana kroz prizmu 21.stolje\u0107a - Agencija za elektroni\u010dke medije","og_url":"https:\/\/aem.hr\/katja-radolovic-hrana-kroz-prizmu-21-stoljeca\/","og_site_name":"Agencija za elektroni\u010dke medije","article_modified_time":"2025-03-25T10:38:02+00:00","twitter_card":"summary_large_image","twitter_misc":{"Est. reading time":"1 minute"},"schema":{"@context":"https:\/\/schema.org","@graph":[{"@type":"WebPage","@id":"https:\/\/aem.hr\/katja-radolovic-hrana-kroz-prizmu-21-stoljeca\/","url":"https:\/\/aem.hr\/katja-radolovic-hrana-kroz-prizmu-21-stoljeca\/","name":"Katja Radolovi\u0107 -Hrana kroz prizmu 21.stolje\u0107a - Agencija za elektroni\u010dke medije","isPartOf":{"@id":"https:\/\/aem.hr\/#website"},"datePublished":"2025-03-25T10:38:01+00:00","dateModified":"2025-03-25T10:38:02+00:00","breadcrumb":{"@id":"https:\/\/aem.hr\/katja-radolovic-hrana-kroz-prizmu-21-stoljeca\/#breadcrumb"},"inLanguage":"en-US","potentialAction":[{"@type":"ReadAction","target":["https:\/\/aem.hr\/katja-radolovic-hrana-kroz-prizmu-21-stoljeca\/"]}]},{"@type":"BreadcrumbList","@id":"https:\/\/aem.hr\/katja-radolovic-hrana-kroz-prizmu-21-stoljeca\/#breadcrumb","itemListElement":[{"@type":"ListItem","position":1,"name":"Po\u010detna stranica","item":"https:\/\/aem.hr\/"},{"@type":"ListItem","position":2,"name":"Katja Radolovi\u0107 -Hrana kroz prizmu 21.stolje\u0107a"}]},{"@type":"WebSite","@id":"https:\/\/aem.hr\/#website","url":"https:\/\/aem.hr\/","name":"Agencija za elektroni\u010dke medije","description":"","potentialAction":[{"@type":"SearchAction","target":{"@type":"EntryPoint","urlTemplate":"https:\/\/aem.hr\/?s={search_term_string}"},"query-input":{"@type":"PropertyValueSpecification","valueRequired":true,"valueName":"search_term_string"}}],"inLanguage":"en-US"}]}},"coauthors":[],"author_meta":{"author_link":"https:\/\/aem.hr\/en\/blog\/author\/mkirac\/","display_name":"Matko Kirac"},"relative_dates":{"created":"Posted 1 year ago","modified":"Updated 1 year ago"},"absolute_dates":{"created":"Posted on 25. March 2025.","modified":"Updated on 25. March 2025."},"absolute_dates_time":{"created":"Posted on 25. March 2025. 11:38","modified":"Updated on 25. March 2025. 11:38"},"featured_img_caption":"","featured_img":false,"series_order":"","_links":{"self":[{"href":"https:\/\/aem.hr\/en\/wp-json\/wp\/v2\/pages\/22079","targetHints":{"allow":["GET"]}}],"collection":[{"href":"https:\/\/aem.hr\/en\/wp-json\/wp\/v2\/pages"}],"about":[{"href":"https:\/\/aem.hr\/en\/wp-json\/wp\/v2\/types\/page"}],"author":[{"embeddable":true,"href":"https:\/\/aem.hr\/en\/wp-json\/wp\/v2\/users\/18"}],"replies":[{"embeddable":true,"href":"https:\/\/aem.hr\/en\/wp-json\/wp\/v2\/comments?post=22079"}],"version-history":[{"count":1,"href":"https:\/\/aem.hr\/en\/wp-json\/wp\/v2\/pages\/22079\/revisions"}],"predecessor-version":[{"id":22088,"href":"https:\/\/aem.hr\/en\/wp-json\/wp\/v2\/pages\/22079\/revisions\/22088"}],"wp:attachment":[{"href":"https:\/\/aem.hr\/en\/wp-json\/wp\/v2\/media?parent=22079"}],"curies":[{"name":"wp","href":"https:\/\/api.w.org\/{rel}","templated":true}]}}