{"id":22123,"date":"2025-03-26T14:10:01","date_gmt":"2025-03-26T13:10:01","guid":{"rendered":"http:\/\/aem.hr\/?page_id=22123"},"modified":"2025-03-26T14:10:02","modified_gmt":"2025-03-26T13:10:02","slug":"davor-mladosic-razvoj-ili-propast-ribarstva-u-dubrovacko-neretvanskoj-zupaniji","status":"publish","type":"page","link":"https:\/\/aem.hr\/en\/davor-mladosic-razvoj-ili-propast-ribarstva-u-dubrovacko-neretvanskoj-zupaniji\/","title":{"rendered":"Davor Mlado\u0161i\u0107 &#8211; Razvoj (ili propast) ribarstva u Dubrova\u010dko &#8211; neretvanskoj \u017eupaniji"},"content":{"rendered":"\n<div class=\"wp-block-file\"><a id=\"wp-block-file--media-58787092-7fe3-46ba-a1bd-ca3f456c2c2c\" href=\"https:\/\/aem.hr\/wp-content\/uploads\/2025\/03\/1.-37-milijuna-kuna.pdf\">1. 37 milijuna kuna<\/a><a href=\"https:\/\/aem.hr\/wp-content\/uploads\/2025\/03\/1.-37-milijuna-kuna.pdf\" class=\"wp-block-file__button wp-element-button\" download aria-describedby=\"wp-block-file--media-58787092-7fe3-46ba-a1bd-ca3f456c2c2c\">Preuzimanje<\/a><\/div>\n\n\n\n<div class=\"wp-block-file\"><a id=\"wp-block-file--media-9cad6d3f-9dbe-401f-8719-a6b0b1b0d625\" href=\"https:\/\/aem.hr\/wp-content\/uploads\/2025\/03\/2.-Nije-se-odustalo.pdf\">2. Nije se odustalo<\/a><a href=\"https:\/\/aem.hr\/wp-content\/uploads\/2025\/03\/2.-Nije-se-odustalo.pdf\" class=\"wp-block-file__button wp-element-button\" download aria-describedby=\"wp-block-file--media-9cad6d3f-9dbe-401f-8719-a6b0b1b0d625\">Preuzimanje<\/a><\/div>\n\n\n\n<div class=\"wp-block-file\"><a id=\"wp-block-file--media-a5fc0139-ae60-4797-b81c-9e34314f53d6\" href=\"https:\/\/aem.hr\/wp-content\/uploads\/2025\/03\/3.-Mato-Oberan.pdf\">3. Mato Oberan<\/a><a href=\"https:\/\/aem.hr\/wp-content\/uploads\/2025\/03\/3.-Mato-Oberan.pdf\" class=\"wp-block-file__button wp-element-button\" download aria-describedby=\"wp-block-file--media-a5fc0139-ae60-4797-b81c-9e34314f53d6\">Preuzimanje<\/a><\/div>\n\n\n\n<div class=\"wp-block-file\"><a id=\"wp-block-file--media-66e6159a-b429-4172-9648-5e460e9de1ff\" href=\"https:\/\/aem.hr\/wp-content\/uploads\/2025\/03\/4.-Srdele-je-sve.pdf\">4. Srdele je sve<\/a><a href=\"https:\/\/aem.hr\/wp-content\/uploads\/2025\/03\/4.-Srdele-je-sve.pdf\" class=\"wp-block-file__button wp-element-button\" download aria-describedby=\"wp-block-file--media-66e6159a-b429-4172-9648-5e460e9de1ff\">Preuzimanje<\/a><\/div>\n\n\n\n<div class=\"wp-block-file\"><a id=\"wp-block-file--media-d64bf10c-7a04-4d8d-bbe8-64a03d661f9e\" href=\"https:\/\/aem.hr\/wp-content\/uploads\/2025\/03\/5.-Drzava-smo-ribolovnih.pdf\">5. Dr\u017eava smo ribolovnih<\/a><a href=\"https:\/\/aem.hr\/wp-content\/uploads\/2025\/03\/5.-Drzava-smo-ribolovnih.pdf\" class=\"wp-block-file__button wp-element-button\" download aria-describedby=\"wp-block-file--media-d64bf10c-7a04-4d8d-bbe8-64a03d661f9e\">Preuzimanje<\/a><\/div>\n\n\n\n<p><\/p>\n","protected":false},"excerpt":{"rendered":"","protected":false},"author":18,"featured_media":0,"parent":0,"menu_order":0,"comment_status":"closed","ping_status":"closed","template":"","meta":{"_acf_changed":false,"inline_featured_image":false,"advgb_blocks_editor_width":"","advgb_blocks_columns_visual_guide":"","_links_to":"","_links_to_type":0,"footnotes":""},"class_list":["post-22123","page","type-page","status-publish","hentry"],"acf":[],"yoast_head":"<!-- This site is optimized with the Yoast SEO plugin v25.7 - https:\/\/yoast.com\/wordpress\/plugins\/seo\/ -->\n<title>Davor Mlado\u0161i\u0107 - Razvoj (ili propast) ribarstva u Dubrova\u010dko - neretvanskoj \u017eupaniji - Agencija za elektroni\u010dke medije<\/title>\n<meta name=\"robots\" content=\"index, follow, max-snippet:-1, max-image-preview:large, max-video-preview:-1\" \/>\n<link rel=\"canonical\" href=\"https:\/\/aem.hr\/davor-mladosic-razvoj-ili-propast-ribarstva-u-dubrovacko-neretvanskoj-zupaniji\/\" \/>\n<meta property=\"og:locale\" content=\"en_US\" \/>\n<meta property=\"og:type\" content=\"article\" \/>\n<meta property=\"og:title\" content=\"Davor Mlado\u0161i\u0107 - Razvoj (ili propast) ribarstva u Dubrova\u010dko - neretvanskoj \u017eupaniji - Agencija za elektroni\u010dke medije\" \/>\n<meta property=\"og:url\" content=\"https:\/\/aem.hr\/davor-mladosic-razvoj-ili-propast-ribarstva-u-dubrovacko-neretvanskoj-zupaniji\/\" \/>\n<meta property=\"og:site_name\" content=\"Agencija za elektroni\u010dke medije\" \/>\n<meta property=\"article:modified_time\" content=\"2025-03-26T13:10:02+00:00\" \/>\n<meta name=\"twitter:card\" content=\"summary_large_image\" \/>\n<meta name=\"twitter:label1\" content=\"Est. reading time\" \/>\n\t<meta name=\"twitter:data1\" content=\"1 minute\" \/>\n<script type=\"application\/ld+json\" class=\"yoast-schema-graph\">{\"@context\":\"https:\/\/schema.org\",\"@graph\":[{\"@type\":\"WebPage\",\"@id\":\"https:\/\/aem.hr\/davor-mladosic-razvoj-ili-propast-ribarstva-u-dubrovacko-neretvanskoj-zupaniji\/\",\"url\":\"https:\/\/aem.hr\/davor-mladosic-razvoj-ili-propast-ribarstva-u-dubrovacko-neretvanskoj-zupaniji\/\",\"name\":\"Davor Mlado\u0161i\u0107 - Razvoj (ili propast) ribarstva u Dubrova\u010dko - neretvanskoj \u017eupaniji - Agencija za elektroni\u010dke medije\",\"isPartOf\":{\"@id\":\"https:\/\/aem.hr\/#website\"},\"datePublished\":\"2025-03-26T13:10:01+00:00\",\"dateModified\":\"2025-03-26T13:10:02+00:00\",\"breadcrumb\":{\"@id\":\"https:\/\/aem.hr\/davor-mladosic-razvoj-ili-propast-ribarstva-u-dubrovacko-neretvanskoj-zupaniji\/#breadcrumb\"},\"inLanguage\":\"en-US\",\"potentialAction\":[{\"@type\":\"ReadAction\",\"target\":[\"https:\/\/aem.hr\/davor-mladosic-razvoj-ili-propast-ribarstva-u-dubrovacko-neretvanskoj-zupaniji\/\"]}]},{\"@type\":\"BreadcrumbList\",\"@id\":\"https:\/\/aem.hr\/davor-mladosic-razvoj-ili-propast-ribarstva-u-dubrovacko-neretvanskoj-zupaniji\/#breadcrumb\",\"itemListElement\":[{\"@type\":\"ListItem\",\"position\":1,\"name\":\"Po\u010detna stranica\",\"item\":\"https:\/\/aem.hr\/\"},{\"@type\":\"ListItem\",\"position\":2,\"name\":\"Davor Mlado\u0161i\u0107 &#8211; Razvoj (ili propast) ribarstva u Dubrova\u010dko &#8211; neretvanskoj \u017eupaniji\"}]},{\"@type\":\"WebSite\",\"@id\":\"https:\/\/aem.hr\/#website\",\"url\":\"https:\/\/aem.hr\/\",\"name\":\"Agencija za elektroni\u010dke medije\",\"description\":\"\",\"potentialAction\":[{\"@type\":\"SearchAction\",\"target\":{\"@type\":\"EntryPoint\",\"urlTemplate\":\"https:\/\/aem.hr\/?s={search_term_string}\"},\"query-input\":{\"@type\":\"PropertyValueSpecification\",\"valueRequired\":true,\"valueName\":\"search_term_string\"}}],\"inLanguage\":\"en-US\"}]}<\/script>\n<!-- \/ Yoast SEO plugin. -->","yoast_head_json":{"title":"Davor Mlado\u0161i\u0107 - Razvoj (ili propast) ribarstva u Dubrova\u010dko - neretvanskoj \u017eupaniji - Agencija za elektroni\u010dke medije","robots":{"index":"index","follow":"follow","max-snippet":"max-snippet:-1","max-image-preview":"max-image-preview:large","max-video-preview":"max-video-preview:-1"},"canonical":"https:\/\/aem.hr\/davor-mladosic-razvoj-ili-propast-ribarstva-u-dubrovacko-neretvanskoj-zupaniji\/","og_locale":"en_US","og_type":"article","og_title":"Davor Mlado\u0161i\u0107 - Razvoj (ili propast) ribarstva u Dubrova\u010dko - neretvanskoj \u017eupaniji - Agencija za elektroni\u010dke medije","og_url":"https:\/\/aem.hr\/davor-mladosic-razvoj-ili-propast-ribarstva-u-dubrovacko-neretvanskoj-zupaniji\/","og_site_name":"Agencija za elektroni\u010dke medije","article_modified_time":"2025-03-26T13:10:02+00:00","twitter_card":"summary_large_image","twitter_misc":{"Est. reading time":"1 minute"},"schema":{"@context":"https:\/\/schema.org","@graph":[{"@type":"WebPage","@id":"https:\/\/aem.hr\/davor-mladosic-razvoj-ili-propast-ribarstva-u-dubrovacko-neretvanskoj-zupaniji\/","url":"https:\/\/aem.hr\/davor-mladosic-razvoj-ili-propast-ribarstva-u-dubrovacko-neretvanskoj-zupaniji\/","name":"Davor Mlado\u0161i\u0107 - Razvoj (ili propast) ribarstva u Dubrova\u010dko - neretvanskoj \u017eupaniji - Agencija za elektroni\u010dke medije","isPartOf":{"@id":"https:\/\/aem.hr\/#website"},"datePublished":"2025-03-26T13:10:01+00:00","dateModified":"2025-03-26T13:10:02+00:00","breadcrumb":{"@id":"https:\/\/aem.hr\/davor-mladosic-razvoj-ili-propast-ribarstva-u-dubrovacko-neretvanskoj-zupaniji\/#breadcrumb"},"inLanguage":"en-US","potentialAction":[{"@type":"ReadAction","target":["https:\/\/aem.hr\/davor-mladosic-razvoj-ili-propast-ribarstva-u-dubrovacko-neretvanskoj-zupaniji\/"]}]},{"@type":"BreadcrumbList","@id":"https:\/\/aem.hr\/davor-mladosic-razvoj-ili-propast-ribarstva-u-dubrovacko-neretvanskoj-zupaniji\/#breadcrumb","itemListElement":[{"@type":"ListItem","position":1,"name":"Po\u010detna stranica","item":"https:\/\/aem.hr\/"},{"@type":"ListItem","position":2,"name":"Davor Mlado\u0161i\u0107 &#8211; Razvoj (ili propast) ribarstva u Dubrova\u010dko &#8211; neretvanskoj \u017eupaniji"}]},{"@type":"WebSite","@id":"https:\/\/aem.hr\/#website","url":"https:\/\/aem.hr\/","name":"Agencija za elektroni\u010dke medije","description":"","potentialAction":[{"@type":"SearchAction","target":{"@type":"EntryPoint","urlTemplate":"https:\/\/aem.hr\/?s={search_term_string}"},"query-input":{"@type":"PropertyValueSpecification","valueRequired":true,"valueName":"search_term_string"}}],"inLanguage":"en-US"}]}},"coauthors":[],"author_meta":{"author_link":"https:\/\/aem.hr\/en\/blog\/author\/mkirac\/","display_name":"Matko Kirac"},"relative_dates":{"created":"Posted 1 year ago","modified":"Updated 1 year ago"},"absolute_dates":{"created":"Posted on 26. March 2025.","modified":"Updated on 26. March 2025."},"absolute_dates_time":{"created":"Posted on 26. March 2025. 14:10","modified":"Updated on 26. March 2025. 14:10"},"featured_img_caption":"","featured_img":false,"series_order":"","_links":{"self":[{"href":"https:\/\/aem.hr\/en\/wp-json\/wp\/v2\/pages\/22123","targetHints":{"allow":["GET"]}}],"collection":[{"href":"https:\/\/aem.hr\/en\/wp-json\/wp\/v2\/pages"}],"about":[{"href":"https:\/\/aem.hr\/en\/wp-json\/wp\/v2\/types\/page"}],"author":[{"embeddable":true,"href":"https:\/\/aem.hr\/en\/wp-json\/wp\/v2\/users\/18"}],"replies":[{"embeddable":true,"href":"https:\/\/aem.hr\/en\/wp-json\/wp\/v2\/comments?post=22123"}],"version-history":[{"count":1,"href":"https:\/\/aem.hr\/en\/wp-json\/wp\/v2\/pages\/22123\/revisions"}],"predecessor-version":[{"id":22135,"href":"https:\/\/aem.hr\/en\/wp-json\/wp\/v2\/pages\/22123\/revisions\/22135"}],"wp:attachment":[{"href":"https:\/\/aem.hr\/en\/wp-json\/wp\/v2\/media?parent=22123"}],"curies":[{"name":"wp","href":"https:\/\/api.w.org\/{rel}","templated":true}]}}