{"id":22137,"date":"2025-03-26T14:10:58","date_gmt":"2025-03-26T13:10:58","guid":{"rendered":"http:\/\/aem.hr\/?page_id=22137"},"modified":"2025-03-26T14:10:59","modified_gmt":"2025-03-26T13:10:59","slug":"borna-marinic-ima-li-boga-na-prvoj-crti-katolicki-svecenici-u-domovinskom-ratu","status":"publish","type":"page","link":"https:\/\/aem.hr\/en\/borna-marinic-ima-li-boga-na-prvoj-crti-katolicki-svecenici-u-domovinskom-ratu\/","title":{"rendered":"Borna Marini\u0107 &#8211; Ima li Boga na prvoj crti? &#8211; katoli\u010dki sve\u0107enici u Domovinskom ratu"},"content":{"rendered":"\n<div class=\"wp-block-file\"><a id=\"wp-block-file--media-c8f9f443-afc2-4799-9bd7-2da5ad0b3662\" href=\"https:\/\/aem.hr\/wp-content\/uploads\/2025\/03\/1.-Svecenik-progovara-o-ratnom-putu.pdf\">1. Sve\u0107enik progovara o ratnom putu<\/a><a href=\"https:\/\/aem.hr\/wp-content\/uploads\/2025\/03\/1.-Svecenik-progovara-o-ratnom-putu.pdf\" class=\"wp-block-file__button wp-element-button\" download aria-describedby=\"wp-block-file--media-c8f9f443-afc2-4799-9bd7-2da5ad0b3662\">Preuzimanje<\/a><\/div>\n\n\n\n<div class=\"wp-block-file\"><a id=\"wp-block-file--media-981af71c-6468-40f6-ab81-942547a55115\" href=\"https:\/\/aem.hr\/wp-content\/uploads\/2025\/03\/2.-Branio-je-oruzjem-svoj-narod.pdf\">2. Branio je oru\u017ejem svoj narod<\/a><a href=\"https:\/\/aem.hr\/wp-content\/uploads\/2025\/03\/2.-Branio-je-oruzjem-svoj-narod.pdf\" class=\"wp-block-file__button wp-element-button\" download aria-describedby=\"wp-block-file--media-981af71c-6468-40f6-ab81-942547a55115\">Preuzimanje<\/a><\/div>\n\n\n\n<div class=\"wp-block-file\"><a id=\"wp-block-file--media-f84e7317-8082-4ba5-8e69-d780b4a6e902\" href=\"https:\/\/aem.hr\/wp-content\/uploads\/2025\/03\/3.-Sanjao-je-slobodnu-Hrvatsku.pdf\">3. Sanjao je slobodnu Hrvatsku<\/a><a href=\"https:\/\/aem.hr\/wp-content\/uploads\/2025\/03\/3.-Sanjao-je-slobodnu-Hrvatsku.pdf\" class=\"wp-block-file__button wp-element-button\" download aria-describedby=\"wp-block-file--media-f84e7317-8082-4ba5-8e69-d780b4a6e902\">Preuzimanje<\/a><\/div>\n\n\n\n<div class=\"wp-block-file\"><a id=\"wp-block-file--media-7174e1f8-f4b4-43f5-9f7e-fcc1513ddf98\" href=\"https:\/\/aem.hr\/wp-content\/uploads\/2025\/03\/4.-Svecenik-heroj-bio-je-jedan.pdf\">4. Sve\u0107enik heroj bio je jedan<\/a><a href=\"https:\/\/aem.hr\/wp-content\/uploads\/2025\/03\/4.-Svecenik-heroj-bio-je-jedan.pdf\" class=\"wp-block-file__button wp-element-button\" download aria-describedby=\"wp-block-file--media-7174e1f8-f4b4-43f5-9f7e-fcc1513ddf98\">Preuzimanje<\/a><\/div>\n\n\n\n<div class=\"wp-block-file\"><a id=\"wp-block-file--media-4291d0f7-9f98-440c-b02c-2b6cd73ef33b\" href=\"https:\/\/aem.hr\/wp-content\/uploads\/2025\/03\/5.-Precasni-Josip-Pavlek.pdf\">5. Pre\u010dasni Josip Pavlek<\/a><a href=\"https:\/\/aem.hr\/wp-content\/uploads\/2025\/03\/5.-Precasni-Josip-Pavlek.pdf\" class=\"wp-block-file__button wp-element-button\" download aria-describedby=\"wp-block-file--media-4291d0f7-9f98-440c-b02c-2b6cd73ef33b\">Preuzimanje<\/a><\/div>\n\n\n\n<div class=\"wp-block-file\"><a id=\"wp-block-file--media-8e70d5ab-6314-4a7b-be70-035851c5b6fb\" href=\"https:\/\/aem.hr\/wp-content\/uploads\/2025\/03\/6.-Ova-odora-posvecena-je.pdf\">6. Ova odora posve\u0107ena je<\/a><a href=\"https:\/\/aem.hr\/wp-content\/uploads\/2025\/03\/6.-Ova-odora-posvecena-je.pdf\" class=\"wp-block-file__button wp-element-button\" download aria-describedby=\"wp-block-file--media-8e70d5ab-6314-4a7b-be70-035851c5b6fb\">Preuzimanje<\/a><\/div>\n\n\n\n<div class=\"wp-block-file\"><a id=\"wp-block-file--media-732610ed-568f-4a82-89cf-86f9587a0fd9\" href=\"https:\/\/aem.hr\/wp-content\/uploads\/2025\/03\/7.-U-Osijeku-se-91.-glava-gubila.pdf\">7. U Osijeku se &#8217;91. glava gubila<\/a><a href=\"https:\/\/aem.hr\/wp-content\/uploads\/2025\/03\/7.-U-Osijeku-se-91.-glava-gubila.pdf\" class=\"wp-block-file__button wp-element-button\" download aria-describedby=\"wp-block-file--media-732610ed-568f-4a82-89cf-86f9587a0fd9\">Preuzimanje<\/a><\/div>\n","protected":false},"excerpt":{"rendered":"","protected":false},"author":18,"featured_media":0,"parent":0,"menu_order":0,"comment_status":"closed","ping_status":"closed","template":"","meta":{"_acf_changed":false,"inline_featured_image":false,"advgb_blocks_editor_width":"","advgb_blocks_columns_visual_guide":"","_links_to":"","_links_to_type":0,"footnotes":""},"class_list":["post-22137","page","type-page","status-publish","hentry"],"acf":[],"yoast_head":"<!-- This site is optimized with the Yoast SEO plugin v25.7 - https:\/\/yoast.com\/wordpress\/plugins\/seo\/ -->\n<title>Borna Marini\u0107 - Ima li Boga na prvoj crti? - katoli\u010dki sve\u0107enici u Domovinskom ratu - Agencija za elektroni\u010dke medije<\/title>\n<meta name=\"robots\" content=\"index, follow, max-snippet:-1, max-image-preview:large, max-video-preview:-1\" \/>\n<link rel=\"canonical\" href=\"https:\/\/aem.hr\/borna-marinic-ima-li-boga-na-prvoj-crti-katolicki-svecenici-u-domovinskom-ratu\/\" \/>\n<meta property=\"og:locale\" content=\"en_US\" \/>\n<meta property=\"og:type\" content=\"article\" \/>\n<meta property=\"og:title\" content=\"Borna Marini\u0107 - Ima li Boga na prvoj crti? - katoli\u010dki sve\u0107enici u Domovinskom ratu - Agencija za elektroni\u010dke medije\" \/>\n<meta property=\"og:url\" content=\"https:\/\/aem.hr\/borna-marinic-ima-li-boga-na-prvoj-crti-katolicki-svecenici-u-domovinskom-ratu\/\" \/>\n<meta property=\"og:site_name\" content=\"Agencija za elektroni\u010dke medije\" \/>\n<meta property=\"article:modified_time\" content=\"2025-03-26T13:10:59+00:00\" \/>\n<meta name=\"twitter:card\" content=\"summary_large_image\" \/>\n<meta name=\"twitter:label1\" content=\"Est. reading time\" \/>\n\t<meta name=\"twitter:data1\" content=\"1 minute\" \/>\n<script type=\"application\/ld+json\" class=\"yoast-schema-graph\">{\"@context\":\"https:\/\/schema.org\",\"@graph\":[{\"@type\":\"WebPage\",\"@id\":\"https:\/\/aem.hr\/borna-marinic-ima-li-boga-na-prvoj-crti-katolicki-svecenici-u-domovinskom-ratu\/\",\"url\":\"https:\/\/aem.hr\/borna-marinic-ima-li-boga-na-prvoj-crti-katolicki-svecenici-u-domovinskom-ratu\/\",\"name\":\"Borna Marini\u0107 - Ima li Boga na prvoj crti? - katoli\u010dki sve\u0107enici u Domovinskom ratu - Agencija za elektroni\u010dke medije\",\"isPartOf\":{\"@id\":\"https:\/\/aem.hr\/#website\"},\"datePublished\":\"2025-03-26T13:10:58+00:00\",\"dateModified\":\"2025-03-26T13:10:59+00:00\",\"breadcrumb\":{\"@id\":\"https:\/\/aem.hr\/borna-marinic-ima-li-boga-na-prvoj-crti-katolicki-svecenici-u-domovinskom-ratu\/#breadcrumb\"},\"inLanguage\":\"en-US\",\"potentialAction\":[{\"@type\":\"ReadAction\",\"target\":[\"https:\/\/aem.hr\/borna-marinic-ima-li-boga-na-prvoj-crti-katolicki-svecenici-u-domovinskom-ratu\/\"]}]},{\"@type\":\"BreadcrumbList\",\"@id\":\"https:\/\/aem.hr\/borna-marinic-ima-li-boga-na-prvoj-crti-katolicki-svecenici-u-domovinskom-ratu\/#breadcrumb\",\"itemListElement\":[{\"@type\":\"ListItem\",\"position\":1,\"name\":\"Po\u010detna stranica\",\"item\":\"https:\/\/aem.hr\/\"},{\"@type\":\"ListItem\",\"position\":2,\"name\":\"Borna Marini\u0107 &#8211; Ima li Boga na prvoj crti? &#8211; katoli\u010dki sve\u0107enici u Domovinskom ratu\"}]},{\"@type\":\"WebSite\",\"@id\":\"https:\/\/aem.hr\/#website\",\"url\":\"https:\/\/aem.hr\/\",\"name\":\"Agencija za elektroni\u010dke medije\",\"description\":\"\",\"potentialAction\":[{\"@type\":\"SearchAction\",\"target\":{\"@type\":\"EntryPoint\",\"urlTemplate\":\"https:\/\/aem.hr\/?s={search_term_string}\"},\"query-input\":{\"@type\":\"PropertyValueSpecification\",\"valueRequired\":true,\"valueName\":\"search_term_string\"}}],\"inLanguage\":\"en-US\"}]}<\/script>\n<!-- \/ Yoast SEO plugin. -->","yoast_head_json":{"title":"Borna Marini\u0107 - Ima li Boga na prvoj crti? - katoli\u010dki sve\u0107enici u Domovinskom ratu - Agencija za elektroni\u010dke medije","robots":{"index":"index","follow":"follow","max-snippet":"max-snippet:-1","max-image-preview":"max-image-preview:large","max-video-preview":"max-video-preview:-1"},"canonical":"https:\/\/aem.hr\/borna-marinic-ima-li-boga-na-prvoj-crti-katolicki-svecenici-u-domovinskom-ratu\/","og_locale":"en_US","og_type":"article","og_title":"Borna Marini\u0107 - Ima li Boga na prvoj crti? - katoli\u010dki sve\u0107enici u Domovinskom ratu - Agencija za elektroni\u010dke medije","og_url":"https:\/\/aem.hr\/borna-marinic-ima-li-boga-na-prvoj-crti-katolicki-svecenici-u-domovinskom-ratu\/","og_site_name":"Agencija za elektroni\u010dke medije","article_modified_time":"2025-03-26T13:10:59+00:00","twitter_card":"summary_large_image","twitter_misc":{"Est. reading time":"1 minute"},"schema":{"@context":"https:\/\/schema.org","@graph":[{"@type":"WebPage","@id":"https:\/\/aem.hr\/borna-marinic-ima-li-boga-na-prvoj-crti-katolicki-svecenici-u-domovinskom-ratu\/","url":"https:\/\/aem.hr\/borna-marinic-ima-li-boga-na-prvoj-crti-katolicki-svecenici-u-domovinskom-ratu\/","name":"Borna Marini\u0107 - Ima li Boga na prvoj crti? - katoli\u010dki sve\u0107enici u Domovinskom ratu - Agencija za elektroni\u010dke medije","isPartOf":{"@id":"https:\/\/aem.hr\/#website"},"datePublished":"2025-03-26T13:10:58+00:00","dateModified":"2025-03-26T13:10:59+00:00","breadcrumb":{"@id":"https:\/\/aem.hr\/borna-marinic-ima-li-boga-na-prvoj-crti-katolicki-svecenici-u-domovinskom-ratu\/#breadcrumb"},"inLanguage":"en-US","potentialAction":[{"@type":"ReadAction","target":["https:\/\/aem.hr\/borna-marinic-ima-li-boga-na-prvoj-crti-katolicki-svecenici-u-domovinskom-ratu\/"]}]},{"@type":"BreadcrumbList","@id":"https:\/\/aem.hr\/borna-marinic-ima-li-boga-na-prvoj-crti-katolicki-svecenici-u-domovinskom-ratu\/#breadcrumb","itemListElement":[{"@type":"ListItem","position":1,"name":"Po\u010detna stranica","item":"https:\/\/aem.hr\/"},{"@type":"ListItem","position":2,"name":"Borna Marini\u0107 &#8211; Ima li Boga na prvoj crti? &#8211; katoli\u010dki sve\u0107enici u Domovinskom ratu"}]},{"@type":"WebSite","@id":"https:\/\/aem.hr\/#website","url":"https:\/\/aem.hr\/","name":"Agencija za elektroni\u010dke medije","description":"","potentialAction":[{"@type":"SearchAction","target":{"@type":"EntryPoint","urlTemplate":"https:\/\/aem.hr\/?s={search_term_string}"},"query-input":{"@type":"PropertyValueSpecification","valueRequired":true,"valueName":"search_term_string"}}],"inLanguage":"en-US"}]}},"coauthors":[],"author_meta":{"author_link":"https:\/\/aem.hr\/en\/blog\/author\/mkirac\/","display_name":"Matko Kirac"},"relative_dates":{"created":"Posted 1 year ago","modified":"Updated 1 year ago"},"absolute_dates":{"created":"Posted on 26. March 2025.","modified":"Updated on 26. March 2025."},"absolute_dates_time":{"created":"Posted on 26. March 2025. 14:10","modified":"Updated on 26. March 2025. 14:10"},"featured_img_caption":"","featured_img":false,"series_order":"","_links":{"self":[{"href":"https:\/\/aem.hr\/en\/wp-json\/wp\/v2\/pages\/22137","targetHints":{"allow":["GET"]}}],"collection":[{"href":"https:\/\/aem.hr\/en\/wp-json\/wp\/v2\/pages"}],"about":[{"href":"https:\/\/aem.hr\/en\/wp-json\/wp\/v2\/types\/page"}],"author":[{"embeddable":true,"href":"https:\/\/aem.hr\/en\/wp-json\/wp\/v2\/users\/18"}],"replies":[{"embeddable":true,"href":"https:\/\/aem.hr\/en\/wp-json\/wp\/v2\/comments?post=22137"}],"version-history":[{"count":1,"href":"https:\/\/aem.hr\/en\/wp-json\/wp\/v2\/pages\/22137\/revisions"}],"predecessor-version":[{"id":22153,"href":"https:\/\/aem.hr\/en\/wp-json\/wp\/v2\/pages\/22137\/revisions\/22153"}],"wp:attachment":[{"href":"https:\/\/aem.hr\/en\/wp-json\/wp\/v2\/media?parent=22137"}],"curies":[{"name":"wp","href":"https:\/\/api.w.org\/{rel}","templated":true}]}}