{"id":22155,"date":"2025-03-26T14:11:50","date_gmt":"2025-03-26T13:11:50","guid":{"rendered":"http:\/\/aem.hr\/?page_id=22155"},"modified":"2025-03-26T14:11:51","modified_gmt":"2025-03-26T13:11:51","slug":"joska-tea-katunaric-kirjakov-mitovi-legende-i-znanost-o-moru","status":"publish","type":"page","link":"https:\/\/aem.hr\/en\/joska-tea-katunaric-kirjakov-mitovi-legende-i-znanost-o-moru\/","title":{"rendered":"Jo\u0161ka Tea Katunari\u0107 Kirjakov &#8211; Mitovi, legende i znanost o moru"},"content":{"rendered":"\n<div class=\"wp-block-file\"><a id=\"wp-block-file--media-d32864b3-c8c2-4b8b-8403-983d9d00d799\" href=\"https:\/\/aem.hr\/wp-content\/uploads\/2025\/03\/1.-IZMEDU-MITA-I-STVARNOSTI-\u2013-POTOPLJENI-SIPAR.pdf\">1. IZME\u0110U MITA I STVARNOSTI \u2013 POTOPLJENI SIPAR<\/a><a href=\"https:\/\/aem.hr\/wp-content\/uploads\/2025\/03\/1.-IZMEDU-MITA-I-STVARNOSTI-\u2013-POTOPLJENI-SIPAR.pdf\" class=\"wp-block-file__button wp-element-button\" download aria-describedby=\"wp-block-file--media-d32864b3-c8c2-4b8b-8403-983d9d00d799\">Preuzimanje<\/a><\/div>\n\n\n\n<div class=\"wp-block-file\"><a id=\"wp-block-file--media-8ee7bd1d-dee4-4bb0-9f21-3e11678ac374\" href=\"https:\/\/aem.hr\/wp-content\/uploads\/2025\/03\/2.-ATLANTIDA-NA-DNU-JADRANA.pdf\">2. ATLANTIDA NA DNU JADRANA<\/a><a href=\"https:\/\/aem.hr\/wp-content\/uploads\/2025\/03\/2.-ATLANTIDA-NA-DNU-JADRANA.pdf\" class=\"wp-block-file__button wp-element-button\" download aria-describedby=\"wp-block-file--media-8ee7bd1d-dee4-4bb0-9f21-3e11678ac374\">Preuzimanje<\/a><\/div>\n\n\n\n<div class=\"wp-block-file\"><a id=\"wp-block-file--media-a1280a1f-14b4-46ae-b964-11b48786e33a\" href=\"https:\/\/aem.hr\/wp-content\/uploads\/2025\/03\/3.-OKAMENJENA-SRDZBA-BOGOVA.pdf\">3. OKAMENJENA SRD\u017dBA BOGOVA<\/a><a href=\"https:\/\/aem.hr\/wp-content\/uploads\/2025\/03\/3.-OKAMENJENA-SRDZBA-BOGOVA.pdf\" class=\"wp-block-file__button wp-element-button\" download aria-describedby=\"wp-block-file--media-a1280a1f-14b4-46ae-b964-11b48786e33a\">Preuzimanje<\/a><\/div>\n\n\n\n<div class=\"wp-block-file\"><a id=\"wp-block-file--media-a0de3d26-b700-4a46-adea-b1b27902e3e2\" href=\"https:\/\/aem.hr\/wp-content\/uploads\/2025\/03\/4.-NAJIZOPACENIJI-I-NAJGRESNIJI-POTPOLJENI-GRADOVI-SVIJETA.pdf\">4. NAJIZOPA\u010cENIJI I NAJGRE\u0160NIJI POTPOLJENI GRADOVI SVIJETA<\/a><a href=\"https:\/\/aem.hr\/wp-content\/uploads\/2025\/03\/4.-NAJIZOPACENIJI-I-NAJGRESNIJI-POTPOLJENI-GRADOVI-SVIJETA.pdf\" class=\"wp-block-file__button wp-element-button\" download aria-describedby=\"wp-block-file--media-a0de3d26-b700-4a46-adea-b1b27902e3e2\">Preuzimanje<\/a><\/div>\n\n\n\n<div class=\"wp-block-file\"><a id=\"wp-block-file--media-75d06089-5812-4277-9944-c7a11e456ebd\" href=\"https:\/\/aem.hr\/wp-content\/uploads\/2025\/03\/5.-MOSTINA-PODVODNI-OBRAMBENI-BEDEM-NA-USCU-RIJEKE-CETINE.pdf\">5. MOSTINA &#8211; PODVODNI OBRAMBENI BEDEM NA U\u0160\u0106U RIJEKE CETINE<\/a><a href=\"https:\/\/aem.hr\/wp-content\/uploads\/2025\/03\/5.-MOSTINA-PODVODNI-OBRAMBENI-BEDEM-NA-USCU-RIJEKE-CETINE.pdf\" class=\"wp-block-file__button wp-element-button\" download aria-describedby=\"wp-block-file--media-75d06089-5812-4277-9944-c7a11e456ebd\">Preuzimanje<\/a><\/div>\n","protected":false},"excerpt":{"rendered":"","protected":false},"author":18,"featured_media":0,"parent":0,"menu_order":0,"comment_status":"closed","ping_status":"closed","template":"","meta":{"_acf_changed":false,"inline_featured_image":false,"advgb_blocks_editor_width":"","advgb_blocks_columns_visual_guide":"","_links_to":"","_links_to_type":0,"footnotes":""},"class_list":["post-22155","page","type-page","status-publish","hentry"],"acf":[],"yoast_head":"<!-- This site is optimized with the Yoast SEO plugin v25.7 - https:\/\/yoast.com\/wordpress\/plugins\/seo\/ -->\n<title>Jo\u0161ka Tea Katunari\u0107 Kirjakov - Mitovi, legende i znanost o moru - Agencija za elektroni\u010dke medije<\/title>\n<meta name=\"robots\" content=\"index, follow, max-snippet:-1, max-image-preview:large, max-video-preview:-1\" \/>\n<link rel=\"canonical\" href=\"https:\/\/aem.hr\/joska-tea-katunaric-kirjakov-mitovi-legende-i-znanost-o-moru\/\" \/>\n<meta property=\"og:locale\" content=\"en_US\" \/>\n<meta property=\"og:type\" content=\"article\" \/>\n<meta property=\"og:title\" content=\"Jo\u0161ka Tea Katunari\u0107 Kirjakov - Mitovi, legende i znanost o moru - Agencija za elektroni\u010dke medije\" \/>\n<meta property=\"og:url\" content=\"https:\/\/aem.hr\/joska-tea-katunaric-kirjakov-mitovi-legende-i-znanost-o-moru\/\" \/>\n<meta property=\"og:site_name\" content=\"Agencija za elektroni\u010dke medije\" \/>\n<meta property=\"article:modified_time\" content=\"2025-03-26T13:11:51+00:00\" \/>\n<meta name=\"twitter:card\" content=\"summary_large_image\" \/>\n<meta name=\"twitter:label1\" content=\"Est. reading time\" \/>\n\t<meta name=\"twitter:data1\" content=\"1 minute\" \/>\n<script type=\"application\/ld+json\" class=\"yoast-schema-graph\">{\"@context\":\"https:\/\/schema.org\",\"@graph\":[{\"@type\":\"WebPage\",\"@id\":\"https:\/\/aem.hr\/joska-tea-katunaric-kirjakov-mitovi-legende-i-znanost-o-moru\/\",\"url\":\"https:\/\/aem.hr\/joska-tea-katunaric-kirjakov-mitovi-legende-i-znanost-o-moru\/\",\"name\":\"Jo\u0161ka Tea Katunari\u0107 Kirjakov - Mitovi, legende i znanost o moru - Agencija za elektroni\u010dke medije\",\"isPartOf\":{\"@id\":\"https:\/\/aem.hr\/#website\"},\"datePublished\":\"2025-03-26T13:11:50+00:00\",\"dateModified\":\"2025-03-26T13:11:51+00:00\",\"breadcrumb\":{\"@id\":\"https:\/\/aem.hr\/joska-tea-katunaric-kirjakov-mitovi-legende-i-znanost-o-moru\/#breadcrumb\"},\"inLanguage\":\"en-US\",\"potentialAction\":[{\"@type\":\"ReadAction\",\"target\":[\"https:\/\/aem.hr\/joska-tea-katunaric-kirjakov-mitovi-legende-i-znanost-o-moru\/\"]}]},{\"@type\":\"BreadcrumbList\",\"@id\":\"https:\/\/aem.hr\/joska-tea-katunaric-kirjakov-mitovi-legende-i-znanost-o-moru\/#breadcrumb\",\"itemListElement\":[{\"@type\":\"ListItem\",\"position\":1,\"name\":\"Po\u010detna stranica\",\"item\":\"https:\/\/aem.hr\/\"},{\"@type\":\"ListItem\",\"position\":2,\"name\":\"Jo\u0161ka Tea Katunari\u0107 Kirjakov &#8211; Mitovi, legende i znanost o moru\"}]},{\"@type\":\"WebSite\",\"@id\":\"https:\/\/aem.hr\/#website\",\"url\":\"https:\/\/aem.hr\/\",\"name\":\"Agencija za elektroni\u010dke medije\",\"description\":\"\",\"potentialAction\":[{\"@type\":\"SearchAction\",\"target\":{\"@type\":\"EntryPoint\",\"urlTemplate\":\"https:\/\/aem.hr\/?s={search_term_string}\"},\"query-input\":{\"@type\":\"PropertyValueSpecification\",\"valueRequired\":true,\"valueName\":\"search_term_string\"}}],\"inLanguage\":\"en-US\"}]}<\/script>\n<!-- \/ Yoast SEO plugin. -->","yoast_head_json":{"title":"Jo\u0161ka Tea Katunari\u0107 Kirjakov - Mitovi, legende i znanost o moru - Agencija za elektroni\u010dke medije","robots":{"index":"index","follow":"follow","max-snippet":"max-snippet:-1","max-image-preview":"max-image-preview:large","max-video-preview":"max-video-preview:-1"},"canonical":"https:\/\/aem.hr\/joska-tea-katunaric-kirjakov-mitovi-legende-i-znanost-o-moru\/","og_locale":"en_US","og_type":"article","og_title":"Jo\u0161ka Tea Katunari\u0107 Kirjakov - Mitovi, legende i znanost o moru - Agencija za elektroni\u010dke medije","og_url":"https:\/\/aem.hr\/joska-tea-katunaric-kirjakov-mitovi-legende-i-znanost-o-moru\/","og_site_name":"Agencija za elektroni\u010dke medije","article_modified_time":"2025-03-26T13:11:51+00:00","twitter_card":"summary_large_image","twitter_misc":{"Est. reading time":"1 minute"},"schema":{"@context":"https:\/\/schema.org","@graph":[{"@type":"WebPage","@id":"https:\/\/aem.hr\/joska-tea-katunaric-kirjakov-mitovi-legende-i-znanost-o-moru\/","url":"https:\/\/aem.hr\/joska-tea-katunaric-kirjakov-mitovi-legende-i-znanost-o-moru\/","name":"Jo\u0161ka Tea Katunari\u0107 Kirjakov - Mitovi, legende i znanost o moru - Agencija za elektroni\u010dke medije","isPartOf":{"@id":"https:\/\/aem.hr\/#website"},"datePublished":"2025-03-26T13:11:50+00:00","dateModified":"2025-03-26T13:11:51+00:00","breadcrumb":{"@id":"https:\/\/aem.hr\/joska-tea-katunaric-kirjakov-mitovi-legende-i-znanost-o-moru\/#breadcrumb"},"inLanguage":"en-US","potentialAction":[{"@type":"ReadAction","target":["https:\/\/aem.hr\/joska-tea-katunaric-kirjakov-mitovi-legende-i-znanost-o-moru\/"]}]},{"@type":"BreadcrumbList","@id":"https:\/\/aem.hr\/joska-tea-katunaric-kirjakov-mitovi-legende-i-znanost-o-moru\/#breadcrumb","itemListElement":[{"@type":"ListItem","position":1,"name":"Po\u010detna stranica","item":"https:\/\/aem.hr\/"},{"@type":"ListItem","position":2,"name":"Jo\u0161ka Tea Katunari\u0107 Kirjakov &#8211; Mitovi, legende i znanost o moru"}]},{"@type":"WebSite","@id":"https:\/\/aem.hr\/#website","url":"https:\/\/aem.hr\/","name":"Agencija za elektroni\u010dke medije","description":"","potentialAction":[{"@type":"SearchAction","target":{"@type":"EntryPoint","urlTemplate":"https:\/\/aem.hr\/?s={search_term_string}"},"query-input":{"@type":"PropertyValueSpecification","valueRequired":true,"valueName":"search_term_string"}}],"inLanguage":"en-US"}]}},"coauthors":[],"author_meta":{"author_link":"https:\/\/aem.hr\/en\/blog\/author\/mkirac\/","display_name":"Matko Kirac"},"relative_dates":{"created":"Posted 1 year ago","modified":"Updated 1 year ago"},"absolute_dates":{"created":"Posted on 26. March 2025.","modified":"Updated on 26. March 2025."},"absolute_dates_time":{"created":"Posted on 26. March 2025. 14:11","modified":"Updated on 26. March 2025. 14:11"},"featured_img_caption":"","featured_img":false,"series_order":"","_links":{"self":[{"href":"https:\/\/aem.hr\/en\/wp-json\/wp\/v2\/pages\/22155","targetHints":{"allow":["GET"]}}],"collection":[{"href":"https:\/\/aem.hr\/en\/wp-json\/wp\/v2\/pages"}],"about":[{"href":"https:\/\/aem.hr\/en\/wp-json\/wp\/v2\/types\/page"}],"author":[{"embeddable":true,"href":"https:\/\/aem.hr\/en\/wp-json\/wp\/v2\/users\/18"}],"replies":[{"embeddable":true,"href":"https:\/\/aem.hr\/en\/wp-json\/wp\/v2\/comments?post=22155"}],"version-history":[{"count":1,"href":"https:\/\/aem.hr\/en\/wp-json\/wp\/v2\/pages\/22155\/revisions"}],"predecessor-version":[{"id":22163,"href":"https:\/\/aem.hr\/en\/wp-json\/wp\/v2\/pages\/22155\/revisions\/22163"}],"wp:attachment":[{"href":"https:\/\/aem.hr\/en\/wp-json\/wp\/v2\/media?parent=22155"}],"curies":[{"name":"wp","href":"https:\/\/api.w.org\/{rel}","templated":true}]}}