{"id":22189,"date":"2025-03-26T14:15:00","date_gmt":"2025-03-26T13:15:00","guid":{"rendered":"http:\/\/aem.hr\/?page_id=22189"},"modified":"2025-03-26T14:15:01","modified_gmt":"2025-03-26T13:15:01","slug":"snjezana-ivic-gerovac-hrvatska-moze-proizvesti-dovoljno-hrane-za-svoje-potrebe-istina-ili-mit","status":"publish","type":"page","link":"https:\/\/aem.hr\/en\/snjezana-ivic-gerovac-hrvatska-moze-proizvesti-dovoljno-hrane-za-svoje-potrebe-istina-ili-mit\/","title":{"rendered":"Snje\u017eana Ivi\u0107 Gerovac &#8211; Hrvatska mo\u017ee proizvesti dovoljno hrane za svoje potrebe: Istina ili mit?"},"content":{"rendered":"\n<div class=\"wp-block-file\"><a id=\"wp-block-file--media-c4c69382-b9d9-4981-800f-d629f663f381\" href=\"https:\/\/aem.hr\/wp-content\/uploads\/2025\/03\/1.-Moze-li-Hrvatska.pdf\">1. Mo\u017ee li Hrvatska<\/a><a href=\"https:\/\/aem.hr\/wp-content\/uploads\/2025\/03\/1.-Moze-li-Hrvatska.pdf\" class=\"wp-block-file__button wp-element-button\" download aria-describedby=\"wp-block-file--media-c4c69382-b9d9-4981-800f-d629f663f381\">Preuzimanje<\/a><\/div>\n\n\n\n<div class=\"wp-block-file\"><a id=\"wp-block-file--media-25627492-98ae-40b6-9b2a-a1698e2b7d29\" href=\"https:\/\/aem.hr\/wp-content\/uploads\/2025\/03\/2.-Nemamo-dovoljno-mesa.pdf\">2. Nemamo dovoljno mesa<\/a><a href=\"https:\/\/aem.hr\/wp-content\/uploads\/2025\/03\/2.-Nemamo-dovoljno-mesa.pdf\" class=\"wp-block-file__button wp-element-button\" download aria-describedby=\"wp-block-file--media-25627492-98ae-40b6-9b2a-a1698e2b7d29\">PrPreuzimanjeeuzmi<\/a><\/div>\n\n\n\n<div class=\"wp-block-file\"><a id=\"wp-block-file--media-84a625de-26b4-4031-988f-5d494807c889\" href=\"https:\/\/aem.hr\/wp-content\/uploads\/2025\/03\/3.-Voca-i-povrca.pdf\">3. Vo\u0107a i povr\u0107a<\/a><a href=\"https:\/\/aem.hr\/wp-content\/uploads\/2025\/03\/3.-Voca-i-povrca.pdf\" class=\"wp-block-file__button wp-element-button\" download aria-describedby=\"wp-block-file--media-84a625de-26b4-4031-988f-5d494807c889\">Preuzimanje<\/a><\/div>\n\n\n\n<div class=\"wp-block-file\"><a id=\"wp-block-file--media-e29d758d-ddf0-410f-bf6a-529138575fe1\" href=\"https:\/\/aem.hr\/wp-content\/uploads\/2025\/03\/4.-Prelaskom-na-planetarno.pdf\">4. Prelaskom na planetarno<\/a><a href=\"https:\/\/aem.hr\/wp-content\/uploads\/2025\/03\/4.-Prelaskom-na-planetarno.pdf\" class=\"wp-block-file__button wp-element-button\" download aria-describedby=\"wp-block-file--media-e29d758d-ddf0-410f-bf6a-529138575fe1\">Preuzimanje<\/a><\/div>\n\n\n\n<div class=\"wp-block-file\"><a id=\"wp-block-file--media-2e09ec50-6a82-4188-8b9a-f62ca429684c\" href=\"https:\/\/aem.hr\/wp-content\/uploads\/2025\/03\/5.-Urbana-poljoprivreda-u-gradovima.pdf\">5. Urbana poljoprivreda u gradovima<\/a><a href=\"https:\/\/aem.hr\/wp-content\/uploads\/2025\/03\/5.-Urbana-poljoprivreda-u-gradovima.pdf\" class=\"wp-block-file__button wp-element-button\" download aria-describedby=\"wp-block-file--media-2e09ec50-6a82-4188-8b9a-f62ca429684c\">Preuzimanje<\/a><\/div>\n\n\n\n<div class=\"wp-block-file\"><a id=\"wp-block-file--media-689b972f-e585-47c5-81eb-1d5c13d9e086\" href=\"https:\/\/aem.hr\/wp-content\/uploads\/2025\/03\/6.-Grupe-solidarne-razmjene.pdf\">6. Grupe solidarne razmjene<\/a><a href=\"https:\/\/aem.hr\/wp-content\/uploads\/2025\/03\/6.-Grupe-solidarne-razmjene.pdf\" class=\"wp-block-file__button wp-element-button\" download aria-describedby=\"wp-block-file--media-689b972f-e585-47c5-81eb-1d5c13d9e086\">Preuzimanje<\/a><\/div>\n\n\n\n<div class=\"wp-block-file\"><a id=\"wp-block-file--media-ffee2a1e-a2a1-40f4-a0ca-b359dffada23\" href=\"https:\/\/aem.hr\/wp-content\/uploads\/2025\/03\/7.-Urbana-poljoprivreda-Zageb.pdf\">7. Urbana poljoprivreda Zageb<\/a><a href=\"https:\/\/aem.hr\/wp-content\/uploads\/2025\/03\/7.-Urbana-poljoprivreda-Zageb.pdf\" class=\"wp-block-file__button wp-element-button\" download aria-describedby=\"wp-block-file--media-ffee2a1e-a2a1-40f4-a0ca-b359dffada23\">Preuzimanje<\/a><\/div>\n\n\n\n<div class=\"wp-block-file\"><a id=\"wp-block-file--media-dd8cf912-f855-4a43-8b38-3da91d9a7f32\" href=\"https:\/\/aem.hr\/wp-content\/uploads\/2025\/03\/8.-Proizvodnja-hrane-je-plemeniti-posao.pdf\">8. Proizvodnja hrane je plemeniti posao<\/a><a href=\"https:\/\/aem.hr\/wp-content\/uploads\/2025\/03\/8.-Proizvodnja-hrane-je-plemeniti-posao.pdf\" class=\"wp-block-file__button wp-element-button\" download aria-describedby=\"wp-block-file--media-dd8cf912-f855-4a43-8b38-3da91d9a7f32\">Preuzimanje<\/a><\/div>\n\n\n\n<div class=\"wp-block-file\"><a id=\"wp-block-file--media-f5bbdd63-7764-4d39-a3ea-8def19a9c061\" href=\"https:\/\/aem.hr\/wp-content\/uploads\/2025\/03\/9.-Poljoprivreda-je-biznis.pdf\">9. Poljoprivreda je biznis<\/a><a href=\"https:\/\/aem.hr\/wp-content\/uploads\/2025\/03\/9.-Poljoprivreda-je-biznis.pdf\" class=\"wp-block-file__button wp-element-button\" download aria-describedby=\"wp-block-file--media-f5bbdd63-7764-4d39-a3ea-8def19a9c061\">Preuzimanje<\/a><\/div>\n","protected":false},"excerpt":{"rendered":"","protected":false},"author":18,"featured_media":0,"parent":0,"menu_order":0,"comment_status":"closed","ping_status":"closed","template":"","meta":{"_acf_changed":false,"inline_featured_image":false,"advgb_blocks_editor_width":"","advgb_blocks_columns_visual_guide":"","_links_to":"","_links_to_type":0,"footnotes":""},"class_list":["post-22189","page","type-page","status-publish","hentry"],"acf":[],"yoast_head":"<!-- This site is optimized with the Yoast SEO plugin v25.7 - https:\/\/yoast.com\/wordpress\/plugins\/seo\/ -->\n<title>Snje\u017eana Ivi\u0107 Gerovac - Hrvatska mo\u017ee proizvesti dovoljno hrane za svoje potrebe: Istina ili mit? - Agencija za elektroni\u010dke medije<\/title>\n<meta name=\"robots\" content=\"index, follow, max-snippet:-1, max-image-preview:large, max-video-preview:-1\" \/>\n<link rel=\"canonical\" href=\"https:\/\/aem.hr\/snjezana-ivic-gerovac-hrvatska-moze-proizvesti-dovoljno-hrane-za-svoje-potrebe-istina-ili-mit\/\" \/>\n<meta property=\"og:locale\" content=\"en_US\" \/>\n<meta property=\"og:type\" content=\"article\" \/>\n<meta property=\"og:title\" content=\"Snje\u017eana Ivi\u0107 Gerovac - Hrvatska mo\u017ee proizvesti dovoljno hrane za svoje potrebe: Istina ili mit? - Agencija za elektroni\u010dke medije\" \/>\n<meta property=\"og:url\" content=\"https:\/\/aem.hr\/snjezana-ivic-gerovac-hrvatska-moze-proizvesti-dovoljno-hrane-za-svoje-potrebe-istina-ili-mit\/\" \/>\n<meta property=\"og:site_name\" content=\"Agencija za elektroni\u010dke medije\" \/>\n<meta property=\"article:modified_time\" content=\"2025-03-26T13:15:01+00:00\" \/>\n<meta name=\"twitter:card\" content=\"summary_large_image\" \/>\n<meta name=\"twitter:label1\" content=\"Est. reading time\" \/>\n\t<meta name=\"twitter:data1\" content=\"1 minute\" \/>\n<script type=\"application\/ld+json\" class=\"yoast-schema-graph\">{\"@context\":\"https:\/\/schema.org\",\"@graph\":[{\"@type\":\"WebPage\",\"@id\":\"https:\/\/aem.hr\/snjezana-ivic-gerovac-hrvatska-moze-proizvesti-dovoljno-hrane-za-svoje-potrebe-istina-ili-mit\/\",\"url\":\"https:\/\/aem.hr\/snjezana-ivic-gerovac-hrvatska-moze-proizvesti-dovoljno-hrane-za-svoje-potrebe-istina-ili-mit\/\",\"name\":\"Snje\u017eana Ivi\u0107 Gerovac - Hrvatska mo\u017ee proizvesti dovoljno hrane za svoje potrebe: Istina ili mit? - Agencija za elektroni\u010dke medije\",\"isPartOf\":{\"@id\":\"https:\/\/aem.hr\/#website\"},\"datePublished\":\"2025-03-26T13:15:00+00:00\",\"dateModified\":\"2025-03-26T13:15:01+00:00\",\"breadcrumb\":{\"@id\":\"https:\/\/aem.hr\/snjezana-ivic-gerovac-hrvatska-moze-proizvesti-dovoljno-hrane-za-svoje-potrebe-istina-ili-mit\/#breadcrumb\"},\"inLanguage\":\"en-US\",\"potentialAction\":[{\"@type\":\"ReadAction\",\"target\":[\"https:\/\/aem.hr\/snjezana-ivic-gerovac-hrvatska-moze-proizvesti-dovoljno-hrane-za-svoje-potrebe-istina-ili-mit\/\"]}]},{\"@type\":\"BreadcrumbList\",\"@id\":\"https:\/\/aem.hr\/snjezana-ivic-gerovac-hrvatska-moze-proizvesti-dovoljno-hrane-za-svoje-potrebe-istina-ili-mit\/#breadcrumb\",\"itemListElement\":[{\"@type\":\"ListItem\",\"position\":1,\"name\":\"Po\u010detna stranica\",\"item\":\"https:\/\/aem.hr\/\"},{\"@type\":\"ListItem\",\"position\":2,\"name\":\"Snje\u017eana Ivi\u0107 Gerovac &#8211; Hrvatska mo\u017ee proizvesti dovoljno hrane za svoje potrebe: Istina ili mit?\"}]},{\"@type\":\"WebSite\",\"@id\":\"https:\/\/aem.hr\/#website\",\"url\":\"https:\/\/aem.hr\/\",\"name\":\"Agencija za elektroni\u010dke medije\",\"description\":\"\",\"potentialAction\":[{\"@type\":\"SearchAction\",\"target\":{\"@type\":\"EntryPoint\",\"urlTemplate\":\"https:\/\/aem.hr\/?s={search_term_string}\"},\"query-input\":{\"@type\":\"PropertyValueSpecification\",\"valueRequired\":true,\"valueName\":\"search_term_string\"}}],\"inLanguage\":\"en-US\"}]}<\/script>\n<!-- \/ Yoast SEO plugin. -->","yoast_head_json":{"title":"Snje\u017eana Ivi\u0107 Gerovac - Hrvatska mo\u017ee proizvesti dovoljno hrane za svoje potrebe: Istina ili mit? - Agencija za elektroni\u010dke medije","robots":{"index":"index","follow":"follow","max-snippet":"max-snippet:-1","max-image-preview":"max-image-preview:large","max-video-preview":"max-video-preview:-1"},"canonical":"https:\/\/aem.hr\/snjezana-ivic-gerovac-hrvatska-moze-proizvesti-dovoljno-hrane-za-svoje-potrebe-istina-ili-mit\/","og_locale":"en_US","og_type":"article","og_title":"Snje\u017eana Ivi\u0107 Gerovac - Hrvatska mo\u017ee proizvesti dovoljno hrane za svoje potrebe: Istina ili mit? - Agencija za elektroni\u010dke medije","og_url":"https:\/\/aem.hr\/snjezana-ivic-gerovac-hrvatska-moze-proizvesti-dovoljno-hrane-za-svoje-potrebe-istina-ili-mit\/","og_site_name":"Agencija za elektroni\u010dke medije","article_modified_time":"2025-03-26T13:15:01+00:00","twitter_card":"summary_large_image","twitter_misc":{"Est. reading time":"1 minute"},"schema":{"@context":"https:\/\/schema.org","@graph":[{"@type":"WebPage","@id":"https:\/\/aem.hr\/snjezana-ivic-gerovac-hrvatska-moze-proizvesti-dovoljno-hrane-za-svoje-potrebe-istina-ili-mit\/","url":"https:\/\/aem.hr\/snjezana-ivic-gerovac-hrvatska-moze-proizvesti-dovoljno-hrane-za-svoje-potrebe-istina-ili-mit\/","name":"Snje\u017eana Ivi\u0107 Gerovac - Hrvatska mo\u017ee proizvesti dovoljno hrane za svoje potrebe: Istina ili mit? - Agencija za elektroni\u010dke medije","isPartOf":{"@id":"https:\/\/aem.hr\/#website"},"datePublished":"2025-03-26T13:15:00+00:00","dateModified":"2025-03-26T13:15:01+00:00","breadcrumb":{"@id":"https:\/\/aem.hr\/snjezana-ivic-gerovac-hrvatska-moze-proizvesti-dovoljno-hrane-za-svoje-potrebe-istina-ili-mit\/#breadcrumb"},"inLanguage":"en-US","potentialAction":[{"@type":"ReadAction","target":["https:\/\/aem.hr\/snjezana-ivic-gerovac-hrvatska-moze-proizvesti-dovoljno-hrane-za-svoje-potrebe-istina-ili-mit\/"]}]},{"@type":"BreadcrumbList","@id":"https:\/\/aem.hr\/snjezana-ivic-gerovac-hrvatska-moze-proizvesti-dovoljno-hrane-za-svoje-potrebe-istina-ili-mit\/#breadcrumb","itemListElement":[{"@type":"ListItem","position":1,"name":"Po\u010detna stranica","item":"https:\/\/aem.hr\/"},{"@type":"ListItem","position":2,"name":"Snje\u017eana Ivi\u0107 Gerovac &#8211; Hrvatska mo\u017ee proizvesti dovoljno hrane za svoje potrebe: Istina ili mit?"}]},{"@type":"WebSite","@id":"https:\/\/aem.hr\/#website","url":"https:\/\/aem.hr\/","name":"Agencija za elektroni\u010dke medije","description":"","potentialAction":[{"@type":"SearchAction","target":{"@type":"EntryPoint","urlTemplate":"https:\/\/aem.hr\/?s={search_term_string}"},"query-input":{"@type":"PropertyValueSpecification","valueRequired":true,"valueName":"search_term_string"}}],"inLanguage":"en-US"}]}},"coauthors":[],"author_meta":{"author_link":"https:\/\/aem.hr\/en\/blog\/author\/mkirac\/","display_name":"Matko Kirac"},"relative_dates":{"created":"Posted 1 year ago","modified":"Updated 1 year ago"},"absolute_dates":{"created":"Posted on 26. March 2025.","modified":"Updated on 26. March 2025."},"absolute_dates_time":{"created":"Posted on 26. March 2025. 14:15","modified":"Updated on 26. March 2025. 14:15"},"featured_img_caption":"","featured_img":false,"series_order":"","_links":{"self":[{"href":"https:\/\/aem.hr\/en\/wp-json\/wp\/v2\/pages\/22189","targetHints":{"allow":["GET"]}}],"collection":[{"href":"https:\/\/aem.hr\/en\/wp-json\/wp\/v2\/pages"}],"about":[{"href":"https:\/\/aem.hr\/en\/wp-json\/wp\/v2\/types\/page"}],"author":[{"embeddable":true,"href":"https:\/\/aem.hr\/en\/wp-json\/wp\/v2\/users\/18"}],"replies":[{"embeddable":true,"href":"https:\/\/aem.hr\/en\/wp-json\/wp\/v2\/comments?post=22189"}],"version-history":[{"count":1,"href":"https:\/\/aem.hr\/en\/wp-json\/wp\/v2\/pages\/22189\/revisions"}],"predecessor-version":[{"id":22208,"href":"https:\/\/aem.hr\/en\/wp-json\/wp\/v2\/pages\/22189\/revisions\/22208"}],"wp:attachment":[{"href":"https:\/\/aem.hr\/en\/wp-json\/wp\/v2\/media?parent=22189"}],"curies":[{"name":"wp","href":"https:\/\/api.w.org\/{rel}","templated":true}]}}