{"id":22241,"date":"2025-03-26T14:19:06","date_gmt":"2025-03-26T13:19:06","guid":{"rendered":"http:\/\/aem.hr\/?page_id=22241"},"modified":"2025-03-26T14:19:07","modified_gmt":"2025-03-26T13:19:07","slug":"damir-petranovic-daleko-od-oltara","status":"publish","type":"page","link":"https:\/\/aem.hr\/en\/damir-petranovic-daleko-od-oltara\/","title":{"rendered":"Damir Petranovi\u0107 &#8211; &#8216;Daleko od oltara&#8217;"},"content":{"rendered":"\n<div class=\"wp-block-file\"><a id=\"wp-block-file--media-46f1e898-031e-497d-8fdd-d826076505f4\" href=\"https:\/\/aem.hr\/wp-content\/uploads\/2025\/03\/1.-Drzava-koja-ne-voli-svoje-more.pdf\">1. Dr\u017eava koja ne voli svoje more<\/a><a href=\"https:\/\/aem.hr\/wp-content\/uploads\/2025\/03\/1.-Drzava-koja-ne-voli-svoje-more.pdf\" class=\"wp-block-file__button wp-element-button\" download aria-describedby=\"wp-block-file--media-46f1e898-031e-497d-8fdd-d826076505f4\">Preuzimanje<\/a><\/div>\n\n\n\n<div class=\"wp-block-file\"><a id=\"wp-block-file--media-dff5b731-b978-493f-954e-01ad171aa6c5\" href=\"https:\/\/aem.hr\/wp-content\/uploads\/2025\/03\/2.-Prste-dalje-od-naseg-aerodroma.pdf\">2. Prste dalje od na\u0161eg aerodroma!<\/a><a href=\"https:\/\/aem.hr\/wp-content\/uploads\/2025\/03\/2.-Prste-dalje-od-naseg-aerodroma.pdf\" class=\"wp-block-file__button wp-element-button\" download aria-describedby=\"wp-block-file--media-dff5b731-b978-493f-954e-01ad171aa6c5\">Preuzimanje<\/a><\/div>\n\n\n\n<div class=\"wp-block-file\"><a id=\"wp-block-file--media-edaeb5de-9f8e-4772-bf18-7836cce4b923\" href=\"https:\/\/aem.hr\/wp-content\/uploads\/2025\/03\/3.-Pogodite-jedinu-bolnicu-u-koju-drzava-nece-uloziti-novac.pdf\">3. Pogodite jedinu bolnicu u koju dr\u017eava ne\u0107e ulo\u017eiti novac<\/a><a href=\"https:\/\/aem.hr\/wp-content\/uploads\/2025\/03\/3.-Pogodite-jedinu-bolnicu-u-koju-drzava-nece-uloziti-novac.pdf\" class=\"wp-block-file__button wp-element-button\" download aria-describedby=\"wp-block-file--media-edaeb5de-9f8e-4772-bf18-7836cce4b923\">Preuzimanje<\/a><\/div>\n\n\n\n<div class=\"wp-block-file\"><a id=\"wp-block-file--media-c8edc478-108b-4a5c-a800-81fe1c720a12\" href=\"https:\/\/aem.hr\/wp-content\/uploads\/2025\/03\/4.-Jaka-glava-i-zakrzljali-udovi-hrvatska-realnost-a-bogme-i-strategija.pdf\">4. Jaka glava i zakr\u017eljali udovi, hrvatska realnost (a bogme i strategija)<\/a><a href=\"https:\/\/aem.hr\/wp-content\/uploads\/2025\/03\/4.-Jaka-glava-i-zakrzljali-udovi-hrvatska-realnost-a-bogme-i-strategija.pdf\" class=\"wp-block-file__button wp-element-button\" download aria-describedby=\"wp-block-file--media-c8edc478-108b-4a5c-a800-81fe1c720a12\">Preuzimanje<\/a><\/div>\n\n\n\n<div class=\"wp-block-file\"><a id=\"wp-block-file--media-30a34c11-a883-4032-a586-c3151d4441c3\" href=\"https:\/\/aem.hr\/wp-content\/uploads\/2025\/03\/5.-Najsramotniji-detalj-afere-Malog-Berosa.pdf\">5. Najsramotniji detalj afere Malog Bero\u0161a<\/a><a href=\"https:\/\/aem.hr\/wp-content\/uploads\/2025\/03\/5.-Najsramotniji-detalj-afere-Malog-Berosa.pdf\" class=\"wp-block-file__button wp-element-button\" download aria-describedby=\"wp-block-file--media-30a34c11-a883-4032-a586-c3151d4441c3\">Preuzimanje<\/a><\/div>\n","protected":false},"excerpt":{"rendered":"","protected":false},"author":18,"featured_media":0,"parent":0,"menu_order":0,"comment_status":"closed","ping_status":"closed","template":"","meta":{"_acf_changed":false,"inline_featured_image":false,"advgb_blocks_editor_width":"","advgb_blocks_columns_visual_guide":"","_links_to":"","_links_to_type":0,"footnotes":""},"class_list":["post-22241","page","type-page","status-publish","hentry"],"acf":[],"yoast_head":"<!-- This site is optimized with the Yoast SEO plugin v25.7 - https:\/\/yoast.com\/wordpress\/plugins\/seo\/ -->\n<title>Damir Petranovi\u0107 - &#039;Daleko od oltara&#039; - Agencija za elektroni\u010dke medije<\/title>\n<meta name=\"robots\" content=\"index, follow, max-snippet:-1, max-image-preview:large, max-video-preview:-1\" \/>\n<link rel=\"canonical\" href=\"https:\/\/aem.hr\/damir-petranovic-daleko-od-oltara\/\" \/>\n<meta property=\"og:locale\" content=\"en_US\" \/>\n<meta property=\"og:type\" content=\"article\" \/>\n<meta property=\"og:title\" content=\"Damir Petranovi\u0107 - &#039;Daleko od oltara&#039; - Agencija za elektroni\u010dke medije\" \/>\n<meta property=\"og:url\" content=\"https:\/\/aem.hr\/damir-petranovic-daleko-od-oltara\/\" \/>\n<meta property=\"og:site_name\" content=\"Agencija za elektroni\u010dke medije\" \/>\n<meta property=\"article:modified_time\" content=\"2025-03-26T13:19:07+00:00\" \/>\n<meta name=\"twitter:card\" content=\"summary_large_image\" \/>\n<meta name=\"twitter:label1\" content=\"Est. reading time\" \/>\n\t<meta name=\"twitter:data1\" content=\"1 minute\" \/>\n<script type=\"application\/ld+json\" class=\"yoast-schema-graph\">{\"@context\":\"https:\/\/schema.org\",\"@graph\":[{\"@type\":\"WebPage\",\"@id\":\"https:\/\/aem.hr\/damir-petranovic-daleko-od-oltara\/\",\"url\":\"https:\/\/aem.hr\/damir-petranovic-daleko-od-oltara\/\",\"name\":\"Damir Petranovi\u0107 - 'Daleko od oltara' - Agencija za elektroni\u010dke medije\",\"isPartOf\":{\"@id\":\"https:\/\/aem.hr\/#website\"},\"datePublished\":\"2025-03-26T13:19:06+00:00\",\"dateModified\":\"2025-03-26T13:19:07+00:00\",\"breadcrumb\":{\"@id\":\"https:\/\/aem.hr\/damir-petranovic-daleko-od-oltara\/#breadcrumb\"},\"inLanguage\":\"en-US\",\"potentialAction\":[{\"@type\":\"ReadAction\",\"target\":[\"https:\/\/aem.hr\/damir-petranovic-daleko-od-oltara\/\"]}]},{\"@type\":\"BreadcrumbList\",\"@id\":\"https:\/\/aem.hr\/damir-petranovic-daleko-od-oltara\/#breadcrumb\",\"itemListElement\":[{\"@type\":\"ListItem\",\"position\":1,\"name\":\"Po\u010detna stranica\",\"item\":\"https:\/\/aem.hr\/\"},{\"@type\":\"ListItem\",\"position\":2,\"name\":\"Damir Petranovi\u0107 &#8211; &#8216;Daleko od oltara&#8217;\"}]},{\"@type\":\"WebSite\",\"@id\":\"https:\/\/aem.hr\/#website\",\"url\":\"https:\/\/aem.hr\/\",\"name\":\"Agencija za elektroni\u010dke medije\",\"description\":\"\",\"potentialAction\":[{\"@type\":\"SearchAction\",\"target\":{\"@type\":\"EntryPoint\",\"urlTemplate\":\"https:\/\/aem.hr\/?s={search_term_string}\"},\"query-input\":{\"@type\":\"PropertyValueSpecification\",\"valueRequired\":true,\"valueName\":\"search_term_string\"}}],\"inLanguage\":\"en-US\"}]}<\/script>\n<!-- \/ Yoast SEO plugin. -->","yoast_head_json":{"title":"Damir Petranovi\u0107 - 'Daleko od oltara' - Agencija za elektroni\u010dke medije","robots":{"index":"index","follow":"follow","max-snippet":"max-snippet:-1","max-image-preview":"max-image-preview:large","max-video-preview":"max-video-preview:-1"},"canonical":"https:\/\/aem.hr\/damir-petranovic-daleko-od-oltara\/","og_locale":"en_US","og_type":"article","og_title":"Damir Petranovi\u0107 - 'Daleko od oltara' - Agencija za elektroni\u010dke medije","og_url":"https:\/\/aem.hr\/damir-petranovic-daleko-od-oltara\/","og_site_name":"Agencija za elektroni\u010dke medije","article_modified_time":"2025-03-26T13:19:07+00:00","twitter_card":"summary_large_image","twitter_misc":{"Est. reading time":"1 minute"},"schema":{"@context":"https:\/\/schema.org","@graph":[{"@type":"WebPage","@id":"https:\/\/aem.hr\/damir-petranovic-daleko-od-oltara\/","url":"https:\/\/aem.hr\/damir-petranovic-daleko-od-oltara\/","name":"Damir Petranovi\u0107 - 'Daleko od oltara' - Agencija za elektroni\u010dke medije","isPartOf":{"@id":"https:\/\/aem.hr\/#website"},"datePublished":"2025-03-26T13:19:06+00:00","dateModified":"2025-03-26T13:19:07+00:00","breadcrumb":{"@id":"https:\/\/aem.hr\/damir-petranovic-daleko-od-oltara\/#breadcrumb"},"inLanguage":"en-US","potentialAction":[{"@type":"ReadAction","target":["https:\/\/aem.hr\/damir-petranovic-daleko-od-oltara\/"]}]},{"@type":"BreadcrumbList","@id":"https:\/\/aem.hr\/damir-petranovic-daleko-od-oltara\/#breadcrumb","itemListElement":[{"@type":"ListItem","position":1,"name":"Po\u010detna stranica","item":"https:\/\/aem.hr\/"},{"@type":"ListItem","position":2,"name":"Damir Petranovi\u0107 &#8211; &#8216;Daleko od oltara&#8217;"}]},{"@type":"WebSite","@id":"https:\/\/aem.hr\/#website","url":"https:\/\/aem.hr\/","name":"Agencija za elektroni\u010dke medije","description":"","potentialAction":[{"@type":"SearchAction","target":{"@type":"EntryPoint","urlTemplate":"https:\/\/aem.hr\/?s={search_term_string}"},"query-input":{"@type":"PropertyValueSpecification","valueRequired":true,"valueName":"search_term_string"}}],"inLanguage":"en-US"}]}},"coauthors":[],"author_meta":{"author_link":"https:\/\/aem.hr\/en\/blog\/author\/mkirac\/","display_name":"Matko Kirac"},"relative_dates":{"created":"Posted 1 year ago","modified":"Updated 1 year ago"},"absolute_dates":{"created":"Posted on 26. March 2025.","modified":"Updated on 26. March 2025."},"absolute_dates_time":{"created":"Posted on 26. March 2025. 14:19","modified":"Updated on 26. March 2025. 14:19"},"featured_img_caption":"","featured_img":false,"series_order":"","_links":{"self":[{"href":"https:\/\/aem.hr\/en\/wp-json\/wp\/v2\/pages\/22241","targetHints":{"allow":["GET"]}}],"collection":[{"href":"https:\/\/aem.hr\/en\/wp-json\/wp\/v2\/pages"}],"about":[{"href":"https:\/\/aem.hr\/en\/wp-json\/wp\/v2\/types\/page"}],"author":[{"embeddable":true,"href":"https:\/\/aem.hr\/en\/wp-json\/wp\/v2\/users\/18"}],"replies":[{"embeddable":true,"href":"https:\/\/aem.hr\/en\/wp-json\/wp\/v2\/comments?post=22241"}],"version-history":[{"count":1,"href":"https:\/\/aem.hr\/en\/wp-json\/wp\/v2\/pages\/22241\/revisions"}],"predecessor-version":[{"id":22253,"href":"https:\/\/aem.hr\/en\/wp-json\/wp\/v2\/pages\/22241\/revisions\/22253"}],"wp:attachment":[{"href":"https:\/\/aem.hr\/en\/wp-json\/wp\/v2\/media?parent=22241"}],"curies":[{"name":"wp","href":"https:\/\/api.w.org\/{rel}","templated":true}]}}