{"id":22255,"date":"2025-03-26T14:20:19","date_gmt":"2025-03-26T13:20:19","guid":{"rendered":"http:\/\/aem.hr\/?page_id=22255"},"modified":"2025-03-26T14:20:21","modified_gmt":"2025-03-26T13:20:21","slug":"gordana-ilic-ostojic-cudesna-povijest-najstarijeg-naselja-u-europi","status":"publish","type":"page","link":"https:\/\/aem.hr\/en\/gordana-ilic-ostojic-cudesna-povijest-najstarijeg-naselja-u-europi\/","title":{"rendered":"Gordana Ili\u0107-Ostoji\u0107 &#8211; &#8220;\u010cudesna povijest najstarijeg naselja u Europi&#8221;"},"content":{"rendered":"\n<div class=\"wp-block-file\"><a id=\"wp-block-file--media-d34c1238-28b8-4ad6-805a-c779c8bf7b4c\" href=\"https:\/\/aem.hr\/wp-content\/uploads\/2025\/03\/1.-Cudesna-povijest-najstarijeg.pdf\">1. \u010cudesna povijest najstarijeg<\/a><a href=\"https:\/\/aem.hr\/wp-content\/uploads\/2025\/03\/1.-Cudesna-povijest-najstarijeg.pdf\" class=\"wp-block-file__button wp-element-button\" download aria-describedby=\"wp-block-file--media-d34c1238-28b8-4ad6-805a-c779c8bf7b4c\">Preuzimanje<\/a><\/div>\n\n\n\n<div class=\"wp-block-file\"><a id=\"wp-block-file--media-5a557ce5-f4ae-4252-ab5b-522ccc87379c\" href=\"https:\/\/aem.hr\/wp-content\/uploads\/2025\/03\/2.-Prva-naselja-na-rijeci.pdf\">2. Prva naselja na rijeci<\/a><a href=\"https:\/\/aem.hr\/wp-content\/uploads\/2025\/03\/2.-Prva-naselja-na-rijeci.pdf\" class=\"wp-block-file__button wp-element-button\" download aria-describedby=\"wp-block-file--media-5a557ce5-f4ae-4252-ab5b-522ccc87379c\">Preuzimanje<\/a><\/div>\n\n\n\n<div class=\"wp-block-file\"><a id=\"wp-block-file--media-5d2134b5-dd89-4e82-93c2-a99b04752cc3\" href=\"https:\/\/aem.hr\/wp-content\/uploads\/2025\/03\/3.-Cjevojcica-s-amuletom.pdf\">3. \u010cjevoj\u010dica s amuletom<\/a><a href=\"https:\/\/aem.hr\/wp-content\/uploads\/2025\/03\/3.-Cjevojcica-s-amuletom.pdf\" class=\"wp-block-file__button wp-element-button\" download aria-describedby=\"wp-block-file--media-5d2134b5-dd89-4e82-93c2-a99b04752cc3\">Preuzimanje<\/a><\/div>\n\n\n\n<div class=\"wp-block-file\"><a id=\"wp-block-file--media-2162a4a4-bdec-4eeb-af42-f03676abf658\" href=\"https:\/\/aem.hr\/wp-content\/uploads\/2025\/03\/4.-Cpicentar-nove-kulture.pdf\">4. \u010cpicentar nove kulture<\/a><a href=\"https:\/\/aem.hr\/wp-content\/uploads\/2025\/03\/4.-Cpicentar-nove-kulture.pdf\" class=\"wp-block-file__button wp-element-button\" download aria-describedby=\"wp-block-file--media-2162a4a4-bdec-4eeb-af42-f03676abf658\">Preuzimanje<\/a><\/div>\n\n\n\n<div class=\"wp-block-file\"><a id=\"wp-block-file--media-b439d783-e50f-4afa-bc14-aad8ead85c21\" href=\"https:\/\/aem.hr\/wp-content\/uploads\/2025\/03\/5.-Crvi-gospodari-metala.pdf\">5. \u010crvi gospodari metala<\/a><a href=\"https:\/\/aem.hr\/wp-content\/uploads\/2025\/03\/5.-Crvi-gospodari-metala.pdf\" class=\"wp-block-file__button wp-element-button\" download aria-describedby=\"wp-block-file--media-b439d783-e50f-4afa-bc14-aad8ead85c21\">Preuzimanje<\/a><\/div>\n\n\n\n<div class=\"wp-block-file\"><a id=\"wp-block-file--media-6d1749c5-0874-48ca-9394-679e8ef5ed5d\" href=\"https:\/\/aem.hr\/wp-content\/uploads\/2025\/03\/6.-Conac-pun-zvijezda.pdf\">6. \u010conac pun zvijezda<\/a><a href=\"https:\/\/aem.hr\/wp-content\/uploads\/2025\/03\/6.-Conac-pun-zvijezda.pdf\" class=\"wp-block-file__button wp-element-button\" download aria-describedby=\"wp-block-file--media-6d1749c5-0874-48ca-9394-679e8ef5ed5d\">Preuzimanje<\/a><\/div>\n\n\n\n<div class=\"wp-block-file\"><a id=\"wp-block-file--media-b6e1b095-43eb-4ba8-a8dc-fdd845c3b773\" href=\"https:\/\/aem.hr\/wp-content\/uploads\/2025\/03\/7.-Clitina-koja-je-promijenila-sve.pdf\">7. \u010clitina koja je promijenila sve<\/a><a href=\"https:\/\/aem.hr\/wp-content\/uploads\/2025\/03\/7.-Clitina-koja-je-promijenila-sve.pdf\" class=\"wp-block-file__button wp-element-button\" download aria-describedby=\"wp-block-file--media-b6e1b095-43eb-4ba8-a8dc-fdd845c3b773\">Preuzimanje<\/a><\/div>\n\n\n\n<div class=\"wp-block-file\"><a id=\"wp-block-file--media-ea6b3de0-0c5d-4e4c-aec4-f2047ca5ea54\" href=\"https:\/\/aem.hr\/wp-content\/uploads\/2025\/03\/8.-Coba-oruzja.pdf\">8. \u010coba oru\u017eja<\/a><a href=\"https:\/\/aem.hr\/wp-content\/uploads\/2025\/03\/8.-Coba-oruzja.pdf\" class=\"wp-block-file__button wp-element-button\" download aria-describedby=\"wp-block-file--media-ea6b3de0-0c5d-4e4c-aec4-f2047ca5ea54\">Preuzimanje<\/a><\/div>\n\n\n\n<div class=\"wp-block-file\"><a id=\"wp-block-file--media-1e888443-6c34-4dc0-a20d-b1eb91784292\" href=\"https:\/\/aem.hr\/wp-content\/uploads\/2025\/03\/9.-Craj-prapovijesti.pdf\">9. \u010craj prapovijesti<\/a><a href=\"https:\/\/aem.hr\/wp-content\/uploads\/2025\/03\/9.-Craj-prapovijesti.pdf\" class=\"wp-block-file__button wp-element-button\" download aria-describedby=\"wp-block-file--media-1e888443-6c34-4dc0-a20d-b1eb91784292\">Preuzimanje<\/a><\/div>\n\n\n\n<div class=\"wp-block-file\"><a id=\"wp-block-file--media-ddc09a50-0489-4852-ab6d-e043662acdff\" href=\"https:\/\/aem.hr\/wp-content\/uploads\/2025\/03\/10.-Susret-dvaju-razlicitih-svjetova.pdf\">10. Susret dvaju razli\u010ditih svjetova<\/a><a href=\"https:\/\/aem.hr\/wp-content\/uploads\/2025\/03\/10.-Susret-dvaju-razlicitih-svjetova.pdf\" class=\"wp-block-file__button wp-element-button\" download aria-describedby=\"wp-block-file--media-ddc09a50-0489-4852-ab6d-e043662acdff\">Preuzimanje<\/a><\/div>\n\n\n\n<div class=\"wp-block-file\"><a id=\"wp-block-file--media-2e773d15-8e35-4bd4-b479-2f64290f11ac\" href=\"https:\/\/aem.hr\/wp-content\/uploads\/2025\/03\/11.-Muskarci-u-hlacama.pdf\">11. Mu\u0161karci u hla\u010dama<\/a><a href=\"https:\/\/aem.hr\/wp-content\/uploads\/2025\/03\/11.-Muskarci-u-hlacama.pdf\" class=\"wp-block-file__button wp-element-button\" download aria-describedby=\"wp-block-file--media-2e773d15-8e35-4bd4-b479-2f64290f11ac\">Preuzimanje<\/a><\/div>\n\n\n\n<div class=\"wp-block-file\"><a id=\"wp-block-file--media-77b5e10c-55c8-4479-a393-94f272340a84\" href=\"https:\/\/aem.hr\/wp-content\/uploads\/2025\/03\/12.-Grad-s-imenom.pdf\">12. Grad s imenom<\/a><a href=\"https:\/\/aem.hr\/wp-content\/uploads\/2025\/03\/12.-Grad-s-imenom.pdf\" class=\"wp-block-file__button wp-element-button\" download aria-describedby=\"wp-block-file--media-77b5e10c-55c8-4479-a393-94f272340a84\">Preuzimanje<\/a><\/div>\n\n\n\n<div class=\"wp-block-file\"><a id=\"wp-block-file--media-06a2e469-883b-4d5e-9e16-0b0f17e812aa\" href=\"https:\/\/aem.hr\/wp-content\/uploads\/2025\/03\/13.-Skriveni-grad.pdf\">13. Skriveni grad<\/a><a href=\"https:\/\/aem.hr\/wp-content\/uploads\/2025\/03\/13.-Skriveni-grad.pdf\" class=\"wp-block-file__button wp-element-button\" download aria-describedby=\"wp-block-file--media-06a2e469-883b-4d5e-9e16-0b0f17e812aa\">Preuzimanje<\/a><\/div>\n\n\n\n<div class=\"wp-block-file\"><a id=\"wp-block-file--media-151ea9e7-e6b4-4ed8-ad2e-c396cccaaa9d\" href=\"https:\/\/aem.hr\/wp-content\/uploads\/2025\/03\/14.-Potraga-za-srebrnjacima-VAN-ROKA.pdf\">14. Potraga za srebrnjacima &#8211; VAN ROKA<\/a><a href=\"https:\/\/aem.hr\/wp-content\/uploads\/2025\/03\/14.-Potraga-za-srebrnjacima-VAN-ROKA.pdf\" class=\"wp-block-file__button wp-element-button\" download aria-describedby=\"wp-block-file--media-151ea9e7-e6b4-4ed8-ad2e-c396cccaaa9d\">Preuzimanje<\/a><\/div>\n\n\n\n<div class=\"wp-block-file\"><a id=\"wp-block-file--media-ff12de2f-bd9b-4cea-abed-f64658b301e6\" href=\"https:\/\/aem.hr\/wp-content\/uploads\/2025\/03\/15.-Vinkovacko-blago-VAN-ROKA.pdf\">15. Vinkova\u010dko blago &#8211; VAN ROKA<\/a><a href=\"https:\/\/aem.hr\/wp-content\/uploads\/2025\/03\/15.-Vinkovacko-blago-VAN-ROKA.pdf\" class=\"wp-block-file__button wp-element-button\" download aria-describedby=\"wp-block-file--media-ff12de2f-bd9b-4cea-abed-f64658b301e6\">Preuzimanje<\/a><\/div>\n","protected":false},"excerpt":{"rendered":"","protected":false},"author":18,"featured_media":0,"parent":0,"menu_order":0,"comment_status":"closed","ping_status":"closed","template":"","meta":{"_acf_changed":false,"inline_featured_image":false,"advgb_blocks_editor_width":"","advgb_blocks_columns_visual_guide":"","_links_to":"","_links_to_type":0,"footnotes":""},"class_list":["post-22255","page","type-page","status-publish","hentry"],"acf":[],"yoast_head":"<!-- This site is optimized with the Yoast SEO plugin v25.7 - https:\/\/yoast.com\/wordpress\/plugins\/seo\/ -->\n<title>Gordana Ili\u0107-Ostoji\u0107 - &quot;\u010cudesna povijest najstarijeg naselja u Europi&quot; - Agencija za elektroni\u010dke medije<\/title>\n<meta name=\"robots\" content=\"index, follow, max-snippet:-1, max-image-preview:large, max-video-preview:-1\" \/>\n<link rel=\"canonical\" href=\"https:\/\/aem.hr\/gordana-ilic-ostojic-cudesna-povijest-najstarijeg-naselja-u-europi\/\" \/>\n<meta property=\"og:locale\" content=\"en_US\" \/>\n<meta property=\"og:type\" content=\"article\" \/>\n<meta property=\"og:title\" content=\"Gordana Ili\u0107-Ostoji\u0107 - &quot;\u010cudesna povijest najstarijeg naselja u Europi&quot; - Agencija za elektroni\u010dke medije\" \/>\n<meta property=\"og:url\" content=\"https:\/\/aem.hr\/gordana-ilic-ostojic-cudesna-povijest-najstarijeg-naselja-u-europi\/\" \/>\n<meta property=\"og:site_name\" content=\"Agencija za elektroni\u010dke medije\" \/>\n<meta property=\"article:modified_time\" content=\"2025-03-26T13:20:21+00:00\" \/>\n<meta name=\"twitter:card\" content=\"summary_large_image\" \/>\n<meta name=\"twitter:label1\" content=\"Est. reading time\" \/>\n\t<meta name=\"twitter:data1\" content=\"1 minute\" \/>\n<script type=\"application\/ld+json\" class=\"yoast-schema-graph\">{\"@context\":\"https:\/\/schema.org\",\"@graph\":[{\"@type\":\"WebPage\",\"@id\":\"https:\/\/aem.hr\/gordana-ilic-ostojic-cudesna-povijest-najstarijeg-naselja-u-europi\/\",\"url\":\"https:\/\/aem.hr\/gordana-ilic-ostojic-cudesna-povijest-najstarijeg-naselja-u-europi\/\",\"name\":\"Gordana Ili\u0107-Ostoji\u0107 - \\\"\u010cudesna povijest najstarijeg naselja u Europi\\\" - Agencija za elektroni\u010dke medije\",\"isPartOf\":{\"@id\":\"https:\/\/aem.hr\/#website\"},\"datePublished\":\"2025-03-26T13:20:19+00:00\",\"dateModified\":\"2025-03-26T13:20:21+00:00\",\"breadcrumb\":{\"@id\":\"https:\/\/aem.hr\/gordana-ilic-ostojic-cudesna-povijest-najstarijeg-naselja-u-europi\/#breadcrumb\"},\"inLanguage\":\"en-US\",\"potentialAction\":[{\"@type\":\"ReadAction\",\"target\":[\"https:\/\/aem.hr\/gordana-ilic-ostojic-cudesna-povijest-najstarijeg-naselja-u-europi\/\"]}]},{\"@type\":\"BreadcrumbList\",\"@id\":\"https:\/\/aem.hr\/gordana-ilic-ostojic-cudesna-povijest-najstarijeg-naselja-u-europi\/#breadcrumb\",\"itemListElement\":[{\"@type\":\"ListItem\",\"position\":1,\"name\":\"Po\u010detna stranica\",\"item\":\"https:\/\/aem.hr\/\"},{\"@type\":\"ListItem\",\"position\":2,\"name\":\"Gordana Ili\u0107-Ostoji\u0107 &#8211; &#8220;\u010cudesna povijest najstarijeg naselja u Europi&#8221;\"}]},{\"@type\":\"WebSite\",\"@id\":\"https:\/\/aem.hr\/#website\",\"url\":\"https:\/\/aem.hr\/\",\"name\":\"Agencija za elektroni\u010dke medije\",\"description\":\"\",\"potentialAction\":[{\"@type\":\"SearchAction\",\"target\":{\"@type\":\"EntryPoint\",\"urlTemplate\":\"https:\/\/aem.hr\/?s={search_term_string}\"},\"query-input\":{\"@type\":\"PropertyValueSpecification\",\"valueRequired\":true,\"valueName\":\"search_term_string\"}}],\"inLanguage\":\"en-US\"}]}<\/script>\n<!-- \/ Yoast SEO plugin. -->","yoast_head_json":{"title":"Gordana Ili\u0107-Ostoji\u0107 - \"\u010cudesna povijest najstarijeg naselja u Europi\" - Agencija za elektroni\u010dke medije","robots":{"index":"index","follow":"follow","max-snippet":"max-snippet:-1","max-image-preview":"max-image-preview:large","max-video-preview":"max-video-preview:-1"},"canonical":"https:\/\/aem.hr\/gordana-ilic-ostojic-cudesna-povijest-najstarijeg-naselja-u-europi\/","og_locale":"en_US","og_type":"article","og_title":"Gordana Ili\u0107-Ostoji\u0107 - \"\u010cudesna povijest najstarijeg naselja u Europi\" - Agencija za elektroni\u010dke medije","og_url":"https:\/\/aem.hr\/gordana-ilic-ostojic-cudesna-povijest-najstarijeg-naselja-u-europi\/","og_site_name":"Agencija za elektroni\u010dke medije","article_modified_time":"2025-03-26T13:20:21+00:00","twitter_card":"summary_large_image","twitter_misc":{"Est. reading time":"1 minute"},"schema":{"@context":"https:\/\/schema.org","@graph":[{"@type":"WebPage","@id":"https:\/\/aem.hr\/gordana-ilic-ostojic-cudesna-povijest-najstarijeg-naselja-u-europi\/","url":"https:\/\/aem.hr\/gordana-ilic-ostojic-cudesna-povijest-najstarijeg-naselja-u-europi\/","name":"Gordana Ili\u0107-Ostoji\u0107 - \"\u010cudesna povijest najstarijeg naselja u Europi\" - Agencija za elektroni\u010dke medije","isPartOf":{"@id":"https:\/\/aem.hr\/#website"},"datePublished":"2025-03-26T13:20:19+00:00","dateModified":"2025-03-26T13:20:21+00:00","breadcrumb":{"@id":"https:\/\/aem.hr\/gordana-ilic-ostojic-cudesna-povijest-najstarijeg-naselja-u-europi\/#breadcrumb"},"inLanguage":"en-US","potentialAction":[{"@type":"ReadAction","target":["https:\/\/aem.hr\/gordana-ilic-ostojic-cudesna-povijest-najstarijeg-naselja-u-europi\/"]}]},{"@type":"BreadcrumbList","@id":"https:\/\/aem.hr\/gordana-ilic-ostojic-cudesna-povijest-najstarijeg-naselja-u-europi\/#breadcrumb","itemListElement":[{"@type":"ListItem","position":1,"name":"Po\u010detna stranica","item":"https:\/\/aem.hr\/"},{"@type":"ListItem","position":2,"name":"Gordana Ili\u0107-Ostoji\u0107 &#8211; &#8220;\u010cudesna povijest najstarijeg naselja u Europi&#8221;"}]},{"@type":"WebSite","@id":"https:\/\/aem.hr\/#website","url":"https:\/\/aem.hr\/","name":"Agencija za elektroni\u010dke medije","description":"","potentialAction":[{"@type":"SearchAction","target":{"@type":"EntryPoint","urlTemplate":"https:\/\/aem.hr\/?s={search_term_string}"},"query-input":{"@type":"PropertyValueSpecification","valueRequired":true,"valueName":"search_term_string"}}],"inLanguage":"en-US"}]}},"coauthors":[],"author_meta":{"author_link":"https:\/\/aem.hr\/en\/blog\/author\/mkirac\/","display_name":"Matko Kirac"},"relative_dates":{"created":"Posted 1 year ago","modified":"Updated 1 year ago"},"absolute_dates":{"created":"Posted on 26. March 2025.","modified":"Updated on 26. March 2025."},"absolute_dates_time":{"created":"Posted on 26. March 2025. 14:20","modified":"Updated on 26. March 2025. 14:20"},"featured_img_caption":"","featured_img":false,"series_order":"","_links":{"self":[{"href":"https:\/\/aem.hr\/en\/wp-json\/wp\/v2\/pages\/22255","targetHints":{"allow":["GET"]}}],"collection":[{"href":"https:\/\/aem.hr\/en\/wp-json\/wp\/v2\/pages"}],"about":[{"href":"https:\/\/aem.hr\/en\/wp-json\/wp\/v2\/types\/page"}],"author":[{"embeddable":true,"href":"https:\/\/aem.hr\/en\/wp-json\/wp\/v2\/users\/18"}],"replies":[{"embeddable":true,"href":"https:\/\/aem.hr\/en\/wp-json\/wp\/v2\/comments?post=22255"}],"version-history":[{"count":1,"href":"https:\/\/aem.hr\/en\/wp-json\/wp\/v2\/pages\/22255\/revisions"}],"predecessor-version":[{"id":22281,"href":"https:\/\/aem.hr\/en\/wp-json\/wp\/v2\/pages\/22255\/revisions\/22281"}],"wp:attachment":[{"href":"https:\/\/aem.hr\/en\/wp-json\/wp\/v2\/media?parent=22255"}],"curies":[{"name":"wp","href":"https:\/\/api.w.org\/{rel}","templated":true}]}}